{"id":92,"date":"2014-04-03T13:28:22","date_gmt":"2014-04-03T11:28:22","guid":{"rendered":"http:\/\/katfin.ue.wroc.pl\/?page_id=92"},"modified":"2020-01-18T12:43:34","modified_gmt":"2020-01-18T11:43:34","slug":"dr-inz-dominika-hadro","status":"publish","type":"page","link":"https:\/\/katfin.ue.wroc.pl\/index.php\/pracownicy\/dr-inz-dominika-hadro\/","title":{"rendered":"dr in\u017c. Dominika Hadro (Fija\u0142kowska)"},"content":{"rendered":"<p>Informacje bie\u017c\u0105ce &#8211;&gt; <a href=\"https:\/\/www.ue.wroc.pl\/pracownicy\/dominika_hadro.html\" target=\"_blank\" rel=\"noopener noreferrer\">www<\/a><\/p>\n<p><strong><span style=\"line-height: 1.5;\">Zainteresowania badawcze:<\/span><\/strong><\/p>\n<ul>\n<li>komunikacja sp\u00f3\u0142ek publicznych z rynkiem (teoria asymetrii informacji)\n<ul>\n<li><span style=\"line-height: 1.5;\">jako\u015b\u0107 raport\u00f3w finansowych a wyniki finansowe emitenta<\/span><\/li>\n<li><span style=\"line-height: 1.5;\">jako\u015b\u0107 raport\u00f3w finansowych a koszt kapita\u0142u<\/span><\/li>\n<li><span style=\"line-height: 1.5;\">relacje inwestorskie, Dobre Praktyki Sp\u00f3\u0142ek Notowanych na GPW<\/span><\/li>\n<\/ul>\n<\/li>\n<li>\u0142ad korporacyjny (teoria agencji i koszt\u00f3w transakcyjnych)<\/li>\n<\/ul>\n<ul>\n<li><span style=\"line-height: 1.5;\">struktura organ\u00f3w statutowych a koszt kapita\u0142u<\/span><\/li>\n<li>insider trading, struktura akcjonariatu i organ\u00f3w statutowych a stopy zwrotu po IPO<\/li>\n<li>alternatywne Systemu Obrotu w Europie\n<ul>\n<li><span style=\"line-height: 1.5;\">regulacje, <\/span><\/li>\n<li><span style=\"line-height: 1.5;\">rozw\u00f3j, <\/span><\/li>\n<li><span style=\"line-height: 1.5;\">efektywno\u015b\u0107, <\/span><\/li>\n<li><span style=\"line-height: 1.5;\">\u0142ad korporacyjny<\/span><\/li>\n<\/ul>\n<\/li>\n<\/ul>\n<p>&nbsp;<\/p>\n<p><strong>Realizowane projekty badawcze:<\/strong><\/p>\n<p><strong>02\/2005 \u2013 07\/2005<\/strong> Marie Curie Research and Graduate Studies in Economics at Bocconi&nbsp;University,<br \/>\nnr projektu: HPMT &#8211; CT &#8211; 2001 &#8211; 00363, FP 5, badania w\u0142asne do pracy doktorskiej z zakresu&nbsp;sekurytyzacji we w\u0142oskim sektorze finans\u00f3w publicznych<\/p>\n<p><strong>05\/2007 &#8211; 11\/2007<\/strong> Intra European Fellowship Mobility, Marie Curie Host Fellowship, Early Stage<br \/>\nResearch Training, Manchester Business School, University of Manchester,<br \/>\nnr projektu: 504299, FP 6, badania w\u0142asne do pracy doktorskiej z zakresu sekurytyzacji w brytyjskim&nbsp;sektorze finans\u00f3w publicznych<\/p>\n<p><strong>12\/2011 \u2013 12\/2014<\/strong> \u0141ad korporacyjny na europejskich alternatywnych systemach obrotu, Projekt&nbsp;finansowany ze \u015brodk\u00f3w Narodowego Centrum Nauki przyznanych na podstawie decyzji numer&nbsp;DEC-2011\/01\/D\/HS4\/05926, Uniwersytet Ekonomiczny we Wroc\u0142awiu, kierownik projektu<\/p>\n<p><strong>2012 \u2013 2014<\/strong>, Badanie partnerstw publiczno-prywatnych jako instrument\u00f3w do realizacji projektu&nbsp;infrastrukturalnego na obszarze granicznym Saksonii i Polski (PPPSAXPOL), nr wniosku 100068565,&nbsp;projekt wsp\u00f3\u0142finansowany przez Uni\u0119 Europejsk\u0105 ze \u015brodk\u00f3w Europejskiego Funduszu Rozwoju&nbsp;Regionalnego w ramach Programu Operacyjnego Wsp\u00f3\u0142pracy Transgranicznej Polska \u2013 Saksonia 2007&nbsp;\u2013 2013, ekspert finansowy<\/p>\n<p><strong>03\/2013 \u2013 05\/2013<\/strong> Analiza i diagnoza rynku NewConnect, Gie\u0142da Papier\u00f3w Warto\u015bciowych w&nbsp;Warszawie, wsp\u00f3\u0142autor bada\u0144 i raportu, &#8211;&gt; <a href=\"http:\/\/www.newconnect.pl\/?page=informacje&amp;ph_main_content_start=show&amp;cmn_id=10171\" target=\"_blank\" rel=\"noopener noreferrer\">link do raportu&nbsp;<\/a><\/p>\n","protected":false},"excerpt":{"rendered":"<p>Informacje bie\u017c\u0105ce &#8211;&gt; www Zainteresowania badawcze: komunikacja sp\u00f3\u0142ek publicznych z rynkiem (teoria asymetrii informacji) jako\u015b\u0107 raport\u00f3w finansowych a wyniki finansowe emitenta jako\u015b\u0107 raport\u00f3w finansowych a koszt kapita\u0142u relacje inwestorskie, Dobre Praktyki Sp\u00f3\u0142ek Notowanych na GPW \u0142ad korporacyjny (teoria agencji i koszt\u00f3w transakcyjnych) struktura organ\u00f3w statutowych a koszt kapita\u0142u insider trading, struktura akcjonariatu i organ\u00f3w statutowych [&hellip;]<\/p>\n","protected":false},"author":1,"featured_media":0,"parent":12,"menu_order":8,"comment_status":"closed","ping_status":"closed","template":"","meta":{"footnotes":""},"class_list":["post-92","page","type-page","status-publish","hentry"],"_links":{"self":[{"href":"https:\/\/katfin.ue.wroc.pl\/index.php\/wp-json\/wp\/v2\/pages\/92","targetHints":{"allow":["GET"]}}],"collection":[{"href":"https:\/\/katfin.ue.wroc.pl\/index.php\/wp-json\/wp\/v2\/pages"}],"about":[{"href":"https:\/\/katfin.ue.wroc.pl\/index.php\/wp-json\/wp\/v2\/types\/page"}],"author":[{"embeddable":true,"href":"https:\/\/katfin.ue.wroc.pl\/index.php\/wp-json\/wp\/v2\/users\/1"}],"replies":[{"embeddable":true,"href":"https:\/\/katfin.ue.wroc.pl\/index.php\/wp-json\/wp\/v2\/comments?post=92"}],"version-history":[{"count":7,"href":"https:\/\/katfin.ue.wroc.pl\/index.php\/wp-json\/wp\/v2\/pages\/92\/revisions"}],"predecessor-version":[{"id":1865,"href":"https:\/\/katfin.ue.wroc.pl\/index.php\/wp-json\/wp\/v2\/pages\/92\/revisions\/1865"}],"up":[{"embeddable":true,"href":"https:\/\/katfin.ue.wroc.pl\/index.php\/wp-json\/wp\/v2\/pages\/12"}],"wp:attachment":[{"href":"https:\/\/katfin.ue.wroc.pl\/index.php\/wp-json\/wp\/v2\/media?parent=92"}],"curies":[{"name":"wp","href":"https:\/\/api.w.org\/{rel}","templated":true}]}}