{"id":916,"date":"2017-10-05T20:32:10","date_gmt":"2017-10-05T18:32:10","guid":{"rendered":"http:\/\/katfin.ue.wroc.pl\/?page_id=916"},"modified":"2017-10-22T17:14:19","modified_gmt":"2017-10-22T15:14:19","slug":"program-konferencji","status":"publish","type":"page","link":"https:\/\/katfin.ue.wroc.pl\/index.php\/konferencje\/archiwum-konferencji\/finstat-archiwum\/konferencja-finanse-statystyka-badania-empiryczne\/program-konferencji\/","title":{"rendered":"Program konferencji"},"content":{"rendered":"<p>8.45 \u2013 13.00 \u00a0Rejestracja uczestnik\u00f3w <em>(bud. CKU, parter)<\/em><\/p>\n<p><strong>9.30 \u2013 Uroczyste otwarcie konferencji <\/strong><em>(sala 27a CKU, parter)<\/em><\/p>\n<p>9.45 \u2013 11.00 \u00a0<strong>SESJA PLENARNA\u00a0 <\/strong><em>(sala 27a CKU)<\/em><\/p>\n<ul>\n<li><strong>Filip Chybalski &#8211; <\/strong>System emerytalny a aktywno\u015b\u0107 zawodowa os\u00f3b starszych: analiza ekonometryczna dla kraj\u00f3w europejskich, <em>Politechnika \u0141\u00f3dzka<\/em><\/li>\n<li><strong>Anna Zamojska \u2013 <\/strong>Kana\u0142y transmisji niepewno\u015bci ekonomicznej na rynkach finansowych, <em>Uniwersytet Gda\u0144ski <\/em><\/li>\n<li><strong>Katarzyna Byrka-Kita, Tomasz Wi\u015bniewski, Agnieszka Pre\u015b-Perepeczo, Mateusz Czerwi\u0144ski &#8211;<\/strong> Zagadka sukcesji stanowiska prezesa w sp\u00f3\u0142kach Skarbu Pa\u0144stwa, <em>Uniwersytet Szczeci\u0144ski<\/em><\/li>\n<\/ul>\n<p>11.00 \u2013 11.20 \u00a0przerwa kawowa <em>(2. pi\u0119tro CKU)<\/em><\/p>\n<p>11.20 \u2013 13.00 \u00a0SESJE PANELOWE \u00a0A, B, C<\/p>\n<p><strong>SESJA PANELOWA\u00a0 A<\/strong>: System emerytalny, rynek ubezpiecze\u0144 <em>(sala 210 CKU)<\/em><\/p>\n<ul>\n<li><strong>Stanis\u0142aw Heilpern, Joanna D\u0119bicka &#8211; <\/strong>Analiza um\u00f3w na wt\u00f3rnym rynku ubezpiecze\u0144, <em>Uniwersytet Ekonomiczny we Wroc\u0142awiu <\/em><\/li>\n<li><strong>Filip Chybalski, Ma\u0142gorzata Gumola &#8211; <\/strong>Podobie\u0144stwo system\u00f3w emerytalnych w \u015bwietle kryteri\u00f3w Otwartej Metody Koordynacji, <em>Politechnika \u0141\u00f3dzka<\/em><\/li>\n<li><strong>Magdalena Homa &#8211; <\/strong>Zmiana warto\u015bci ubezpieczenia z UFK wynikaj\u0105ca z zastosowania strategii zabezpieczaj\u0105cych, <em>Uniwersytet Wroc\u0142awski <\/em><\/li>\n<li><strong>Patrycja Chodnicka-Jaworska &#8211; <\/strong>Wp\u0142yw determinant na credit rating ubezpieczycieli &#8211; zobowi\u0105zania wyra\u017cone w walucie krajowej i zagranicznej, <em>Uniwersytet Warszawski<\/em><\/li>\n<li><strong>Edyta Marcinkiewicz &#8211; <\/strong>Determinanty gromadzenia dobrowolnych oszcz\u0119dno\u015bci emerytalnych w krajach europejskich \u2013 analiza empiryczna, <em>Politechnika \u0141\u00f3dzka<\/em><\/li>\n<\/ul>\n<p><strong>SESJA PANELOWA B:<\/strong> Finanse publiczne <em>(sala 211 CKU)<\/em><\/p>\n<ul>\n<li><strong>Pawe\u0142 Swianiewicz, Anna Kurniewicz &#8211; <\/strong>Cykl polityczny w op\u0142atach za lokalne us\u0142ugi publiczne w Polsce, <em>Uniwersytet Warszawski<\/em><\/li>\n<li><strong>Agnieszka Przybylska-Mazur &#8211; <\/strong>Typy deficytu bud\u017cetowego w \u015bwietle podejmowania decyzji fiskalnych, <em>Uniwersytet Ekonomiczny w Katowicach<\/em><\/li>\n<li><strong>Jan Czempas &#8211; <\/strong>Wsp\u00f3\u0142czynnik Babingtona-Smitha jako miara relatywnej stabilno\u015bci pozycji miast na prawach powiatu wojew\u00f3dztwa \u015bl\u0105skiego (2006-2016), <em>Uniwersytet Ekonomiczny w Katowicach<\/em><\/li>\n<li><strong>Krzysztof \u0106wiel\u0105g &#8211;<\/strong> Rola audytu wewn\u0119trznego w kszta\u0142towaniu racjonalnej gospodarki finansowej JST, <em>Uniwersytet Opolski <\/em><\/li>\n<li><strong>Jaros\u0142aw Olejniczak &#8211;<\/strong> Preferencje podatkowe stosowane przez gminy a poziom ich subwencjonowania, <em>Uniwersytet Ekonomiczny we Wroc\u0142awiu<\/em><\/li>\n<\/ul>\n<p><strong>SESJA PANELOWA C<\/strong>: Fundusze inwestycyjne <em>(sala 202 CKU)<\/em><\/p>\n<ul>\n<li><strong>Katarzyna Perez, Malwina Pluci\u0144ska<\/strong> <strong>&#8211;<\/strong> Efektywno\u015b\u0107 funduszy z rodzin funduszy w Polsce, <em>Uniwersytet Ekonomiczny w Poznaniu<\/em><\/li>\n<li><strong>Monika Mo\u015bcibrodzka, Magdalena Homa &#8211;<\/strong> Klasyfikacja funduszy inwestycyjnych akcji pod wzgl\u0119dem ryzyka i efektywno\u015bci z zastosowaniem wybranych metod diagramowych, <em>Uniwersytet Wroc\u0142awski<\/em><\/li>\n<li><strong>Anna Grygiel-Tomaszewska &#8211; <\/strong>Konflikt agencji w polskich funduszach inwestycyjnych otwartych, <em>Szko\u0142a G\u0142\u00f3wna Handlowa w Warszawie<\/em><\/li>\n<li><strong>Artur A. Trzebi\u0144ski &#8211;<\/strong> Wykorzystanie analizy zdarze\u0144 w ocenie dzia\u0142alno\u015bci funduszy inwestycyjnych zamkni\u0119tych, <em>Uniwersytet Ekonomiczny we Wroc\u0142awiu<\/em><\/li>\n<li><strong>Iwona Dittmann &#8211;<\/strong> Premia za ryzyko inwestowania w d\u0142u\u017cne FIO na tle udzia\u0142owych w latach 2005 &#8211; 2017, <em>Uniwersytet Ekonomiczny we Wroc\u0142awiu<\/em><\/li>\n<li><strong>Alicja Fra\u015b &#8211; <\/strong>Czy warto inwestowa\u0107 w drogie fundusze? \u2013 analiza op\u0142at za zarz\u0105dzanie funduszami akcji, <em>Uniwersytet Ekonomiczny w Poznaniu<\/em><\/li>\n<\/ul>\n<p>13.00 \u2013 14.00 \u00a0lunch <em>(2. pi\u0119tro CKU)<\/em><\/p>\n<p>14.00 \u2013 15.40 \u00a0SESJE PANELOWE \u00a0D, E<\/p>\n<p><strong>SESJA PANELOWA\u00a0 D<\/strong>: Analiza finansowa, rynek finansowy, prognozowanie <em>(sala 210 CKU)<\/em><\/p>\n<ul>\n<li><strong>Katarzyna Byrka-Kita, Tomasz Wi\u015bniewski, Agnieszka Pre\u015b-Perepeczo, Mateusz Czerwi\u0144ski &#8211;<\/strong> Czy op\u0142aca si\u0119 zmienia\u0107 prezesa? Wst\u0119pne wyniki bada\u0144, <em>Uniwersytet Szczeci\u0144ski<\/em><\/li>\n<li><strong>Piotr W\u00f3jtowicz<\/strong> <strong>&#8211; <\/strong>Jako\u015b\u0107 zysk\u00f3w a jako\u015b\u0107 prognoz w warunkach polskich. Czy analitycy finansowi maj\u0105 wp\u0142yw na jako\u015b\u0107 raportowanych zysk\u00f3w?<em>, Uniwersytet Ekonomiczny w Krakowie<\/em><\/li>\n<li><strong>Tomasz W\u00f3jtowicz<\/strong> <strong>&#8211;<\/strong> U\u0142amkowa kointegracja na wybranych gie\u0142dach Europy \u015arodkowej, <em>Akademia G\u00f3rniczo-Hutnicza im. S. Staszica w Krakowie<\/em><\/li>\n<li><strong>Jan Kaczmarzyk &#8211;<\/strong> Prognozowanie ryzyka walutowego w przedsi\u0119biorstwie z wykorzystaniem symulacji Monte Carlo, <em>Uniwersytet Ekonomiczny w Katowicach<\/em><\/li>\n<li><strong>Aleksandra Szpulak, Tomasz Michael &#8211; <\/strong>Analiza autokorelacji dziennych przep\u0142yw\u00f3w pieni\u0119\u017cnych netto, <em>Uniwersytet Ekonomiczny we Wroc\u0142awiu, Uniwersytet Opolski<\/em><\/li>\n<\/ul>\n<p><strong>SESJA PANELOWA\u00a0 E<\/strong>: Oszcz\u0119dzanie i inwestowanie <em>(sala 202 CKU)<\/em><\/p>\n<ul>\n<li><strong>Magdalena Za\u0142\u0119czna, Rafa\u0142 Wolski &#8211;<\/strong> Ryzyko a zmiany instytucjonalne zasad funkcjonowania niemieckich otwartych funduszy nieruchomo\u015bci, <em>Uniwersytet \u0141\u00f3dzki<\/em><\/li>\n<li><strong>Marta Maciejasz-\u015awi\u0105tkiewicz &#8211;<\/strong> Piramidy finansowe &#8211; patologia czy norma rynku finansowego?, <em>Uniwersytet Opolski<\/em><\/li>\n<li><strong>Agnieszka Marciniuk<\/strong> <strong>&#8211;<\/strong> Analiza \u015bwiadcze\u0144 z tytu\u0142u hipoteki odwr\u00f3conej i renty hipotecznej w wybranych wojew\u00f3dztwach i krajach Unii Europejskiej, <em>Uniwersytet Ekonomiczny we Wroc\u0142awiu<\/em><\/li>\n<li><strong>Karolina Siemaszkiewicz &#8211;<\/strong> Rynek win inwestycyjnych &#8211; mo\u017cliwe sposoby lokowania oszcz\u0119dno\u015bci, <em>Uniwersytet Ekonomiczny w Poznaniu<\/em><\/li>\n<li><strong>Krzysztof Biernacki, Alicja Brodzka &#8211;<\/strong> Efektywne stawki podatku w sektorze bankowym, <em>Uniwersytet Ekonomiczny we Wroc\u0142awiu<\/em><\/li>\n<\/ul>\n<p>15.40 \u2013 16.00\u00a0 przerwa kawowa <em>(2. pi\u0119tro CKU)<\/em><\/p>\n<p>16.00 \u2013 17.40\u00a0 SESJE PANELOWE\u00a0 F, G<\/p>\n<p><strong>SESJA PANELOWA\u00a0 F<\/strong>: Finanse <em>(sala 210 CKU)<\/em><\/p>\n<ul>\n<li><strong>Agnieszka Bobrowska &#8211;<\/strong> Przestrzenne zr\u00f3\u017cnicowanie koszt\u00f3w funkcjonowania dom\u00f3w pomocy spo\u0142ecznej w wojew\u00f3dztwach w 2016, <em>Uniwersytet Opolski<\/em><\/li>\n<li><strong>Katarzyna Pr\u0119dkiewicz<\/strong> <strong>&#8211;<\/strong> Crowdfunding jako \u017ar\u00f3d\u0142o finansowania eko-innowacji, <em>Uniwersytet Ekonomiczny we Wroc\u0142awiu<\/em><\/li>\n<li><strong>Rafa\u0142 Wolski<\/strong> <strong>&#8211;<\/strong> ROE, zysk netto i EVA jako predyktory przysz\u0142ych notowa\u0144 sp\u00f3\u0142ek z New Connect <em>Uniwersytet \u0141\u00f3dzki<\/em><\/li>\n<li><strong>Ma\u0142gorzata Ga\u0142ecka, Katarzyna Smolny &#8211;<\/strong> Finansowanie dzia\u0142alno\u015bci instytucji kultury Polsce, <em>Uniwersytet Ekonomiczny we Wroc\u0142awiu<\/em><\/li>\n<li><strong>Ewa Szabela-Pasierbi\u0144ska, Ma\u0142gorzata Krajewska &#8211;<\/strong> Statystyczna obr\u00f3bka i analiza danych finansowych z zastosowaniem programu STATISTICA na przyk\u0142adzie cen grunt\u00f3w w r\u00f3\u017cnych stanach planistycznych, <em>Uniwersytet Ekonomiczny we Wroc\u0142awiu, Uniwersytet Miko\u0142aja Kopernika w Toruniu<\/em><\/li>\n<\/ul>\n<p><strong>SESJA PANELOWA\u00a0 G: <\/strong>Pomiar, modelowanie <em>(sala 202 CKU)<\/em><\/p>\n<ul>\n<li><strong>Jerzy Zemke &#8211;<\/strong> Pomiar warto\u015bci niematerialnych, ryzyko pomiaru, <em>Uniwersytet Gda\u0144ski<\/em><\/li>\n<li><strong>Cyprian Kozyra &#8211;<\/strong> Statystyczny pomiar nier\u00f3wno\u015bci i koncentracji w przypadku ujemnych wielko\u015bci finansowych, <em>Uniwersytet Ekonomiczny we Wroc\u0142awiu<\/em><\/li>\n<li><strong>Sebastian Tomczak &#8211;<\/strong> Weryfikacja skuteczno\u015bci re-estymowanych modeli dyskryminacyjnych na przyk\u0142adzie sektora produkcyjnego, <em>Politechnika Wroc\u0142awska<\/em><\/li>\n<li><strong>Milena Suliga<\/strong> <strong>&#8211;<\/strong> Wp\u0142yw dnia wygasania kontrakt\u00f3w futures na rynek kasowy GPW w Warszawie, <em>Akademia G\u00f3rniczo-Hutnicza im. S. Staszica w Krakowie<\/em><\/li>\n<li><strong>Daniel Papla, Anna J\u0119drzychowska &#8211;<\/strong> Modelowanie wysoko\u015bci utraconych dochod\u00f3w z wykorzystaniem \u0142a\u0144cuch\u00f3w Markowa, <em>Uniwersytet Ekonomiczny we Wroc\u0142awiu<\/em><\/li>\n<\/ul>\n<p>17.40 \u2013 \u00a0Zamkni\u0119cie konferencji<\/p>\n","protected":false},"excerpt":{"rendered":"<p>8.45 \u2013 13.00 \u00a0Rejestracja uczestnik\u00f3w (bud. CKU, parter) 9.30 \u2013 Uroczyste otwarcie konferencji (sala 27a CKU, parter) 9.45 \u2013 11.00 \u00a0SESJA PLENARNA\u00a0 (sala 27a CKU) Filip Chybalski &#8211; System emerytalny a aktywno\u015b\u0107 zawodowa os\u00f3b starszych: analiza ekonometryczna dla kraj\u00f3w europejskich, Politechnika \u0141\u00f3dzka Anna Zamojska \u2013 Kana\u0142y transmisji niepewno\u015bci ekonomicznej na rynkach finansowych, Uniwersytet Gda\u0144ski Katarzyna [&hellip;]<\/p>\n","protected":false},"author":1,"featured_media":0,"parent":776,"menu_order":0,"comment_status":"closed","ping_status":"closed","template":"","meta":{"footnotes":""},"class_list":["post-916","page","type-page","status-publish","hentry"],"_links":{"self":[{"href":"https:\/\/katfin.ue.wroc.pl\/index.php\/wp-json\/wp\/v2\/pages\/916","targetHints":{"allow":["GET"]}}],"collection":[{"href":"https:\/\/katfin.ue.wroc.pl\/index.php\/wp-json\/wp\/v2\/pages"}],"about":[{"href":"https:\/\/katfin.ue.wroc.pl\/index.php\/wp-json\/wp\/v2\/types\/page"}],"author":[{"embeddable":true,"href":"https:\/\/katfin.ue.wroc.pl\/index.php\/wp-json\/wp\/v2\/users\/1"}],"replies":[{"embeddable":true,"href":"https:\/\/katfin.ue.wroc.pl\/index.php\/wp-json\/wp\/v2\/comments?post=916"}],"version-history":[{"count":6,"href":"https:\/\/katfin.ue.wroc.pl\/index.php\/wp-json\/wp\/v2\/pages\/916\/revisions"}],"predecessor-version":[{"id":947,"href":"https:\/\/katfin.ue.wroc.pl\/index.php\/wp-json\/wp\/v2\/pages\/916\/revisions\/947"}],"up":[{"embeddable":true,"href":"https:\/\/katfin.ue.wroc.pl\/index.php\/wp-json\/wp\/v2\/pages\/776"}],"wp:attachment":[{"href":"https:\/\/katfin.ue.wroc.pl\/index.php\/wp-json\/wp\/v2\/media?parent=916"}],"curies":[{"name":"wp","href":"https:\/\/api.w.org\/{rel}","templated":true}]}}