{"id":800,"date":"2017-03-10T13:04:14","date_gmt":"2017-03-10T12:04:14","guid":{"rendered":"http:\/\/katfin.ue.wroc.pl\/?page_id=800"},"modified":"2021-10-03T21:27:53","modified_gmt":"2021-10-03T19:27:53","slug":"dr-hab-katarzyna-predkiewicz","status":"publish","type":"page","link":"https:\/\/katfin.ue.wroc.pl\/index.php\/pracownicy\/dr-hab-katarzyna-predkiewicz\/","title":{"rendered":"dr hab. Katarzyna Pr\u0119dkiewicz, prof. UEW"},"content":{"rendered":"<p><strong>Informacje o konsultacjach<\/strong>&nbsp;\u2013&gt; <a title=\"dr Katarzyna Pr\u0119dkiewicz\" href=\"http:\/\/www.ue.wroc.pl\/pracownicy\/katarzyna_predkiewicz.html\" target=\"_blank\" rel=\"noopener noreferrer\">link<\/a><\/p>\n<p><strong>Zainteresowania badawcze\/ Research interests<\/strong>:<\/p>\n<ul>\n<li>Finansowanie innowacji<\/li>\n<li>Alternatywne finansowanie projekt\u00f3w start-up (m.in. crowdfunding)<\/li>\n<li>Finanse ma\u0142ych i \u015brednich przedsi\u0119biorstw<\/li>\n<li>Finanse opieki zdrowotnej<\/li>\n<\/ul>\n<p><strong>Obszary dydaktyki, szkoleniowe i doradcze&nbsp;\/ Teaching assignments<\/strong>:<\/p>\n<ul>\n<li>Finanse przedsi\u0119biorstw<\/li>\n<li>Ocena efektywno\u015bci inwestycji<\/li>\n<li>Wycena przedsi\u0119biorstw<\/li>\n<li>Analiza finansowa<\/li>\n<li>Zarz\u0105dzanie projektami i innowacjami<\/li>\n<\/ul>\n<p>&nbsp;<\/p>\n<p><strong>Pozosta\u0142e informacje: <\/strong><br \/>\nEkspert w zakresie analizy ekonomiczno &#8211; finansowej, projekt\u00f3w B+R, transferu technologii, innowacyjno\u015bci w nast\u0119puj\u0105cych instytucjach m.in:<\/p>\n<ul>\n<li>Dolno\u015bl\u0105ska Instytucja Po\u015brednicz\u0105ca,<\/li>\n<li>European Commission &#8211; Executive Agency for Small and Medium-sized Enterprises,<\/li>\n<li>Urz\u0105d Marsza\u0142kowski Wojew\u00f3dztwa Dolno\u015bl\u0105skiego,<\/li>\n<li>Urz\u0105d Marsza\u0142kowski Wojew\u00f3dztwa Wielkopolskiego,<\/li>\n<li>Ministerstwo Gospodarki,<\/li>\n<li>Polska Agencja Rozwoju Przedsi\u0119biorczo\u015bci.<\/li>\n<\/ul>\n<p>&nbsp;<\/p>\n<p><strong>Realizowane projekty badawcze \/ Research projects:<\/strong><\/p>\n<ul>\n<li>2017-2018 \u201e<strong>Alternative financing of eco-investments<\/strong>\u201d \u2013 realizowany w ramach klastra naukowego Sustainability &amp; Circular Economy na University of Exeter, Business School, Wielka Brytania.<\/li>\n<li>2014-2017 &#8222;<strong>Determinanty struktury kapita\u0142u w przedsi\u0119biorstwach o strategii proinnowacyjnej<\/strong>\u201d, Narodowe Centrum Nauki, rola: kierownik.<\/li>\n<\/ul>\n<p><strong>Zrealizowane:<\/strong><\/p>\n<ul>\n<li>\u201c<strong>Pionieers into Practice<\/strong>\u201d, Climate-KIC, Wroc\u0142awskie Centrum Bada\u0144 EIT + &#8211; uczestnik programu badawczego, 4 tygodniowy sta\u017c zagraniczny \u2013 Central European University, Budapeszt, W\u0119gry, 2015.<\/li>\n<li>\u201e<strong>Portrety szpitali<\/strong> <strong>\u2013 mapy mo\u017cliwo\u015bci<\/strong>\u201d, 2012-2013 projekt realizowany na zlecenia Ministerstwa Administracji i Cyfryzacji (rola: ekspert z zakresu zarz\u0105dzania finansami, wizytuj\u0105cy szpitale).<\/li>\n<li>\u201e<strong>Uwarunkowania i metody zarz\u0105dzania wyp\u0142acalno\u015bci\u0105 ma\u0142ych i \u015brednich przedsi\u0119biorstw<\/strong>\u201d. 2006-2007, grant promotorski, rola: wykonawca.<\/li>\n<\/ul>\n<p><strong>Dorobek naukowy:<\/strong><br \/>\n\u2013-&gt; baza: Google Scholar \u2013&gt;<a href=\"https:\/\/scholar.google.pl\/citations?user=R0UmBCcAAAAJ&amp;hl=pl\" target=\"_blank\" rel=\"noopener noreferrer\">link<\/a><\/p>\n<p>\u2013-&gt; baza ResearchGate \u2013&gt; <a href=\"https:\/\/www.researchgate.net\/profile\/Katarzyna_Predkiewicz\" target=\"_blank\" rel=\"noopener noreferrer\">link<\/a><\/p>\n<p>\u2013-&gt;baza: BazEkon \u2013&gt;<a href=\"http:\/\/bazekon.icm.edu.pl\/bazekon\/search\/page.action?token=01d0c330-9751-4128-b27c-e2eb5fadf402\" target=\"_blank\" rel=\"noopener noreferrer\">link<\/a><\/p>\n<p>&nbsp;<\/p>\n<p><strong style=\"line-height: 1.5;\">Ksi\u0105\u017cki autorskie:<\/strong><\/p>\n<ul>\n<li>1. Golej R., Pr\u0119dkiewicz K.: Analiza finansowa przedsi\u0119biorstwa, 2015, Marina, ISBN 9788361872412, 270 s.<\/li>\n<li>2. Pr\u0119dkiewicz K., Golej R.: Zarz\u0105dzanie finansami przedsi\u0119biorstwa, 2015, Wydawnictwo Marina, ISBN 978-83-61872-37-5, 239 s.<\/li>\n<li>3. Tajniki finansowego sukcesu dla mikrofirm : od uruchomienia do stabilnego wzrostu: po wzlotach nie musisz mie\u0107 upadk\u00f3w \/ Grzegorz Michalski, Katarzyna Pr\u0119dkiewicz. &#8211; Warszawa : Wydawnictwo C. H. Beck, 2007.<\/li>\n<\/ul>\n<p><strong style=\"line-height: 1.5;\">Rozdzia\u0142y z ksi\u0105\u017cek:<\/strong><\/p>\n<ul>\n<li>4. Pr\u0119dkiewicz P., Pr\u0119dkiewicz K.: Pecking Order Theory and Innovativeness of Companies, w: <strong>New Trends in Finance and Accounting. Proceedings of the 17th Annual Conference on Finance and Accounting<\/strong> \/ Proch\u00e1zka David (red.), Springer Proceedings in Business and Economics, nr 1, 2017, Springer International Publishing, ISBN 9783319495590, ss. 631-642<\/li>\n<li>5. Pr\u0119dkiewicz K., Pr\u0119dkiewicz P., Bem A., Ucieklak-Je\u017c P.: Hospital size as a determinant of profitability, w: <strong>Economic Theory&amp; Economic Reality ETER 2014<\/strong>. The 5th International Scientific Conference, November 13-14 th, 2014, Bratislawa. [CD] \/ Brezina Ivan [i in.] (red.), 2014, University of Economics in Bratislava, ISBN 978-80-225-3884-8, ss. 1-10.<\/li>\n<li>6. Pr\u0119dkiewicz K., Pr\u0119dkiewicz P.: Innovation and financial performance in turbulent economic situation &#8211; evidence from Visegrad Group , w: <strong>Economic Theory&amp; Economic Reality ETER 2014<\/strong>. The 5th International Scientific Conference, November 13-14 th, 2014, Bratislawa. [CD] \/ Brezina Ivan [i in.] (red.), 2014, University of Economics in Bratislava, ISBN 978-80-225-3884-8, ss. 1-11.<\/li>\n<li>7. Pr\u0119dkiewicz K.: Protection of intellectual property and financial situation of small and medium &#8211; sized manufacturing enterproses in Poland, w: <strong>Social, innovative and financial dimensions of enterprising organizations<\/strong> \/ Starnawska Marzena (red.), 2015, Gda\u0144sk University of Technology; Faculty of Management and Economics, ISBN 9788362197491, ss. 11-26.<\/li>\n<li>8. Pr\u0119dkiewicz P., Pr\u0119dkiewicz K.: Healthcare Inequalities in European-OECD-countries, w: <strong>Ekonomick\u00e1 fakulta UMB Centrum v\u00fdskumu soci\u00e1lnej ekonomiky a podnikania a In\u0161tit\u00fat ekonomick\u00fdch vied EF UMB. Soci\u00e1lna ekonomika a vzdel\u00e1vanie. Zborn\u00edk vedeck\u00fdch \u0161t\u00fadi\u00ed<\/strong> \/ \u013dapinov\u00e1 Erika, Gubalov\u00e1 Jolana (red.), 2014, Univerzity Mateja Bela v Banskej Bystrici, ISBN 978-80-557-0623-8, ss. 1-8.<\/li>\n<li>9. Wybrane metody uwzgl\u0119dniania ryzyka w analizie efektywno\u015bci inwestycji w: <strong>Ocena efektywno\u015bci inwestycji<\/strong> \/ Waldemar Gil, Robert Golej, Zofia Maksimowicz, Piotr Paszko, Katarzyna Pr\u0119dkiewicz, Hanna Sikacz, Stefan Wrzosek. &#8211; Wroc\u0142aw : Wydawnictwo Uniwersytetu Ekonomicznego we Wroc\u0142awiu, 2008.<\/li>\n<\/ul>\n<p><strong>&nbsp;<\/strong><\/p>\n<p><strong>Artyku\u0142y naukowe w czasopismach:<\/strong><\/p>\n<ul>\n<li>10. Pr\u0119dkiewicz K. Znaczenie d\u0142ugu w finansowaniu innowacji w sektorze ma\u0142ych i \u015brednich przedsi\u0119biorstw w Polsce w: Nauki o Finansach, 1\/26\/2016, s .110-125.<\/li>\n<li>11. Bem A., Pr\u0119dkiewicz K., Pr\u0119dkiewicz P., Ucieklak-Je\u017c P.: Determinants of Hospital&#8217;s Financial Liquidity, w: Procedia Economics and Finance, Elsevier, nr 12, 2014, ss. 27-36, DOI:10.1016\/S2212-5671(14)00317-7<\/li>\n<li>12. Bera A., Pr\u0119dkiewicz K.: Dyskusja nad warto\u015bci\u0105 ma\u0142ego przedsi\u0119biorstwa i mo\u017cliwo\u015bciami wykorzystania ubezpiecze\u0144 w procesie jej tworzenia, w: Zeszyty Naukowe Uniwersytetu Szczeci\u0144skiego. Ekonomiczne Problemy Us\u0142ug, Uniwersytet Szczeci\u0144ski, nr 799, 2014, ss. 221-231 .<\/li>\n<li>13. Pr\u0119dkiewicz K., Pr\u0119dkiewicz P.: Chosen Determinants of Capital Structure in Small and Medium-Sized Enterprises \u2013 Evidence from Poland, w: Finanse, Rynki Finansowe, Ubezpieczenia, Uniwersytet Szczeci\u0144ski, nr 74\/2, 2015, ss. 331-340, DOI:10.18276\/frfu.2015.74\/2-29.<\/li>\n<li>14. Pr\u0119dkiewicz K.: Granice luki kapita\u0142owej w Polsce, w: Zeszyty Naukowe Uniwersytetu Ekonomicznego w Krakowie, Uniwersytet Ekonomiczny w Krakowie, nr 901, 2013, ss. 129-144.<\/li>\n<li>15. Pr\u0119dkiewicz K.: Jak skutecznie pozyskiwa\u0107 unijne dotacje?, w: Controlling i Zarz\u0105dzanie. Profesjonalna baza wiedzy i praktycznych narz\u0119dzi, Marina, nr 5, 2015, ss. 45-47.<\/li>\n<li>16. Pr\u0119dkiewicz K., Bera A.: Niekt\u00f3re determinanty struktury kapita\u0142u w mikro, ma\u0142ych i \u015brednich przedsi\u0119biorstwach w Polsce &#8211; badania empiryczne, w: Zeszyty Naukowe Uniwersytetu Szczeci\u0144skiego. Ekonomiczne Problemy Us\u0142ug, Uniwersytet Szczeci\u0144ski, nr 116, 2015, ss. 363-374.<\/li>\n<li>17. Pr\u0119dkiewicz K., Pr\u0119dkiewicz P.: Patenty a struktura kapita\u0142u \u2013 badania w przedsi\u0119biorstwach produkcyjnych w latach 2004\u20132012, w: Finanse, Rynki Finansowe, Ubezpieczenia, Uniwersytet Szczeci\u0144ski, vol. 1, nr 74, 2015, ss. 377-386, DOI:10.18276\/frfu.2015.74\/1-32.<\/li>\n<li>18. Pr\u0119dkiewicz K., Pr\u0119dkiewicz P.: P\u0142ynno\u015b\u0107 finansowa szpitali samorz\u0105dowych w Polsce &#8211; wyniki bada\u0144 empirycznych, w: Finanse, Rynki Finansowe, Ubezpieczenia, Uniwersytet Szczeci\u0144ski, nr 62, 2013, ss. 169-179<\/li>\n<li>19. Pr\u0119dkiewicz K., Pr\u0119dkiewicz P., W\u0119grzyn M.: Rentowno\u015b\u0107 szpitali samorz\u0105dowych w Polsce, w: Nauki o Finansach, Wydawnictwo Uniwersytetu Ekonomicznego we Wroc\u0142awiu, nr 3 (20), 2014, ss. 28-43, DOI:10.15611\/nof.2014.3.02 .<\/li>\n<li>20. Pr\u0119dkiewicz K., Pr\u0119dkiewicz P.: The Patents and Financial Performance of Firms &#8211; Evidence From Polish Manufacturing Companies, w: Journal of Entrepreneurship, Management and Innovation, Wy\u017csza Szko\u0142a Biznesu &#8211; National-Louis University, vol. 10, nr 4, 2014, ss. 115-141, DOI:10.7341\/20141045.<\/li>\n<li>21. Pr\u0119dkiewicz K., Pr\u0119dkiewicz P.: Wybrane determinanty struktury kapita\u0142u mikro, ma\u0142ych i \u015brednich przedsi\u0119biorstw w Polsce, w: Finanse, Rynki Finansowe, Ubezpieczenia, Uniwersytet Szczeci\u0144ski, nr 65, 2014, ss. 829-842.<\/li>\n<li>22. Pr\u0119dkiewicz K.: Zad\u0142u\u017cenie a dzia\u0142alno\u015b\u0107 innowacyjna w ma\u0142ych i \u015brednich przedsi\u0119biorstwach, w: Finanse, Rynki Finansowe, Ubezpieczenia, Uniwersytet Szczeci\u0144ski, nr 4 (82) cz. 1, 2016, ss. 211-222<\/li>\n<li>23. Pr\u0119dkiewicz K., Pr\u0119dkiewicz P.: Zarz\u0105dzanie kapita\u0142em obrotowym szpitali samorz\u0105dowych w Polsce, w: Zarz\u0105dzanie i Finanse, Uniwersytet Gda\u0144ski, nr 2\/2, 2013, ss. 311-323<\/li>\n<li>24. Analiza p\u0142ynno\u015bci statycznej grup kapita\u0142owych na przyk\u0142adzie przemys\u0142u metalowego \/ Katarzyna Pr\u0119dkiewicz, Hanna Sikacz. \/\/ W: Zarz\u0105dzanie finansami firm &#8211; teoria i praktyka. T.2. &#8211; Wroc\u0142aw : Wydawnictwo Uniwersytetu Ekonomicznego, 2012. s. 170-182<\/li>\n<li>25. Czy mo\u017cna przewidzie\u0107 upad\u0142o\u015b\u0107 ma\u0142ej firmy? \/ Katarzyna Pr\u0119dkiewicz. \/\/ Ekonomiczne Problemy Us\u0142ug. &#8211; 2009, nr 39, s. 504 &#8211; 512.<\/li>\n<li>26. Finansowanie uwarunkowania rozwoju ma\u0142ych i \u015brednich przedsi\u0119biorstw u progu wst\u0105pienia do Unii Europejskiej \/ Katarzyna Pr\u0119dkiewicz. \/\/ W: Efektywno\u015b\u0107 \u017ar\u00f3d\u0142em bogactwa narod\u00f3w. &#8211; Wroc\u0142aw, 2004. &#8211; S. 475-486.<\/li>\n<li>27. Finansowe uwarunkowania rozwoju ma\u0142ych i \u015brednich przedsi\u0119biorstw u progu wst\u0105pienia do Unii Europejskiej \/ Katarzyna Pr\u0119dkiewicz. \/\/ Prace Naukowe Akademii Ekonomicznej we Wroc\u0142awiu. &#8211; 2005, nr 1061, s. 315 \u2013 325.<\/li>\n<li>28. Fundusze unijne w inwestycjach rzeczowych (IG, RPO, WD) \/ Katarzyna Pr\u0119dkiewicz. \/\/ W: Zarz\u0105dzanie projektami. T. 4. &#8211; Wroc\u0142aw, 2009. &#8211; S. 109-121.<\/li>\n<li>29. Is it possible to measure a funding gap? \/ Katarzyna Pr\u0119dkiewicz. \/\/ W: Zarz\u0105dzanie finansami firm &#8211; teoria i praktyka. T.2. &#8211; Wroc\u0142aw : Wydawnictwo Uniwersytetu Ekonomicznego, 2012. &#8211; s. 152-159<\/li>\n<li>30. Limity inwestycyjne funduszy venture capitals i anio\u0142\u00f3w biznesu \/ Katarzyna Pr\u0119dkiewicz. \/\/ W: Zarz\u0105dzanie finansami firm &#8211; teoria i praktyka. T.2. &#8211; Wroc\u0142aw : Wydawnictwo Uniwersytetu Ekonomicznego, 2012. &#8211; s. 160-169<\/li>\n<li>31. Ma\u0142e i \u015brednie przedsi\u0119biorstwa a wzrost gospodarczy \/ Katarzyna Pr\u0119dkiewicz. \/\/ Prace Naukowe Akademii Ekonomicznej we Wroc\u0142awiu. &#8211; 2007, nr 1183, s. 397-407.<\/li>\n<li>32. Mo\u017cliwo\u015bci inwestowania nadwy\u017cek finansowych ma\u0142ych i \u015brednich przedsi\u0119biorstw \/ Katarzyna Pr\u0119dkiewicz. \/\/ W: V Og\u00f3lnopolskie Seminarium Doktorskie Rachunkowo\u015bci i Finans\u00f3w. &#8211; Sopot, 2005. &#8211; S. 173 \u2013 184.<\/li>\n<li>33. Nowe instrumenty finansowania odnawialnego dla sektora M\u015aP w ramach inicjatywy JEREMIE \/ Katarzyna Pr\u0119dkiewicz. \/\/ Prace Naukowe Uniwersytetu Ekonomicznego we Wroc\u0142awiu. &#8211; 2010, nr 144, s. 395-405.<\/li>\n<li>34. Ocena p\u0142ynno\u015bci finansowej grup kapita\u0142owych na podstawie rachunku przep\u0142yw\u00f3w pieni\u0119\u017cnych na przyk\u0142adzie przemys\u0142u metalowego \/ Katarzyna Pr\u0119dkiewicz, Hanna Sikacz. \/\/ Nauki o Finansach = Financial Sciences. &#8211; 2012, nr 3(12), s. 70-86.<\/li>\n<li>35. P\u0142ynno\u015b\u0107 finansowa przedsi\u0119biorstw z sektora MSP \u2013 wyniki bada\u0144 empirycznych \/ Katarzyna Pr\u0119dkiewicz. \/\/ W: Uwarunkowania rynkowe rozwoju mikro i ma\u0142ych przedsi\u0119biorstw. MIKROFIRMA 2007. &#8211; Szczecin, 2007. &#8211; S. 295 \u2013 302.<\/li>\n<li>36. Praktyka zarz\u0105dzania nale\u017cno\u015bciami w sektorze M\u015aP \/ Katarzyna Pr\u0119dkiewicz. \/\/ Prace Naukowe Uniwersytetu Ekonomicznego we Wroc\u0142awiu. &#8211; 2009, nr 48, s. 659-670.<\/li>\n<li>37. Praktyka zarz\u0105dzania zobowi\u0105zaniami w sektorze M\u015aP \/ Katarzyna Pr\u0119dkiewicz. \/\/ Prace Naukowe Uniwersytetu Ekonomicznego we Wroc\u0142awiu. &#8211; 2008, nr 9 (1209), s. 196-207.<\/li>\n<li>38. Prze\u017cywalno\u015b\u0107 ma\u0142ych i \u015brednich przedsi\u0119biorstw : Survival of small and medium companies \/ Katarzyna Pr\u0119dkiewicz. \/\/ W: Uwarunkowania i prawid\u0142owo\u015bci gospodarcze wywierajace wp\u0142yw na efektywno\u015b\u0107 funkcjonowania organizacji. &#8211; Wroc\u0142aw, 2008. &#8211; S. 103-111.<\/li>\n<li>39. Ryzyko finansowe w mikro-, ma\u0142ych i \u015brednich przedsi\u0119biorstwach \/ Katarzyna Pr\u0119dkiewicz. \/\/ Prace Naukowe Uniwersytetu Ekonomicznego we Wroc\u0142awiu. &#8211; 2009, nr 75, s. 94-106.<\/li>\n<li>40. Uwarunkowania p\u0142ynno\u015bci finansowej ma\u0142ych i \u015brednich przedsi\u0119biorstw \/ Katarzyna Pr\u0119dkiewicz. \/\/ W: Uwarunkowania rynkowe rozwoju mikro i ma\u0142ych przedsi\u0119biorstw. &#8211; Szczecin, 2006. &#8211; S. 497 \u2013 504.<\/li>\n<li>41. Wielko\u015b\u0107 przesi\u0119biorstwa a p\u0142ynno\u015b\u0107 finansowa &#8211; wyniki bada\u0144 empirycznych \/ Katarzyna Pr\u0119dkiewicz. \/\/ Prace Naukowe Uniwersytetu Ekonomicznego we Wroc\u0142awiu. &#8211; 2010, nr 98, s. 261 \u2013 275.<\/li>\n<li>42. Wykorzystanie element\u00f3w e-learningu do prowadzenia zaj\u0119\u0107 z przedmiotu Ocena efektywno\u015bci inwestycji &#8211; do\u015bwiadczenia i wnioski \/ Katarzyna Pr\u0119dkiewicz, Hanna Sikacz. \/\/ W: Dydaktyka finans\u00f3w na kierunku finanse i rachunkowo\u015b\u0107. &#8211; Wroc\u0142aw, 2011. &#8211; S. 101-110.<\/li>\n<li>43. Wyp\u0142acalno\u015b\u0107 ma\u0142ych i \u015brednich przdsi\u0119biorstw \/ Katarzyna Pr\u0119dkiewicz. \/\/ W: Problemy wsp\u00f3\u0142czesnej analizy ekonomicznej przedsi\u0119biorstwa. &#8211; \u0141\u00f3d\u017a, 2007. &#8211; S. 233-247.<\/li>\n<li>44. Zarz\u0105dzanie \u015brodkami pieni\u0119\u017cnymi w mikroprzedsi\u0119biorstwach \/ Katarzyna Pr\u0119dkiewicz. \/\/ Prace Naukowe Akademii Ekonomicznej we Wroc\u0142awiu. &#8211; 2008, nr 1200, s. 473-481.<\/li>\n<li>45. Znaczenie i dost\u0119pno\u015b\u0107 kapita\u0142\u00f3w obcych w zarz\u0105dzaniu wyp\u0142acalno\u015bci\u0105 finansow\u0105 ma\u0142ych i \u015brednich przedsi\u0119biorstw \/ Katarzyna Pr\u0119dkiewicz. \/\/ W: Zarz\u0105dzanie przedsi\u0119biorstwem w warunkach rynku i konkurencji- wybrane problemy. &#8211; Wroc\u0142aw, 2006. &#8211; S. 67- 80.<\/li>\n<\/ul>\n<p><strong><br \/>\nMateria\u0142y konferencyjne (indeksowane na WoS):<\/strong><\/p>\n<ul>\n<li>46. Bem A., Pr\u0119dkiewicz K., Pr\u0119dkiewicz P., Ucieklak-Je\u017c P.: Health System&#8217;s Financing Ineq ualities in Selected European Countries, w: European Financial Systems 2014. Proceedings of the 11th International Scientific Conference \/ Deev Oleg, Kajurov\u00e1 Veronika, Kraj\u00ed\u010dek Jan (red.), 2014, Masaryk University, ISBN 978-80-210-7153-7, ss. 34-40<\/li>\n<li>47. Bem A., Pr\u0119dkiewicz K., Pr\u0119dkiewicz P., Ucieklak-Je\u017c P.: Hospital\u2019s Size as the Determinant of Financial Liquidity, w: European Financial Systems 2014. Proceedings of the 11th International Scientific Conference \/ Deev Oleg, Kajurov\u00e1 Veronika, Kraj\u00ed\u010dek Jan (red.), 2014, Masaryk University, ISBN 978-80-210-7153-7, ss. 41-48<\/li>\n<li>48. Pr\u0119dkiewicz K., Pr\u0119dkiewicz P.: Determinants of capital structure of enterprises \u2013 evidence from Poland, w: Financial Management of Firms and Financial Institutions: 10th International Scientific Conference Proceedings. Part 3 \/ \u010culik Miroslav (red.), 2015, VSB &#8211; Technical University of Ostrava, ISBN 9788024838656, ss. 996-1004<b>&nbsp;<\/b><\/li>\n<\/ul>\n<p><strong>Redakcja:<\/strong><\/p>\n<p>Pr\u0119dkiewicz K. Kalinowska-Beszczy\u0144ska O., Karsai J., (Red.) \u201e<em>Innovation in Finance<\/em>\u201d, Journal of ENTREPRENEURSHIP, MANAGEMENT and INNOVATION, Vol. 12, Issue 3, 2016.<\/p>\n","protected":false},"excerpt":{"rendered":"<p>Informacje o konsultacjach&nbsp;\u2013&gt; link Zainteresowania badawcze\/ Research interests: Finansowanie innowacji Alternatywne finansowanie projekt\u00f3w start-up (m.in. crowdfunding) Finanse ma\u0142ych i \u015brednich przedsi\u0119biorstw Finanse opieki zdrowotnej Obszary dydaktyki, szkoleniowe i doradcze&nbsp;\/ Teaching assignments: Finanse przedsi\u0119biorstw Ocena efektywno\u015bci inwestycji Wycena przedsi\u0119biorstw Analiza finansowa Zarz\u0105dzanie projektami i innowacjami &nbsp; Pozosta\u0142e informacje: Ekspert w zakresie analizy ekonomiczno &#8211; finansowej, projekt\u00f3w [&hellip;]<\/p>\n","protected":false},"author":1,"featured_media":0,"parent":12,"menu_order":21,"comment_status":"closed","ping_status":"closed","template":"","meta":{"footnotes":""},"class_list":["post-800","page","type-page","status-publish","hentry"],"_links":{"self":[{"href":"https:\/\/katfin.ue.wroc.pl\/index.php\/wp-json\/wp\/v2\/pages\/800","targetHints":{"allow":["GET"]}}],"collection":[{"href":"https:\/\/katfin.ue.wroc.pl\/index.php\/wp-json\/wp\/v2\/pages"}],"about":[{"href":"https:\/\/katfin.ue.wroc.pl\/index.php\/wp-json\/wp\/v2\/types\/page"}],"author":[{"embeddable":true,"href":"https:\/\/katfin.ue.wroc.pl\/index.php\/wp-json\/wp\/v2\/users\/1"}],"replies":[{"embeddable":true,"href":"https:\/\/katfin.ue.wroc.pl\/index.php\/wp-json\/wp\/v2\/comments?post=800"}],"version-history":[{"count":7,"href":"https:\/\/katfin.ue.wroc.pl\/index.php\/wp-json\/wp\/v2\/pages\/800\/revisions"}],"predecessor-version":[{"id":2033,"href":"https:\/\/katfin.ue.wroc.pl\/index.php\/wp-json\/wp\/v2\/pages\/800\/revisions\/2033"}],"up":[{"embeddable":true,"href":"https:\/\/katfin.ue.wroc.pl\/index.php\/wp-json\/wp\/v2\/pages\/12"}],"wp:attachment":[{"href":"https:\/\/katfin.ue.wroc.pl\/index.php\/wp-json\/wp\/v2\/media?parent=800"}],"curies":[{"name":"wp","href":"https:\/\/api.w.org\/{rel}","templated":true}]}}