{"id":776,"date":"2017-03-01T19:28:35","date_gmt":"2017-03-01T18:28:35","guid":{"rendered":"http:\/\/katfin.ue.wroc.pl\/?page_id=776"},"modified":"2019-03-27T12:24:28","modified_gmt":"2019-03-27T11:24:28","slug":"konferencja-finanse-statystyka-badania-empiryczne","status":"publish","type":"page","link":"https:\/\/katfin.ue.wroc.pl\/index.php\/konferencje\/archiwum-konferencji\/finstat-archiwum\/konferencja-finanse-statystyka-badania-empiryczne\/","title":{"rendered":"Konferencja &#8222;Finanse &#8211; Statystyka &#8211; Badania empiryczne&#8221; <br\/> pa\u017adziernik 2017"},"content":{"rendered":"<table style=\"height: 191px;\" width=\"603\">\n<tbody>\n<tr>\n<td width=\"50%\"><img loading=\"lazy\" decoding=\"async\" class=\"aligncenter wp-image-261\" src=\"http:\/\/katfin.ue.wroc.pl\/wp-content\/uploads\/2016\/01\/logo_pan.png\" alt=\"logo_pan\" width=\"169\" height=\"169\" srcset=\"https:\/\/katfin.ue.wroc.pl\/wp-content\/uploads\/2016\/01\/logo_pan.png 281w, https:\/\/katfin.ue.wroc.pl\/wp-content\/uploads\/2016\/01\/logo_pan-150x150.png 150w\" sizes=\"auto, (max-width: 169px) 100vw, 169px\" \/><\/td>\n<td><img loading=\"lazy\" decoding=\"async\" class=\"aligncenter wp-image-260\" src=\"http:\/\/katfin.ue.wroc.pl\/wp-content\/uploads\/2016\/01\/logo_ue.png\" alt=\"logo_ue\" width=\"297\" height=\"67\" srcset=\"https:\/\/katfin.ue.wroc.pl\/wp-content\/uploads\/2016\/01\/logo_ue.png 495w, https:\/\/katfin.ue.wroc.pl\/wp-content\/uploads\/2016\/01\/logo_ue-300x67.png 300w\" sizes=\"auto, (max-width: 297px) 100vw, 297px\" \/><\/td>\n<\/tr>\n<\/tbody>\n<\/table>\n<p align=\"center\">Partnerami i sponsorami konferencji s\u0105:<br \/>\nStatSoft Polska, Program wsp\u00f3\u0142pracy szk\u00f3\u0142 wy\u017cszych i sektora<br \/>\nfinansowego &#8222;Nowoczesne Zarzadzanie Biznesem&#8221; oraz Nelson Catering and Events<\/p>\n<table style=\"height: 133px;\" width=\"602\">\n<tbody>\n<tr>\n<td width=\"50%\"><img loading=\"lazy\" decoding=\"async\" class=\"aligncenter wp-image-567\" src=\"http:\/\/katfin.ue.wroc.pl\/wp-content\/uploads\/2016\/01\/statsoft-300x105.png\" alt=\"\" width=\"221\" height=\"75\"\/><\/td>\n<td><img loading=\"lazy\" decoding=\"async\" class=\"aligncenter wp-image-792\" src=\"http:\/\/katfin.ue.wroc.pl\/wp-content\/uploads\/2017\/03\/Logo-NZB-Poziome-stopka-300x100.jpg\" alt=\"\" width=\"179\" height=\"50\"\/><\/td>\n<\/tr>\n<\/tbody>\n<\/table>\n<p align=\"center\"><img loading=\"lazy\" decoding=\"async\" class=\"aligncenter wp-image-899\" src=\"http:\/\/katfin.ue.wroc.pl\/wp-content\/uploads\/2017\/03\/nelson-300x274.jpg\" alt=\"\" width=\"173\" height=\"158\" srcset=\"https:\/\/katfin.ue.wroc.pl\/wp-content\/uploads\/2017\/03\/nelson-300x274.jpg 300w, https:\/\/katfin.ue.wroc.pl\/wp-content\/uploads\/2017\/03\/nelson-768x703.jpg 768w, https:\/\/katfin.ue.wroc.pl\/wp-content\/uploads\/2017\/03\/nelson.jpg 786w\" sizes=\"auto, (max-width: 173px) 100vw, 173px\" \/><\/p>\n<p align=\"center\"><b>Katedra Finans\u00f3w oraz Katedra Prognoz i Analiz Gospodarczych<br \/>\n<\/b><b>Uniwersytetu Ekonomicznego we Wroc\u0142awiu<br \/>\n<\/b>serdecznie zapraszaj\u0105 na<\/p>\n<p align=\"center\"><b>II Og\u00f3lnopolsk\u0105 Konferencj\u0119 Naukow\u0105<br \/>\n<\/b><b>FINANSE \u2013 STATYSTYKA \u2013 BADANIA EMPIRYCZNE<br \/>\n<\/b><b>pod honorowym patronatem<br \/>\n<\/b><b>Komitetu Nauk o Finansach<br \/>\n<\/b><b>Polskiej Akademii Nauk<\/b><b>&nbsp;<\/b><\/p>\n<p align=\"center\">kt\u00f3ra odb\u0119dzie si\u0119 <strong>25 pa\u017adziernika 2017<\/strong> na Uniwersytecie Ekonomicznym we Wroc\u0142awiu<\/p>\n<p align=\"center\"><a href=\"http:\/\/katfin.ue.wroc.pl\/index.php\/konferencje\/konferencja-finanse-statystyka-badania-empiryczne\/program-konferencji\/\"><strong>Zobacz program konferencji<\/strong><\/a><strong> lub <a href=\"http:\/\/katfin.ue.wroc.pl\/wp-content\/uploads\/2017\/03\/FINSTAT-program2017.pdf\">pobierz plik PDF<\/a><\/strong><\/p>\n<p align=\"center\"><strong><a href=\"http:\/\/katfin.ue.wroc.pl\/wp-content\/uploads\/2017\/10\/BOOK-OF-ABSTRACTS-online.pdf\">Pobierz ksi\u0105\u017ck\u0119 abstrakt\u00f3w<\/a><\/strong><\/p>\n<p><b>Celem<\/b> konferencji jest prezentacja wynik\u00f3w bada\u0144 empirycznych prowadzonych z&nbsp;wykorzystaniem narz\u0119dzi statystycznych w finansach.<\/p>\n<p>Badania mog\u0105 dotyczy\u0107 w szczeg\u00f3lno\u015bci:<\/p>\n<ul>\n<li>Bankowo\u015bci<\/li>\n<li>Finans\u00f3w behawioralnych<\/li>\n<li>Finans\u00f3w osobistych<\/li>\n<li>Finans\u00f3w mi\u0119dzynarodowych<\/li>\n<li>Finansowania nieruchomo\u015bci<\/li>\n<li>Finans\u00f3w przedsi\u0119biorstw<\/li>\n<li>Finans\u00f3w publicznych<\/li>\n<li>Rynku kapita\u0142owego<\/li>\n<li>Ubezpiecze\u0144<\/li>\n<\/ul>\n<p><span style=\"line-height: 1.5;\">Koszt udzia\u0142u w konferencji wynosi 70 z\u0142 (obejmuje materia\u0142y konferencyjne i catering w dniu konferencji).<\/span><\/p>\n<p>Op\u0142at\u0119 prosimy przela\u0107 <strong>do 15.07.2017<\/strong> na konto:<\/p>\n<p>Uniwersytet Ekonomiczny we Wroc\u0142awiu,<br \/>\nul. Komandorska 118\/120<br \/>\n53-345 Wroc\u0142aw<br \/>\nPEKAO Bank Pekao S.A.<br \/>\nnr konta: 87 1240 3464 1111 0010 4316 2601<br \/>\nz dopiskiem: FINSTAT2017, nazwisko i imi\u0119 uczestnika<\/p>\n<p><b>&nbsp;<\/b><b>Publikacja<\/b><\/p>\n<p>Uczestnik\u00f3w konferencji zainteresowanych publikacj\u0105 zach\u0119camy&nbsp;do samodzielnego zamieszczania artyku\u0142\u00f3w w czasopismach <a href=\"http:\/\/finanse.ue.wroc.pl\/?page_id=39\" target=\"_blank\" rel=\"noopener noreferrer\">&#8222;Nauki&nbsp;o Finansach&#8221;<\/a>&nbsp;(14 pkt) oraz <a href=\"http:\/\/econometrics.ue.wroc.pl\/?page_id=57\" target=\"_blank\" rel=\"noopener noreferrer\">&#8222;Ekonometria&#8221;<\/a>&nbsp;(14 pkt) przez system SENIR w dowolnym momencie&nbsp;(nab\u00f3r w trybie ci\u0105g\u0142ym).<\/p>\n<p>Koszt publikacji w \u201eNaukach o Finansach\u201d oraz \u201eEkonometrii\u201d zgodny z informacj\u0105 zamieszczon\u0105 na stronach czasopism.<\/p>\n<p><b>Kalendarz organizacyjny<\/b><\/p>\n<ul>\n<li>do <b>30.04.2017 r.<\/b> \u2013 zg\u0142oszenie udzia\u0142u w konferencji poprzez wype\u0142nienie formularza na stronie internetowej<\/li>\n<li>do&nbsp; <b>10.05 2017 r.<\/b> \u2013 potwierdzenie przez organizator\u00f3w konferencji zakwalifikowania referatu do wyg\u0142oszenia;<\/li>\n<li>do <strong>30<\/strong><b>.09.2017 r<\/b>. \u2013 przes\u0142anie streszczenia do Ksi\u0105\u017cki Abstrakt\u00f3w zawieraj\u0105cego:<\/li>\n<\/ul>\n<ol>\n<li>dane Autora\/Autorki (imi\u0119 i nazwisko, tytu\u0142 naukowy, uczelnia, katedra),<\/li>\n<li>tytu\u0142 referatu,<\/li>\n<li>cel badania,<\/li>\n<li>metodologi\u0119 badania,<\/li>\n<li>wyniki.<\/li>\n<\/ol>\n<p><span style=\"line-height: 1.5;\">Ksi\u0105\u017cka Abstrakt\u00f3w zostanie umieszczona na stronie Konferencji<\/span><span style=\"line-height: 1.5;\">.<\/span><\/p>\n<ul>\n<li>&nbsp;po <strong>1<\/strong><b>.10.2017 r. \u2013<\/b> zamieszczenie przez organizator\u00f3w programu konferencji na stronie konferencji i przes\u0142anie go uczestnikom.<\/li>\n<\/ul>\n<p><b>Informacje dodatkowe<\/b><\/p>\n<p><span style=\"line-height: 1.5;\">Organizatorzy zapewniaj\u0105 uczestnikom mi\u0142\u0105 atmosfer\u0119, dyskusj\u0119 naukow\u0105, pocz\u0119stunek&nbsp; w przerwach kawowych oraz lunch.<\/span><\/p>\n<p><strong>Zakwaterowanie<\/strong><\/p>\n<p>Rekomendowane hotele:<\/p>\n<ul>\n<li><a href=\"http:\/\/www.dds.ue.wroc.pl\/\" target=\"_blank\" rel=\"noopener noreferrer\">Dom Studencki &#8211; pokoje go\u015bcinne&nbsp;<\/a><\/li>\n<li><a href=\"http:\/\/www.premiereclasse.com\/pl\/hotels\/premiere-classe-wroclaw-centrum\" target=\"_blank\" rel=\"noopener noreferrer\">Hotel Premiere Classe Wroclaw <\/a>Centrum (ul.\u015al\u0119\u017cna 28)<\/li>\n<li><a href=\"http:\/\/www.campanile-wroclaw-centrum.pl\/pl\" target=\"_blank\" rel=\"noopener noreferrer\">Campanile Wroc\u0142aw Centrum<\/a> (ul.\u015al\u0119\u017cna 26)<\/li>\n<li><a href=\"http:\/\/www.accorhotels.com\/pl\/hotel-6603-ibis-budget-wroclaw-poludnie\/index.shtml\" target=\"_blank\" rel=\"noopener noreferrer\">Ibis Budget Wroc\u0142aw Po\u0142udnie<\/a> (Wy\u015bcigowa 35A)<\/li>\n<\/ul>\n<p style=\"text-align: center;\"><b>Komitet Naukowy<\/b><\/p>\n<p align=\"center\">Prof. zw. dr hab., dr h.c. Krzysztof Jajuga \u2013 Uniwersytet Ekonomiczny we Wroc\u0142awiu<br \/>\nProf. zw. dr hab. Jacek Karwowski \u2013 Uniwersytet Ekonomiczny we Wroc\u0142awiu<br \/>\nProf. zw. dr hab. Leszek Patrza\u0142ek \u2013 Uniwersytet Ekonomiczny we Wroc\u0142awiu<br \/>\nProf. zw. dr hab. W\u0142odzimierz Szkutnik \u2013 Uniwersytet Ekonomiczny w Katowicach<br \/>\nDr hab. Filip Chybalski \u2013 prof. nadzw. Politechniki \u0141\u00f3dzkiej<br \/>\nDr hab. Ireneusz Kuropka \u2013 prof. nadzw. Uniwersytetu Ekonomicznego we Wroc\u0142awiu<br \/>\nDr hab. Marta Maciejasz-\u015awi\u0105tkiewicz \u2013 prof. nadzw. Uniwersytetu Opolskiego<br \/>\nDr hab. Katarzyna Perez \u2013 prof. nadzw. Uniwersytetu Ekonomicznego w Poznaniu<br \/>\nDr hab. Tomasz S\u0142o\u0144ski, prof. nadzw. Uniwersytetu Ekonomicznego we Wroc\u0142awiu<br \/>\nDr hab. Anna Zamojska \u2013 prof. nadzw. Uniwersytetu Gda\u0144skiego<\/p>\n<p align=\"center\"><strong>Komitet organizacyjny<\/strong><\/p>\n<p>dr Iwona Dittmann &#8211; przewodnicz\u0105ca<br \/>\ndr Ewa Szabela-Pasierbi\u0144ska&nbsp;&#8211; sekretarz<br \/>\ndr Micha\u0142 Kisiel<br \/>\ndr Jaros\u0142aw Olejniczak<br \/>\ndr Wioletta Wola\u0144ska<\/p>\n<p><b>Kontakt:<\/b><\/p>\n<p><a href=\"mailto:empiryczne@ue.wroc.pl\">empiryczne@ue.wroc.pl<\/a><\/p>\n","protected":false},"excerpt":{"rendered":"<p>Partnerami i sponsorami konferencji s\u0105: StatSoft Polska, Program wsp\u00f3\u0142pracy szk\u00f3\u0142 wy\u017cszych i sektora finansowego &#8222;Nowoczesne Zarzadzanie Biznesem&#8221; oraz Nelson Catering and Events Katedra Finans\u00f3w oraz Katedra Prognoz i Analiz Gospodarczych Uniwersytetu Ekonomicznego we Wroc\u0142awiu serdecznie zapraszaj\u0105 na II Og\u00f3lnopolsk\u0105 Konferencj\u0119 Naukow\u0105 FINANSE \u2013 STATYSTYKA \u2013 BADANIA EMPIRYCZNE pod honorowym patronatem Komitetu Nauk o Finansach Polskiej [&hellip;]<\/p>\n","protected":false},"author":1,"featured_media":0,"parent":1020,"menu_order":101,"comment_status":"closed","ping_status":"closed","template":"","meta":{"footnotes":""},"class_list":["post-776","page","type-page","status-publish","hentry"],"_links":{"self":[{"href":"https:\/\/katfin.ue.wroc.pl\/index.php\/wp-json\/wp\/v2\/pages\/776","targetHints":{"allow":["GET"]}}],"collection":[{"href":"https:\/\/katfin.ue.wroc.pl\/index.php\/wp-json\/wp\/v2\/pages"}],"about":[{"href":"https:\/\/katfin.ue.wroc.pl\/index.php\/wp-json\/wp\/v2\/types\/page"}],"author":[{"embeddable":true,"href":"https:\/\/katfin.ue.wroc.pl\/index.php\/wp-json\/wp\/v2\/users\/1"}],"replies":[{"embeddable":true,"href":"https:\/\/katfin.ue.wroc.pl\/index.php\/wp-json\/wp\/v2\/comments?post=776"}],"version-history":[{"count":22,"href":"https:\/\/katfin.ue.wroc.pl\/index.php\/wp-json\/wp\/v2\/pages\/776\/revisions"}],"predecessor-version":[{"id":1682,"href":"https:\/\/katfin.ue.wroc.pl\/index.php\/wp-json\/wp\/v2\/pages\/776\/revisions\/1682"}],"up":[{"embeddable":true,"href":"https:\/\/katfin.ue.wroc.pl\/index.php\/wp-json\/wp\/v2\/pages\/1020"}],"wp:attachment":[{"href":"https:\/\/katfin.ue.wroc.pl\/index.php\/wp-json\/wp\/v2\/media?parent=776"}],"curies":[{"name":"wp","href":"https:\/\/api.w.org\/{rel}","templated":true}]}}