{"id":717,"date":"2016-10-30T23:57:55","date_gmt":"2016-10-30T22:57:55","guid":{"rendered":"http:\/\/katfin.ue.wroc.pl\/?page_id=717"},"modified":"2016-10-30T23:58:48","modified_gmt":"2016-10-30T22:58:48","slug":"jubileusz-pani-prof-e-bogackiej-kisiel","status":"publish","type":"page","link":"https:\/\/katfin.ue.wroc.pl\/index.php\/o-katedrze\/jubileusz-pani-prof-e-bogackiej-kisiel\/","title":{"rendered":"Jubileusz Pani Prof. E. Bogackiej-Kisiel"},"content":{"rendered":"<p>27 czerwca 2016 r. w urokliwym zamku na wodzie w Wojnowicach pracownicy Katedry Finans\u00f3w z UE we Wroc\u0142awiu, Katedry Finans\u00f3w i Bankowo\u015bci Uniwersytetu Opolskiego oraz zaproszeni go\u015bcie uczestniczyli w konferencji  jubileuszowej Pani Profesor Ewy Bogackiej-Kisiel.<\/p>\n<p>Konferencj\u0119 otworzy\u0142 Prof. Leszek Patrza\u0142ek oraz g\u0142\u00f3wni organizatorzy Prof. Jacek Karwowski i Prof. Marta Maciejasz-\u015awi\u0105tkiewicz.<\/p>\n<p>Zaproszeni go\u015bcie oraz Jubilatka mieli okazj\u0119 wys\u0142ucha\u0107 wielu znamienitych go\u015bci, kt\u00f3rzy w spos\u00f3b niezwykle interesuj\u0105cy, cz\u0119sto nasycony odrobin\u0105 humoru, przeplatali opowie\u015bci o finansach czy ekonomii historiami z \u017cycia Pani Profesor. W\u015br\u00f3d prelegent\u00f3w byli m.in. Pani Prof.  Gra\u017cyna Borys, Pani Prof. Krystyna Znaniecka, Pan Prof. Stanis\u0142aw Flejterski, Pani Prof. Bo\u017cena Klimczak, Pani Prof. Danuta Krzemi\u0144ska, Pani Prof. Janina Harasim, Pan Prof. Romuald Jo\u0144czy.<\/p>\n<p>Drogiej Jubilatce, naszej kochanej Pani Profesor Ewie, serdecznie \u017cyczymy wszelkich pomy\u015blno\u015bci!<\/p>\n","protected":false},"excerpt":{"rendered":"<p>27 czerwca 2016 r. w urokliwym zamku na wodzie w Wojnowicach pracownicy Katedry Finans\u00f3w z UE we Wroc\u0142awiu, Katedry Finans\u00f3w i Bankowo\u015bci Uniwersytetu Opolskiego oraz zaproszeni go\u015bcie uczestniczyli w konferencji jubileuszowej Pani Profesor Ewy Bogackiej-Kisiel. Konferencj\u0119 otworzy\u0142 Prof. Leszek Patrza\u0142ek oraz g\u0142\u00f3wni organizatorzy Prof. Jacek Karwowski i Prof. Marta Maciejasz-\u015awi\u0105tkiewicz. Zaproszeni go\u015bcie oraz Jubilatka mieli [&hellip;]<\/p>\n","protected":false},"author":1,"featured_media":0,"parent":10,"menu_order":2,"comment_status":"closed","ping_status":"closed","template":"","meta":{"footnotes":""},"class_list":["post-717","page","type-page","status-publish","hentry"],"_links":{"self":[{"href":"https:\/\/katfin.ue.wroc.pl\/index.php\/wp-json\/wp\/v2\/pages\/717","targetHints":{"allow":["GET"]}}],"collection":[{"href":"https:\/\/katfin.ue.wroc.pl\/index.php\/wp-json\/wp\/v2\/pages"}],"about":[{"href":"https:\/\/katfin.ue.wroc.pl\/index.php\/wp-json\/wp\/v2\/types\/page"}],"author":[{"embeddable":true,"href":"https:\/\/katfin.ue.wroc.pl\/index.php\/wp-json\/wp\/v2\/users\/1"}],"replies":[{"embeddable":true,"href":"https:\/\/katfin.ue.wroc.pl\/index.php\/wp-json\/wp\/v2\/comments?post=717"}],"version-history":[{"count":1,"href":"https:\/\/katfin.ue.wroc.pl\/index.php\/wp-json\/wp\/v2\/pages\/717\/revisions"}],"predecessor-version":[{"id":718,"href":"https:\/\/katfin.ue.wroc.pl\/index.php\/wp-json\/wp\/v2\/pages\/717\/revisions\/718"}],"up":[{"embeddable":true,"href":"https:\/\/katfin.ue.wroc.pl\/index.php\/wp-json\/wp\/v2\/pages\/10"}],"wp:attachment":[{"href":"https:\/\/katfin.ue.wroc.pl\/index.php\/wp-json\/wp\/v2\/media?parent=717"}],"curies":[{"name":"wp","href":"https:\/\/api.w.org\/{rel}","templated":true}]}}