{"id":708,"date":"2016-10-27T23:03:59","date_gmt":"2016-10-27T21:03:59","guid":{"rendered":"http:\/\/katfin.ue.wroc.pl\/?page_id=708"},"modified":"2016-10-28T00:05:35","modified_gmt":"2016-10-27T22:05:35","slug":"dr-magdalena-swacha-lech","status":"publish","type":"page","link":"https:\/\/katfin.ue.wroc.pl\/index.php\/pracownicy\/dr-magdalena-swacha-lech\/","title":{"rendered":"dr Magdalena Swacha-Lech"},"content":{"rendered":"<p>Link do strony o konsultacjach &#8211;&gt;(<a href=\"https:\/\/www.ue.wroc.pl\/pracownicy\/magdalena_swacha-lech.html\" target=\"_blank\">przejd\u017a<\/a>)<\/p>\n<p><strong>Zainteresowania badawcze<\/strong>:<\/p>\n<p>Finanse behawioralne, finanse osobiste, edukacja i \u015bwiadomo\u015b\u0107 finansowa, systemy emerytalne, problem gromadzenia oszcz\u0119dno\u015bci emerytalnych, banki i instytucje kredytowe, bancassurance.<\/p>\n<p><strong>Obszary dydaktyki:<\/strong><\/p>\n<ul>\n<li>bankowo\u015b\u0107<\/li>\n<li>finanse behawioralne<\/li>\n<li>finanse osobiste<\/li>\n<\/ul>\n<p><strong>Wybrane publikacje naukowe:<\/strong><\/p>\n<p><strong>Monografia:<\/strong><\/p>\n<ol start=\"2008\">\n<li>Swacha-Lech, <em>Bancassurance. Sprzeda\u017c produkt\u00f3w bankowo-ubezpieczeniowych.<\/em> CeDeWu Sp. zo.o., Warszawa 2008.<\/li>\n<\/ol>\n<p><strong>Redakcja monografii:<\/strong><\/p>\n<p>Adamek, M. Swacha-Lech (red.), Finance and Accountancy \u2013 Theory and Practice, Prace Naukowe Uniwersytetu Ekonomicznego we Wroclawiu 2014, Nr 351.<\/p>\n<p><strong>Autorstwo rozdzia\u0142\u00f3w w monografiach:<\/strong><\/p>\n<ol>\n<li>Swacha-Lech Magdalena: Sytuacja demograficzna, w: Ubezpieczenia gospodarcze i spo\u0142eczne w Polsce \/ Ostrowska Dorota, Jamr\u00f3z Pawe\u0142 ( red. ), 2016, CeDeWu, ISBN 9788375566895, ss. 291-323.<\/li>\n<li>Swacha-Lech Magdalena: Zjawisko prosumeryzmu na rynku ubezpiecze\u0144, w: Dylematy teorii i praktyki ubezpiecze\u0144 \/ Su\u0142kowska Wanda, Strupczewski Grzegorz ( red. ), 2015, Poltext, ISBN 9788375615951, ss. 137-146.<\/li>\n<li>Swacha-Lech Magdalena: Edukacja finansowa a wykluczenie finansowe &#8211; g\u0142os w e-debacie, w: Rola edukacji finansowej w ograniczaniu wykluczenia finansowego \/ Penczar Marta (red.), 2014, Instytut Bada\u0144 nad Gospodarka Rynkow\u0105, ISBN 9788376151021, ss. 117-136.<\/li>\n<li>Swacha-Lech Magdalena, Ostalecka Agnieszka, <em>CORPORATE SOCIAL RESPONSIBILITY IN THE CONTEXT OF BANKS\u2019 COMPETITIVENESS<\/em> [w:] <em>Proceedings of the 11th International Conference Liberec Economic Forum 2013: Liberec Economic Forum (LEF 2013)<\/em><em>, <\/em>Liberec, Technical University of Liberec Faculty of Economics, 2013, pp.425-435.<\/li>\n<li>Swacha-Lech Magdalena, <em>Determinanty skutecznego controllingu w zarz\u0105dzaniu logistyk\u0105<\/em>, [w:] Finansowe uwarunkowania rozwoju organizacji gospodarczych. Kapita\u0142 w operacyjnym i strategicznym zarz\u0105dzaniu przedsi\u0119biorstwem, red. W. Szcz\u0119sny, J. Turyna, 2011,Wydawnictwo Naukowe Wydzia\u0142u Zarz\u0105dzania Uniwersytetu Warszawskiego, Warszawa, s.368-385.<\/li>\n<\/ol>\n<p><strong>Artyku\u0142y w czasopismach naukowych:\u00a0\u00a0\u00a0\u00a0\u00a0\u00a0\u00a0\u00a0\u00a0 <\/strong><\/p>\n<ol>\n<li>Swacha-Lech Magdalena, SOCIAL ASPECTS OF BANKS\u2019 ACTIVITY IN THE CONTEXT OF UNDERSAVING PROBLEM OF POLISH SOCIETY [w:] Finance and Accountancy for Sustainable Development &#8211; Sustainable Finance, Prace Naukowe Uniwersytetu Ekonomicznego we Wroclawiu 2013, Nr 302, pp. 167-176.<\/li>\n<li>Swacha-Lech Magdalena, <em>Motywy oszcz\u0119dzania w \u015bwietle bada\u0144 sonda\u017cowych zrealizowanych we wsp\u00f3\u0142pracy z Interaktywnym Instytutem Bada\u0144 Rynkowych w okresie od 27 lutego do 1 marca 2013 roku <\/em>[w:] Zarz\u0105dzanie i Finanse Nr 2, Cz\u0119\u015b\u0107 4, Wydzia\u0142 Zarz\u0105dzania Uniwersytetu Gda\u0144skiego, Lipiec 2013, s. 429-442.<\/li>\n<li>Swacha-Lech Magdalena (2012), <em>Problem gromadzenia oszcz\u0119dno\u015bci w \u015bwietle dorobku finans\u00f3w behawioralnych<\/em>, [w:] Finanse w niestabilnym otoczeniu &#8211; dylematy i wyzwania. Bankowo\u015b\u0107, red. I. Pyka, J. Cichorska, Studia Ekonomiczne. Zeszyty Naukowe Wydzia\u0142owe Uniwersytetu Ekonomicznego w Katowicach nr 105, Katowice, s.73-80.<\/li>\n<li>Swacha-Lech Magdalena (2012), <em>Wp\u0142yw sk\u0142onno\u015bci behawioralnych na decyzje dotycz\u0105ce dobrowolnego\u00a0 gromadzenia oszcz\u0119dno\u015bci emerytalnych, <\/em>[w:] Nauki o Finansach, red. E. Bogacka-Kisiel, Wydawnictwo Naukowe UE we Wroc\u0142awiu nr 3(12)\/2012, Wroc\u0142aw, s.126-140.<\/li>\n<li>Swacha-Lech Magdalena (2012), <em>Zagadnienie kr\u00f3tkowzroczno\u015bci jednostek w kontek\u015bcie decyzji dotycz\u0105cych gromadzenia oszcz\u0119dno\u015bci<\/em>, [w:] Annales UMCS Sec. H, Tom XLVI z. 4,. red. J. W\u0119c\u0142awski, UMCS, Lublin 2012, s. 795-802.<\/li>\n<li>Solarz M., Swacha-Lech M. (2011), Samowykluczenie bankowe w aspekcie finans\u00f3w behawioralnych, [w:] Finanse i rachunkowo\u015b\u0107-teoria i praktyka, red. J. Adamek, Prace Naukowe Uniwersytetu Ekonomicznego we Wroc\u0142awiu Nr 193, Wydawnictwo Uniwersytetu Ekonomicznego we Wroc\u0142awiu, Wroc\u0142aw 2011, s. 32-48.<\/li>\n<li>Swacha-Lech Magdalena (2011), Potencjalne kierunki wp\u0142ywu ekonomii behawioralnej na rozw\u00f3j g\u0142\u00f3wnego nurtu ekonomii, [w:] Annales UMCS Sec. H, Tom XLVI z. 2,. red. P. Karpu\u015b, UMCS, Lublin 2011, s. 9-16.<\/li>\n<li>Swacha-Lech Magdalena<em>, Homo oeconomicus a homo neuropsychologicus jako element dyskusji o nowym paradygmacie finans\u00f3w, <\/em>[w:] Ku nowemu paradygmatowi nauk o finansach, red. W. Fr\u0105ckowiak, J. Szambela\u0144czyk, Zeszyty Naukowe Uniwersytetu Ekonomicznego w Poznaniu Nr 144, Wydawnictwo Uniwersytetu Ekonomicznego w Poznaniu, Pozna\u0144 2010, s. 71-84.<\/li>\n<li>Swacha-Lech Magdalena<em>, Behawioralne aspekty zachowa\u0144 kredytobiorc\u00f3w oraz instytucji bankowych w kontek\u015bcie analizy przyczyn kryzysu finansowego w Stanach Zjednoczonych<\/em> [w:] Nauki o finansach 4, red. G. Borys, Prace naukowe Uniwersytetu Ekonomicznego we Wroc\u0142awiu Nr 127, Wydawnictwo Uniwersytetu Ekonomicznego we Wroc\u0142awiu, Wroc\u0142aw 2010, s. 178-190.<\/li>\n<li>Swacha-Lech Magdalena<em>, Behawioralne aspekty zachowa\u0144 inwestor\u00f3w na rynku kapita\u0142owym oraz podmiot\u00f3w oceniaj\u0105cych inwestycje w kontek\u015bcie przyczyn kryzysu finansowego w USA <\/em>[w:] Finanse i rachunkowo\u015b\u0107 \u2013 teoria i praktyka, red. J. Adamek, Prace Naukowe Uniwersytetu Ekonomicznego we Wroc\u0142awiu Nr 121, Wydawnictwo Uniwersytetu Ekonomicznego we Wroc\u0142awiu, Wroc\u0142aw 2010, s. 154-165.<\/li>\n<li>Swacha-Lech Magdalena (2009), Dzia\u0142alno\u015b\u0107 bancassurance w \u015bwietle zagadnie\u0144 etyki biznesu, [w:] Studia Ubezpieczeniowe. Zeszyty Naukowe nr 127, red. J. Handschke, Wydawnictwo Uniwersytetu Ekonomicznego w Poznaniu, Pozna\u0144 2009, s. 701-708.<\/li>\n<li>Swacha-Lech Magdalena, Przyczyny kryzysu finansowego w USA \u2013 uj\u0119cie behawioralne w: \u201eFinance a\u00a0 \u00fa\u010detnictv\u00ed v kontextu ekonomick\u00e9 krize\u201d, TECHNICKA UNIVERZITA V LIBERCI Ekonomick\u00e1 Fakulta, Katedra financ\u00ed a u\u010detnictv\u00ed, Liberec 2009, s. 1-6.<\/li>\n<\/ol>\n<p>&nbsp;<\/p>\n","protected":false},"excerpt":{"rendered":"<p>Link do strony o konsultacjach &#8211;&gt;(przejd\u017a) Zainteresowania badawcze: Finanse behawioralne, finanse osobiste, edukacja i \u015bwiadomo\u015b\u0107 finansowa, systemy emerytalne, problem gromadzenia oszcz\u0119dno\u015bci emerytalnych, banki i instytucje kredytowe, bancassurance. Obszary dydaktyki: bankowo\u015b\u0107 finanse behawioralne finanse osobiste Wybrane publikacje naukowe: Monografia: Swacha-Lech, Bancassurance. Sprzeda\u017c produkt\u00f3w bankowo-ubezpieczeniowych. CeDeWu Sp. zo.o., Warszawa 2008. Redakcja monografii: Adamek, M. Swacha-Lech (red.), Finance [&hellip;]<\/p>\n","protected":false},"author":1,"featured_media":0,"parent":12,"menu_order":22,"comment_status":"closed","ping_status":"closed","template":"","meta":{"footnotes":""},"class_list":["post-708","page","type-page","status-publish","hentry"],"_links":{"self":[{"href":"https:\/\/katfin.ue.wroc.pl\/index.php\/wp-json\/wp\/v2\/pages\/708","targetHints":{"allow":["GET"]}}],"collection":[{"href":"https:\/\/katfin.ue.wroc.pl\/index.php\/wp-json\/wp\/v2\/pages"}],"about":[{"href":"https:\/\/katfin.ue.wroc.pl\/index.php\/wp-json\/wp\/v2\/types\/page"}],"author":[{"embeddable":true,"href":"https:\/\/katfin.ue.wroc.pl\/index.php\/wp-json\/wp\/v2\/users\/1"}],"replies":[{"embeddable":true,"href":"https:\/\/katfin.ue.wroc.pl\/index.php\/wp-json\/wp\/v2\/comments?post=708"}],"version-history":[{"count":1,"href":"https:\/\/katfin.ue.wroc.pl\/index.php\/wp-json\/wp\/v2\/pages\/708\/revisions"}],"predecessor-version":[{"id":709,"href":"https:\/\/katfin.ue.wroc.pl\/index.php\/wp-json\/wp\/v2\/pages\/708\/revisions\/709"}],"up":[{"embeddable":true,"href":"https:\/\/katfin.ue.wroc.pl\/index.php\/wp-json\/wp\/v2\/pages\/12"}],"wp:attachment":[{"href":"https:\/\/katfin.ue.wroc.pl\/index.php\/wp-json\/wp\/v2\/media?parent=708"}],"curies":[{"name":"wp","href":"https:\/\/api.w.org\/{rel}","templated":true}]}}