{"id":693,"date":"2016-10-26T11:43:44","date_gmt":"2016-10-26T09:43:44","guid":{"rendered":"http:\/\/katfin.ue.wroc.pl\/?page_id=693"},"modified":"2017-10-26T00:28:19","modified_gmt":"2017-10-25T22:28:19","slug":"konferencja-naukowa-relacje-fiskalne-panstwo-samorzad-terytorialny","status":"publish","type":"page","link":"https:\/\/katfin.ue.wroc.pl\/index.php\/konferencje\/archiwum-konferencji\/konferencja-naukowa-relacje-fiskalne-panstwo-samorzad-terytorialny\/","title":{"rendered":"Konferencja Naukowa \u201eRelacje fiskalne  Pa\u0144stwo \u2013 Samorz\u0105d Terytorialny\u201d <br\/>maj 2017"},"content":{"rendered":"<p><strong>Katedra Finans\u00f3w<\/strong><\/p>\n<p><strong>Uniwersytetu Ekonomicznego We Wroc\u0142awiu <\/strong><\/p>\n<p>ma zaszczyt zaprosi\u0107 na<\/p>\n<p><strong>Konferencj\u0119 Naukow\u0105<\/strong><\/p>\n<p><strong>\u201eRelacje fiskalne\u00a0 Pa\u0144stwo \u2013 Samorz\u0105d Terytorialny\u201d,<\/strong><\/p>\n<p>kt\u00f3ra odb\u0119dzie si\u0119\u00a0<strong>22\u2013 23 maja 2017 r. we Wroc\u0142awiu.<\/strong><\/p>\n<p>Celem konferencji jest wymiana pogl\u0105d\u00f3w i prezentacja wynik\u00f3w bada\u0144 przedstawicieli krajowych i zagranicznych o\u015brodk\u00f3w naukowych zajmuj\u0105cych si\u0119 problematyk\u0105 finans\u00f3w publicznych, w tym szczeg\u00f3lnie finans\u00f3w samorz\u0105du terytorialnego. Zagadnienia podejmowane w trakcie konferencji obejmowa\u0107 b\u0119d\u0105 nast\u0119puj\u0105ce obszary badawcze:<\/p>\n<ol>\n<li>Funkcje alokacyjna i redystrybucyjna finans\u00f3w publicznych w wymiarze terytorialnym.<\/li>\n<li>Zakres samodzielno\u015bci finansowej jednostek samorz\u0105du terytorialnego.<\/li>\n<li>Finansowanie rozwoju lokalnego i regionalnego wobec perspektywy finansowej UE.<\/li>\n<li>Zasady podzia\u0142u \u017ar\u00f3de\u0142 dochod\u00f3w publicznych pomi\u0119dzy pa\u0144stwo a samorz\u0105d terytorialny.<\/li>\n<li>Strategie zarz\u0105dzania d\u0142ugiem jednostek samorz\u0105du terytorialnego.<\/li>\n<li>Zasady i p\u0142aszczyzny wsp\u00f3\u0142pracy jednostek samorz\u0105du terytorialnego z podmiotami sektora prywatnego.<\/li>\n<li>Polityka bud\u017cetowa jednostek samorz\u0105du terytorialnego a rozw\u00f3j demokracji lokalnej.<\/li>\n<li>Ryzyko w podsektorze samorz\u0105dowym.<\/li>\n<li>Innowacje w zarz\u0105dzaniu finansami jednostek samorz\u0105du terytorialnego.<\/li>\n<li>Punkty zwrotne rozwoju gospodarek \u015bwiatowych, a rola JST w procesach globalizacji.<\/li>\n<li>Kryzys finansowy a jednostki samorz\u0105du terytorialnego.<\/li>\n<\/ol>\n<p><strong>\u00a0<\/strong><\/p>\n<p><strong>Publikacja <\/strong><\/p>\n<p>Artyku\u0142y podlegaj\u0105 recenzji <em>\u201edouble blind peer review\u201d <\/em>, dw\u00f3ch recenzent\u00f3w. Po uzyskaniu pozytywnych recenzji opublikowane zostan\u0105 w Pracach Naukowych UE \u2013 10 punkt\u00f3w oraz pi\u0119\u0107 najwy\u017cej ocenionych artyku\u0142\u00f3w w czasopi\u015bmie Nauki o Finansach \u2013 14 punkt\u00f3w.<\/p>\n<p><strong>Kalendarz organizacyjny konferencji:<\/strong><\/p>\n<ul>\n<li>Do <strong>01.17 r. <\/strong>&#8211; zg\u0142oszenie udzia\u0142u w konferencji wraz z tytu\u0142em artyku\u0142u na za\u0142\u0105czonym formularzu i przes\u0142anym na adres mailowy (skan);<\/li>\n<li>Do <strong>03.15 r.<\/strong> &#8211; wniesienia op\u0142aty konferencyjnej oraz przes\u0142anie pe\u0142nego tekstu artyku\u0142u za po\u015brednictwem systemu SENIR (logowania do systemu dokonuje si\u0119 za po\u015brednictwem strony Wydawnictwa UE: <a href=\"http:\/\/www.wydawnictwo.ue.wroc.pl\" target=\"_blank\" rel=\"noopener noreferrer\">www.wydawnictwo.ue.wroc.pl<\/a>)<\/li>\n<\/ul>\n<p><span style=\"color: #ff00ff;\"><strong>Ch\u0119\u0107 uczestnictwa w Konferencji mo\u017cna przesy\u0142a\u0107 do <a style=\"color: #ff00ff;\" href=\"mailto:\/\/hanna.kociemska@ue.wroc.pl\" target=\"_blank\" rel=\"noopener noreferrer\">dr Hanny Kociemskiej<\/a>. Wkr\u00f3tce wi\u0119cej informacji.<\/strong><\/span><\/p>\n<p><strong>Op\u0142ata konferencyjna<\/strong><\/p>\n<p>1\u00a0050 PLN &#8211; \u00a0regularna op\u0142ata konferencyjna<br \/>\n650 PLN &#8211; \u00a0koszt publikacji bez uczestnictwa w konferencji<\/p>\n<p>Op\u0142ata obejmuje: koszt uczestnictwa w obradach, koszt publikacji artyku\u0142u, koszt wy\u017cywienia, jednego noclegu w hotelu\u00a0 (22\/23.05.17 r.) oraz koszt uczestnictwa w uroczystej kolacji.<\/p>\n<p><strong>Dane do przelewu:<\/strong><\/p>\n<p>P\u0142atno\u015bci nale\u017cy dokonywa\u0107 na konto:\u00a0<strong>07 1090 2529 0000 0006 3400 0503<\/strong> z dopiskiem<br \/>\nw tytule przelewu <strong><em>\u201eKonferencja JST 2017 \u2013 Imi\u0119 i Nazwisko\u201d<\/em><\/strong><\/p>\n<p><strong>Rada Programowa Konferencji:<\/strong><\/p>\n<p>prof. zw. dr hab.\u00a0 Leszek Patrza\u0142ek \u2013 UE we Wroc\u0142awiu, Przewodnicz\u0105cy Rady Programowej<\/p>\n<p>dr hab. Agnieszka Ali\u0144ska, prof. SGH &#8211; Szko\u0142a G\u0142\u00f3wna Handlowa w Warszawie<\/p>\n<p>prof. zw. dr hab. Beata Filipiak \u2013 Uniwersytet Szczeci\u0144ski<\/p>\n<p>dr hab. Beata Guziejewska, prof. U\u0141 \u2013 Uniwersytet \u0141\u00f3dzki<\/p>\n<p>dr hab. Jolanta Szo\u0142no &#8211; Koguc , prof. UMCS &#8211; Uniwersytet Marii Curie-Sk\u0142odowskiej w Lublinie<\/p>\n<p>dr hab. Marzanna Poniatowicz,\u00a0 prof.\u00a0 UB &#8211; Uniwersytet w Bia\u0142ymstoku<\/p>\n<p>prof. zw. dr hab. Krzysztof Sur\u00f3wka <em>&#8211; <\/em>Uniwersytet Ekonomiczny w\u00a0Krakowie<\/p>\n<p>dr hab. Artur Walasik, prof. UEK &#8211; Uniwersytet Ekonomiczny w Katowicach<\/p>\n<table width=\"727\">\n<tbody>\n<tr>\n<td width=\"371\"><strong>Komitet organizacyjny:<\/strong><\/p>\n<p>dr Hanna Kociemska<\/p>\n<p>dr Jaros\u0142aw Olejniczak<\/p>\n<p>mgr Karolina Maciocha<\/td>\n<td width=\"356\"><strong>Kontakt<br \/>\n<\/strong>e-mail: hanna.kociemska@ue.wroc.pltel.: 71 36 80 718<\/td>\n<\/tr>\n<\/tbody>\n<\/table>\n<p>&nbsp;<\/p>\n<p>&nbsp;<\/p>\n","protected":false},"excerpt":{"rendered":"<p>Katedra Finans\u00f3w Uniwersytetu Ekonomicznego We Wroc\u0142awiu ma zaszczyt zaprosi\u0107 na Konferencj\u0119 Naukow\u0105 \u201eRelacje fiskalne\u00a0 Pa\u0144stwo \u2013 Samorz\u0105d Terytorialny\u201d, kt\u00f3ra odb\u0119dzie si\u0119\u00a022\u2013 23 maja 2017 r. we Wroc\u0142awiu. Celem konferencji jest wymiana pogl\u0105d\u00f3w i prezentacja wynik\u00f3w bada\u0144 przedstawicieli krajowych i zagranicznych o\u015brodk\u00f3w naukowych zajmuj\u0105cych si\u0119 problematyk\u0105 finans\u00f3w publicznych, w tym szczeg\u00f3lnie finans\u00f3w samorz\u0105du terytorialnego. Zagadnienia podejmowane [&hellip;]<\/p>\n","protected":false},"author":1,"featured_media":0,"parent":699,"menu_order":3,"comment_status":"closed","ping_status":"closed","template":"","meta":{"footnotes":""},"class_list":["post-693","page","type-page","status-publish","hentry"],"_links":{"self":[{"href":"https:\/\/katfin.ue.wroc.pl\/index.php\/wp-json\/wp\/v2\/pages\/693","targetHints":{"allow":["GET"]}}],"collection":[{"href":"https:\/\/katfin.ue.wroc.pl\/index.php\/wp-json\/wp\/v2\/pages"}],"about":[{"href":"https:\/\/katfin.ue.wroc.pl\/index.php\/wp-json\/wp\/v2\/types\/page"}],"author":[{"embeddable":true,"href":"https:\/\/katfin.ue.wroc.pl\/index.php\/wp-json\/wp\/v2\/users\/1"}],"replies":[{"embeddable":true,"href":"https:\/\/katfin.ue.wroc.pl\/index.php\/wp-json\/wp\/v2\/comments?post=693"}],"version-history":[{"count":7,"href":"https:\/\/katfin.ue.wroc.pl\/index.php\/wp-json\/wp\/v2\/pages\/693\/revisions"}],"predecessor-version":[{"id":836,"href":"https:\/\/katfin.ue.wroc.pl\/index.php\/wp-json\/wp\/v2\/pages\/693\/revisions\/836"}],"up":[{"embeddable":true,"href":"https:\/\/katfin.ue.wroc.pl\/index.php\/wp-json\/wp\/v2\/pages\/699"}],"wp:attachment":[{"href":"https:\/\/katfin.ue.wroc.pl\/index.php\/wp-json\/wp\/v2\/media?parent=693"}],"curies":[{"name":"wp","href":"https:\/\/api.w.org\/{rel}","templated":true}]}}