{"id":614,"date":"2016-10-11T20:33:30","date_gmt":"2016-10-11T18:33:30","guid":{"rendered":"http:\/\/katfin.ue.wroc.pl\/?page_id=614"},"modified":"2016-10-25T15:25:47","modified_gmt":"2016-10-25T13:25:47","slug":"program-konferencji","status":"publish","type":"page","link":"https:\/\/katfin.ue.wroc.pl\/index.php\/konferencje\/archiwum-konferencji\/finstat-archiwum\/empiryczne\/program-konferencji\/","title":{"rendered":"Program konferencji"},"content":{"rendered":"<p>Miejsce konferencji: budynek CKU, Uniwersytet Ekonomiczny we Wroc\u0142awiu, ul. Komandorska 118\/120 <a href=\"http:\/\/www.podyplomowe.ue.wroc.pl\/137,przydatne_informacje_dla_sluchaczy.html\" target=\"_blank\">[Zobacz plan campusu]<\/a><\/p>\n<p>8.45 \u2013 13.00 Rejestracja uczestnik\u00f3w (bud. CKU, parter)<\/p>\n<p>9.30 \u2013 Uroczyste otwarcie konferencji &#8211;\u00a0dr hab. Bogus\u0142aw P\u00f3\u0142torak, Prodziekan ds. Nauki i Rozwoju Wydzia\u0142u\u00a0Nauk Ekonomicznych, prof. dr hab. Leszek Patrza\u0142ek\u00a0(sala 27a\u00a0CKU)<\/p>\n<p>9.45 \u2013 11.00 <strong>SESJA PLENARNA<\/strong>\u00a0&#8211; prof. dr hab. dr h.c. Krzysztof Jajuga (sala 27a\u00a0CKU)<\/p>\n<ul>\n<li><strong>Katarzyna Perez<\/strong> &#8211; Dalszy rozw\u00f3j rynku funduszy inwestycyjnych w Polsce. Perspektywa prawna, podatkowa i\u00a0ekonomiczna, Uniwersytet Ekonomiczny w Poznaniu<\/li>\n<li><strong>Filip Chybalski<\/strong> &#8211; Konstrukcja systemu emerytalnego a dzia\u0142ania obywateli zmierzaj\u0105ce do podwy\u017cszenia kwoty\u00a0\u015bwiadcze\u0144: analiza ilo\u015bciowa dla kraj\u00f3w europejskich, Politechnika \u0141\u00f3dzka<\/li>\n<li><strong>Grzegorz Migut<\/strong> &#8211; Skoring (nie tylko kredytowy) w Statistica, Statsoft<\/li>\n<\/ul>\n<p>11.00 \u2013 11.20 przerwa kawowa<\/p>\n<p>11.20 \u2013 13.00 SESJE PANELOWE A, B, C<\/p>\n<p><strong>SESJA PANELOWA A<\/strong>: System emerytalny, ubezpieczenia, finanse osobiste &#8211; dr hab. Ireneusz Kuropka, prof. UE\u00a0(sala 111 CKU)<\/p>\n<ul>\n<li><strong>Marta Maciejasz-\u015awi\u0105tkiewicz, Agnieszka Bobrowska<\/strong> &#8211; Finansowe konsekwencje wzrostu popytu na us\u0142ugi\u00a0Zbiorowych Gospodarstw Domowych os\u00f3b starszych w Polsce, Uniwersytet Opolski<\/li>\n<li><strong>Edyta Marcinkiewicz<\/strong> &#8211; Modele dobrowolnych system\u00f3w emerytalnych \u2013 badanie empiryczne, Politechnika \u0141\u00f3dzka<\/li>\n<li><strong>Patrycja Kowalczyk-R\u00f3lczy\u0144ska<\/strong> &#8211; Oszcz\u0119dno\u015bci emerytalne gospodarstw domowych w Polsce, Uniwersytet\u00a0Ekonomiczny we Wroc\u0142awiu<\/li>\n<li><strong>\u0141ukasz Jurek<\/strong> &#8211; Sk\u0142onno\u015b\u0107 do zakupu ubezpieczenia opieku\u0144czego w Polsce, Uniwersytet Ekonomiczny we Wroc\u0142awiu<\/li>\n<li><strong>Magdalena Homa<\/strong> &#8211; Ryzyko inwestycji w UFK a poziom wymaganych rezerw, Uniwersytet Wroc\u0142awski<\/li>\n<\/ul>\n<p><strong>SESJA PANELOWA B<\/strong>: Finanse publiczne &#8211; prof. dr hab. Leszek Patrza\u0142ek\u00a0(sala 108 CKU)<\/p>\n<ul>\n<li><strong>Jan Czempas<\/strong> &#8211; Dysproporcje dochod\u00f3w i wydatk\u00f3w inwestycyjnych w miastach na prawach powiatu wojew\u00f3dztwa\u00a0\u015bl\u0105skiego (2006-2015), Uniwersytet Ekonomiczny w Katowicach<\/li>\n<li><strong>Dorota Rozmus<\/strong> &#8211; Badanie stabilno\u015bci struktury wojew\u00f3dztw pod wzgl\u0119dem wysoko\u015bci finans\u00f3w publicznych,\u00a0Uniwersytet Ekonomiczny w Katowicach<\/li>\n<li><strong>Witold Furman<\/strong> &#8211; Interakcja specjalnych stref ekonomicznych na potencja\u0142 gospodarczy wojew\u00f3dztwa podkarpackiego,\u00a0Uniwersytet Ekonomiczny w Krakowie<\/li>\n<li><strong>Katarzyna Smolny, Ma\u0142gorzata Ga\u0142ecka<\/strong> &#8211; Zasady finansowania dzia\u0142alno\u015bci instytucji kultury w kontek\u015bcie efektywno\u015bci ekonomicznej, Uniwersytet Ekonomiczny we Wroc\u0142awiu<\/li>\n<li><strong>\u0141ukasz Furman<\/strong> &#8211; Analiza rozwoju gospodarczego w \u015bwietle wybranych wp\u0142yw\u00f3w podatkowych w latach 2011 &#8211; 2015\u00a0na terenie wojew\u00f3dztwa podkarpackiego, Uniwersytet Rzeszowski<\/li>\n<\/ul>\n<p><strong>SESJA PANELOWA C<\/strong>: Financial market, financial analysis &#8211;\u00a0dr hab. Tomasz S\u0142o\u0144ski, prof. UE\u00a0(sala 110 CKU)<\/p>\n<ul>\n<li><strong>Anna Zamojska<\/strong>, Forecasting inflation &#8211; a macrofinancial approach, Uniwersytet Gda\u0144ski<\/li>\n<li><strong>Sebastian Tomczak<\/strong> &#8211; Influence of the volume of equity on corporate liquidity, Politechnika Wroc\u0142awska<\/li>\n<li><strong>Piotr Jaworski, Piotr Mielus<\/strong> &#8211; Interdependence of sentiment indicators &#8211; a case of Polish OTC market, Uniwersytet\u00a0Warszawski, Szko\u0142a G\u0142\u00f3wna Handlowa<\/li>\n<li><strong>Katarzyna Kochaniak<\/strong> &#8211; Financial Asset Portfolios of the Euro Area Households &#8211; Do Incomes and Loan Repayments\u00a0Determine Their Risk Profile?, Uniwersytet Ekonomiczny w Krakowie<\/li>\n<li><strong>Weronika\u00a0Szkutnik<\/strong> &#8211; Economic and Legal Analysis of Insider Trading Issue on Polish and International Capital Markets, UPS<\/li>\n<\/ul>\n<p>13.00 \u2013 14.00 lunch<\/p>\n<p>14.00 \u2013 15.40 SESJE PANELOWE D, E<\/p>\n<p><strong>SESJA PANELOWA D<\/strong>: Finanse przedsi\u0119biorstw, modelowanie finansowe &#8211;\u00a0prof. dr hab. W\u0142odzimierz Szkutnik (sala 111 CKU)<\/p>\n<ul>\n<li><strong>Jerzy Zemke<\/strong> &#8211; Metoda Monte Carlo w ocenie ryzyka finansowego, Uniwersytet Gda\u0144ski<\/li>\n<li><strong>Rafa\u0142 Bu\u0142a<\/strong> &#8211; Problemy estymacji wymiaru fraktalnego finansowych szereg\u00f3w czasowych, Uniwersytet Ekonomiczny w\u00a0Katowicach<\/li>\n<li><strong>Jan Kaczmarzyk<\/strong> &#8211; Prospektywna analiza finansowa z uwzgl\u0119dnieniem ryzyka przedsi\u0119biorstwa \u2013 zalety podej\u015bcia\u00a0Monte Carlo, Uniwersytet Ekonomiczny w Katowicach<\/li>\n<li><strong>Wojciech Lichota<\/strong> &#8211; Weryfikacja skuteczno\u015bci diagnostycznej wybranych modeli analizy dyskryminacyjnej na\u00a0przyk\u0142adzie pr\u00f3by przedsi\u0119biorstw z wojew\u00f3dztwa podkarpackiego, Uniwersytet Rzeszowski<\/li>\n<\/ul>\n<p><strong>SESJA PANELOWA E<\/strong>: Rynek finansowy, analiza finansowa &#8211; dr hab. Jacek Uchman, prof. UE\u00a0(110 CKU)<\/p>\n<ul>\n<li><strong>Pawe\u0142 Kliber<\/strong> &#8211; Zmiany ci\u0105g\u0142e i skokowe w procesach cen na Gie\u0142dzie Papier\u00f3w Warto\u015bciowych w Warszawie,\u00a0Uniwersytet Ekonomiczny w Poznaniu<\/li>\n<li><strong>Patrycja Chodnicka &#8211; Jaworska<\/strong> &#8211; Wp\u0142yw wska\u017anik\u00f3w finansowych na ratingi kredytowe bank\u00f3w z kraj\u00f3w strefy Euro,\u00a0Uniwersytet Warszawski<\/li>\n<li><strong>Monika Mo\u015bcibrodzka<\/strong> &#8211; Wielko\u015b\u0107 sp\u00f3\u0142ki i warto\u015b\u0107 wska\u017anika BV\/MV a stopy zwrotu sp\u00f3\u0142ek notowanych na\u00a0NewConnect, Uniwersytet Wroc\u0142awski<\/li>\n<li><strong>Rafa\u0142 Wolski<\/strong> &#8211; Analiza wybranych wska\u017anik\u00f3w pozwalaj\u0105cych oceni\u0107 potencja\u0142 wzrostu warto\u015bci sp\u00f3\u0142ek notowanych na\u00a0GPW, Uniwersytet \u0141\u00f3dzki<\/li>\n<li><strong>Magdalena Mosionek-Schweda, Urszula Mrzyg\u0142\u00f3d, Sabina Nowak<\/strong> &#8211; Zjawisko wyg\u0142adzania dywidend na wybranych\u00a0rynkach gie\u0142dowych Ameryki \u0141aci\u0144skiej, Uniwersytet Gda\u0144ski<\/li>\n<\/ul>\n<p>15.40 \u2013 16.00 przerwa kawowa<\/p>\n<p>16.00 \u2013 17.20 SESJE PANELOWE F, G<\/p>\n<p><strong>SESJA PANELOWA F<\/strong>: Finanse &#8211; prof. dr hab. Pawe\u0142 Dittmann (sala 111 CKU)<\/p>\n<ul>\n<li><strong>Marta Maciejasz-\u015awi\u0105tkiewicz, Mateusz Musia\u0142<\/strong> &#8211; Samooszukiwanie w decyzjach finansowych, Uniwersytet Opolski<\/li>\n<li><strong>Katarzyna Pr\u0119dkiewicz<\/strong> &#8211; Innowacyjno\u015b\u0107 a rentowno\u015b\u0107 operacyjna przedsi\u0119biorstw, Uniwersytet Ekonomiczny we\u00a0Wroc\u0142awiu<\/li>\n<li><strong>Agnieszka Bem, Pawe\u0142 Pr\u0119dkiewicz, Paulina Ucieklak-Je\u017c<\/strong> &#8211; Nier\u00f3wno\u015bci w finansowaniu opieki zdrowotnej,\u00a0Uniwersytet Ekonomiczny we Wroc\u0142awiu, Akademia im. Jana D\u0142ugosza w Cz\u0119stochowie<\/li>\n<li><strong>Tomasz Michael<\/strong> &#8211; Analiza p\u0142ynno\u015bci finansowej gospodarstwa domowego, Uniwersytet Opolski<\/li>\n<\/ul>\n<p><strong>SESJA PANELOWA G:<\/strong> Fundusze inwestycyjne, rynek nieruchomo\u015bci &#8211; dr hab. Joanna Krupowicz\u00a0(sala 110 CKU)<\/p>\n<ul>\n<li><strong>Stanis\u0142aw Heilpern, Joanna D\u0119bicka, Agnieszka Marciniuk<\/strong> &#8211; Zastosowanie modelu wielostanowego i funkcji copula\u00a0do modelowania odwr\u00f3conych ma\u0142\u017ce\u0144skich rent hipotecznych, Uniwersytet Ekonomiczny we Wroc\u0142awiu<\/li>\n<li><strong>Magdalena Za\u0142\u0119czna, Rafa\u0142 Wolski<\/strong> &#8211; Wp\u0142yw zmian regulacyjnych na wyniki otwartych funduszy inwestycyjnych\u00a0nieruchomo\u015bci w Niemczech, Uniwersytet \u0141\u00f3dzki<\/li>\n<li><strong>Konrad \u017belazowski<\/strong> &#8211; Fluktuacje cen na rynkach mieszkaniowych w kontek\u015bcie cykli kredytowych, Uniwersytet \u0141\u00f3dzki<\/li>\n<li><strong>Iwona Dittmann<\/strong> &#8211; Analiza por\u00f3wnawcza got\u00f3wkowych i pieni\u0119\u017cnych FIO w Polsce w latach 2005 \u2013 2016 pod wzgl\u0119dem wybranych parametr\u00f3w rozk\u0142ad\u00f3w st\u00f3p zwrotu, Uniwersytet Ekonomiczny we Wroc\u0142awiu<\/li>\n<\/ul>\n<p>17.20 \u2013 Zamkni\u0119cie konferencji<\/p>\n","protected":false},"excerpt":{"rendered":"<p>Miejsce konferencji: budynek CKU, Uniwersytet Ekonomiczny we Wroc\u0142awiu, ul. Komandorska 118\/120 [Zobacz plan campusu] 8.45 \u2013 13.00 Rejestracja uczestnik\u00f3w (bud. CKU, parter) 9.30 \u2013 Uroczyste otwarcie konferencji &#8211;\u00a0dr hab. Bogus\u0142aw P\u00f3\u0142torak, Prodziekan ds. Nauki i Rozwoju Wydzia\u0142u\u00a0Nauk Ekonomicznych, prof. dr hab. Leszek Patrza\u0142ek\u00a0(sala 27a\u00a0CKU) 9.45 \u2013 11.00 SESJA PLENARNA\u00a0&#8211; prof. dr hab. dr h.c. Krzysztof [&hellip;]<\/p>\n","protected":false},"author":1,"featured_media":0,"parent":256,"menu_order":1,"comment_status":"closed","ping_status":"closed","template":"","meta":{"footnotes":""},"class_list":["post-614","page","type-page","status-publish","hentry"],"_links":{"self":[{"href":"https:\/\/katfin.ue.wroc.pl\/index.php\/wp-json\/wp\/v2\/pages\/614","targetHints":{"allow":["GET"]}}],"collection":[{"href":"https:\/\/katfin.ue.wroc.pl\/index.php\/wp-json\/wp\/v2\/pages"}],"about":[{"href":"https:\/\/katfin.ue.wroc.pl\/index.php\/wp-json\/wp\/v2\/types\/page"}],"author":[{"embeddable":true,"href":"https:\/\/katfin.ue.wroc.pl\/index.php\/wp-json\/wp\/v2\/users\/1"}],"replies":[{"embeddable":true,"href":"https:\/\/katfin.ue.wroc.pl\/index.php\/wp-json\/wp\/v2\/comments?post=614"}],"version-history":[{"count":6,"href":"https:\/\/katfin.ue.wroc.pl\/index.php\/wp-json\/wp\/v2\/pages\/614\/revisions"}],"predecessor-version":[{"id":648,"href":"https:\/\/katfin.ue.wroc.pl\/index.php\/wp-json\/wp\/v2\/pages\/614\/revisions\/648"}],"up":[{"embeddable":true,"href":"https:\/\/katfin.ue.wroc.pl\/index.php\/wp-json\/wp\/v2\/pages\/256"}],"wp:attachment":[{"href":"https:\/\/katfin.ue.wroc.pl\/index.php\/wp-json\/wp\/v2\/media?parent=614"}],"curies":[{"name":"wp","href":"https:\/\/api.w.org\/{rel}","templated":true}]}}