{"id":549,"date":"2016-09-19T21:21:30","date_gmt":"2016-09-19T19:21:30","guid":{"rendered":"http:\/\/katfin.ue.wroc.pl\/?page_id=549"},"modified":"2020-03-16T11:07:45","modified_gmt":"2020-03-16T10:07:45","slug":"dr-magdalena-broszkiewicz","status":"publish","type":"page","link":"https:\/\/katfin.ue.wroc.pl\/index.php\/pracownicy\/dr-magdalena-broszkiewicz\/","title":{"rendered":"dr Magdalena Broszkiewicz"},"content":{"rendered":"<p><strong>Wa\u017cne informacje:<\/strong><\/p>\n<div>e-mail:\u00a0<a href=\"mailto:magdalena.broszkiewicz@ue.wroc.pl\" target=\"_blank\" rel=\"noopener noreferrer\">magdalena.broszkiewicz@ue.<wbr><\/wbr>wroc.pl<\/a><\/div>\n<div>profil na stronie uczelnianej <a href=\"http:\/\/www.ue.wroc.pl\/pracownicy\/magdalena_broszkiewicz.html\" target=\"_blank\" rel=\"noopener noreferrer\">&#8212;&gt;KLIK<\/a><\/div>\n<div>Konsultacje: \u015broda TN, 8:00-11:00<br \/>\nDy\u017cur: poniedzia\u0142ek, 8:00-8:45<\/div>\n<div>\n<div data-tid=\"messageBodyContainer\">\n<div data-tid=\"messageBodyContent\">\n<div><span style=\"color: #ff0000;\">W trakcie konsultacji jestem dost\u0119pny przez TEAMS (video\/chat\/mail). Zapraszam do kontaktu!<\/span><\/div>\n<\/div>\n<\/div>\n<\/div>\n<p><strong>Zainteresowania badawcze\/ Research interests<\/strong>:<\/p>\n<ul>\n<li>relacje inwestorskie, obowi\u0105zki informacyjne sp\u00f3\u0142ek publicznych<\/li>\n<li>nadz\u00f3r nad rynkiem kapita\u0142owym<\/li>\n<li>\u0142ad korporacyjny, Dobre Praktyki Sp\u00f3\u0142ek Notowanych na GPW<\/li>\n<li>komunikacja sp\u00f3\u0142ek publicznych z rynkiem<\/li>\n<li>spo\u0142eczna odpowiedzialno\u015b\u0107 sp\u00f3\u0142ek publicznych<\/li>\n<li>inwestycje portfelowe<\/li>\n<li>integracja rynk\u00f3w kapita\u0142owych<\/li>\n<\/ul>\n<p><strong>Obszary dydaktyki\u00a0\/ Teaching assignments<\/strong>:<\/p>\n<ul>\n<li>Rynki finansowe<\/li>\n<li>\u0141ad korporacyjny<\/li>\n<li>Zarz\u0105dzanie finansami przedsi\u0119biorstw<\/li>\n<\/ul>\n<p><strong>Wybrane publikacje naukowe <\/strong><\/p>\n<ul>\n<li>1. <em>Inwestycje portfelowe a rozw\u00f3j i komercjalizacja systemu finansowego w Chinach<\/em>, w B. Drelich-Skulska (red.), Ekonomia i Mi\u0119dzynarodowe Stosunki Gospodarcze. Studia Azjatyckie, Wydawnictwo UE we Wroc\u0142awiu, Wroc\u0142aw 2008<\/li>\n<li>2. <em>Signification of Corporate Governance for Expansion of Multinational Corporations<\/em>, w: Michalczyk W. (red.), Evolution of the World Economy and International Finance. Selected Problems, Publishing House of Wroc\u0142aw University of Economics, Wroc\u0142aw 2010<\/li>\n<li>3. <em>The integration of European and Asian stock exchanges: Federation of Euro-Asian Stock Exchanges<\/em>, w: B. Skulska (red.) Asia-Europe. Partnership or Rivarly?, Publishing House of Wroc\u0142aw University of Economics, Wroc\u0142aw 2010<\/li>\n<li>4. <em>Znaczenie \u0142adu korporacyjnego dla kszta\u0142towania kierunk\u00f3w mi\u0119dzynarodowych przep\u0142yw\u00f3w kapita\u0142u<\/em>, w J. Rymarczyk, B. Drelich-Skulska, W. Michalczyk (red.), Problemy Globalizacji, Wydawnictwo UE we Wroc\u0142awiu, Wroc\u0142aw 2010<\/li>\n<li>5. <em>Wp\u0142yw zr\u00f3\u017cnicowania modeli \u0142adu korporacyjnego na decyzje inwestor\u00f3w na globalnym rynku kapita\u0142owym<\/em>, Nauki o Finansach . Financial sciences, Wydawnictwo UE we Wroc\u0142awiu, Wroc\u0142aw 2011, Nr 2(7)\/2011<\/li>\n<li>6. <em>Proces konwergencji regulacji \u0142adu korporacyjnego na rynkach kapita\u0142owych kraj\u00f3w Unii Europejskiej<\/em>, w M Klamut (red.), Ekonomia. Integracja Europejska, Wydawnictwo UE we Wroc\u0142awiu, Wroc\u0142aw 2011<\/li>\n<li>7. <em>The role of the media in corporate governance and capital flows creating in global economy<\/em>, w W. Michalczyk, (red.), New Perspectives on the Global Economy. Selected Problems, Wroc\u0142aw University of Economics, Wroc\u0142aw 2011<\/li>\n<li>8. <em>Rozw\u00f3j \u0142adu korporacyjnego w krajach emerging markets jako przyczyna nap\u0142ywu kapita\u0142u zagranicznego na rynki kapita\u0142owe<\/em>. Przypadek Rumunii, Ekonomia (Economics), 1(13)\/2011, Wroc\u0142aw University of Economics, Wroc\u0142aw 2011<\/li>\n<li>9. <em>The competitiveness of the capital market in India as a result of corporate governance development<\/em>, w: P. Skulski (red.), Competitiveness of Economies in the Asia-Pacific Region. Selected Problems, Research Papers of Wroc\u0142aw University of Economics, Wroc\u0142aw 2011, No. 192,<\/li>\n<li>10. <em>Atrakcyjno\u015b\u0107 inwestycyjna rynk\u00f3w kapita\u0142owych jako realny efekt uregulowa\u0144 \u0142adu korporacyjnego<\/em>, Ksi\u0119ga jubileuszowa prof. Jana Rymarczyka, Globalizacja i regionalizacja w gospodarce \u015bwiatowej. Wydawnictwo UE Wroc\u0142aw 2011<\/li>\n<li>11. <em>Wsp\u00f3\u0142czesne kierunki mi\u0119dzynarodowych przep\u0142yw\u00f3w kapita\u0142u na rynki atrakcyjne inwestycyjnie jako skutek regulacji \u0142adu korporacyjnego<\/em>, Zeszyty Naukowe UE we Wroc\u0142awiu, Nauki o Finansach, pod red. prof. Ewy Bogackiej \u2013 Kisiel<\/li>\n<li>12. <em>Innovations in corporate governance system as a necessary improvements of capital market in Japan<\/em>, w: B. Skulska, A.H. Jankowiak (red.) Innovation Sources of Economies in Eastern Asia, Publishing House of Wroc\u0142aw University of Economics, Research Papers 256\/2012<\/li>\n<li>13. <em>Corporate governance as a part of Corporate Social Responsibility (CSR) in international business<\/em>, w: W. Michalczyk (red.)Reconfiguration of the Global Economy and International Finance. Selected Problems, Publishing House of Wroc\u0142aw University of Economics<\/li>\n<li>14. <em>Zarz\u0105dzanie relacjami inwestorskimi sp\u00f3\u0142ek gie\u0142dowych w warunkach kryzysu na globalnych rynkach kapita\u0142owych<\/em>, w: M. Duczmal, T. Pokusa (red.), Spo\u0142eczno-ekonomiczne uwarunkowania zarz\u0105dzania i administracji \u2013 innowacyjno\u015b\u0107, komunikacja, Wy\u017csza Szko\u0142a Zarz\u0105dzania i Administracji w Opolu, Opole 2013, str. 165-177<\/li>\n<li>15. <em>Kreowanie warto\u015bci dla akcjonariuszy jako instrument rozwoju i kszta\u0142towania atrakcyjno\u015bci inwestycyjnej wsp\u00f3\u0142czesnych rynk\u00f3w kapita\u0142owych<\/em>, J. Rymarczyk, M. Domiter, W. Michalczyk (red.), Integracja i kryzysy na lokalnych i globalnych rynkach we wsp\u00f3\u0142czesnym \u015bwiecie, T1, Wyd. UE we Wroc\u0142awiu, Wroc\u0142aw 2013, str. 105-115.<\/li>\n<li>16. <em>The level of development of corporate governance standards in selected Asian countries \u2013 a contribution of Pacific Economic Cooperation Council<\/em>, B. Skulska, P. Skulski (ed.), Economical and Political Interrelations in the Asia-Pacific Region, Uniwersytet Ekonomiczny we Wroc\u0142awiu, Wroc\u0142aw 2013, str. 34-45.<\/li>\n<li>17. <em>Innowacyjno\u015b\u0107 polityki informacyjnej a odpowiedzialno\u015b\u0107 spo\u0142eczna przedsi\u0119biorstw<\/em>, W. Duczmal, J. \u017burawska (red.), Nietechnologiczne innowacje w teorii i praktyce, WSZiA w Opolu, Opole 2014, str. 288-299.<\/li>\n<li>18. <em>Corporate Social Responsibility as a New Source of Competitiveness in Asia<\/em>, B. Drelich-Skulska, A.H. Jankowiak, S. Mazurek (ed.), Research Papers of Wroclaw University of Economics Nr 370, Redefinition of the Role of Asia-Pacific Region in the Global Economy, str. 89-100.<\/li>\n<li>19. <em>Odmienne podej\u015bcia w budowaniu zasad \u0142adu korporacyjnego a mi\u0119dzynarodowa mobilno\u015b\u0107 kapita\u0142u<\/em>, M. Duczmal, T. Pokusa (red.), Ekonomiczno-spo\u0142eczne uwarunkowania rozwoju gospodarczego \u2013 zarz\u0105dzanie informacj\u0105 i nowymi technologiami, WSZiA w Opolu, Opole 2015, str. 264-278.<\/li>\n<li>20. <em>Indeksy odpowiedzialno\u015bci spo\u0142ecznej. Odpowiedzialno\u015b\u0107 spo\u0142eczna jako narz\u0119dzie budowania warto\u015bci przedsi\u0119biorstw<\/em>, wyd. Berdia\u0144sk 2015, ISBN 978-617-7291-35-9, str. 177-189<\/li>\n<\/ul>\n","protected":false},"excerpt":{"rendered":"<p>Wa\u017cne informacje: e-mail:\u00a0magdalena.broszkiewicz@ue.wroc.pl profil na stronie uczelnianej &#8212;&gt;KLIK Konsultacje: \u015broda TN, 8:00-11:00 Dy\u017cur: poniedzia\u0142ek, 8:00-8:45 W trakcie konsultacji jestem dost\u0119pny przez TEAMS (video\/chat\/mail). Zapraszam do kontaktu! Zainteresowania badawcze\/ Research interests: relacje inwestorskie, obowi\u0105zki informacyjne sp\u00f3\u0142ek publicznych nadz\u00f3r nad rynkiem kapita\u0142owym \u0142ad korporacyjny, Dobre Praktyki Sp\u00f3\u0142ek Notowanych na GPW komunikacja sp\u00f3\u0142ek publicznych z rynkiem spo\u0142eczna odpowiedzialno\u015b\u0107 [&hellip;]<\/p>\n","protected":false},"author":1,"featured_media":0,"parent":12,"menu_order":3,"comment_status":"closed","ping_status":"closed","template":"","meta":{"footnotes":""},"class_list":["post-549","page","type-page","status-publish","hentry"],"_links":{"self":[{"href":"https:\/\/katfin.ue.wroc.pl\/index.php\/wp-json\/wp\/v2\/pages\/549","targetHints":{"allow":["GET"]}}],"collection":[{"href":"https:\/\/katfin.ue.wroc.pl\/index.php\/wp-json\/wp\/v2\/pages"}],"about":[{"href":"https:\/\/katfin.ue.wroc.pl\/index.php\/wp-json\/wp\/v2\/types\/page"}],"author":[{"embeddable":true,"href":"https:\/\/katfin.ue.wroc.pl\/index.php\/wp-json\/wp\/v2\/users\/1"}],"replies":[{"embeddable":true,"href":"https:\/\/katfin.ue.wroc.pl\/index.php\/wp-json\/wp\/v2\/comments?post=549"}],"version-history":[{"count":5,"href":"https:\/\/katfin.ue.wroc.pl\/index.php\/wp-json\/wp\/v2\/pages\/549\/revisions"}],"predecessor-version":[{"id":1899,"href":"https:\/\/katfin.ue.wroc.pl\/index.php\/wp-json\/wp\/v2\/pages\/549\/revisions\/1899"}],"up":[{"embeddable":true,"href":"https:\/\/katfin.ue.wroc.pl\/index.php\/wp-json\/wp\/v2\/pages\/12"}],"wp:attachment":[{"href":"https:\/\/katfin.ue.wroc.pl\/index.php\/wp-json\/wp\/v2\/media?parent=549"}],"curies":[{"name":"wp","href":"https:\/\/api.w.org\/{rel}","templated":true}]}}