{"id":521,"date":"2016-09-06T17:24:53","date_gmt":"2016-09-06T15:24:53","guid":{"rendered":"http:\/\/katfin.ue.wroc.pl\/?page_id=521"},"modified":"2016-10-21T15:51:51","modified_gmt":"2016-10-21T13:51:51","slug":"konspekty-referatow","status":"publish","type":"page","link":"https:\/\/katfin.ue.wroc.pl\/index.php\/konferencje\/archiwum-konferencji\/finstat-archiwum\/empiryczne\/konspekty-referatow\/","title":{"rendered":"Konspekty referat\u00f3w"},"content":{"rendered":"<ul>\n<li><a href=\"http:\/\/katfin.ue.wroc.pl\/wp-content\/uploads\/2016\/09\/Rafal_Bula_Finstat.pdf\">dr Rafa\u0142 Bu\u0142a, <em>Analiza wymiaru fraktalnego sp\u00f3\u0142ek notowanych na Gie\u0142dzie Papier\u00f3w Warto\u015bciowych w Warszawie SA \u2013 aspekty metodyczne<\/em><\/a><\/li>\n<li><a href=\"http:\/\/katfin.ue.wroc.pl\/wp-content\/uploads\/2016\/09\/Finanse-statystyka-badania-empiryczne.docm\" rel=\"\">dr Patrycja Chodnicka-Jaworska,\u00a0<em>Wp\u0142yw wska\u017anik\u00f3w finansowych na ratingi kredytowe bank\u00f3w w strefie euro<\/em><\/a><\/li>\n<li><a href=\"http:\/\/katfin.ue.wroc.pl\/wp-content\/uploads\/2016\/09\/Filip-Chybalski.docx\">dr hab. Filip Chybalski, prof. P\u0141, Konstrukcja systemu emerytalnego a dzia\u0142ania obywateli zmierzaj\u0105ce do podwy\u017cszenia kwoty \u015bwiadcze\u0144: analiza ilo\u015bciowa dla kraj\u00f3w europejskich<\/a><\/li>\n<li><a href=\"http:\/\/katfin.ue.wroc.pl\/wp-content\/uploads\/2016\/09\/prezentacja-pa\u017adziernikowa-AM-JD-SH.pdf\">dr hab. Joanna D\u0119bicka, prof. zw. dr hab.Stanis\u0142aw Heilpern, \u00a0dr Agnieszka Marciniuk, <em>Zastosowanie modelu wielostanowego i funkcji copula do modelowania\u00a0odwr\u00f3conych ma\u0142\u017ce\u0144skich rent hipotecznych<\/em><\/a><\/li>\n<li><a href=\"http:\/\/katfin.ue.wroc.pl\/wp-content\/uploads\/2016\/10\/Dr-Iwona-Dittmann.pdf\">dr Iwona Dittmann, Analiza por\u00f3wnawcza got\u00f3wkowych i pieni\u0119\u017cnych FIO w Polsce w latach 2005 \u2013 2016 pod wzgl\u0119dem wybranych parametr\u00f3w rozk\u0142ad\u00f3w st\u00f3p zwrotu<\/a><\/li>\n<li><a href=\"http:\/\/katfin.ue.wroc.pl\/wp-content\/uploads\/2016\/09\/KONSPEKT-\u0141UKASZ-FURMAN.docx\">dr \u0141ukasz Furman, Analiza rozwoju gospodarczego w \u015bwietle wybranych wp\u0142yw\u00f3w podatkowych w latach 2011-2015 na terenie wojew\u00f3dztwa podkarpackiego<\/a><\/li>\n<li><a href=\"http:\/\/katfin.ue.wroc.pl\/wp-content\/uploads\/2016\/09\/Konspekt-Witold-Furman.docx\">dr Witold Furman, Interakcja specjalnych stref ekonomicznych na potencja\u0142 gospodarczy wojew\u00f3dztwa podkarpackiego<\/a><\/li>\n<li><a href=\"http:\/\/katfin.ue.wroc.pl\/wp-content\/uploads\/2016\/09\/Dr-Ma\u0142gorzata-Ga\u0142ecka-dr-Smolny.docx\">dr Ma\u0142gorzata Ga\u0142ecka, dr Katarzyna Smolny, <em>Zasady finansowania dzia\u0142alno\u015bci instytucji kultury w kontek\u015bcie efektywno\u015bci ekonomicznej<\/em><\/a><\/li>\n<li><a href=\"http:\/\/katfin.ue.wroc.pl\/wp-content\/uploads\/2016\/09\/FSBE2016_konspekt_Jan_Kaczmarzyk-1.docx\">dr Jan Kaczmarczyk,\u00a0<em>Prospektywna analiza finansowa z uwzgl\u0119dnieniem ryzyka przedsi\u0119biorstwa &#8211; zalety podej\u015bcia Monte Carlo<\/em><\/a><\/li>\n<li><a href=\"http:\/\/katfin.ue.wroc.pl\/wp-content\/uploads\/2016\/09\/Kliber_konspekt.docx\">dr Pawe\u0142 Kliber, <em>Zmiany ci\u0105g\u0142e i skokowe w procesach cen na wybranych Gie\u0142dach Papier\u00f3w Warto\u015bciowych<\/em><\/a><\/li>\n<li><a href=\"http:\/\/katfin.ue.wroc.pl\/wp-content\/uploads\/2016\/09\/Kochaniak-FINSTAT-2016.pptx\">dr Katarzyna Kochaniak,\u00a0<em>Household Portfolio Choice and Cash Flows in the EA Countries<\/em><\/a><\/li>\n<li><a href=\"http:\/\/katfin.ue.wroc.pl\/wp-content\/uploads\/2016\/09\/konspekt-artyku\u0142u-Patrycja-KR.docx\">dr Patrycja Kowalczyk-R\u00f3lczy\u0144ska,\u00a0Oszcz\u0119dno\u015bci emerytalne gospodarstw domowych w Polsce<\/a><\/li>\n<li><a href=\"http:\/\/katfin.ue.wroc.pl\/wp-content\/uploads\/2016\/09\/abstrakt-W-Lichota.pdf\">dr Wojciech Lichota, <em>Weryfikacja skuteczno\u015bci diagnostycznej wybranych modeli analizy dyskryminacyjnej na przyk\u0142adzie pr\u00f3by przedsi\u0119biorstw z wojew\u00f3dztwa podkarpackiego<\/em><\/a><\/li>\n<li><a href=\"http:\/\/katfin.ue.wroc.pl\/wp-content\/uploads\/2016\/09\/konspekt-referatu-\u0141ukasz-Mach-Politechnika-Opolska.docx\">dr in\u017c. \u0141ukasz Mach, Zastosowanie shift-share analysis do przestrzenno-czasowej oceny sytuacji finansowej przedsi\u0119biorstw bran\u017cy budowlanej<\/a><\/li>\n<li><a href=\"http:\/\/katfin.ue.wroc.pl\/wp-content\/uploads\/2016\/09\/ZGD-i-DPS_konspekt.pdf\">dr hab. Marta Maciejasz-\u015awi\u0105tkiewicz, dr Agnieszka Bobrowska,\u00a0<em>Finansowe konsekwencje wzrostu popytu na us\u0142ugi Zbiorowych Gospodarstw Domowych os\u00f3b starszych w Polsce<\/em><\/a><\/li>\n<li><a href=\"http:\/\/katfin.ue.wroc.pl\/wp-content\/uploads\/2016\/09\/Samooszukiwanie_konspekt.pdf\">dr hab. Marta Maciejasz-\u015awi\u0105tkiewicz, mgr Mateusz Musia\u0142, Samooszukiwanie w decyzjach finansowych<\/a><\/li>\n<li><a href=\"http:\/\/katfin.ue.wroc.pl\/wp-content\/uploads\/2016\/09\/konspekt_Marcinkiewicz.pdf\">dr in\u017c. Edyta Marcinkiewicz,\u00a0<em>Modele dobrowolnych system\u00f3w emerytalnych \u2013 badanie empiryczne<\/em><\/a><\/li>\n<li><a href=\"http:\/\/katfin.ue.wroc.pl\/wp-content\/uploads\/2016\/09\/T.-Michael-konspekt-referatu.pdf\">mgr Tomasz Michael,\u00a0<em>Analiza p\u0142ynno\u015bci finansowej gospodarstwa domowego<\/em><\/a><\/li>\n<li><a href=\"http:\/\/katfin.ue.wroc.pl\/wp-content\/uploads\/2016\/09\/Finstat-Mosionek-Mrzyglod-Nowak.docx\">dr Magdalena Mosionek-Schweda, dr\u00a0Urszula Mrzyg\u0142\u00f3d, dr\u00a0Sabina Nowak,\u00a0<em>Dividend smoothing on emerging stock markets &#8211; the evidence from the Latin American stock exchanges<\/em><\/a><\/li>\n<li><a href=\"http:\/\/katfin.ue.wroc.pl\/wp-content\/uploads\/2016\/09\/Mo\u015bcibrodzka_Konspekt_referatu.pdf\">dr Monika Mo\u015bcibrodzka,\u00a0<em>Wielko\u015b\u0107 sp\u00f3\u0142ki i warto\u015b\u0107 wska\u017anika BV\/MV a stopy zwrotu sp\u00f3\u0142ek notowanych na NewConnect<\/em><\/a><\/li>\n<li><a href=\"http:\/\/katfin.ue.wroc.pl\/wp-content\/uploads\/2016\/09\/Dorota-Rozmus_konspekt.pdf\">dr Dorota Rozmus, <em>Badanie stabilno\u015bci grupowania wojew\u00f3dztw pod wzgl\u0119dem wysoko\u015bci finans\u00f3w publicznych<\/em><\/a><\/li>\n<li><a href=\"http:\/\/katfin.ue.wroc.pl\/wp-content\/uploads\/2016\/09\/Perez-2016-Further-development-of-Polish-MF-market_conspect-1.doc\">dr hab. Katarzyna Perez, prof. nadzw. UEP, <em>Further development of Polish investment fund industry. Economical perspective<\/em><\/a><\/li>\n<li><a href=\"http:\/\/katfin.ue.wroc.pl\/wp-content\/uploads\/2016\/09\/dr-Katarzyna-Pr\u0119dkiewicz_Innowacyjno\u015b\u0107-a-rentowno\u015b\u0107-oper..pdf\">dr Katarzyna Pr\u0119dkiewicz,\u00a0Innowacyjno\u015b\u0107 a rentowno\u015b\u0107 operacyjna przedsi\u0119biorstw<\/a><\/li>\n<li><a href=\"http:\/\/katfin.ue.wroc.pl\/wp-content\/uploads\/2016\/10\/Weronika-Szkutnik-Streszczenie-referatu.docx\">dr Weronika Szkutnik, Economic and legal analysis of insider trading issue on Polish and international capital markets<\/a><\/li>\n<li><a href=\"http:\/\/katfin.ue.wroc.pl\/wp-content\/uploads\/2016\/09\/Tomczak-Sebastian.docx\">dr Sebastian Tomczak,\u00a0<em>Influence of the volume of equity on corporate liquidity<\/em><\/a><\/li>\n<li><a href=\"http:\/\/katfin.ue.wroc.pl\/wp-content\/uploads\/2016\/09\/Wolski.pptx\">dr Rafa\u0142 Wolski,\u00a0<em>Analiza wybranych wska\u017anik\u00f3w\u00a0pozwalaj\u0105cych oceni\u0107 potencja\u0142\u00a0wzrostu warto\u015bci sp\u00f3\u0142ek notowanych na GPW<\/em><\/a><\/li>\n<li><a href=\"http:\/\/katfin.ue.wroc.pl\/wp-content\/uploads\/2016\/09\/Wolski-Za\u0142\u0119czna.pptx\">dr Rafa\u0142 Wolski, prof. dr hab. Magdalena Za\u0142\u0119czna,\u00a0<em>Wp\u0142yw zmian regulacyjnych na<\/em><\/a><br \/>\n<a href=\"http:\/\/katfin.ue.wroc.pl\/wp-content\/uploads\/2016\/09\/Wolski-Za\u0142\u0119czna.pptx\"><em>wyniki otwartych funduszy inwestycyjnych nieruchomo\u015bci w Niemczech<\/em><\/a><\/li>\n<li><a href=\"http:\/\/katfin.ue.wroc.pl\/wp-content\/uploads\/2016\/09\/JZ_2016.pptx\">prof. Jerzy Zemke, Metoda Monte Carlo w ocenie ryzyka inwestycyjnego<\/a><\/li>\n<li><a href=\"http:\/\/katfin.ue.wroc.pl\/wp-content\/uploads\/2016\/09\/\u017belazowski.pdf\">dr Konrad \u017belazowski, Fluktuacje cen na rynkach mieszkaniowych w kontek\u015bcie cykli kredytowych<\/a><\/li>\n<\/ul>\n","protected":false},"excerpt":{"rendered":"<p>dr Rafa\u0142 Bu\u0142a, Analiza wymiaru fraktalnego sp\u00f3\u0142ek notowanych na Gie\u0142dzie Papier\u00f3w Warto\u015bciowych w Warszawie SA \u2013 aspekty metodyczne dr Patrycja Chodnicka-Jaworska,\u00a0Wp\u0142yw wska\u017anik\u00f3w finansowych na ratingi kredytowe bank\u00f3w w strefie euro dr hab. Filip Chybalski, prof. P\u0141, Konstrukcja systemu emerytalnego a dzia\u0142ania obywateli zmierzaj\u0105ce do podwy\u017cszenia kwoty \u015bwiadcze\u0144: analiza ilo\u015bciowa dla kraj\u00f3w europejskich dr hab. Joanna [&hellip;]<\/p>\n","protected":false},"author":1,"featured_media":0,"parent":256,"menu_order":1,"comment_status":"closed","ping_status":"closed","template":"","meta":{"footnotes":""},"class_list":["post-521","page","type-page","status-publish","hentry"],"_links":{"self":[{"href":"https:\/\/katfin.ue.wroc.pl\/index.php\/wp-json\/wp\/v2\/pages\/521","targetHints":{"allow":["GET"]}}],"collection":[{"href":"https:\/\/katfin.ue.wroc.pl\/index.php\/wp-json\/wp\/v2\/pages"}],"about":[{"href":"https:\/\/katfin.ue.wroc.pl\/index.php\/wp-json\/wp\/v2\/types\/page"}],"author":[{"embeddable":true,"href":"https:\/\/katfin.ue.wroc.pl\/index.php\/wp-json\/wp\/v2\/users\/1"}],"replies":[{"embeddable":true,"href":"https:\/\/katfin.ue.wroc.pl\/index.php\/wp-json\/wp\/v2\/comments?post=521"}],"version-history":[{"count":24,"href":"https:\/\/katfin.ue.wroc.pl\/index.php\/wp-json\/wp\/v2\/pages\/521\/revisions"}],"predecessor-version":[{"id":644,"href":"https:\/\/katfin.ue.wroc.pl\/index.php\/wp-json\/wp\/v2\/pages\/521\/revisions\/644"}],"up":[{"embeddable":true,"href":"https:\/\/katfin.ue.wroc.pl\/index.php\/wp-json\/wp\/v2\/pages\/256"}],"wp:attachment":[{"href":"https:\/\/katfin.ue.wroc.pl\/index.php\/wp-json\/wp\/v2\/media?parent=521"}],"curies":[{"name":"wp","href":"https:\/\/api.w.org\/{rel}","templated":true}]}}