{"id":463,"date":"2016-04-13T19:54:39","date_gmt":"2016-04-13T17:54:39","guid":{"rendered":"http:\/\/katfin.ue.wroc.pl\/?page_id=463"},"modified":"2017-11-09T19:55:26","modified_gmt":"2017-11-09T18:55:26","slug":"seminarium-naukowe-maj-2016","status":"publish","type":"page","link":"https:\/\/katfin.ue.wroc.pl\/index.php\/konferencje\/archiwum-konferencji\/badania-empiryczne-na-polskim-rynku-kapitalowym-archiwum\/seminarium-naukowe-maj-2016\/","title":{"rendered":"I. Seminarium naukowe <br\/>BADANIA EMPIRYCZNE NA POLSKIM RYNKU KAPITA\u0141OWYM <br\/> maj 2016"},"content":{"rendered":"<p style=\"text-align: center;\">W imieniu Kierownika Katedry Finans\u00f3w<br \/>\nPana Profesora Leszka Patrza\u0142ka<br \/>\nmamy zaszczyt zaprosi\u0107 Pa\u0144stwa na<br \/>\n<strong>SEMINARIUM NAUKOWE<\/strong><br \/>\n<strong> BADANIA EMPIRYCZNE NA POLSKIM RYNKU KAPITA\u0141OWYM \u2013 PODEJ\u015aCIE NAUKOWE<\/strong><\/p>\n<p style=\"text-align: center;\">Celem seminarium jest przybli\u017cenie obszar\u00f3w zainteresowa\u0144 naukowc\u00f3w z kilku o\u015brodk\u00f3w akademickich w Polsce, co w przysz\u0142o\u015bci mog\u0142oby si\u0119 prze\u0142o\u017cy\u0107 na stworzenie mi\u0119dzyuczelnianych zespo\u0142\u00f3w badawczych.<\/p>\n<p style=\"text-align: center;\">Seminarium odb\u0119dzie si\u0119<br \/>\nw dniu 17 maja 2016 roku<br \/>\nw Uniwersytecie Ekonomicznym we Wroc\u0142awiu.<\/p>\n<p style=\"text-align: center;\"><strong>Uczestnictwo w seminarium jest bezp\u0142atne.<\/strong><\/p>\n<p style=\"text-align: left;\"><strong>Program Seminarium (Sala W4)<\/strong><\/p>\n<p><strong><span style=\"color: #0000ff;\">9.15 \u2013 9.30<\/span> Otwarcie seminarium<\/strong><\/p>\n<p><strong><span style=\"color: #0000ff;\">9.30 \u2013 11.00<\/span> Sesja nr 1<\/strong><br \/>\n<strong>Prof. dr hab. Monika Marcinkowska<\/strong>, Uniwersytet \u0141\u00f3dzki,\u00a0<em>Czy mo\u017cna zmierzy\u0107 jako\u015b\u0107 corporate governance?<br \/>\n<\/em><br \/>\n<strong>Dr hab. Tadeusz Dudycz, prof. PWr<\/strong>, Politechnika Wroc\u0142awska,\u00a0<em>Zjawiska towarzysz\u0105ce debiutom na GPW w Warszawie<\/em><\/p>\n<p><strong>Dr hab. Agata Adamska, prof. SGH<\/strong>, Szko\u0142a G\u0142\u00f3wna Handlowa, <em>Rola i znaczenie akcjonariuszy w insiderskim systemie \u0142adu korporacyjnego<\/em><\/p>\n<p><strong><span style=\"color: #0000ff;\">11.00 \u2013 11.15<\/span> Przerwa kawowa<\/strong><\/p>\n<p><strong><span style=\"color: #0000ff;\">11.15 \u2013 12.45<\/span> Sesja nr 2<\/strong><\/p>\n<p><strong>Dr in\u017c. Dominika Fija\u0142kowska, dr Marek Pauka<\/strong>, Uniwersytet Ekonomiczny we Wroc\u0142awiu,\u00a0<em>Stopy zwrotu lepiej poinformowanych inwestor\u00f3w na rynku NewConnect<\/em><em><br \/>\n<\/em><br \/>\n<strong>Dr Joanna Dyczkowska<\/strong>, Uniwersytet Ekonomiczny we Wroc\u0142awiu,\u00a0<em>Jak europejskie sp\u00f3\u0142ki biotechnologiczne raportuj\u0105 na temat dzia\u0142alno\u015bci badawczo-rozwojowej? Analiza kontekstowa z wykorzystaniem metody text mining<br \/>\n<\/em><br \/>\n<strong>Dr Jacek Gad<\/strong>, Uniwersytet \u0141\u00f3dzki,\u00a0<em>Pozosta\u0142y wynik ca\u0142o\u015bciowy w kontynentalnym modelu rachunkowo\u015bci \u2013 perspektywa polskiego i niemieckiego rynku kapita\u0142owego<\/em><\/p>\n<p><strong>Dr Anna Bia\u0142ek \u2013 Jaworska<\/strong>, Uniwersytet Warszawski,\u00a0<em>Determinanty ujawnie\u0144 informacji i ich wp\u0142yw na wyb\u00f3r przedsi\u0119biorstw w zakresie \u017ar\u00f3de\u0142 finansowania<\/em><\/p>\n<p><strong><span style=\"color: #0000ff;\">12.45 \u2013 13.30<\/span> Obiad<\/strong><\/p>\n<p><strong><span style=\"color: #0000ff;\">13.30 \u2013 15.00<\/span> Sesja nr 3<\/strong><\/p>\n<p><strong>Dr hab. Karol M. Klimczak, <\/strong>Akademia Leona Ko\u017ami\u0144skiego,\u00a0<em>Aspekty lingwistyczne raport\u00f3w analityk\u00f3w<br \/>\n<\/em><strong><br \/>\nDr Karolina Daszy\u0144ska \u2013 \u017bygad\u0142o, dr hab. Tomasz S\u0142o\u0144ski<\/strong>, Uniwersytet Ekonomiczny we Wroc\u0142awiu,\u00a0<em>Inwestycje w odnawialne \u017ar\u00f3d\u0142a energii z perspektywy funduszy private equity<br \/>\n<\/em><br \/>\n<strong>Dr Magdalena Homa, dr Monika Mo\u015bcibrodzka<\/strong>, Uniwersytet Wroc\u0142awski,\u00a0<em>Dynamiczne wersje hybrydowych modeli market timing oraz weryfikacja ich przydatno\u015bci w ocenie ryzyka i efektywno\u015bci funduszy inwestycyjnych<\/em><\/p>\n<p><strong>Dr Katarzyna Pr\u0119dkiewicz, dr Pawe\u0142 Pr\u0119dkiewicz<\/strong>, Uniwersytet Ekonomiczny we Wroc\u0142awiu,\u00a0<em>Aktywno\u015b\u0107 innowacyjna przedsi\u0119biorstw a ich struktura kapita\u0142owa &#8211; badania empiryczne<\/em><\/p>\n<p><strong><span style=\"color: #0000ff;\">15.00 \u2013 15.15<\/span> Przerwa kawowa<\/strong><\/p>\n<p><strong><span style=\"color: #0000ff;\">15.15 \u2013 16.45<\/span> Sesja nr 4<\/strong><\/p>\n<p><strong>Dr Piotr Luty<\/strong>, Uniwersytet Ekonomiczny we Wroc\u0142awiu,\u00a0<em>Czy podzia\u0142 jest odwrotno\u015bci\u0105 po\u0142\u0105czenia sp\u00f3\u0142ek? Rozwa\u017cania na temat parametr\u00f3w finansowych polskich dziel\u0105cych si\u0119 sp\u00f3\u0142ek i sp\u00f3\u0142ek powstaj\u0105cych po po\u0142\u0105czeniu<br \/>\n<\/em><strong><br \/>\nDr Karolina Daszy\u0144ska \u2013 \u017bygad\u0142o<\/strong><em>, Uniwersytet Ekonomiczny we Wroc\u0142awiu,\u00a0Tworzenie zr\u00f3wnowa\u017conej warto\u015bci dodanej a ujawnianie informacji CSR<\/em><\/p>\n<p><strong>Dr Agnieszka Bem, dr Pawe\u0142 Predkiewicz, dr Rafa\u0142 Siedlecki<\/strong>, Uniwersytet Ekonomiczny we Wroc\u0142awiu,<strong>\u00a0dr Paulina Ucieklak \u2013 Je\u017c<\/strong>, Akademia im. Jana D\u0142ugosza,\u00a0<em>Zastosowanie metody taksonomicznej w prognozowaniu bankructwa<\/em><\/p>\n<p><strong>Dr Krzysztof Biernacki<\/strong>, Uniwersytet Ekonomiczny we Wroc\u0142awiu,<strong>\u00a0<\/strong><em>Nominalne a efektywne stawki podatku CIT na przyk\u0142adzie sp\u00f3\u0142ek indeksu WIG20<\/em><\/p>\n<p><strong><span style=\"color: #0000ff;\">16.45 \u2013 17.00<\/span> Zako\u0144czenie seminarium<\/strong><\/p>\n<p>Organizatorzy<br \/>\ndr in\u017c. Dominika Fija\u0142kowska<br \/>\nmail: fijalkowskadominika@gmail.com<br \/>\ndr Marek Pauka<br \/>\nmail: marek.pauka@gmail.com<\/p>\n<p>tel. (sekretariat Katedry Finans\u00f3w) 71\/36 80 212<\/p>\n","protected":false},"excerpt":{"rendered":"<p>W imieniu Kierownika Katedry Finans\u00f3w Pana Profesora Leszka Patrza\u0142ka mamy zaszczyt zaprosi\u0107 Pa\u0144stwa na SEMINARIUM NAUKOWE BADANIA EMPIRYCZNE NA POLSKIM RYNKU KAPITA\u0141OWYM \u2013 PODEJ\u015aCIE NAUKOWE Celem seminarium jest przybli\u017cenie obszar\u00f3w zainteresowa\u0144 naukowc\u00f3w z kilku o\u015brodk\u00f3w akademickich w Polsce, co w przysz\u0142o\u015bci mog\u0142oby si\u0119 prze\u0142o\u017cy\u0107 na stworzenie mi\u0119dzyuczelnianych zespo\u0142\u00f3w badawczych. Seminarium odb\u0119dzie si\u0119 w dniu 17 [&hellip;]<\/p>\n","protected":false},"author":1,"featured_media":0,"parent":1022,"menu_order":1,"comment_status":"closed","ping_status":"closed","template":"","meta":{"footnotes":""},"class_list":["post-463","page","type-page","status-publish","hentry"],"_links":{"self":[{"href":"https:\/\/katfin.ue.wroc.pl\/index.php\/wp-json\/wp\/v2\/pages\/463","targetHints":{"allow":["GET"]}}],"collection":[{"href":"https:\/\/katfin.ue.wroc.pl\/index.php\/wp-json\/wp\/v2\/pages"}],"about":[{"href":"https:\/\/katfin.ue.wroc.pl\/index.php\/wp-json\/wp\/v2\/types\/page"}],"author":[{"embeddable":true,"href":"https:\/\/katfin.ue.wroc.pl\/index.php\/wp-json\/wp\/v2\/users\/1"}],"replies":[{"embeddable":true,"href":"https:\/\/katfin.ue.wroc.pl\/index.php\/wp-json\/wp\/v2\/comments?post=463"}],"version-history":[{"count":12,"href":"https:\/\/katfin.ue.wroc.pl\/index.php\/wp-json\/wp\/v2\/pages\/463\/revisions"}],"predecessor-version":[{"id":960,"href":"https:\/\/katfin.ue.wroc.pl\/index.php\/wp-json\/wp\/v2\/pages\/463\/revisions\/960"}],"up":[{"embeddable":true,"href":"https:\/\/katfin.ue.wroc.pl\/index.php\/wp-json\/wp\/v2\/pages\/1022"}],"wp:attachment":[{"href":"https:\/\/katfin.ue.wroc.pl\/index.php\/wp-json\/wp\/v2\/media?parent=463"}],"curies":[{"name":"wp","href":"https:\/\/api.w.org\/{rel}","templated":true}]}}