{"id":429,"date":"2016-03-10T11:27:44","date_gmt":"2016-03-10T10:27:44","guid":{"rendered":"http:\/\/katfin.ue.wroc.pl\/?page_id=429"},"modified":"2016-03-13T23:55:15","modified_gmt":"2016-03-13T22:55:15","slug":"dr-michal-kisiel-2","status":"publish","type":"page","link":"https:\/\/katfin.ue.wroc.pl\/index.php\/pracownicy\/dr-michal-kisiel-2\/","title":{"rendered":"dr Micha\u0142 Kisiel"},"content":{"rendered":"<p><img loading=\"lazy\" decoding=\"async\" class=\"alignleft size-medium wp-image-431\" src=\"http:\/\/katfin.ue.wroc.pl\/wp-content\/uploads\/2016\/03\/mkisiel01-200x300.jpg\" alt=\"mkisiel01\" width=\"200\" height=\"300\" srcset=\"https:\/\/katfin.ue.wroc.pl\/wp-content\/uploads\/2016\/03\/mkisiel01-200x300.jpg 200w, https:\/\/katfin.ue.wroc.pl\/wp-content\/uploads\/2016\/03\/mkisiel01-768x1152.jpg 768w, https:\/\/katfin.ue.wroc.pl\/wp-content\/uploads\/2016\/03\/mkisiel01-683x1024.jpg 683w, https:\/\/katfin.ue.wroc.pl\/wp-content\/uploads\/2016\/03\/mkisiel01.jpg 2048w\" sizes=\"auto, (max-width: 200px) 100vw, 200px\" \/><\/p>\n<p>&nbsp;<\/p>\n<p>&nbsp;<\/p>\n<p>&nbsp;<\/p>\n<p>&nbsp;<\/p>\n<p>&nbsp;<\/p>\n<p>&nbsp;<\/p>\n<p><a href=\"https:\/\/www.ue.wroc.pl\/pracownicy\/michal_kisiel.html\">Informacje o konsultacjach<\/a><\/p>\n<p>E-mail: <a href=\"mailto:michal.kisiel@ue.wroc.pl\">michal.kisiel@ue.wroc.pl<\/a><\/p>\n<p>Twitter:\u00a0<a href=\"https:\/\/twitter.com\/finnovation_pl\">https:\/\/twitter.com\/finnovation_pl<\/a><\/p>\n<p><strong>Zainteresowania badawcze:<\/strong><\/p>\n<ul>\n<li>Systemy\u00a0rozliczeniowe<\/li>\n<li>Systemy p\u0142atno\u015bci detalicznych, p\u0142atno\u015bci mobilne i kartowe<\/li>\n<li>Sektor fintech i jego wsp\u00f3\u0142praca z bankami<\/li>\n<li>Innowacje finansowe w bankowo\u015bci detalicznej<\/li>\n<li>Finansowanie spo\u0142eczno\u015bciowe, social lending<\/li>\n<li>Ewolucja kana\u0142\u00f3w dystrybucji w bankowo\u015bci detalicznej<\/li>\n<li>Gospodarstwa domowe na rynku us\u0142ug finansowych<\/li>\n<\/ul>\n<p><strong>Prowadzone wyk\u0142ady:<\/strong><\/p>\n<ul>\n<li>Bankowo\u015b\u0107 detaliczna<\/li>\n<li>Finanse osobiste<\/li>\n<li>Scoring kredytowy klient\u00f3w indywidualnych<\/li>\n<li>Wsp\u00f3\u0142czesne systemy p\u0142atno\u015bci i rozlicze\u0144<\/li>\n<li>Po\u015brednictwo finansowe w \u015brodowisku elektronicznym<\/li>\n<\/ul>\n<p><strong>Wa\u017cniejsze publikacje naukowe:<\/strong><\/p>\n<ul>\n<li>Kisiel M., , <em>Internet a konkurencyjno\u015b\u0107 bank\u00f3w komercyjnych w Polsce<\/em>, CeDeWu, Warszawa 2005<\/li>\n<li>Kisiel M., <em>Mo\u017cliwo\u015bci wykorzystania formu\u0142y elektronicznej aukcji w sprzeda\u017cy us\u0142ug finansowych<\/em>, &#8222;Nauki Ekonomiczne&#8221; Tom VI, Wydawnictwo PWSZ w P\u0142ocku, P\u0142ock 2006, ss. 69-79<\/li>\n<li>Kisiel M.,\u00a0<em>Perspektywy rozwoju internetowych rynk\u00f3w po\u017cyczek w Polsce i na \u015bwiecie<\/em> [w:] \u201eFenomen Internetu\u201d (red. Zdzis\u0142aw Gom\u00f3\u0142ka), Uniwersytet Szczeci\u0144ski, Szczecin 2008, t. 2, s. 491-501<\/li>\n<li>Kisiel M.,\u00a0<em>Od aukcji do rynk\u00f3w wt\u00f3rnych \u2013 ewolucja internetowych rynk\u00f3w po\u017cyczek prywatnych<\/em> , Zeszyty Naukowe Uniwersytetu Szczeci\u0144skiego \u201eEkonomiczne problemy us\u0142ug\u201d, 2009 nr 548, Szczecin 2009, s. 446-453<\/li>\n<li><em>Pieni\u0105dz a finanse gospodarstwa domowego<\/em> [w:] &#8222;Finanse osobiste. Zachowania, produkty, strategie&#8221; Kisiel-Bogacka E. (red.), PWN, Warszawa 2012<\/li>\n<li>Kisiel M., 2013, <em>Modele system\u00f3w p\u0142atno\u015bci mobilnych a \u017ar\u00f3d\u0142a pieni\u0105dza oraz mechanizmy rozrachunku transakcji<\/em>, Copernican Journal of Finance and Accounting, vol. 2, nr 2, s. 61-73.<\/li>\n<li>Kisiel M., 2014, <em>Niekartowe systemy p\u0142atno\u015bci bezgot\u00f3wkowych w Polsce<\/em>, Departament Systemu P\u0142atniczego Narodowego Banku Polskiego, <a href=\"http:\/\/www.nbp.pl\/systemplatniczy\/obrot_bezgotowkowy\/niekartowe-Polska.pdf\">http:\/\/www.nbp.pl\/systemplatniczy\/obrot_bezgotowkowy\/niekartowe-Polska.pdf\u00a0<\/a><\/li>\n<li>\u00a0Kisiel M., 2014, <em>Niekartowe systemy p\u0142atno\u015bci bezgot\u00f3wkowych na \u015bwiecie. Kierunki rozwoju, wybrane przyk\u0142ady<\/em>, Departament Systemu P\u0142atniczego Narodowego Banku Polskiego, <a href=\"http:\/\/www.nbp.pl\/systemplatniczy\/obrot_bezgotowkowy\/niekartowe-swiat.pdf\">http:\/\/www.nbp.pl\/systemplatniczy\/obrot_bezgotowkowy\/niekartowe-swiat.pdf\u00a0<\/a><\/li>\n<\/ul>\n<p>&nbsp;<\/p>\n","protected":false},"excerpt":{"rendered":"<p>&nbsp; &nbsp; &nbsp; &nbsp; &nbsp; &nbsp; Informacje o konsultacjach E-mail: michal.kisiel@ue.wroc.pl Twitter:\u00a0https:\/\/twitter.com\/finnovation_pl Zainteresowania badawcze: Systemy\u00a0rozliczeniowe Systemy p\u0142atno\u015bci detalicznych, p\u0142atno\u015bci mobilne i kartowe Sektor fintech i jego wsp\u00f3\u0142praca z bankami Innowacje finansowe w bankowo\u015bci detalicznej Finansowanie spo\u0142eczno\u015bciowe, social lending Ewolucja kana\u0142\u00f3w dystrybucji w bankowo\u015bci detalicznej Gospodarstwa domowe na rynku us\u0142ug finansowych Prowadzone wyk\u0142ady: Bankowo\u015b\u0107 detaliczna Finanse [&hellip;]<\/p>\n","protected":false},"author":1,"featured_media":0,"parent":12,"menu_order":10,"comment_status":"closed","ping_status":"closed","template":"","meta":{"footnotes":""},"class_list":["post-429","page","type-page","status-publish","hentry"],"_links":{"self":[{"href":"https:\/\/katfin.ue.wroc.pl\/index.php\/wp-json\/wp\/v2\/pages\/429","targetHints":{"allow":["GET"]}}],"collection":[{"href":"https:\/\/katfin.ue.wroc.pl\/index.php\/wp-json\/wp\/v2\/pages"}],"about":[{"href":"https:\/\/katfin.ue.wroc.pl\/index.php\/wp-json\/wp\/v2\/types\/page"}],"author":[{"embeddable":true,"href":"https:\/\/katfin.ue.wroc.pl\/index.php\/wp-json\/wp\/v2\/users\/1"}],"replies":[{"embeddable":true,"href":"https:\/\/katfin.ue.wroc.pl\/index.php\/wp-json\/wp\/v2\/comments?post=429"}],"version-history":[{"count":7,"href":"https:\/\/katfin.ue.wroc.pl\/index.php\/wp-json\/wp\/v2\/pages\/429\/revisions"}],"predecessor-version":[{"id":437,"href":"https:\/\/katfin.ue.wroc.pl\/index.php\/wp-json\/wp\/v2\/pages\/429\/revisions\/437"}],"up":[{"embeddable":true,"href":"https:\/\/katfin.ue.wroc.pl\/index.php\/wp-json\/wp\/v2\/pages\/12"}],"wp:attachment":[{"href":"https:\/\/katfin.ue.wroc.pl\/index.php\/wp-json\/wp\/v2\/media?parent=429"}],"curies":[{"name":"wp","href":"https:\/\/api.w.org\/{rel}","templated":true}]}}