{"id":345,"date":"2016-02-26T20:36:56","date_gmt":"2016-02-26T19:36:56","guid":{"rendered":"http:\/\/katfin.ue.wroc.pl\/?page_id=345"},"modified":"2016-02-26T21:02:40","modified_gmt":"2016-02-26T20:02:40","slug":"mgr-anna-tyminska","status":"publish","type":"page","link":"https:\/\/katfin.ue.wroc.pl\/index.php\/pracownicy\/doktoranci\/mgr-anna-tyminska\/","title":{"rendered":"mgr Anna Tymi\u0144ska"},"content":{"rendered":"<p>Informacje o konsultacjach &#8211;><a href=\"https:\/\/www.ue.wroc.pl\/pracownicy\/anna_tyminska.html\" target=\"_blank\">link<\/a><\/p>\n<p><strong>Zainteresowania badawcze<\/strong>:<\/p>\n<ul>\n<li>Finanse w sporcie\n<\/li>\n<li>Wycena profesjonalnych klub\u00f3w pi\u0142karskich\n<\/li>\n<li>Wycena zawodnik\u00f3w w profesjonalnych klubach pi\u0142karskich\n<\/li>\n<li>\u0179r\u00f3d\u0142a finansowania klub\u00f3w pi\u0142karskich\n<\/li>\n<\/ul>\n<p><strong>Obszary dydaktyki, szkoleniowe i doradcze<\/strong>:\t<\/p>\n<ul>\n<li>Finanse przedsi\u0119biorstw\n<\/li>\n<li>Portfel inwestycyjny\n<\/li>\n<li>Rynki finansowe\n<\/li>\n<li>Zarz\u0105dzanie instytucjami kredytowymi\n<\/li>\n<li>Globalne rynki finansowe<\/li>\n<\/ul>\n<p><strong>Artyku\u0142y naukowe<\/strong>:\t<\/p>\n<ul>\n<li>Tymi\u0144ska A., Wyniki finansowe a wynik sportowy w profesjonalnych klubach pi\u0142karskich w Polsce, w: Finanse, Rynki Finansowe, Ubezpieczenia, Zeszyty Naukowe Uniwersytetu Szczeci\u0144skiego, nr 74\/2015, 2015, s. 183-196.\n<\/li>\n<li>Kunz B., Tymi\u0144ska A., System informatyczny rachunkowo\u015bci i jego rola w \u015bwietle ustawy o rachunkowo\u015bci, w: Nauki o Finansach, nr 3 (20), 2004, s. 44-58.\n<\/li>\n<\/ul>\n","protected":false},"excerpt":{"rendered":"<p>Informacje o konsultacjach &#8211;>link Zainteresowania badawcze: Finanse w sporcie Wycena profesjonalnych klub\u00f3w pi\u0142karskich Wycena zawodnik\u00f3w w profesjonalnych klubach pi\u0142karskich \u0179r\u00f3d\u0142a finansowania klub\u00f3w pi\u0142karskich Obszary dydaktyki, szkoleniowe i doradcze: Finanse przedsi\u0119biorstw Portfel inwestycyjny Rynki finansowe Zarz\u0105dzanie instytucjami kredytowymi Globalne rynki finansowe Artyku\u0142y naukowe: Tymi\u0144ska A., Wyniki finansowe a wynik sportowy w profesjonalnych klubach pi\u0142karskich w Polsce, [&hellip;]<\/p>\n","protected":false},"author":1,"featured_media":0,"parent":342,"menu_order":12,"comment_status":"closed","ping_status":"closed","template":"","meta":{"footnotes":""},"class_list":["post-345","page","type-page","status-publish","hentry"],"_links":{"self":[{"href":"https:\/\/katfin.ue.wroc.pl\/index.php\/wp-json\/wp\/v2\/pages\/345","targetHints":{"allow":["GET"]}}],"collection":[{"href":"https:\/\/katfin.ue.wroc.pl\/index.php\/wp-json\/wp\/v2\/pages"}],"about":[{"href":"https:\/\/katfin.ue.wroc.pl\/index.php\/wp-json\/wp\/v2\/types\/page"}],"author":[{"embeddable":true,"href":"https:\/\/katfin.ue.wroc.pl\/index.php\/wp-json\/wp\/v2\/users\/1"}],"replies":[{"embeddable":true,"href":"https:\/\/katfin.ue.wroc.pl\/index.php\/wp-json\/wp\/v2\/comments?post=345"}],"version-history":[{"count":3,"href":"https:\/\/katfin.ue.wroc.pl\/index.php\/wp-json\/wp\/v2\/pages\/345\/revisions"}],"predecessor-version":[{"id":385,"href":"https:\/\/katfin.ue.wroc.pl\/index.php\/wp-json\/wp\/v2\/pages\/345\/revisions\/385"}],"up":[{"embeddable":true,"href":"https:\/\/katfin.ue.wroc.pl\/index.php\/wp-json\/wp\/v2\/pages\/342"}],"wp:attachment":[{"href":"https:\/\/katfin.ue.wroc.pl\/index.php\/wp-json\/wp\/v2\/media?parent=345"}],"curies":[{"name":"wp","href":"https:\/\/api.w.org\/{rel}","templated":true}]}}