{"id":340,"date":"2016-02-26T20:32:17","date_gmt":"2016-02-26T19:32:17","guid":{"rendered":"http:\/\/katfin.ue.wroc.pl\/?page_id=340"},"modified":"2021-10-03T21:28:49","modified_gmt":"2021-10-03T19:28:49","slug":"dr-hab-maria-wegrzyn","status":"publish","type":"page","link":"https:\/\/katfin.ue.wroc.pl\/index.php\/pracownicy\/dr-hab-maria-wegrzyn\/","title":{"rendered":"dr hab. Maria W\u0119grzyn, prof. UEW"},"content":{"rendered":"<p><strong>Informacje o konsultacjach<\/strong>&nbsp;\u2013&gt; <a title=\"dr Alicja Brodzka\" href=\"https:\/\/www.ue.wroc.pl\/pracownicy\/maria_wegrzyn.html\" target=\"_blank\" rel=\"noopener noreferrer\">link<\/a><\/p>\n<p><strong>Zainteresowania badawcze\/ Research interests<\/strong>:<\/p>\n<ul>\n<li>Finanse sektora publicznego, ze szczeg\u00f3lnym uwzgl\u0119dnieniem:\n<ul>\n<li>systemu opieki zdrowotnej,<\/li>\n<li>systemu ubezpiecze\u0144 spo\u0142ecznych;<\/li>\n<\/ul>\n<\/li>\n<\/ul>\n<ul>\n<li>Organizacja i funkcjonowania systemu opieki zdrowotnej- wyzwania mened\u017cerskie,<\/li>\n<li>Zarz\u0105dzanie podmiotami leczniczymi,<\/li>\n<li>Ubezpieczenia gospodarcze: podmioty i produkty,<\/li>\n<li>Ochrona konsument\u00f3w na rynku ubezpieczeniowym.<\/li>\n<\/ul>\n<p><strong>Obszary dydaktyki, szkoleniowe i doradcze&nbsp;\/ Teaching assignments<\/strong>:<\/p>\n<ul>\n<li>Ubezpieczenia gospodarcze,<\/li>\n<li>Ubezpieczenia spo\u0142eczne,<\/li>\n<li>Ubezpieczenia zdrowotne,<\/li>\n<li>Organizacja i funkcjonowanie systemu opieki zdrowotnej,<\/li>\n<li>Zarz\u0105dzanie finansami,<\/li>\n<li>Finanse publiczne.<\/li>\n<\/ul>\n<p><strong>Pe\u0142nione funkcje<\/strong><\/p>\n<ul>\n<li>Prodziekan ds. nauki i stypendi\u00f3w (2015-2016)<\/li>\n<li>Kierownik Studi\u00f3w Podyplomowych \u201eZarz\u0105dzanie i Finanse w Ochronie Zdrowia\u201d we Wroc\u0142awiu, Bia\u0142ymstoku i w Opolu,<\/li>\n<li>Opiekun Naukowy Studi\u00f3w magisterskich polsko &#8211; francuskich \u201eZarz\u0105dzanie jednostkami opieki zdrowotnej i spo\u0142ecznej\u201d,<\/li>\n<li>Cz\u0142onek Rady (czwarta kadencja) Narodowego Funduszu Zdrowia,<\/li>\n<li>Ekspert Ministerstwa Rozwoju, Centrum Projekt\u00f3w Europejskich, Marsza\u0142ka Wojew\u00f3dztwa Dolno\u015bl\u0105skiego w ramach POWER oraz RPO na lata 2014-2020 (ale te\u017c w latach 2004- 2015).<\/li>\n<\/ul>\n<p><strong>Zrealizowane projekty:<\/strong><strong><br \/>\n<\/strong>1) Mi\u0119dzynarodowy projekt innowacyjno \u2013 badawczy pt\u201d Portrety szpitali- mapy mo\u017cliwo\u015bci czyli monitorowanie jako\u015bci us\u0142ug publicznych i benchmarking z zakresu nadzoru nad funkcjonowaniem szpitali dla kt\u00f3rych organem za\u0142o\u017cycielskim jest jednostka samorz\u0105du terytorialnego\u201d Czas trwania projektu: 2012-2015. Warto\u015b\u0107 projektu 3.200 000 z\u0142. Pomys\u0142odawca i wsp\u00f3\u0142autorka projektu. Funkcja w trakcie realizacji projektu : kierownik zespo\u0142u Ekspert\u00f3w<\/p>\n<p>2) Koordynator 4 projekt\u00f3w szkoleniowych (2006 \u2013 2008)<br \/>\na. Studium Zarz\u0105dzania i Oceny Technologii Medycznej<br \/>\nb. Studium Mened\u017cera w Ochronie Zdrowia<br \/>\nc. Studium Marketingu I Zarz\u0105dzania Jako\u015bci\u0105 w Jednostkach Ochrony Zdrowia<br \/>\nd. Studium Bud\u017cetowania i Controllingu w Jednostkach Ochrony Zdrowia.<\/p>\n<p><strong>Dorobek naukowy\/&nbsp;&nbsp;\/ Academic achievements:<\/strong><\/p>\n<p><strong style=\"line-height: 1.5;\">Monografie:<\/strong><\/p>\n<ul>\n<li>Monografie: Uwarunkowania systemowe restrukturyzacji publicznych podmiot\u00f3w leczniczych w Polsce (2014)<\/li>\n<\/ul>\n<p><strong style=\"line-height: 1.5;\">Redakcje Prac Naukowych:<\/strong><\/p>\n<ul>\n<li>2003r, Funkcjonowanie ochrony zdrowia po reformie- uj\u0119cie regionalne, Biblioteka Regionalisty, nr 3 (1\/2003) ISBN 83-916121\u20140 (W\u0119grzyn, Patrza\u0142ek)<\/li>\n<li>2004r, Koncepcje zmian w samodzielnym publicznym zak\u0142adzie opieki zdrowotnej- do\u015bwiadczenia i przysz\u0142o\u015b\u0107, ISBN 83-916121-4- 7 (W\u0119grzyn, Wasilewski)<\/li>\n<li>2006, Komercjalizacja i prywatyzacja zoz. Kluczowe warunki osi\u0105gni\u0119cia sukcesu, ISSN 0324-8445 (W\u0119grzyn, Wasilewski)<\/li>\n<li>2007, Sektor publiczny a rynek w ochronie zdrowia, ISBN 978-83- 7011-887- 7 (W\u0119grzyn, Wasilewski)<\/li>\n<li>2008, Nowoczesne zarz\u0105dzanie finansami w zak\u0142adach opieki zdrowotnej. Praktyczne wykorzystanie controllingu finansowego, ISSN 1899-3192, ISBN 978-83- 7011-954- 6 (W\u0119grzyn, \u0141yszczak, Wasilewski)<\/li>\n<li>2010, Ubezpieczenia zdrowotne z 10-letniej perspektywy. Efektywne zarz\u0105dzanie finansami ZOZ a systemy rozlicze\u0144, ISSN 1899-3192, ISBN 978-83- 7695-104- 1 (W\u0119grzyn, \u0141yszczak, Wasilewski)<\/li>\n<li>2011, Kszta\u0142towanie warto\u015bci zoz nowym wyzwaniem mened\u017cer\u00f3w, ISSN 1899-3192, ISBN 978-83- 7695-131- 7 (W\u0119grzyn,\u0141yszczak, Wasilewski)<\/li>\n<li>2012, Przekszta\u0142cenia jako nowe wyzwania rynku ochrony zdrowia, red. M. W\u0119grzyn, M. \u0141yszczak, D. Wasilewski, PN UE we Wroc\u0142awiu, Nr 226, ISSN 1899-3192<\/li>\n<li>2013, Determinanty funkcjonowania podmiot\u00f3w leczniczych w Polsce. Nowe wyzwania, red. M. W\u0119grzyn, M. \u0141yszczak, D. Wasilewski, PN UE we Wroc\u0142awiu, Nr 319, ISSN 1899-3192<\/li>\n<li>2015, Zarz\u0105dzanie ryzykiem w opiece zdrowotnej. Nadz\u00f3r i kontrola zarz\u0105dcza, red. M. W\u0119grzyn, D. Wasilewski, PN Uniwersytetu Ekonomicznego we Wroc\u0142awiu, nr 410, DOI:10.15611\/pn.2015.410.06.<\/li>\n<\/ul>\n","protected":false},"excerpt":{"rendered":"<p>Informacje o konsultacjach&nbsp;\u2013&gt; link Zainteresowania badawcze\/ Research interests: Finanse sektora publicznego, ze szczeg\u00f3lnym uwzgl\u0119dnieniem: systemu opieki zdrowotnej, systemu ubezpiecze\u0144 spo\u0142ecznych; Organizacja i funkcjonowania systemu opieki zdrowotnej- wyzwania mened\u017cerskie, Zarz\u0105dzanie podmiotami leczniczymi, Ubezpieczenia gospodarcze: podmioty i produkty, Ochrona konsument\u00f3w na rynku ubezpieczeniowym. Obszary dydaktyki, szkoleniowe i doradcze&nbsp;\/ Teaching assignments: Ubezpieczenia gospodarcze, Ubezpieczenia spo\u0142eczne, Ubezpieczenia zdrowotne, Organizacja [&hellip;]<\/p>\n","protected":false},"author":1,"featured_media":0,"parent":12,"menu_order":25,"comment_status":"closed","ping_status":"closed","template":"","meta":{"footnotes":""},"class_list":["post-340","page","type-page","status-publish","hentry"],"_links":{"self":[{"href":"https:\/\/katfin.ue.wroc.pl\/index.php\/wp-json\/wp\/v2\/pages\/340","targetHints":{"allow":["GET"]}}],"collection":[{"href":"https:\/\/katfin.ue.wroc.pl\/index.php\/wp-json\/wp\/v2\/pages"}],"about":[{"href":"https:\/\/katfin.ue.wroc.pl\/index.php\/wp-json\/wp\/v2\/types\/page"}],"author":[{"embeddable":true,"href":"https:\/\/katfin.ue.wroc.pl\/index.php\/wp-json\/wp\/v2\/users\/1"}],"replies":[{"embeddable":true,"href":"https:\/\/katfin.ue.wroc.pl\/index.php\/wp-json\/wp\/v2\/comments?post=340"}],"version-history":[{"count":10,"href":"https:\/\/katfin.ue.wroc.pl\/index.php\/wp-json\/wp\/v2\/pages\/340\/revisions"}],"predecessor-version":[{"id":2035,"href":"https:\/\/katfin.ue.wroc.pl\/index.php\/wp-json\/wp\/v2\/pages\/340\/revisions\/2035"}],"up":[{"embeddable":true,"href":"https:\/\/katfin.ue.wroc.pl\/index.php\/wp-json\/wp\/v2\/pages\/12"}],"wp:attachment":[{"href":"https:\/\/katfin.ue.wroc.pl\/index.php\/wp-json\/wp\/v2\/media?parent=340"}],"curies":[{"name":"wp","href":"https:\/\/api.w.org\/{rel}","templated":true}]}}