{"id":338,"date":"2016-02-26T20:31:55","date_gmt":"2016-02-26T19:31:55","guid":{"rendered":"http:\/\/katfin.ue.wroc.pl\/?page_id=338"},"modified":"2016-04-13T19:49:42","modified_gmt":"2016-04-13T17:49:42","slug":"dr-agnieszka-werwinska","status":"publish","type":"page","link":"https:\/\/katfin.ue.wroc.pl\/index.php\/pracownicy\/dr-agnieszka-werwinska\/","title":{"rendered":"dr Agnieszka Werwi\u0144ska"},"content":{"rendered":"<p><strong>Informacje o konsultacjach<\/strong>:\u00a0W semestrze letnim 2015\/2016: urlop<\/p>\n<p><strong>Zainteresowania badawcze:<\/strong><\/p>\n<ul>\n<li>Finanse publiczne,<\/li>\n<li>Finanse samorz\u0105dowe<\/li>\n<\/ul>\n<p><strong>Obszary dydaktyki, szkoleniowe i doradcze:<\/strong><\/p>\n<ul>\n<li>Finanse publiczne,<\/li>\n<li>Finanse samorz\u0105dowe<\/li>\n<\/ul>\n<p><strong>Dorobek naukowy:<\/strong><\/p>\n<p><strong>Artyku\u0142y naukowe:<\/strong><\/p>\n<ul>\n<li>Bud\u017cet operacyjny a gospodarka finansowa jednostek samorz\u0105du terytorialnego, w: Gospodarka finansowa jednostek samorz\u0105du terytorialnego, Wydawnictwo Wy\u017cszej Szko\u0142y Bankowej w Poznaniu, Pozna\u0144 2010, s. 325-336.<\/li>\n<li>Saldo operacyjne powiat\u00f3w ziemskich w latach 2004-2008, w: Dylematy i wyzwania finans\u00f3w publicznych, Zeszyty Naukowe nr 141, Wydawnictwo Uniwersytetu Ekonomicznego w Poznaniu, Pozna\u0144 2010, s. 289 \u2013 297.<\/li>\n<li>Analiza zale\u017cno\u015bci pomi\u0119dzy saldami bie\u017c\u0105cymi, maj\u0105tkowymi i og\u00f3lnymi bud\u017cet\u00f3w gmin w latach 2004-2008, w: Nowe zarz\u0105dzanie finansami publicznymi w warunkach kryzysu, red. Stanis\u0142aw Owsiak, PWE, Warszawa 2011, s, 466-474. (ISBN 978-83-208-1944-1)<\/li>\n<li>Zdolno\u015b\u0107 powiat\u00f3w ziemskich do zaci\u0105gania zobowi\u0105za\u0144 a nowy limit d\u0142ugu jednostek samorz\u0105du terytorialnego, w: Ekonometria nr 34\/2011. Prace Naukowe UE we Wroc\u0142awiu nr 200, red. J\u00f3zef Dziechciarz, Wydawnictwo UE we Wroc\u0142awiu, Wroc\u0142aw 2011, s. 326-338. (ISSN 1507-3866)<\/li>\n<li>Finanse w: Ekonomia, Finanse. Nauka o przedsi\u0119biorstwie. Zagadnienia podstawowe. Skrypt dla student\u00f3w kierunku Logistyka w Wy\u017cszej Szkole Bankowej we Wroc\u0142awiu, WSB we Wroc\u0142awiu, Wroc\u0142aw 2012, s. 111-227<\/li>\n<li>Formalna zdolno\u015b\u0107 gmin do zaci\u0105gania zobowi\u0105za\u0144 w kontek\u015bcie zmian limitu d\u0142ugu jednostek samorz\u0105du terytorialnego, w: Finanse samorz\u0105du terytorialnego, Zeszyty Naukowe WSB we Wroc\u0142awiu Nr 29\/2012, Wydawnictwo Wy\u017cszej Szko\u0142y Bankowej w Poznaniu, red. Leszek Patrza\u0142ek, Pozna\u0144 2010, s. 215-226<\/li>\n<li>Zdolno\u015b\u0107 wojew\u00f3dztw samorz\u0105dowych do zaci\u0105gania zobowi\u0105za\u0144 w kontek\u015bcie zmian limitu d\u0142ugu jednostek samorz\u0105du terytorialnego, w: Nauki o finansach. Financial sciences, nr 3(12) 2012, Wydawnictwo Uniwersytetu Ekonomicznego we Wroc\u0142awiu, Wroc\u0142aw 2012, s. 11-23,<\/li>\n<li>Zdolno\u015b\u0107 miast na prawach powiat\u00f3w do zaci\u0105gania zobowi\u0105za\u0144 a zmiana limitu d\u0142ugu jednostek samorz\u0105du terytorialnego, w: Funkcjonowanie przedsi\u0119biorstw w turbulentnym otoczeniu, redaktorzy naukowi Andrzej Bujak i Marian Noga, Zeszyty Naukowe Wy\u017cszej Szko\u0142y Bankowej we Wroc\u0142awiu, Nr 5(37)\/2013, Wydawnictwo Wy\u017cszej Szko\u0142y Bankowej w Poznaniu, Wroc\u0142aw 2013, s. 285-298.<\/li>\n<li>Nowe zasady limitowania d\u0142ugu jednostek samorz\u0105du terytorialnego a ich zdolno\u015b\u0107 do zaci\u0105gania zobowi\u0105za\u0144 w: Wp\u0142yw \u015bwiatowego kryzysu gospodarczego na rozw\u00f3j teorii ekonomii, redaktorzy Marian Noga, Krzysztof \u0141obos, Zeszyty Naukowe Wy\u017cszej Szko\u0142y Bankowej we Wroc\u0142awiu, Nr 3(41)\/2014, Wydawnictwo Wy\u017cszej Szko\u0142y Bankowej w Poznaniu, Wroc\u0142aw 2013, s. 183-196.<\/li>\n<li>Zdolno\u015b\u0107 jednostek samorz\u0105du terytorialnego z obszaru wojew\u00f3dztwa dolno\u015bl\u0105skiego do obs\u0142ugi zobowi\u0105za\u0144, Nauki o finansach. Financial sciences,\u00a0 nr 2 z 2014, Wydawnictwo UE we Wroc\u0142awiu, s. 56-67.<\/li>\n<\/ul>\n","protected":false},"excerpt":{"rendered":"<p>Informacje o konsultacjach:\u00a0W semestrze letnim 2015\/2016: urlop Zainteresowania badawcze: Finanse publiczne, Finanse samorz\u0105dowe Obszary dydaktyki, szkoleniowe i doradcze: Finanse publiczne, Finanse samorz\u0105dowe Dorobek naukowy: Artyku\u0142y naukowe: Bud\u017cet operacyjny a gospodarka finansowa jednostek samorz\u0105du terytorialnego, w: Gospodarka finansowa jednostek samorz\u0105du terytorialnego, Wydawnictwo Wy\u017cszej Szko\u0142y Bankowej w Poznaniu, Pozna\u0144 2010, s. 325-336. Saldo operacyjne powiat\u00f3w ziemskich w [&hellip;]<\/p>\n","protected":false},"author":1,"featured_media":0,"parent":12,"menu_order":24,"comment_status":"closed","ping_status":"closed","template":"","meta":{"footnotes":""},"class_list":["post-338","page","type-page","status-publish","hentry"],"_links":{"self":[{"href":"https:\/\/katfin.ue.wroc.pl\/index.php\/wp-json\/wp\/v2\/pages\/338","targetHints":{"allow":["GET"]}}],"collection":[{"href":"https:\/\/katfin.ue.wroc.pl\/index.php\/wp-json\/wp\/v2\/pages"}],"about":[{"href":"https:\/\/katfin.ue.wroc.pl\/index.php\/wp-json\/wp\/v2\/types\/page"}],"author":[{"embeddable":true,"href":"https:\/\/katfin.ue.wroc.pl\/index.php\/wp-json\/wp\/v2\/users\/1"}],"replies":[{"embeddable":true,"href":"https:\/\/katfin.ue.wroc.pl\/index.php\/wp-json\/wp\/v2\/comments?post=338"}],"version-history":[{"count":3,"href":"https:\/\/katfin.ue.wroc.pl\/index.php\/wp-json\/wp\/v2\/pages\/338\/revisions"}],"predecessor-version":[{"id":462,"href":"https:\/\/katfin.ue.wroc.pl\/index.php\/wp-json\/wp\/v2\/pages\/338\/revisions\/462"}],"up":[{"embeddable":true,"href":"https:\/\/katfin.ue.wroc.pl\/index.php\/wp-json\/wp\/v2\/pages\/12"}],"wp:attachment":[{"href":"https:\/\/katfin.ue.wroc.pl\/index.php\/wp-json\/wp\/v2\/media?parent=338"}],"curies":[{"name":"wp","href":"https:\/\/api.w.org\/{rel}","templated":true}]}}