{"id":336,"date":"2016-02-26T20:31:31","date_gmt":"2016-02-26T19:31:31","guid":{"rendered":"http:\/\/katfin.ue.wroc.pl\/?page_id=336"},"modified":"2021-10-03T21:28:38","modified_gmt":"2021-10-03T19:28:38","slug":"dr-hab-jacek-uchman-prof-ue","status":"publish","type":"page","link":"https:\/\/katfin.ue.wroc.pl\/index.php\/pracownicy\/dr-hab-jacek-uchman-prof-ue\/","title":{"rendered":"dr hab. Jacek Uchman, prof. UEW"},"content":{"rendered":"<p>Informacje o konsultacjach \u2013&gt; <a href=\"https:\/\/www.ue.wroc.pl\/pracownicy\/jacek_uchman.html\" target=\"_blank\" rel=\"noopener noreferrer\">Jacek Uchman<\/a><br \/>\n<strong>Podstawowe obszary zainteresowa\u0144 naukowych:<\/strong><\/p>\n<ul>\n<li>decyzje finansowe przedsi\u0119biorstwa,<\/li>\n<li>polityka dywidend sp\u00f3\u0142ek kapita\u0142owych,<\/li>\n<li>podzia\u0142 zysku w aspekcie teoretycznym,<\/li>\n<li>teoria agencji, asymetria informacji,<\/li>\n<li>struktura kapita\u0142u przedsi\u0119biorstwa,<\/li>\n<li>finanse przedsi\u0119biorstw a system podatkowy,<\/li>\n<li>opodatkowanie dochod\u00f3w podmiot\u00f3w gospodarczych,<\/li>\n<li>neutralno\u015b\u0107 opodatkowania podmiot\u00f3w gospodarczych,<\/li>\n<li>opodatkowanie mi\u0119dzynarodowych transfer\u00f3w kapita\u0142owych,<\/li>\n<li>podatki przychodowe a przedsi\u0119biorstwo,<\/li>\n<li>metodologia nauk empirycznych a badania finansowe<\/li>\n<\/ul>\n<p>&nbsp;<\/p>\n","protected":false},"excerpt":{"rendered":"<p>Informacje o konsultacjach \u2013&gt; Jacek Uchman Podstawowe obszary zainteresowa\u0144 naukowych: decyzje finansowe przedsi\u0119biorstwa, polityka dywidend sp\u00f3\u0142ek kapita\u0142owych, podzia\u0142 zysku w aspekcie teoretycznym, teoria agencji, asymetria informacji, struktura kapita\u0142u przedsi\u0119biorstwa, finanse przedsi\u0119biorstw a system podatkowy, opodatkowanie dochod\u00f3w podmiot\u00f3w gospodarczych, neutralno\u015b\u0107 opodatkowania podmiot\u00f3w gospodarczych, opodatkowanie mi\u0119dzynarodowych transfer\u00f3w kapita\u0142owych, podatki przychodowe a przedsi\u0119biorstwo, metodologia nauk empirycznych a badania [&hellip;]<\/p>\n","protected":false},"author":1,"featured_media":0,"parent":12,"menu_order":23,"comment_status":"closed","ping_status":"closed","template":"","meta":{"footnotes":""},"class_list":["post-336","page","type-page","status-publish","hentry"],"_links":{"self":[{"href":"https:\/\/katfin.ue.wroc.pl\/index.php\/wp-json\/wp\/v2\/pages\/336","targetHints":{"allow":["GET"]}}],"collection":[{"href":"https:\/\/katfin.ue.wroc.pl\/index.php\/wp-json\/wp\/v2\/pages"}],"about":[{"href":"https:\/\/katfin.ue.wroc.pl\/index.php\/wp-json\/wp\/v2\/types\/page"}],"author":[{"embeddable":true,"href":"https:\/\/katfin.ue.wroc.pl\/index.php\/wp-json\/wp\/v2\/users\/1"}],"replies":[{"embeddable":true,"href":"https:\/\/katfin.ue.wroc.pl\/index.php\/wp-json\/wp\/v2\/comments?post=336"}],"version-history":[{"count":4,"href":"https:\/\/katfin.ue.wroc.pl\/index.php\/wp-json\/wp\/v2\/pages\/336\/revisions"}],"predecessor-version":[{"id":2034,"href":"https:\/\/katfin.ue.wroc.pl\/index.php\/wp-json\/wp\/v2\/pages\/336\/revisions\/2034"}],"up":[{"embeddable":true,"href":"https:\/\/katfin.ue.wroc.pl\/index.php\/wp-json\/wp\/v2\/pages\/12"}],"wp:attachment":[{"href":"https:\/\/katfin.ue.wroc.pl\/index.php\/wp-json\/wp\/v2\/media?parent=336"}],"curies":[{"name":"wp","href":"https:\/\/api.w.org\/{rel}","templated":true}]}}