{"id":330,"date":"2016-02-26T20:25:08","date_gmt":"2016-02-26T19:25:08","guid":{"rendered":"http:\/\/katfin.ue.wroc.pl\/?page_id=330"},"modified":"2020-08-12T09:30:20","modified_gmt":"2020-08-12T07:30:20","slug":"dr-hanna-kociemska","status":"publish","type":"page","link":"https:\/\/katfin.ue.wroc.pl\/index.php\/pracownicy\/dr-hanna-kociemska\/","title":{"rendered":"dr Hanna Kociemska"},"content":{"rendered":"<p><strong>Informacje o konsultacjach:<\/strong><br \/>\nWtorek: godz. 9.30 \u2013 11.00 pok 107A<br \/>\nlub indywidualnie ustalony mailowo: hanna . kociemska @ ue. wroc. pl (bez spacji)<\/p>\n<p><strong>Zainteresowania badawcze<\/strong>:<\/p>\n<ul>\n<li>partnerstwo publiczno- prywatne<\/li>\n<li>ryzyko w teorii finans\u00f3w i w praktyce<\/li>\n<li>podmioty lecznicze i funkcjonowanie rynku us\u0142ug medycznych w Polsce i na \u015bwiecie<\/li>\n<li>finanse islamskie<\/li>\n<\/ul>\n<p><strong>Obszary dydaktyki, szkoleniowe i doradcze<\/strong>:<\/p>\n<ul>\n<li>partnerstwo publiczno prywatne,<\/li>\n<li>ryzyko w teorii i praktyce,<\/li>\n<li>biznes plan przedsi\u0119wzi\u0119\u0107 inwestycyjnych,<\/li>\n<li>wsp\u00f3\u0142praca podmiot\u00f3w publicznych z prywatnymi i instytucjami finansowymi,<br \/>\nubezpieczenia,<\/li>\n<\/ul>\n<p>Nagrody :<\/p>\n<ul>\n<li>Award of Santander Universities \u2013 Glob-trend Visit , Lauder Institute Wharton School, University of Pennsilvania, \u201cTrend Lab The future of the state\u201d, Philadelphia 14-18 April, 2014<\/li>\n<li>1st Award of the Minister of Education for doctoral dissertation, published in the CeDeWu publishing house: Bancassurance for the local government units in Poland\u201d 2006.<\/li>\n<li>2nd Award in the national competition of Kredyt Bank and Warta SA for the best doctoral dissertation in the field of insurance.2006.<\/li>\n<\/ul>\n<p><strong>Projekty badawcze:<br \/>\n<\/strong><strong>Zagraniczne projekty badawcze realizowane:<br \/>\n<\/strong><\/p>\n<ul>\n<li>Dekaban Liddle Foundation University of Glasgow , Adam Smith Business School, Glasgow, United Kingdom. Research title: Public private partnership projects in health care sector- theoretical and practical implications for EU countries<\/li>\n<\/ul>\n<p><strong>Zagraniczne projekty naukowe zrealizowane:<\/strong><\/p>\n<ul>\n<li>Hobart Houghton Fellowship at Rhodes University, Grahamstown , Republic of South Africa, research titled: Public-private partnership as a solution for the development of the East Cape Province, particularly with respect to health services and infrastructure.<\/li>\n<\/ul>\n<p><strong>Krajowe projekty zrealizowane<\/strong><\/p>\n<p>Mozart Research Programme financed by Wroclaw City Town Hall, project: Medinet development due to PPP project. PPP scientific medical research center model.<\/p>\n<p><strong>Dorobek naukowy<\/strong><\/p>\n<p><strong>Ksi\u0105\u017cki:<\/strong><\/p>\n<p style=\"font-weight: 400;\">2. Public private Partnership for Sub-Saharan Africa, Springer 2019<\/p>\n<p style=\"font-weight: 400;\"><a href=\"https:\/\/www.springer.com\/gp\/book\/9783030147525\" data-saferedirecturl=\"https:\/\/www.google.com\/url?q=https:\/\/www.springer.com\/gp\/book\/9783030147525&amp;source=gmail&amp;ust=1578387145047000&amp;usg=AFQjCNGPCnIM3DDedfPHyEmiVjeN_BM8Eg\">https:\/\/www.springer.com\/gp\/book\/9783030147525<\/a><\/p>\n<p>1.\u00a0Partnerstwo publiczno \u2013 prywatne w uj\u0119ciu heterodoksyjnym, Wydawnictwo Uniwersytetu Ekonomicznego we Wroc\u0142awiu, 2017<\/p>\n<p><strong><br \/>\nArtyku\u0142y naukowe<\/strong>:<\/p>\n<p>18. Islamic finance merging public finance within public\u2013private partnership, International Journal of Islamic and Middle Eastern Finance and Management, ISSN: 1753-8394, <a href=\"https:\/\/doi.org\/10.1108\/IMEFM-01-2018-0022\">https:\/\/doi.org\/10.1108\/IMEFM-01-2018-0022<\/a>\u00a0Publication date: 10 August 2020<\/p>\n<p>17. <span class=\"art_title\">Public- Private Partnership: Reconciling Mainstream and Islamic Finance in sub-Saharan Africa,<\/span>\u00a0<span class=\"serial_title\">Emerging Markets Finance and Trade,<\/span>\u00a0<span class=\"doi_link\">DOI:\u00a0<a href=\"https:\/\/doi.org\/10.1080\/1540496X.2019.1695594\">10.1080\/1540496X.2019.1695594<\/a><\/span>\u00a0Published online: 06 Dec 2019<\/p>\n<p><a href=\"https:\/\/www.tandfonline.com\/eprint\/TFHPMM4KJSWXC2ZCTAEV\/full?target=10.1080\/1540496X.2019.1695594\">https:\/\/www.tandfonline.com\/eprint\/TFHPMM4KJSWXC2ZCTAEV\/full?target=10.1080\/1540496X.2019.1695594<\/a><\/p>\n<p>16. Human Capital as One of the Drivers of Reliable Value of Medical Entities on the Example of International Cardiac Hospital,\u00a0International Journal of Economics, Finance and Management Sciences,\u00a0Volume 4, Issue 2, April 2016, Pages: 78-82<\/p>\n<p>DOI:\u00a0<a href=\"http:\/\/10.11648\/j.ijefm.20160402.16\" target=\"_blank\" rel=\"noopener noreferrer\">10.11648\/j.ijefm.<wbr><\/wbr>20160402.16<\/a><\/p>\n<p>15. Ryzyko w partnerstwie publiczno prywatnym w teorii finans\u00f3w publicznych i w praktyce\u201d ,Prace naukowe UE Wroc\u0142aw nr 404 Finanse samorz\u0105du terytorialnego , iSBN 978-83-7695-537-7,<br \/>\n14. \u201cIdentyfikacja obszar\u00f3w ryzyka w partnerstwie publiczno prywatnym dla podmiot\u00f3w leczniczych w Polsce\u201d, w: Partnerstwo Publiczno Prywatne wybrane zagadnienia, pod redakcj\u0105 G. Wrzeszcz Kami\u0144skiej i I. \u015aciborskiej Kowalczyk, Wydawnictwo UE Wroc\u0142aw, 2014, s.93-103,<br \/>\n13. Public Private Partnership as a solution during the period of transformation of the medical services market in Poland, article in Journal of Modern Accounting and Auditing, vol 8 no. 12, 2012 USA,<br \/>\n12. The key market disadvantages for PPP in the health care sector in Poland , article to be presented and published in Milan, June 2013, Innovation in Public Finance Conference, Politechnica Milan,<br \/>\n11. Public Private Partnership &#8211; key success factor, article in Journal of Modern Accounting and Auditing, vol.6 nr. 11, public presentation on Global Finance Conference , June 2010,<br \/>\n10. People and performance. Cardiac clinic maturity measurable indicator based on Medinet Heart Center, Wroclaw, Poland.Ten years medical history achievements\u201d. C.Augustyn, H.Kociemska, R.Jadach, R.Cichon, 23rd World Congress of the World Society of Cardio-thoracic surgeons, 12-15 September, Split, Croatia, conference paper, public presentation, Journal of Cardiothoracic Surgery 2013, Volume 8 Supplemment 1 <a href=\"http:\/\/www.cardiothoracicsurgery.org\/supplements\/8\/S1\" target=\"_blank\" rel=\"noopener noreferrer\">http:\/\/www.cardiothoracicsurgery.org\/supplements\/8\/S1<\/a>,<br \/>\n9. \u201cNo pain no gain: PPP in health care sector in Poland\u201d University of Antwerp Conference Global challenges in PPP : cross-sectoral and cross-disciplinary solutions? 6 \u2013 7 November 2013 City Campus, Hof Van Liere,<br \/>\n8. Chapter 4.1 (co-author), 6.1-6.3 in the \u201cInnovative bank services\u201d manual, PWN 2006, on modern sources and methods of financing the needs of local government units in Poland,<br \/>\n7. \u201cIdentification and Risk Management in Public Private Partnership projects\u201d Academic Issue: Harmonization of finance, banking and insurance in national and European scale\u201d, Lodz 17-19.09.2007,<br \/>\n6. Monography \u201ebancassurance service for local government units\u201d, published by CeDeWu Warsaw 2006,<br \/>\n5. Monography: Services dedicated for institutional clients, the nature of bancassurance service, consulting services within bancassurance: in Innovative banking services, edited by Dorota Korenik, PWN Warsaw 2006,<br \/>\n4. Monography chapter: Local governments in selected Europran Union countries and its financing: in the Perspectives of cooperation of the bank with local governments in Poland, edited by Dorota Korenik, the Publishing House of Wroc\u0142aw University of Economics, Wroc\u0142aw 2005,<br \/>\n3. Public-private partnership in health care system and the stabilization of local government finances in Poland, Scientific Bulletin Finance Academy in Warsaw, Warsaw 2012,<br \/>\n2. \u201eBancassurance services for local governments\u201d , scientific International Conference Business, Banking and Finances on Emerging Markets, Universiti Utara Malaysia I Szczecin University, 2005,<br \/>\n1. Islamic project finance. basic features, scientific article University of Economics in Wroclaw scientific journal vol. 6 nr 1. 2010.<\/p>\n<div><\/div>\n","protected":false},"excerpt":{"rendered":"<p>Informacje o konsultacjach: Wtorek: godz. 9.30 \u2013 11.00 pok 107A lub indywidualnie ustalony mailowo: hanna . kociemska @ ue. wroc. pl (bez spacji) Zainteresowania badawcze: partnerstwo publiczno- prywatne ryzyko w teorii finans\u00f3w i w praktyce podmioty lecznicze i funkcjonowanie rynku us\u0142ug medycznych w Polsce i na \u015bwiecie finanse islamskie Obszary dydaktyki, szkoleniowe i doradcze: partnerstwo [&hellip;]<\/p>\n","protected":false},"author":1,"featured_media":0,"parent":12,"menu_order":11,"comment_status":"closed","ping_status":"closed","template":"","meta":{"footnotes":""},"class_list":["post-330","page","type-page","status-publish","hentry"],"_links":{"self":[{"href":"https:\/\/katfin.ue.wroc.pl\/index.php\/wp-json\/wp\/v2\/pages\/330","targetHints":{"allow":["GET"]}}],"collection":[{"href":"https:\/\/katfin.ue.wroc.pl\/index.php\/wp-json\/wp\/v2\/pages"}],"about":[{"href":"https:\/\/katfin.ue.wroc.pl\/index.php\/wp-json\/wp\/v2\/types\/page"}],"author":[{"embeddable":true,"href":"https:\/\/katfin.ue.wroc.pl\/index.php\/wp-json\/wp\/v2\/users\/1"}],"replies":[{"embeddable":true,"href":"https:\/\/katfin.ue.wroc.pl\/index.php\/wp-json\/wp\/v2\/comments?post=330"}],"version-history":[{"count":9,"href":"https:\/\/katfin.ue.wroc.pl\/index.php\/wp-json\/wp\/v2\/pages\/330\/revisions"}],"predecessor-version":[{"id":1917,"href":"https:\/\/katfin.ue.wroc.pl\/index.php\/wp-json\/wp\/v2\/pages\/330\/revisions\/1917"}],"up":[{"embeddable":true,"href":"https:\/\/katfin.ue.wroc.pl\/index.php\/wp-json\/wp\/v2\/pages\/12"}],"wp:attachment":[{"href":"https:\/\/katfin.ue.wroc.pl\/index.php\/wp-json\/wp\/v2\/media?parent=330"}],"curies":[{"name":"wp","href":"https:\/\/api.w.org\/{rel}","templated":true}]}}