{"id":33,"date":"2013-10-20T20:51:03","date_gmt":"2013-10-20T18:51:03","guid":{"rendered":"http:\/\/katfin.ue.wroc.pl\/?page_id=33"},"modified":"2016-01-15T13:32:42","modified_gmt":"2016-01-15T12:32:42","slug":"kontakt","status":"publish","type":"page","link":"https:\/\/katfin.ue.wroc.pl\/index.php\/kontakt\/","title":{"rendered":"Kontakt"},"content":{"rendered":"<p><strong>Sekretariat Katedry:<\/strong><\/p>\n<p><a href=\"http:\/\/www.ue.wroc.pl\/pracownicy\/julita_czelen.html\">mgr in\u017c. Julita Czele\u0144<\/a><\/p>\n<p>pok\u00f3j 003 w bud. \u201eA\u201d<\/p>\n<p>tel. 71 36 80 212<\/p>\n<p>fax. 71 36 80 240<\/p>\n<p>e-mail:<a>ne_f@ue.wroc.pl<\/a><\/p>\n","protected":false},"excerpt":{"rendered":"<p>Sekretariat Katedry: mgr in\u017c. Julita Czele\u0144 pok\u00f3j 003 w bud. \u201eA\u201d tel. 71 36 80 212 fax. 71 36 80 240 e-mail:ne_f@ue.wroc.pl<\/p>\n","protected":false},"author":1,"featured_media":0,"parent":0,"menu_order":6,"comment_status":"closed","ping_status":"closed","template":"","meta":{"footnotes":""},"class_list":["post-33","page","type-page","status-publish","hentry"],"_links":{"self":[{"href":"https:\/\/katfin.ue.wroc.pl\/index.php\/wp-json\/wp\/v2\/pages\/33","targetHints":{"allow":["GET"]}}],"collection":[{"href":"https:\/\/katfin.ue.wroc.pl\/index.php\/wp-json\/wp\/v2\/pages"}],"about":[{"href":"https:\/\/katfin.ue.wroc.pl\/index.php\/wp-json\/wp\/v2\/types\/page"}],"author":[{"embeddable":true,"href":"https:\/\/katfin.ue.wroc.pl\/index.php\/wp-json\/wp\/v2\/users\/1"}],"replies":[{"embeddable":true,"href":"https:\/\/katfin.ue.wroc.pl\/index.php\/wp-json\/wp\/v2\/comments?post=33"}],"version-history":[{"count":2,"href":"https:\/\/katfin.ue.wroc.pl\/index.php\/wp-json\/wp\/v2\/pages\/33\/revisions"}],"predecessor-version":[{"id":67,"href":"https:\/\/katfin.ue.wroc.pl\/index.php\/wp-json\/wp\/v2\/pages\/33\/revisions\/67"}],"wp:attachment":[{"href":"https:\/\/katfin.ue.wroc.pl\/index.php\/wp-json\/wp\/v2\/media?parent=33"}],"curies":[{"name":"wp","href":"https:\/\/api.w.org\/{rel}","templated":true}]}}