{"id":324,"date":"2016-02-26T20:22:06","date_gmt":"2016-02-26T19:22:06","guid":{"rendered":"http:\/\/katfin.ue.wroc.pl\/?page_id=324"},"modified":"2016-02-26T20:45:32","modified_gmt":"2016-02-26T19:45:32","slug":"dr-malgorzata-galecka","status":"publish","type":"page","link":"https:\/\/katfin.ue.wroc.pl\/index.php\/pracownicy\/dr-malgorzata-galecka\/","title":{"rendered":"dr Ma\u0142gorzata Ga\u0142ecka"},"content":{"rendered":"<p><strong>Informacje o konsultacjach<\/strong>: &#8211;&gt;<a href=\"http:\/\/www.ue.wroc.pl\/pracownicy\/malgorzata_galecka.html\" target=\"_blank\">link<\/a><\/p>\n<p><strong>Zainteresowania badawcze:<\/strong><\/p>\n<ul>\n<li>Bud\u017cet pa\u0144stwa,<\/li>\n<li>Bud\u017cetu Unii Europejskiej,<\/li>\n<li>Bud\u017cet zadaniowy, partycypacyjny<\/li>\n<li>Organizacyjno-prawne formy wykonywania zada\u0144 publicznych,<\/li>\n<li>Dzia\u0142alno\u015b\u0107 gospodarcza w sferze u\u017cyteczno\u015bci publicznej i w sferze komercyjnej,<\/li>\n<li>Deficyt i d\u0142ug publiczny &#8211; przyczyny, \u017ar\u00f3d\u0142a pokrycia zad\u0142u\u017cenia,<\/li>\n<li>Polityka rozwoju lokalnego i regionalnego,<\/li>\n<li>Fundusze UE w dochodach publicznych,<\/li>\n<li>Gospodarka finansowa samorz\u0105du terytorialnego,<\/li>\n<li>Samodzielno\u015b\u0107 finansowa samorz\u0105du gminnego, powiat\u00f3w i miast na prawach powiatu,<\/li>\n<li>Wieloletnie planowanie finansowe a wydatki publiczne<\/li>\n<\/ul>\n<p><strong>Obszary dydaktyki, szkoleniowe i doradcze:<\/strong><\/p>\n<ul>\n<li>Bud\u017cet pa\u0144stwa,<\/li>\n<li>Bud\u017cetu Unii Europejskiej,<\/li>\n<li>Bud\u017cet zadaniowy, partycypacyjny,<\/li>\n<li>Jednostki samorz\u0105du terytorialnego,<\/li>\n<li>Polityka pieni\u0119\u017cna<\/li>\n<\/ul>\n<p><strong>Projekty badawcze:<\/strong><\/p>\n<ul>\n<li>Modele efektywno\u015bci wydatk\u00f3w bud\u017cet\u00f3w jednostek samorz\u0105du terytorialnego &#8211; o finansowanie z dotacji celowej MNiSW na rok 2014<\/li>\n<\/ul>\n<p><strong>Dorobek naukowy:<\/strong><br \/>\n<a href=\"http:\/\/nauka-polska.pl\/dhtml\/raporty\/ludzieNauki?rtype=opis&amp;objectId=251274&amp;lang=pl\" target=\"_blank\">Nauka Polska<br \/>\n<\/a><a href=\"http:\/\/scholar.google.pl\/citations?user=36Tx-2QAAAAJ&amp;hl=pl\" target=\"_blank\">Google Scholar<\/a><br \/>\n<a href=\"http:\/\/wir.bg.ue.wroc.pl\/globalResultList.seam?lang=en&amp;cid=4866\" target=\"_blank\">Baza Uniwersytetu Ekonomicznego we Wroc\u0142awiu<\/a><\/p>\n<p><strong>Monografie<\/strong>:<br \/>\nWybrane publikacje:<\/p>\n<ul>\n<li>Ga\u0142ecka Ma\u0142gorzata: Instrumenty wydatkowe polityki fiskalnej, w: Polityka fiskalna w warunkach globalizacji \/ Patrza\u0142ek Leszek ( red. ), 2015, Wydawnictwo Uniwersytetu Ekonomicznego we Wroc\u0142awiu, ISBN 978-83-7695-514-8, ss. 93-136<\/li>\n<li>Ga\u0142ecka Ma\u0142gorzata: Zmiany bud\u017cetu a wieloletnia prognoza finansowa, w: Instytucje prawnofinansowe w warunkach kryzysu gospodarczego \/ Miemiec Wies\u0142awa, Sawicka Krystyna ( red. ), Monografie LEX, 2014, Lex a Wolters Kluwer business, ISBN 978-83-264-3231-6, ss. 310-318,<\/li>\n<li>Ga\u0142ecka Ma\u0142gorzata, Smolny Katarzyna: Zasady bud\u017cetowe w \u015bwietle zagadnienia planowania wieloletniego, w: Zarz\u0105dzanie finansami publicznymi. Planowanie wieloletnie. Efektywno\u015b\u0107 zada\u0144 publicznych. Benchmarking \/ Franek S\u0142awomir, B\u0119dzieszak Marcin ( red. ), 2014, Difin, ISBN 978-83-7930-475-2, ss. 171-185,<\/li>\n<li>Ga\u0142ecka Ma\u0142gorzata, Luty Piotr: Analiza finansowa sp\u00f3\u0142ek komunalnych realizuj\u0105cych zadania z zakresu kultury fizycznej i sportu, w: Students\u02b9kij naukovij visnik. Castina 3 \/ Gerasimcuk Z.V. ( red. ), Ekonomicni ta gumanitarni nauki, vol. 12, 2013, RVV LNTU, ISBN 978-617-672-046-1, ss. 65-74<\/li>\n<\/ul>\n<p><strong>Artyku\u0142y naukowe:<\/strong><br \/>\nWybrane publikacje:<\/p>\n<ul>\n<li>Ga\u0142ecka Ma\u0142gorzata: Struktura i poziom dotacji celowych w dochodach samorz\u0105du terytorialnego, w: Zarz\u0105dzanie i Finanse, Uniwersytet Gda\u0144ski, vol. 11, nr 2\/3, 2013, ss. 87-98<\/li>\n<li>Ga\u0142ecka Ma\u0142gorzata: Podzia\u0142 zada\u0144 i kompetencji administracji rz\u0105dowej i samorz\u0105dowej w wojew\u00f3dztwie w zdecentralizowanym systemie polityki regionalnej, w: Nauki o Finansach, Uniwersytet Ekonomiczny we Wroc\u0142awiu, nr 1 (14), 2013, ss. 11-27<\/li>\n<li>Ga\u0142ecka Ma\u0142gorzata: Zasady podzia\u0142u funkcji i zada\u0144 mi\u0119dzy pa\u0144stwo a jednostki samorz\u0105du terytorialnego, w: Finanse- nowe wyzwania teorii i praktyki. Finanse publiczne. Prace naukowe UE we Wroc\u0142awiu, nr 173, 2011, s. 546-556<\/li>\n<li>Ga\u0142ecka Ma\u0142gorzata: Zasady podzia\u0142u \u015brodk\u00f3w publicznych mi\u0119dzy pa\u0144stwo i samorz\u0105d terytorialny, , w: Nauki o Finansach, Uniwersytet Ekonomiczny we Wroc\u0142awiu, nr 4 (9), 2011, ss. 9-21<\/li>\n<li>Ga\u0142ecka Ma\u0142gorzata: Relacje bud\u017cetu wojewody i bud\u017cetu wojew\u00f3dztwa na przyk\u0142adzie kontrakt\u00f3w wojew\u00f3dzkich Dolnego \u015al\u0105ska, w: Gospodarka finansowa jednostek samorz\u0105du terytorialnego, Wy\u017csza Szko\u0142a Bankowa w Poznaniu, 2010, s 61-74<\/li>\n<li>Ga\u0142ecka Ma\u0142gorzata: Finansowanie zada\u0144 zleconych samorz\u0105dom terytorialnym, w: Nauki o Finansach, Uniwersytet Ekonomiczny we Wroc\u0142awiu, nr 4, 2010, ss. 13-26<\/li>\n<li>Ga\u0142ecka Ma\u0142gorzata: Bud\u017cet w uj\u0119ciu tradycyjnym a innowacyjne metody efektywnego zarz\u0105dzania finansami publicznymi, w: Wsp\u00f3\u0142czesne problemy finans\u00f3w i gospodarki jednostek samorz\u0105du terytorialnego, Akademia Ekonomiczna, Pozna\u0144, 2008, s. 203-216<\/li>\n<li>Ga\u0142ecka Ma\u0142gorzata: Zasada adekwatno\u015bci w bud\u017cetach wojewod\u00f3w, w: Wsp\u00f3\u0142czesne finanse. Stan i perspektywy rozwoju finans\u00f3w publicznych, Uniwersytet Miko\u0142aja Kopernika, Toru\u0144, 2008, s. 211-222<\/li>\n<\/ul>\n<p>&nbsp;<\/p>\n","protected":false},"excerpt":{"rendered":"<p>Informacje o konsultacjach: &#8211;&gt;link Zainteresowania badawcze: Bud\u017cet pa\u0144stwa, Bud\u017cetu Unii Europejskiej, Bud\u017cet zadaniowy, partycypacyjny Organizacyjno-prawne formy wykonywania zada\u0144 publicznych, Dzia\u0142alno\u015b\u0107 gospodarcza w sferze u\u017cyteczno\u015bci publicznej i w sferze komercyjnej, Deficyt i d\u0142ug publiczny &#8211; przyczyny, \u017ar\u00f3d\u0142a pokrycia zad\u0142u\u017cenia, Polityka rozwoju lokalnego i regionalnego, Fundusze UE w dochodach publicznych, Gospodarka finansowa samorz\u0105du terytorialnego, Samodzielno\u015b\u0107 finansowa samorz\u0105du [&hellip;]<\/p>\n","protected":false},"author":1,"featured_media":0,"parent":12,"menu_order":7,"comment_status":"closed","ping_status":"closed","template":"","meta":{"footnotes":""},"class_list":["post-324","page","type-page","status-publish","hentry"],"_links":{"self":[{"href":"https:\/\/katfin.ue.wroc.pl\/index.php\/wp-json\/wp\/v2\/pages\/324","targetHints":{"allow":["GET"]}}],"collection":[{"href":"https:\/\/katfin.ue.wroc.pl\/index.php\/wp-json\/wp\/v2\/pages"}],"about":[{"href":"https:\/\/katfin.ue.wroc.pl\/index.php\/wp-json\/wp\/v2\/types\/page"}],"author":[{"embeddable":true,"href":"https:\/\/katfin.ue.wroc.pl\/index.php\/wp-json\/wp\/v2\/users\/1"}],"replies":[{"embeddable":true,"href":"https:\/\/katfin.ue.wroc.pl\/index.php\/wp-json\/wp\/v2\/comments?post=324"}],"version-history":[{"count":3,"href":"https:\/\/katfin.ue.wroc.pl\/index.php\/wp-json\/wp\/v2\/pages\/324\/revisions"}],"predecessor-version":[{"id":348,"href":"https:\/\/katfin.ue.wroc.pl\/index.php\/wp-json\/wp\/v2\/pages\/324\/revisions\/348"}],"up":[{"embeddable":true,"href":"https:\/\/katfin.ue.wroc.pl\/index.php\/wp-json\/wp\/v2\/pages\/12"}],"wp:attachment":[{"href":"https:\/\/katfin.ue.wroc.pl\/index.php\/wp-json\/wp\/v2\/media?parent=324"}],"curies":[{"name":"wp","href":"https:\/\/api.w.org\/{rel}","templated":true}]}}