{"id":313,"date":"2016-02-26T18:17:44","date_gmt":"2016-02-26T17:17:44","guid":{"rendered":"http:\/\/katfin.ue.wroc.pl\/?page_id=313"},"modified":"2019-04-12T02:40:13","modified_gmt":"2019-04-12T00:40:13","slug":"dr-pawel-predkiewicz","status":"publish","type":"page","link":"https:\/\/katfin.ue.wroc.pl\/index.php\/pracownicy\/dr-pawel-predkiewicz\/","title":{"rendered":"dr Pawe\u0142 Pr\u0119dkiewicz"},"content":{"rendered":"<p><strong>Informacje o konsultacjach<\/strong>: \u00a0<a href=\"http:\/\/www.ue.wroc.pl\/pracownicy\/pawel_predkiewicz.html\" target=\"_blank\" rel=\"noopener\">link<\/a><\/p>\n<p><strong>Zainteresowania badawcze:<\/strong><\/p>\n<ul>\n<li>finanse opieki zdrowotnej<\/li>\n<li>struktura kapita\u0142u przedsi\u0119biorstw<\/li>\n<li>rynki finansowe<\/li>\n<li>healthcare finance<\/li>\n<li>capital structure<\/li>\n<li>financial markets<\/li>\n<\/ul>\n<p><strong>Obszary dydaktyki, szkoleniowe i doradcze:<\/strong><\/p>\n<ul>\n<li>Finanse opieki zdrowotnej<\/li>\n<li>Finanse przedsi\u0119biorstwa<\/li>\n<li>Rynki finansowe<\/li>\n<li>Ubezpieczenia<\/li>\n<li>Ocena efektywno\u015bci inwestycji<\/li>\n<li>Health economics<\/li>\n<li>Finanse mi\u0119dzynarodowe<\/li>\n<\/ul>\n<p><strong>Projekty badawcze:<\/strong><\/p>\n<ul>\n<li>Ekspert w projekcie \u201ePortrety szpitali &#8211; mapy mo\u017cliwo\u015bci, czyli monitorowanie jako\u015bci us\u0142ug publicznych i benchmarking z zakresu nadzoru nad funkcjonowaniem szpitali, dla kt\u00f3rych organem za\u0142o\u017cycielskim jest jednostka samorz\u0105du terytorialnego \u201d. Projekt realizowany jest w ramach Priorytetu V Dobre rz\u0105dzenie, Dzia\u0142anie 5.6, Projekty Innowacyjne, Programu Operacyjnego Kapita\u0142 Ludzki na lata 2007 \u2013 2013 na podstawie umowy UDA \u2013 POKL. 05.02.01-00-115\/10\u201300 zawartej z Ministerstwem Administracji i Cyfryzacji<\/li>\n<li>Sekretarz projektu oraz osoba odpowiedzialna za opracowanie statystyczne w projekcie \u201eNAJLEPSZY SZPITAL \u2013 ocena funkcjonowania samodzielnych PZOZ wojew\u00f3dztwa podlaskiego\u201d \u2013 badanie szpitali na terenie wojew\u00f3dztwa podlaskiego organizowanego przez Wy\u017csz\u0105 Szko\u0142a Biznesu \u2013 Luis National University w Nowym S\u0105czu przy wsp\u00f3\u0142pracy Akademii Ekonomicznej we Wroc\u0142awiu.<\/li>\n<li>Ekspert z zakresu opieki zdrowotnej w projekcie dotycz\u0105cym badania partnerstw publiczno-prywatnych jako instrument\u00f3w do realizacji projektu infrastrukturalnego na obszarze granicznym Saksonii i Polski (PPPSAXPOL)<\/li>\n<\/ul>\n<p><strong>Dorobek\u00a0naukowy:<\/strong><br \/>\nGoogle Scholar : <a href=\"https:\/\/scholar.google.pl\/citations?user=_VcRJ1AAAAAJ&amp;hl=pl\">link<\/a><\/p>\n<p>Baza UE:<br \/>\n<a href=\"http:\/\/wir.bg.ue.wroc.pl\/info\/author\/WUT289537\/Pawe%25C5%2582%252CPr%25C4%2599dkiewicz?tab=metrics&amp;lang=pl\" target=\"_blank\" rel=\"noopener\">link<\/a><\/p>\n<p><strong>Monografie:<\/strong><br \/>\nRozdzia\u0142y w monografiach:<\/p>\n<ul>\n<li>Bem Agnieszka, Pr\u0119dkiewicz Pawe\u0142, Ucieklak-Je\u017c Paulina: Efektywno\u015b\u0107 system\u00f3w ochrony zdrowia, w: System ochrony zdrowia &#8211; finansowanie, efektywno\u015b\u0107, restrukturyzacja \/ Ucieklak-Je\u017c Paulina, Bem Agnieszka (red.), 2014, Akademia im. Jana D\u0142ugosza w Cz\u0119stochowie, ISBN 978-83-7455-434-3, ss. 61-72<\/li>\n<li>Bem Agnieszka, Pr\u0119dkiewicz Pawe\u0142, Ucieklak-Je\u017c Paulina: Ewolucja systemu opieki zdrowotnej w Polsce, w: System ochrony zdrowia &#8211; finansowanie, efektywno\u015b\u0107, restrukturyzacja \/ Ucieklak-Je\u017c Paulina, Bem Agnieszka (red.), 2014, Akademia im. Jana D\u0142ugosza w Cz\u0119stochowie, ISBN 978-83-7455-434-3, ss. 35-49<\/li>\n<li>Bem Agnieszka, Pr\u0119dkiewicz Pawe\u0142, Ucieklak-Je\u017c Paulina: Modele system\u00f3w ochrony zdrowia, w: System ochrony zdrowia &#8211; finansowanie, efektywno\u015b\u0107, restrukturyzacja \/ Ucieklak-Je\u017c Paulina, Bem Agnieszka ( red. ), 2014, Akademia im. Jana D\u0142ugosza w Cz\u0119stochowie, ISBN 978-83-7455-434-3, ss. 11-21<\/li>\n<li>Bem Agnieszka, Pr\u0119dkiewicz Pawe\u0142, Ucieklak-Je\u017c Paulina: System finansowania opieki zdrowotnej w wybranych krajach, w: System ochrony zdrowia &#8211; finansowanie, efektywno\u015b\u0107, restrukturyzacja \/ Ucieklak-Je\u017c Paulina, Bem Agnieszka (red.), 2014, Akademia im. Jana D\u0142ugosza w Cz\u0119stochowie, ISBN 978-83-7455-434-3, ss. 23-34<\/li>\n<li>Pr\u0119dkiewicz Katarzyna, Pr\u0119dkiewicz Pawe\u0142, Bem Agnieszka [i in.] : Hospital size as a determinant of profitability, w: Economic Theory&amp; Economic Reality ETER 2014. The 5th International Scientific Conference, November 13-14 th, 2014, Bratislawa. [CD] \/ Brezina Ivan [i in.] ( red. ), 2014, University of Economics in Bratislava, ISBN 978-80-225-3884-8, ss. 1-10<\/li>\n<li>Pr\u0119dkiewicz Katarzyna, Pr\u0119dkiewicz Pawe\u0142: Innovation and financial performance in turbulent economic situation &#8211; evidence from Visegrad Group , w: Economic Theory&amp; Economic Reality ETER 2014. The 5th International Scientific Conference, November 13-14 th, 2014, Bratislawa. [CD] \/ Brezina Ivan [i in.] ( red. ), 2014, University of Economics in Bratislava, ISBN 978-80-225-3884-8, ss. 1-11<\/li>\n<li>Pr\u0119dkiewicz Pawe\u0142, Pr\u0119dkiewicz Katarzyna: Healthcare Inequalities in European-OECD-countries, w: Ekonomick\u00e1 fakulta UMB Centrum v\u00fdskumu soci\u00e1lnej ekonomiky a podnikania a In\u0161tit\u00fat ekonomick\u00fdch vied EF UMB. Soci\u00e1lna ekonomika a vzdel\u00e1vanie. Zborn\u00edk vedeck\u00fdch \u0161t\u00fadi\u00ed \/ \u013dapinov\u00e1 Erika, Gubalov\u00e1 Jolana ( red. ), 2014, Univerzity Mateja Bela v Banskej Bystrici, ISBN 978-80-557-0623-8, ss. 1-8<\/li>\n<li>Ucieklak-Je\u017c Paulina, Bem Agnieszka, Pr\u0119dkiewicz Pawe\u0142: Finansowanie ochrony zdrowia, w: Finanse publiczne &#8211; wybrane zagadnienia \/ Ko\u017cuch Antoni, Ucieklak-Je\u017c Paulina, Ksi\u0105\u017cek Ewa (red.), 2014, Wydawnictwo im. Stanis\u0142awa Podobi\u0144skiego Akademii im. Jana D\u0142ugosza, ISBN 978-83-7455-409-1, ss. 123-136<\/li>\n<li>Ucieklak-Je\u017c Paulina, Bem Agnieszka, Pr\u0119dkiewicz Pawe\u0142: Prywatne wydatki na zdrowie jako determinanty stanu zdrowia os\u00f3b starszych w Europie, w: Wsp\u00f3\u0142czesne problemy spo\u0142ecznej gospodarki rynkowej \/ Ucieklak-Je\u017c Paulina (red.), 2014, Wydawnictwo im. Stanis\u0142awa Podobi\u0144skiego Akademii im. Jana D\u0142ugosza, ISBN 978-83-7455-422-0, ss. 205-215<\/li>\n<\/ul>\n<p><strong>Artyku\u0142y naukowe:<\/strong><\/p>\n<ul>\n<li>Bem Agnieszka, Siedlecki Rafa\u0142, Pr\u0119dkiewicz Pawe\u0142 [i in.] : Hospitals\u2019 Financial Health in Rural and Urban Areas in Poland: Does It Ensure Sustainability?, w: Sustainability, vol. 11, nr 7, 2019, ss. 1-17, DOI:10.3390\/su11071932<\/li>\n<li>Siedlecki Rafa\u0142, Bem Agnieszka, Ucieklak-Je\u017c Paulina<em> [i in.]<\/em> : Rural Versus Urban Hospitals in Poland. Hospital&#8217;s Financial Health Assessment, w: Procedia &#8211; Social and Behavioral Sciences, vol. 220, 2016, ss. 444-451, <a href=\"http:\/\/dx.doi.org\/10.1016\/j.sbspro.2016.05.519\">DOI:10.1016\/j.sbspro.2016.05.519 <\/a><\/li>\n<li>Bem Agnieszka, Pr\u0119dkiewicz Katarzyna, Pr\u0119dkiewicz Pawe\u0142 [i in.] : Determinants of Hospital&#8217;s Financial Liquidity, w: Procedia Economics and Finance, Elsevier, nr 12, 2014, ss. 27-36, DOI:10.1016\/S2212-5671(14)00317-7<\/li>\n<li>Bem Agnieszka, Ucieklak-Je\u017c Paulina, Pr\u0119dkiewicz Pawe\u0142: Effects of inequalities in access to health services in rural areas in Poland, w: Management Theory and Studies for Rural Business and Infrastructure Development, Aleksandras Stulginskis University, vol. 35, nr 4, 2013, ss. 491-497<\/li>\n<li>Bem Agnieszka, Ucieklak-Je\u017c Paulina, Pr\u0119dkiewicz Pawe\u0142: Income per bed as a determinant of hospital&#8217;s financial liquidity, w: Problems of Management in the 21st Century, Scientia Socialis, UAB, vol. 9, nr 2, 2014, ss. 124-131<\/li>\n<li>Bem Agnieszka, Ucieklak-Je\u017c Paulina, Pr\u0119dkiewicz Pawe\u0142: Measurement of health care system efficiency, w: Management Theory and Studies for Rural Business and Infrastructure Development, Aleksandras Stulginskis University, vol. 36, nr 1, 2014, ss. 25-33, DOI:10.15544\/mts.2014.003<\/li>\n<li>Pauka Marek, Pr\u0119dkiewicz Pawe\u0142: Determinanty dyskonta w notowaniach certyfikat\u00f3w inwestycyjnych zamkni\u0119tych funduszy inwestycyjnych na przyk\u0142adzie FIZ Investors, w: Finanse, Rynki Finansowe, Ubezpieczenia, Uniwersytet Szczeci\u0144ski, nr 75, 2015, ss. 355-367, DOI:10.18276\/frfu.2015.75-29<\/li>\n<li>Pr\u0119dkiewicz Katarzyna, Pr\u0119dkiewicz Pawe\u0142: Chosen Determinants of Capital Structure in Small and Medium-Sized Enterprises \u2013 Evidence from Poland, w: Finanse, Rynki Finansowe, Ubezpieczenia, Uniwersytet Szczeci\u0144ski, nr 74, 2015, ss. 331-340, DOI:10.18276\/frfu.2015.74\/2-29<\/li>\n<li>Pr\u0119dkiewicz Katarzyna, Pr\u0119dkiewicz Pawe\u0142: Patenty a struktura kapita\u0142u \u2013 badania w przedsi\u0119biorstwach produkcyjnych w latach 2004\u20132012, w: Finanse, Rynki Finansowe, Ubezpieczenia, Uniwersytet Szczeci\u0144ski, vol. 1, nr 74, 2015, ss. 377-386, DOI:10.18276\/frfu.2015.74\/1-32<\/li>\n<li>Pr\u0119dkiewicz Katarzyna, Pr\u0119dkiewicz Pawe\u0142: P\u0142ynno\u015b\u0107 finansowa szpitali samorz\u0105dowych w Polsce &#8211; wyniki bada\u0144 empirycznych, w: Finanse, Rynki Finansowe, Ubezpieczenia, Uniwersytet Szczeci\u0144ski, nr 62, 2013, ss. 169-179<\/li>\n<li>Pr\u0119dkiewicz Katarzyna, Pr\u0119dkiewicz Pawe\u0142, W\u0119grzyn Maria: Rentowno\u015b\u0107 szpitali samorz\u0105dowych w Polsce, w: Nauki o Finansach, Uniwersytet Ekonomiczny we Wroc\u0142awiu, nr 3 (20), 2014, ss. 28-43, DOI:10.15611\/nof.2014.3.02<\/li>\n<li>Pr\u0119dkiewicz Katarzyna, Pr\u0119dkiewicz Pawe\u0142: The Patents and Financial Performance of Firms &#8211; Evidence From Polish Manufacturing Companies, w: Journal of Entrepreneurship, Management and Innovation, Wy\u017csza Szko\u0142a Biznesu &#8211; National-Louis University, vol. 10, nr 4, 2014, ss. 115-141<br \/>\nPr\u0119dkiewicz Katarzyna, Pr\u0119dkiewicz Pawe\u0142: Wybrane determinanty struktury kapita\u0142u mikro, ma\u0142ych i \u015brednich przedsi\u0119biorstw w Polsce, w: Finanse, Rynki Finansowe, Ubezpieczenia, Uniwersytet Szczeci\u0144ski, nr 65, 2014, ss. 829-842<\/li>\n<li>Pr\u0119dkiewicz Katarzyna, Pr\u0119dkiewicz Pawe\u0142: Zarz\u0105dzanie kapita\u0142em obrotowym szpitali samorz\u0105dowych w Polsce, w: Zarz\u0105dzanie i Finanse, Uniwersytet Gda\u0144ski, nr 2\/2, 2013, ss. 311-323<\/li>\n<li>Pr\u0119dkiewicz Pawe\u0142: Wp\u0142yw prywatnych ubezpiecze\u0144 zdrowotnych na charakterystyk\u0119 systemu zdrowia w wybranych krajach OECD, w: Finanse, Rynki Finansowe, Ubezpieczenia, Uniwersytet Szczeci\u0144ski, nr 65, 2014, ss. 583-593<\/li>\n<li>Pawe\u0142 Pr\u0119dkiewicz, Abonamentowe systemy opieki zdrowotnej w Polsce, Prace Naukowe Akademii Ekonomicznej we Wroc\u0142awiu. Koncepcje zmian w samodzielnym Publicznym Zak\u0142adzie Opieki Zdrowotnej &#8211; do\u015bwiadczenia i propozycje na przysz\u0142o\u015b\u0107. Wroc\u0142aw, 2004. &#8211; s. 135 \u2013 144.<\/li>\n<li>Pawe\u0142 Pr\u0119dkiewicz, Prywatne ubezpieczenia zdrowotne w Polsce. Prace Naukowe Akademii Ekonomicznej we Wroc\u0142awiu. &#8211; 2006, nr 1103, s. 251 &#8211; 261.<\/li>\n<li>Marek Pauka, Pawe\u0142 Pr\u0119dkiewicz, Aspekty kosztowe i przychodowe kontrakt\u00f3w w zak\u0142adach opieki zdrowotnej, Prace Naukowe Uniwersytetu Ekonomicznego we Wroc\u0142awiu. &#8211; 2008, nr 36, s. 47 &#8211; 53<\/li>\n<li>Pawe\u0142 Pr\u0119dkiewicz, Identyfikacja potencjalnych problem\u00f3w ze stosowaniem klasycznych metod wyceny przedsi\u0119biorstw do samodzielnych publicznych ZOZ prace Naukowe Uniwersytetu ekonomicznego we Wroc\u0142awiu. Kszta\u0142towanie warto\u015bci ZOZ nowym wyzwaniem mened\u017cer\u00f3w. Wroc\u0142aw, 2011. -s. 93-103.<\/li>\n<li>Pawe\u0142 Pr\u0119dkiewicz, Prywatni ubezpieczyciele jako podstawowe \u017ar\u00f3d\u0142o finansowania opieki zdrowotnej w Europie. Prace Naukowe Uniwersytetu Ekonomicznego we Wroc\u0142awiu. &#8211; 2012, nr 266, s. 143-154.<\/li>\n<li>Marek Pauka, Pawe\u0142 Pr\u0119dkiewicz, Zagadka dyskonta w wycenach zamkni\u0119tych funduszy inwestycyjnych z perspektywy inwestora Prace Naukowe Uniwersytetu Ekonomicznego we Wroc\u0142awiu: Zarz\u0105dzanie finansami firm &#8211; teoria i praktyka. T.2. Wroc\u0142aw: Wydawnictwo Uniwersytetu Ekonomicznego, 2012 s. 127-140.<\/li>\n<\/ul>\n<p><strong>Materia\u0142y konferencyjne [13]<\/strong><\/p>\n<ul>\n<li>Bem Agnieszka, Siedlecki Rafa\u0142, Pr\u0119dkiewicz Pawe\u0142 [i in.] : Determinants of hospital\u2019s financial distress, w: Central European Conference in Finance and Economics (CEFE2018) \/ \u0160olt\u00e9s Michal (red.), 2018, Technical University of Kosice Faculty of Economics, ISBN 9788055327365, ss. 28-34<\/li>\n<li>Bem Agnieszka, Pr\u0119dkiewicz Pawe\u0142, Ucieklak-Je\u017c Paulina [i in.] : Outpatient spending and healthcare system\u2019s efficiency. A key to achieve better outcomes? , w: 21th Annual International Conference Conference. Enterprise and Competitive Environment. Conference Proceedings \/ Kapounek Svatopluk, Krutilova Veronika ( red. ), 2018, Mendel University in Brno, ISBN 9788075095619, ss. 75-82<\/li>\n<li>Bem Agnieszka, Pr\u0119dkiewicz Pawe\u0142, Ucieklak-Je\u017c Paulina [i in.] : Technical efficiency of health care systems in CEE countries \u2013 DEA approach, w: 20 th Annual International Conference Enterprise and Competitive Environment. Conference Proceedings \/ Kapounek Svatopluk, Krutilova Veronika ( red. ), 2017, Mendel University in Brno, ISBN 978-80-7509-499-5, ss. 68-77<\/li>\n<li>Pr\u0119dkiewicz Katarzyna, Pr\u0119dkiewicz Pawe\u0142: Are R&amp;D-Active SMEs in the Emerging Markets Financially Constrained? Self-Evaluation Approach, w: The Impact of Globalization on International Finance and Accounting. 18th Annual Conference on Finance and Accounting (ACFA) \/ Proch\u00e1zka David ( red. ), Springer Proceedings in Business and Economics, 2018, Springer International Publishing , ISBN 978-3-319-68761-2, ss. 27-34, DOI:10.1007\/978-3-319-68762-9_3<\/li>\n<li>Pr\u0119dkiewicz Pawe\u0142, Pr\u0119dkiewicz Katarzyna: Pecking Order Theory and Innovativeness of Companies, w: New Trends in Finance and Accounting. Proceedings of the 17th Annual Conference on Finance and Accounting \/ Proch\u00e1zka David ( red. ), Springer Proceedings in Business and Economics, nr 1, 2017, Springer International Publishing, ISBN 9783319495590, ss. 631-642<\/li>\n<li>Siedlecki Rafa\u0142, Bem Agnieszka, Pr\u0119dkiewicz Pawe\u0142 [i in.] : Analysis of Short-Term Changes in Health Spending in CEE Countries: Creeping Trend Estimation, w: Finance and Sustainability. Proceedings from the Finance and Sustainability Conference, Wroclaw 2017 \/ Bem Agnieszka [i in.] ( red. ), Springer Proceedings in Business and Economics, 2018, Springer International Publishing, ISBN 9783319922287, ss. 233-242, DOI:10.1007\/978-3-319-92228-7_20<\/li>\n<li>Siedlecki Rafa\u0142, Bem Agnieszka, Pr\u0119dkiewicz Pawe\u0142 [i in.] : GDP versus health expenditure \u2013 is there any tendency? CEE countries case, w: 20 th Annual International Conference Enterprise and Competitive Environment. Conference Proceedings \/ Kapounek Svatopluk, Krutilova Veronika ( red. ), 2017, Mendel University in Brno, ISBN 978-80-7509-499-5, ss. 785-793<\/li>\n<li>Siedlecki Rafa\u0142, Bem Agnieszka, Pr\u0119dkiewicz Pawe\u0142 [i in.] : Hospitals\u2019 debt and profitability. Does a form of activity make a difference?, w: 21th Annual International Conference Conference. Enterprise and Competitive Environment. Conference Proceedings \/ Kapounek Svatopluk, Krutilova Veronika ( red. ), 2018, Mendel University in Brno, ISBN 9788075095619, ss. 610-618<\/li>\n<li>Siedlecki Rafa\u0142, Bem Agnieszka, Pr\u0119dkiewicz Pawe\u0142 [i in.] : The model of non-profit hospitals valuation, w: Central European Conference in Finance and Economics (CEFE2018) \/ \u0160olt\u00e9s Michal ( red. ), 2018, Technical University of Kosice Faculty of Economics, ISBN 9788055327365, ss. 426-254<\/li>\n<li>Ucieklak-Je\u017c Paulina, Bem Agnieszka, Pr\u0119dkiewicz Pawe\u0142 [i in.] : Are Health-Care Services Luxury Goods?, w: The Impact of Globalization on International Finance and Accounting. 18th Annual Conference on Finance and Accounting (ACFA) \/ Proch\u00e1zka David ( red. ), Springer Proceedings in Business and Economics, 2018, Springer International Publishing , ISBN 978-3-319-68761-2, ss. 265-271, DOI:10.1007\/978-3-319-68762-9_28<\/li>\n<li>Ucieklak-Je\u017c Paulina, Bem Agnieszka, Siedlecki Rafa\u0142 [i in.] : Concentration of Hospital Infrastructural Resources as a Source of Inequalities in Access to Health Care Benefits in Poland, w: Finance and Sustainability. Proceedings from the Finance and Sustainability Conference, Wroclaw 2017 \/ Bem Agnieszka [i in.] ( red. ), Springer Proceedings in Business and Economics, 2018, Springer International Publishing, ISBN 9783319922287, ss. 1-10, DOI:10.1007\/978-3-319-92228-7_1<\/li>\n<li>Ucieklak-Je\u017c Paulina, Bem Agnieszka, Pr\u0119dkiewicz Pawe\u0142 [i in.] : Healthcare benefits: luxury or necessity goods? EU countries case revisited, w: European Financial Systems 2017 Proceedings of the 14th International Scientific Conference.Part 2 \/ Nesleha Josef, Plihal Tomas, Urbanovsky Karel (red.), 2017, Masaryk University, ISBN 978-80-210-8609-8, ss. 427-435<\/li>\n<li>Ucieklak-Je\u017c Paulina, Bem Agnieszka, Pr\u0119dkiewicz Pawe\u0142 [i in.] : Regional distribution of health care non-financial resources in Poland, w: 21th Annual International Conference Conference. Enterprise and Competitive Environment. Conference Proceedings \/ Kapounek Svatopluk, Krutilova Veronika ( red. ), 2018, Mendel University in Brno, ISBN 9788075095619, ss. 646-655<\/li>\n<\/ul>\n","protected":false},"excerpt":{"rendered":"<p>Informacje o konsultacjach: \u00a0link Zainteresowania badawcze: finanse opieki zdrowotnej struktura kapita\u0142u przedsi\u0119biorstw rynki finansowe healthcare finance capital structure financial markets Obszary dydaktyki, szkoleniowe i doradcze: Finanse opieki zdrowotnej Finanse przedsi\u0119biorstwa Rynki finansowe Ubezpieczenia Ocena efektywno\u015bci inwestycji Health economics Finanse mi\u0119dzynarodowe Projekty badawcze: Ekspert w projekcie \u201ePortrety szpitali &#8211; mapy mo\u017cliwo\u015bci, czyli monitorowanie jako\u015bci us\u0142ug publicznych [&hellip;]<\/p>\n","protected":false},"author":1,"featured_media":0,"parent":12,"menu_order":20,"comment_status":"closed","ping_status":"closed","template":"","meta":{"footnotes":""},"class_list":["post-313","page","type-page","status-publish","hentry"],"_links":{"self":[{"href":"https:\/\/katfin.ue.wroc.pl\/index.php\/wp-json\/wp\/v2\/pages\/313","targetHints":{"allow":["GET"]}}],"collection":[{"href":"https:\/\/katfin.ue.wroc.pl\/index.php\/wp-json\/wp\/v2\/pages"}],"about":[{"href":"https:\/\/katfin.ue.wroc.pl\/index.php\/wp-json\/wp\/v2\/types\/page"}],"author":[{"embeddable":true,"href":"https:\/\/katfin.ue.wroc.pl\/index.php\/wp-json\/wp\/v2\/users\/1"}],"replies":[{"embeddable":true,"href":"https:\/\/katfin.ue.wroc.pl\/index.php\/wp-json\/wp\/v2\/comments?post=313"}],"version-history":[{"count":5,"href":"https:\/\/katfin.ue.wroc.pl\/index.php\/wp-json\/wp\/v2\/pages\/313\/revisions"}],"predecessor-version":[{"id":1732,"href":"https:\/\/katfin.ue.wroc.pl\/index.php\/wp-json\/wp\/v2\/pages\/313\/revisions\/1732"}],"up":[{"embeddable":true,"href":"https:\/\/katfin.ue.wroc.pl\/index.php\/wp-json\/wp\/v2\/pages\/12"}],"wp:attachment":[{"href":"https:\/\/katfin.ue.wroc.pl\/index.php\/wp-json\/wp\/v2\/media?parent=313"}],"curies":[{"name":"wp","href":"https:\/\/api.w.org\/{rel}","templated":true}]}}