{"id":309,"date":"2016-02-21T13:08:09","date_gmt":"2016-02-21T12:08:09","guid":{"rendered":"http:\/\/katfin.ue.wroc.pl\/?page_id=309"},"modified":"2021-10-03T21:27:03","modified_gmt":"2021-10-03T19:27:03","slug":"dr-ewa-gubernat","status":"publish","type":"page","link":"https:\/\/katfin.ue.wroc.pl\/index.php\/pracownicy\/dr-ewa-gubernat\/","title":{"rendered":"dr Ewa Gubernat"},"content":{"rendered":"<p><strong>Informacje o konsultacjach<\/strong> &#8211;&gt; <a href=\"http:\/\/www.ue.wroc.pl\/pracownicy\/ewa_gubernat-ulatowski.html\" target=\"_blank\" rel=\"noopener noreferrer\">link<\/a><\/p>\n<p><strong>Zainteresowania badawcze:<\/strong><\/p>\n<ul>\n<li>finanse publiczne<\/li>\n<li>finanse samorz\u0105du terytorialnego<\/li>\n<li>bankowo\u015b\u0107<\/li>\n<li>nadz\u00f3r bankowy<\/li>\n<li>ubezpiecznia spo\u0142eczne<\/li>\n<li>public finances<\/li>\n<li>finance local government<\/li>\n<li>banking<\/li>\n<li>banking supervision<\/li>\n<li>social insurances<\/li>\n<\/ul>\n<p><strong>Obszary dydaktyki, szkoleniowe i doradcze:<\/strong><\/p>\n<ul>\n<li>finanse publiczne<\/li>\n<li>finanse samorz\u0105du terytorialnego<\/li>\n<li>bankowo\u015b\u0107<\/li>\n<li>zarz\u0105dzanie instytucjami kredytowymi<\/li>\n<li>finanse osobiste<\/li>\n<li>us\u0142ugi bankowo\u015bci inwestycyjnej<\/li>\n<\/ul>\n<p><strong>Dorobek&nbsp;naukowy:<\/strong><br \/>\nhttp:\/\/nauka-polska.pl\/dhtml\/raporty\/ludzieNauki?rtype=opis&#038;objectId=136401&#038;lang=pl<br \/>\nhttp:\/\/wir.bg.ue.wroc.pl\/globalResultList.seam?lang=en&#038;cid=7903<\/p>\n<p><strong>Artyku\u0142y naukowe:<\/strong><br \/>\nROK 2005<\/p>\n<p>1. Controlling w s\u0142u\u017cbie zdrowia. \u201eZdrowie. Finanse. Zarz\u0105dzanie. Inwestycje\u201d, Biuletyn PGF Urtica, 9\/2005<\/p>\n<p>2. Determinanty wykorzystania outsourcingu w zak\u0142adach opieki zdrowotnej. \u201eZdrowie. Finanse. Zarz\u0105dzanie. Inwestycje\u201d, Biuletyn PGF Urtica, 12\/2005<\/p>\n<p>ROK 2006<\/p>\n<p>3. Zastosowanie controllingu w zak\u0142adach opieki zdrowotnej szans\u0105 na lepsz\u0105 przysz\u0142o\u015b\u0107, w: Komercjalizacja i prywatyzacja zoz- kluczowe warunki osi\u0105gni\u0119cia sukcesu, M. W\u0119grzyn, D. Wasilewski (red.), Prace Naukowe nr 1103, Wydawnictwo Akademii Ekonomiczne im. Oskara Langego we Wroc\u0142awiu, Wroc\u0142aw, 2006 s. 193-202<\/p>\n<p>4. Ubezpieczenia zdrowotne \u2013 szanse, zagro\u017cenia oraz perspektywy ich rozwoju w polskich realiach w: Finanse, Rachunkowo\u015b\u0107, Bankowo\u015b\u0107, D. Misi\u0144ska, M. \u0141yszczak (red.), Prace Naukowe Akademii Ekonomicznej im. Oskara Langego we Wroc\u0142awiu nr 1120, Zeszyt 5, Wydawnictwo Akademii Ekonomicznej im. Oskara Langego we Wroc\u0142awiu, Wroc\u0142aw 2006, s. 109-116<\/p>\n<p>5. Powszechny system ubezpiecze\u0144 spo\u0142ecznych w Polsce oraz perspektywy na przysz\u0142o\u015b\u0107, w: Sektor finans\u00f3w publicznych po wej\u015bciu Polski do Unii Europejskiej \u2013 zagadnienia wybrane, D. Korenik (red), Zeszyty Naukowe Wy\u017cszej Szko\u0142y Zarz\u0105dzania i Finans\u00f3w nr 22, Wroc\u0142aw, 2006, s. 34-50<\/p>\n<p>ROK 2007<\/p>\n<p>6. Korzy\u015bci funkcjonowania controllingu w zak\u0142adzie opieki zdrowotnej, w: Bud\u017cetowanie i controlling w jednostkach ochrony zdrowia, M. W\u0119grzyn, D. Wasilewski (red.), Wydawnictwo PRYMAT, Bia\u0142ystok, 2007, s. 81-88<\/p>\n<p>7. Restrukturyzacja finansowa SP ZOZ wobec stale wzrastaj\u0105cego zad\u0142u\u017cenia polskiej s\u0142u\u017cby zdrowia, w: Przedsi\u0119biorstwo wobec wyzwa\u0144 ryku \u2013 wsp\u00f3\u0142czesne problemy ekonomiczne, B. Wankiewicz \u2013 Rak (red.), Prace Naukowe Akademii Ekonomicznej we Wroc\u0142awiu, Wydawnictwo Akademii Ekonomicznej im. Oskara Langego we Wroc\u0142awiu, Wroc\u0142aw, 2007, s. 117-126<\/p>\n<p>8. Outsourcing jako nowoczesna metoda zarz\u0105dzania w zoz-ach, w: Sektor publiczny a rynek w ochronie zdrowia, M. W\u0119grzyn, D. Wasilewski (red.) Wydawnictwo Akademii Ekonomicznej im. Oskara Langego we Wroc\u0142awiu, Wroc\u0142aw, 2007, 155-162,<\/p>\n<p>9. Health risk and insurance prevention versus effectiveness on the polish healthcare system in the area of a deepening financial crisis, w: The insurance of catastrophic risk in the European Union on the global changes, I. J\u0119drzejczyk, S. Bo\u017cek-Weglarz (red.) Uniwersyet Ekonomiczny im. Karola Adamieckiego w Katowicach, Katowice, 2007, s. 308-320<\/p>\n<p>10. Przysz\u0142o\u015b\u0107 rynku ubezpiecze\u0144 zdrowotnych w Polsce, w: System finansowy gospodarki rynkowej oraz przedsi\u0119biorstw w warunkach polskich. Seminarium doktorant\u00f3w, D. Korenik (red.), Zeszyty Naukowe Wy\u017cszej Szko\u0142y Zarz\u0105dzania i Finans\u00f3w nr 24, Wroc\u0142aw, 2007, s. 80-90<\/p>\n<p>ROK 2008<\/p>\n<p>11. Ubezpieczenia spo\u0142eczne a nabywanie prawa do \u015bwiadcze\u0144 w zjednoczonej Europie, w: Ekonomia i Mi\u0119dzynarodowe Stosunki Gospodarcze 16, B. Fiedor, J. Rymarczyk (red.), Prace Naukowe Uniwersytetu Ekonomicznego we Wroc\u0142awiu nr 1193, Wroc\u0142aw, 2008, s.111-121<\/p>\n<p>12. Gwarancje bankowe w obrocie gospodarczym, w: Ekonomia i Mi\u0119dzynarodowe Stosunki Gospodarcze 18, B. Fiedor, J. Rymarczyk (red.), Prace Naukowe Uniwersytetu Ekonomicznego we Wroc\u0142awiu nr 12, Wroc\u0142aw, 2008, s.79-89<\/p>\n<p>13. Spo\u0142eczno \u2013 ekonomiczne uwarunkowania migracji na europejskim rynku pracy, w: Problemy gospodarki \u015bwiatowej, M. Noga, M. Stawicka (red.), Prace Naukowe Akademii Ekonomicznej we Wroc\u0142awiu, nr 1191, Wroc\u0142aw 2008, s. 119-130<\/p>\n<p>14. Potencja\u0142 finansowy systemu ubezpiecze\u0144 spo\u0142ecznych w Polsce, w: Konkurencyjno\u015b\u0107 Gospodarki Polski, A.P. Balcerzak, E. Rogalska (red), Wydawnictwo Adam Marsza\u0142ek, Toru\u0144 2008, s. 261-270<\/p>\n<p>15. Partnerstwo Publiczno Prywatne (PPP) w ochronie zdrowia, mo\u017cliwo\u015bci zastosowa\u0144, w: Ekonomia a Medycyna, Wroc\u0142awski Biuletyn Gospodarczy, Polskie Towarzystwo Ekonomiczne, Wroc\u0142aw, 2008, s. 17-28<\/p>\n<p>16. Spo\u0142eczno \u2013 ekonomiczne aspekty systemu emerytalnego w Polsce, w: Ekonomia a Demografia, Wroc\u0142awski Biuletyn Gospodarczy, Polskie Towarzystwo Ekonomiczne, Wroc\u0142aw, 2008, s. 67-87<\/p>\n<p>17. Factoring \u017ar\u00f3d\u0142em finansowania przedsi\u0119biorstw, w: Wsp\u00f3\u0142czesne Finanse. Stan<br \/>\ni perspektywy rozwoju bankowo\u015bci, L. Dziawgo (red.), Uniwersytet Miko\u0142aja Kopernika w Toruniu, Toru\u0144, 2008, s. 551-561<\/p>\n<p>ROK 2009<\/p>\n<p>18. Koncepcje wyp\u0142aty \u015bwiadcze\u0144 w nowym systemie emerytalnym, w: Finanse 2009 \u2013 Teoria i praktyka. Finanse Publiczne I, Zeszyty Naukowe Uniwersytetu Szczeci\u0144skiego nr 546, Szczecin, 2009, s. 107-115<\/p>\n<p>19. Stabilny system emerytalny w \u015bwietle reformy emerytalnej z 1999 roku, w: 10 lat reformy emerytalnej w Polsce. Efekty, szanse, perspektywy i zagro\u017cenia, F. Chybalski, I. Staniec, Monografia Politechniki \u0141\u00f3dzkiej, \u0141\u00f3d\u017a, 2009, s. 12-20<\/p>\n<p>20. Polska jako kraj nasilaj\u0105cych si\u0119 migracji zagranicznych \u2013 uwarunkowania oraz konsekwencje dla rynku pracy, w: Polityka spo\u0142eczna w procesie integracji europejskiej. Przegl\u0105d problem\u00f3w, A. R\u0105czaszek, W. Koczur (red.), Prace Naukowe Akademii Ekonomicznej um. Karola Adamieckiego w Katowicach, Katowice, 2009, s. 632-641<\/p>\n<p>21. Zmiany demograficzne w Polsce oraz ich konsekwencje dl krajowego rynku pracy, w: Polski rynek pracy w warunkach integracji europejskiej, A.P. Balcerzak, Wydawnictwo Adam Marsza\u0142ek, Toru\u0144, 2009, s. 30-38<\/p>\n<p>ROK 2010<\/p>\n<p>22. Mi\u0119dzynarodowy wymiar zabezpieczenia emerytalnego, w: Mi\u0119dzynarodowa Polityka Spo\u0142eczna \u2013 Aspekty Por\u00f3wnawcze A. R\u0105czaszek, W. Koczur (red.), Prace Naukowe Akademii Ekonomicznej um. Karola Adamieckiego w Katowicach, Katowice 2010, s.428-439<\/p>\n<p>23. Rachunek koszt\u00f3w starzej\u0105cego si\u0119 spo\u0142ecze\u0144stwa, w: Spo\u0142eczne i ekonomiczne konsekwencje zmian proces\u00f3w demograficznych, Zeszyty Naukowe Uniwersytetu Ekonomicznego w Krakowie, Zeszyt nr 22 Sekcji Analiz Demograficznych, s. 58-69<\/p>\n<p>ROK 2011<\/p>\n<p>24. D\u0142ugoterminowa perspektywa systemu emerytalnego w Polsce w \u015bwietle starzenia si\u0119 spo\u0142ecze\u0144stwa, w: Finanse \u2013 nowe wyzwania teorii i praktyki. Finanse Publiczne, L. Patrza\u0142ek (red), Prace Naukowe Uniwersytetu ekonomicznego we Wroc\u0142awiu, nr 173, Wroc\u0142aw, 2011, s. 48-57<\/p>\n<p>ROK 2012<br \/>\n25. Zobowi\u0105zania systemu emerytalnego w warunkach niestabilno\u015bci finans\u00f3w publicznych. Nauki o Finansach. Prace Naukowe Uniwersytetu Ekonomicznego we Wroc\u0142awiu. Rok: 2012, Vol: 3, Nr: 12<\/p>\n<p>ROK 2013<br \/>\n26. Funkcjonowanie i rozw\u00f3j rynku otwartych funduszy emerytalnych w Polsce w okresie 2000-2010. Nauki o Finansach. Rok: 2013, Vol: , Nr: 1 (14)<br \/>\n27. Ekonomiczne konsekwencje zmian systemu emerytalnego dla bud\u017cetu pa\u0144stwa w latach 2000-2010. Zarz\u0105dzanie i Finanse. Rok: 2013, Vol: 11, Nr: 2\/3<\/p>\n","protected":false},"excerpt":{"rendered":"<p>Informacje o konsultacjach &#8211;&gt; link Zainteresowania badawcze: finanse publiczne finanse samorz\u0105du terytorialnego bankowo\u015b\u0107 nadz\u00f3r bankowy ubezpiecznia spo\u0142eczne public finances finance local government banking banking supervision social insurances Obszary dydaktyki, szkoleniowe i doradcze: finanse publiczne finanse samorz\u0105du terytorialnego bankowo\u015b\u0107 zarz\u0105dzanie instytucjami kredytowymi finanse osobiste us\u0142ugi bankowo\u015bci inwestycyjnej Dorobek&nbsp;naukowy: http:\/\/nauka-polska.pl\/dhtml\/raporty\/ludzieNauki?rtype=opis&#038;objectId=136401&#038;lang=pl http:\/\/wir.bg.ue.wroc.pl\/globalResultList.seam?lang=en&#038;cid=7903 Artyku\u0142y naukowe: ROK 2005 1. Controlling [&hellip;]<\/p>\n","protected":false},"author":1,"featured_media":0,"parent":12,"menu_order":8,"comment_status":"closed","ping_status":"closed","template":"","meta":{"footnotes":""},"class_list":["post-309","page","type-page","status-publish","hentry"],"_links":{"self":[{"href":"https:\/\/katfin.ue.wroc.pl\/index.php\/wp-json\/wp\/v2\/pages\/309","targetHints":{"allow":["GET"]}}],"collection":[{"href":"https:\/\/katfin.ue.wroc.pl\/index.php\/wp-json\/wp\/v2\/pages"}],"about":[{"href":"https:\/\/katfin.ue.wroc.pl\/index.php\/wp-json\/wp\/v2\/types\/page"}],"author":[{"embeddable":true,"href":"https:\/\/katfin.ue.wroc.pl\/index.php\/wp-json\/wp\/v2\/users\/1"}],"replies":[{"embeddable":true,"href":"https:\/\/katfin.ue.wroc.pl\/index.php\/wp-json\/wp\/v2\/comments?post=309"}],"version-history":[{"count":4,"href":"https:\/\/katfin.ue.wroc.pl\/index.php\/wp-json\/wp\/v2\/pages\/309\/revisions"}],"predecessor-version":[{"id":2032,"href":"https:\/\/katfin.ue.wroc.pl\/index.php\/wp-json\/wp\/v2\/pages\/309\/revisions\/2032"}],"up":[{"embeddable":true,"href":"https:\/\/katfin.ue.wroc.pl\/index.php\/wp-json\/wp\/v2\/pages\/12"}],"wp:attachment":[{"href":"https:\/\/katfin.ue.wroc.pl\/index.php\/wp-json\/wp\/v2\/media?parent=309"}],"curies":[{"name":"wp","href":"https:\/\/api.w.org\/{rel}","templated":true}]}}