{"id":298,"date":"2016-02-17T23:47:22","date_gmt":"2016-02-17T22:47:22","guid":{"rendered":"http:\/\/katfin.ue.wroc.pl\/?page_id=298"},"modified":"2016-02-26T20:19:06","modified_gmt":"2016-02-26T19:19:06","slug":"dr-ilona-falat-kilijanska","status":"publish","type":"page","link":"https:\/\/katfin.ue.wroc.pl\/index.php\/pracownicy\/dr-ilona-falat-kilijanska\/","title":{"rendered":"dr Ilona Fa\u0142at-Kilija\u0144ska"},"content":{"rendered":"<p><strong>Informacje o konsultacjach:<\/strong><a href=\"http:\/\/www.ue.wroc.pl\/pracownicy\/ilona_falat-kilijanska.html\">link<\/a><\/p>\n<p><strong>Zainteresowania badawcze:<\/strong><\/p>\n<ul>\n<li>Inwestycje private equity i venture capital<\/li>\n<li>Inwestycje alternatywne<\/li>\n<li>Finanse przedsi\u0119biorstw<\/li>\n<li>Fuzje i przej\u0119cia<\/li>\n<li>Rynek walutowy<\/li>\n<li>Walutowe instrumenty pochodne<\/li>\n<li>Instrumenty pochodne oparte na stopach procentowych<\/li>\n<\/ul>\n<p><strong>Obszary dydaktyki, szkoleniowe i doradcze:<\/strong><\/p>\n<ul>\n<li>Finanse mi\u0119dzynarodowe<\/li>\n<li>Finanse przedsi\u0119biorstw<\/li>\n<li>Inwestycje private equity i venture capital<\/li>\n<li>Inwestycje alternatywne<\/li>\n<\/ul>\n<p><strong>Pe\u0142nione funkcje:<\/strong><br \/>\nSekretarz czasopisma Nauki o Finansach (<a href=\"http:\/\/finanse.ue.wroc.pl\">http:\/\/finanse.ue.wroc.pl<\/a>)<\/p>\n<p><strong>Dorobek\u00a0naukowy:<\/strong><br \/>\nGoogle Scholar : <a href=\"https:\/\/scholar.google.pl\/scholar?hl=pl&amp;q=Ilona+Fa%C5%82at+-+Kilija%C5%84ska&amp;btnG=&amp;lr=\">https:\/\/scholar.google.pl\/scholar?hl=pl&amp;q=Ilona+Fa%C5%82at+-+Kilija%C5%84ska&amp;btnG=&amp;lr=<\/a><\/p>\n<p>BazEkon:<br \/>\n<a href=\"http:\/\/bazekon.icm.edu.pl\/bazekon\/search\/page.action?qt=SEARCH&amp;q=c_0author_0eq.falat%2Bkilijanska*c_0language_0eq.all*sc.article*l_0*c_0fulltext_0eq.all\" target=\"_blank\">http:\/\/bazekon.icm.edu.pl\/bazekon\/search\/page.action?qt=SEARCH&amp;q=c_0author_0eq.falat%2Bkilijanska*c_0language_0eq.all*sc.article*l_0*c_0fulltext_0eq.all<\/a><\/p>\n<p><strong>Monografie:<\/strong><\/p>\n<ul>\n<li>\u201ePrivate equity. Wi\u0119cej ni\u017c kapita\u0142\u201d, CeDeWu, Warszawa 2014<\/li>\n<li>\u201eInstrumenty pochodne na mi\u0119dzynarodowych rynkach finansowych. Teoria i przyk\u0142ady\u201d, wsp\u00f3\u0142autorzy: Jacek Karwowski, Robert Poskart, Uniwersytet Opolski, Opole 2014<\/li>\n<\/ul>\n<p><strong>Artyku\u0142y naukowe:<\/strong><\/p>\n<ul>\n<li>\u201c<em>Creating Additional Benefits in Enterprises by Private Equity Funds: Results of Researches<\/em>\u201d, Journal of US-China Public Administration, January 2015, Vol. 12, No. 1, 31-41, <a href=\"http:\/\/www.davidpublisher.org\/Public\/uploads\/Contribute\/553a07eb6ca57.pdf\" target=\"_blank\">http:\/\/www.davidpublisher.org\/Public\/uploads\/Contribute\/553a07eb6ca57.pdf<\/a>;<\/li>\n<li>\u201e<em>Pozafinansowe korzy\u015bci z inwestycji funduszy private equity dla sp\u00f3\u0142ek portfelowych<\/em>\u201d, w: Finansowe determinanty rozwoju przedsi\u0119biorstw \/ Dresler Zbigniew ( red. ), 2014, Wydawnictwo Uniwersytetu<br \/>\nEkonomicznego w Krakowie, ISBN 978-83-7252-690-8, ss. 66-78;<br \/>\n<a href=\"http:\/\/wir.bg.ue.wroc.pl\/info\/article\/WUT60ec3d85f1634b1ca3f76ca466e2f228\/Pozafinansowe+korzy%C5%9Bci+z+inwestycji+funduszy+private+equity+dla+sp%C3%B3%C5%82ek+portfelowych#.VsTowUByw7s\" target=\"_blank\">wir.bg.ue.wroc.pl\/info\/article\/WUT60ec3d85f1634b1ca3f76ca466e2f228\/Pozafinansowe+korzy%C5%9Bci+z+inwestycji+funduszy+private+equity+dla+sp%C3%B3%C5%82ek+portfelowych#.VsTowUByw7s<\/a><\/li>\n<li>\u201e<em>Mechanizmy wspierania polskiego rynku venture capital: postulaty zmian<\/em>\u201d, Zarz\u0105dzanie i Finanse, nr 2\/2103, cz. 4,Uniwersytet Gda\u0144ski, s. 125-138,<br \/>\n<a href=\"http:\/\/journals.indexcopernicus.com\/abstract.php?icid=1102451\">http:\/\/journals.indexcopernicus.com\/abstract.php?icid=1102451<\/a><\/li>\n<li>\u201e<em>Inwestycje private equity a konkurencyjno\u015b\u0107 polskich przedsi\u0119biorstw<\/em>\u201d , OeconomiaCopernicana, nr 1\/2012, t. 3, s. 89 \u2013 111, <a href=\"http:\/\/bazhum.pl\/bib\/article\/429248\/\" target=\"_blank\">http:\/\/bazhum.pl\/bib\/article\/429248\/<\/a>;<\/li>\n<li>\u201e<em>Prawne aspekty tworzenia i funkcjonowania funduszy private equity. Przegl\u0105d przyj\u0119tych rozwi\u0105za\u0144 w wybranych krajach europejskich<\/em>\u201d, Zeszyty Naukowe PTE, nr 11\/2011, s.297-310,<br \/>\n<a href=\"http:\/\/bazekon.icm.edu.pl\/bazekon\/element\/bwmeta1.element.ekon-element-000171206083?q=470d7c7d-fcd0-4e65-a97f-1e02af5e0c1e$1&amp;qt=IN_PAGE\" target=\"_blank\">http:\/\/bazekon.icm.edu.pl\/bazekon\/element\/bwmeta1.element.ekon-element-000171206083?q=470d7c7d-fcd0-4e65-a97f-1e02af5e0c1e$1&amp;qt=IN_PAGE<\/a>;<\/li>\n<li>\u201e<em>Pa\u0144stwo jako inwestor private equity<\/em>\u201d, Prace Naukowe Uniwersytetu Ekonomicznego we Wroc\u0142awiu, Zarz\u0105dzanie finansami firm: teoria i praktyka, nr 48\/2009, s. 213-220,<br \/>\n<a href=\"http:\/\/bazekon.icm.edu.pl\/bazekon\/element\/bwmeta1.element.ekon-element-000164679703?q=470d7c7d-fcd0-4e65-a97f-1e02af5e0c1e$3&amp;qt=IN_PAGE\" target=\"_blank\">http:\/\/bazekon.icm.edu.pl\/bazekon\/element\/bwmeta1.element.ekon-element-000164679703?q=470d7c7d-fcd0-4e65-a97f-1e02af5e0c1e$3&amp;qt=IN_PAGE<\/a>;<\/li>\n<li>\u201e<em>Wielko\u015b\u0107 i sposoby dezinwestycji funduszy private equity a koniunktura rynku kapita\u0142owym<\/em>\u201d, w: Monografie Politechniki \u0141\u00f3dzkiej \u201eRynki kapita\u0142owe a koniunktura gospodarcza\u201d, nr 1830, \u0141\u00f3d\u017a,\u00a02009, s. 147-157;<\/li>\n<li>\u201e<em>Fundusze private equity stymulatorem rozwoju ma\u0142ych i \u015brednich przedsi\u0119biorstw<\/em>\u201d, w: Finansowanie rozwoju MSP, pod redakcj\u0105 prof. Jerzego Sikorskiego, dr Iwony Przychockiej, Bia\u0142ystok 2009, s.122 \u2013133.<\/li>\n<\/ul>\n","protected":false},"excerpt":{"rendered":"<p>Informacje o konsultacjach:link Zainteresowania badawcze: Inwestycje private equity i venture capital Inwestycje alternatywne Finanse przedsi\u0119biorstw Fuzje i przej\u0119cia Rynek walutowy Walutowe instrumenty pochodne Instrumenty pochodne oparte na stopach procentowych Obszary dydaktyki, szkoleniowe i doradcze: Finanse mi\u0119dzynarodowe Finanse przedsi\u0119biorstw Inwestycje private equity i venture capital Inwestycje alternatywne Pe\u0142nione funkcje: Sekretarz czasopisma Nauki o Finansach (http:\/\/finanse.ue.wroc.pl) Dorobek\u00a0naukowy: [&hellip;]<\/p>\n","protected":false},"author":1,"featured_media":0,"parent":12,"menu_order":5,"comment_status":"closed","ping_status":"closed","template":"","meta":{"footnotes":""},"class_list":["post-298","page","type-page","status-publish","hentry"],"_links":{"self":[{"href":"https:\/\/katfin.ue.wroc.pl\/index.php\/wp-json\/wp\/v2\/pages\/298","targetHints":{"allow":["GET"]}}],"collection":[{"href":"https:\/\/katfin.ue.wroc.pl\/index.php\/wp-json\/wp\/v2\/pages"}],"about":[{"href":"https:\/\/katfin.ue.wroc.pl\/index.php\/wp-json\/wp\/v2\/types\/page"}],"author":[{"embeddable":true,"href":"https:\/\/katfin.ue.wroc.pl\/index.php\/wp-json\/wp\/v2\/users\/1"}],"replies":[{"embeddable":true,"href":"https:\/\/katfin.ue.wroc.pl\/index.php\/wp-json\/wp\/v2\/comments?post=298"}],"version-history":[{"count":3,"href":"https:\/\/katfin.ue.wroc.pl\/index.php\/wp-json\/wp\/v2\/pages\/298\/revisions"}],"predecessor-version":[{"id":302,"href":"https:\/\/katfin.ue.wroc.pl\/index.php\/wp-json\/wp\/v2\/pages\/298\/revisions\/302"}],"up":[{"embeddable":true,"href":"https:\/\/katfin.ue.wroc.pl\/index.php\/wp-json\/wp\/v2\/pages\/12"}],"wp:attachment":[{"href":"https:\/\/katfin.ue.wroc.pl\/index.php\/wp-json\/wp\/v2\/media?parent=298"}],"curies":[{"name":"wp","href":"https:\/\/api.w.org\/{rel}","templated":true}]}}