{"id":294,"date":"2016-02-17T23:05:23","date_gmt":"2016-02-17T22:05:23","guid":{"rendered":"http:\/\/katfin.ue.wroc.pl\/?page_id=294"},"modified":"2016-02-26T20:27:40","modified_gmt":"2016-02-26T19:27:40","slug":"dr-jaroslaw-olejniczak","status":"publish","type":"page","link":"https:\/\/katfin.ue.wroc.pl\/index.php\/pracownicy\/dr-jaroslaw-olejniczak\/","title":{"rendered":"dr Jaros\u0142aw Olejniczak"},"content":{"rendered":"<p><strong>Informacje o konsultacjach:<\/strong><a href=\"https:\/\/www.ue.wroc.pl\/pracownicy\/jaroslaw_olejniczak.html\">link<\/a><\/p>\n<p><strong>Zainteresowania badawcze:<\/strong><\/p>\n<ul>\n<li>mechanizmy redystrybucji \u015brodk\u00f3w publicznych ze szczeg\u00f3lnym uwzgl\u0119dnieniem podsektora samorz\u0105dowego;<\/li>\n<li>spo\u0142ecze\u0144stwo obywatelskie, a w szczeg\u00f3lno\u015bci:\n<ul>\n<li>dzia\u0142alno\u015b\u0107 organizacji non-profit,<\/li>\n<li>bud\u017cet partycypacyjny;<\/li>\n<\/ul>\n<\/li>\n<li>bankowo\u015b\u0107.<\/li>\n<\/ul>\n<p><strong>Obszary dydaktyki, szkoleniowe i doradcze:<\/strong><br \/>\nSzeroko poj\u0119ta problematyka finans\u00f3w publicznych, w tym:<\/p>\n<ul>\n<li>finanse jednostek samorz\u0105du terytorialnego,<\/li>\n<li>dyscyplina finans\u00f3w publicznych,<\/li>\n<li>bud\u017cet zadaniowy,<\/li>\n<li>kontrola zarz\u0105dcza w jsfp,<\/li>\n<li>gospodarka finansowa podmiot\u00f3w sektora finans\u00f3w publicznych.<\/li>\n<\/ul>\n<p>Prowadzone zaj\u0119cia z zakresu finans\u00f3w publicznych na studiach podyplomowych (m.in.):<\/p>\n<ul>\n<li>Rachunkowo\u015b\u0107 bud\u017cetowa i finanse publiczne (<a href=\"https:\/\/www.podyplomowe.ue.wroc.pl\/114,660,rachunkowosc_budzetowa_i_finanse_publiczne.html\" target=\"_blank\">link<\/a>)<\/li>\n<li>Audyt wewn\u0119trzny i kontrola zarz\u0105dcza (<a href=\"https:\/\/www.podyplomowe.ue.wroc.pl\/114,403,audyt_wewnetrzny_i_kontrola_zarzadcza.html\" target=\"_blank\">link<\/a>)<\/li>\n<li>Zam\u00f3wienia publiczne i partnerstwo publiczno-prywatne (<a href=\"https:\/\/www.podyplomowe.ue.wroc.pl\/114,502,zamowienia_publiczne_i_partnerstwo_publiczno_prywatne.html\" target=\"_blank\">link<\/a>)<\/li>\n<li>Zam\u00f3wienia publiczne (przy wsp\u00f3\u0142pracy z PETEKS)(<a href=\"https:\/\/www.podyplomowe.ue.wroc.pl\/114,78,zamowienia_publiczne.html\">link<\/a>)<\/li>\n<li>Szkolenia dla jednostek administracji pa\u0144stwowej oraz jednostek samorz\u0105du terytorialnego.<\/li>\n<\/ul>\n<p>Wsp\u00f3\u0142praca z Uniwersytetem Dzieci (<a href=\"http:\/\/www.uniwersytetdzieci.pl\/uds\/lecturers\/4\/1095\" target=\"_blank\">link<\/a>)<\/p>\n<p>&nbsp;<\/p>\n<p><strong>Cz\u0142onkostwo:<\/strong><\/p>\n<p>International Institute of Public Finance (<a href=\"http:\/\/www.iipf.net\/index.htm\" target=\"_blank\">link<\/a>)<\/p>\n<p><strong>Dorobek\u00a0naukowy:<\/strong><\/p>\n<p><a href=\"https:\/\/www.researchgate.net\/profile\/Jaroslaw_Olejniczak\" target=\"_blank\">Research Gate<\/a><\/p>\n<p><a href=\"https:\/\/scholar.google.pl\/citations?user=kkbciOMAAAAJ&amp;hl=pl&amp;oi=ao\" target=\"_blank\">Google Scholar<\/a><\/p>\n<p><a href=\"http:\/\/wir.bg.ue.wroc.pl\/resultList.seam?t=simple&amp;r=publication&amp;q=&amp;lang=pl&amp;cid=4442\" target=\"_blank\">WIR Biblioteka UE Wroc\u0142aw<\/a><\/p>\n<p><strong>Publikacje:<\/strong><\/p>\n<p>&nbsp;<\/p>\n<ul>\n<li>Bednarska-Olejniczak, D., &amp; Olejniczak, J. (2013). International marketing &#8211; concept, tools, consideration. W P. Jedlicka, P. Jedlicka\u00a0(Red.),\u00a0The International Conference Hradec Economic Days 2013. Economic Development and Management of Regions. Peer-Reviewed\u00a0Conference Proceedings, Part III\u00a0(ss. 276\u2013287). Gaudeamus.<\/li>\n<li>Bednarska-Olejniczak, D., &amp; Olejniczak, J. (2014). Obywatele jako \u015bwiadomi uczestnicy proces\u00f3w decyzjnych w gminach.\u00a0Zeszyty Naukowe\u00a0Wy\u017cszej Szko\u0142y Bankowej we Wroc\u0142awiu, (5 (43)), 15\u201325.<\/li>\n<li>Bednarska-Olejniczak, D., &amp; Olejniczak, J. (2015). Bud\u017cet obywatelski i uczestnictwo m\u0142odych obywateli w dzia\u0142alno\u015bci gmin na przyk\u0142adzie\u00a0student\u00f3w uczelni ekonomicznych Wroc\u0142awia. W P. Jedlicka, P. Jedlicka (Red.),\u00a0Mezinarodni vedecka konference Hradecke ekonomicke dny\u00a02015. Ekonomicky rozvoj a management regionu. Sbornik recenzovanych prispevku. Dil I\u00a0(ss. 62\u201374).<\/li>\n<li>Olejniczak, J. (2013a). Compensatory grant in Polish rural communes\u202f: modification concept and its impact on finance and communes. W V.\u00a0Klimova &amp; V. Zitek, V. Klimova &amp; V. Zitek (Red.),\u00a016th International Colloquium on Regional Sciences. Conference Proceedings\u00a0(ss.\u00a0541\u2013548). Masaryk University. <a href=\"http:\/\/doi.org\/10.5817\/CZ.MUNI.P210-6257-2013-68\" target=\"_blank\">http:\/\/doi.org\/10.5817\/CZ.MUNI.P210-6257-2013-68<\/a><\/li>\n<li>Olejniczak, J. (2013b). Refleksje nad zasadno\u015bci\u0105 funkcjonowania przyj\u0119tego modelu redystrybucji poziomej w polskich gminach w kontek\u015bcie\u00a0poziomu ich rozwoju na przyk\u0142adzie gmin wiejskich.\u00a0Zarz\u0105dzanie i Finanse,\u00a011(2\/3), 303\u2013314.<\/li>\n<li>Olejniczak, J. (2013c). Rozbie\u017cno\u015bci mi\u0119dzy planowanymi a wykonanymi dochodami gmin dolno\u015bl\u0105skich w latach 2007-2009 \u2013 skala,\u00a0przyczyny, mo\u017cliwo\u015bci niwelowania.\u00a0Zeszyty Naukowe Wy\u017cszej Szko\u0142y Bankowej we Wroc\u0142awiu, (1 (33)), 135\u2013145.<\/li>\n<li>Olejniczak, J. (2013d). Zwi\u0105zki mi\u0119dzy poziomem rozwoju gmin a ich kondycj\u0105 finansow\u0105 &#8211; wybrane aspekty. W A. Nedyalkova &amp; M.\u00a0Byczkowska, A. Nedyalkova &amp; M. Byczkowska (Red.),\u00a0Ekonomiczno-zarz\u0105dcze problemy w gospodarce. T. 1\u00a0(ss. 105\u2013117). Wydawnictwo\u00a0Naukowe Pa\u0144stwowej Wy\u017cszej Szko\u0142y Zawodowej im. Jakuba z Parady\u017ca.<\/li>\n<li>Olejniczak, J. (2014). The influence of the horizontal redistribution mechanism under the general subsidy upon the financial situation of\u00a0voivodeships in Poland &#8211; study results [dokument elektroniczny]. W V. Klimova &amp; V. Zitek, V. Klimova &amp; V. Zitek (Red.),\u00a017th International\u00a0Colloquium on Regional Sciences = XVII. Mezinarodni kolokvium o regionalnich vedach\u00a0(ss. 393\u2013401). Masarykova Univerzita\u00a0Spravni Fakulta. Katedra Regionalni Ekonomie a Spravy. <a href=\"http:\/\/doi.org\/10.5817\/CZ.MUNI.P210-6840-2014-49\" target=\"_blank\">http:\/\/doi.org\/10.5817\/CZ.MUNI.P210-6840-2014-49<\/a><\/li>\n<li>Olejniczak, J. (2015a). Fiscal efficiency and stability of own revenues in urban local self-governments\u2019 budgets before, during and after crisis -example from Lower Silesian voivodeship. W V. Klimova &amp; V. Zitek, V. Klimova &amp; V. Zitek (Red.),\u00a018th International Colloquium on\u00a0Regional Sciences. Conference Proceedings = XVIII. Mezinarodni kolokvium o regionalnych vedach. Sbornik prispevku\u00a0(ss. 440\u2013446).\u00a0Masarykova Univerzita Ekonomicko-Spravni Fakulta. Katedra Regionalni Ekonomie a Spravy. <a href=\"http:\/\/doi.org\/10.5817\/CZ.MUNI.P210-6840-2014-49\" target=\"_blank\">http:\/\/doi.org\/10.5817\/CZ.MUNI.P210-7861-<\/a><a href=\"http:\/\/doi.org\/10.5817\/CZ.MUNI.P210-6840-2014-49\" target=\"_blank\">2015-59<\/a><\/li>\n<li>Olejniczak, J. (2015b). Instrumenty podatkowe polityki fiskalnej. W L. Patrza\u0142ek, L. Patrza\u0142ek (Red.),\u00a0Polityka fiskalna w warunkach\u00a0globalizacji\u00a0(ss. 41\u201392). Wydawnictwo Uniwersytetu Ekonomicznego we Wroc\u0142awiu.<\/li>\n<li>Olejniczak, J. (2015c). Should we differentiate systems of own revenues in rural and urban local self-governments\u2019 budgets? Example from\u00a0Lower Silesian voivodeship. W L. Smutka &amp; H. Rezbova, L. Smutka &amp; H. Rezbova (Red.),\u00a0Global Agribusiness and the Rural Economy.\u00a0Proceedings of the 24th International Scientific Conference\u00a0(ss. 324\u2013331). Czech University of Life Science Prague. Faculty of Economics and\u00a0Management.<\/li>\n<li>Olejniczak, J., &amp; Bednarska-Olejniczak, D. (2013). The intergovermental equalization system in Poland in view of the development level of\u00a0rural municipaties in Lower Silesian and Lubuskie Voivodeships. W P. Jedlicka, P. Jedlicka (Red.),\u00a0The International Conference Hradec\u00a0Economic Days 2013. Economic Development and Management of Regions. Peer-Reviewed Conference Proceedings, Part III\u00a0(ss. 288\u2013299).\u00a0Gaudeamus.<\/li>\n<li>Olejniczak, J., &amp; Bednarska-Olejniczak, D. (2014). Consumer behaviours of young poles on the banking services market \u2013 own study results.\u00a0W P. Jedlicka, P. Jedlicka (Red.),\u00a0The International Conference Hradec Economic Days 2014. Economic Development and Management of\u00a0Regions. Peer-Reviewed Conference Proceedings, Part V\u00a0(ss. 105\u2013116). Gaudeamus.<\/li>\n<li>Olejniczak, J., &amp; Bednarska-Olejniczak, D. (2015). Participation of Non-Resident Students in the Creation of Participatory Budget in\u00a0Wroclaw.\u00a0Procedia Economics and Finance, (25), 579\u2013589. <a href=\"http:\/\/doi.org\/10.1016\/S2212-5671(15)00772-8\" target=\"_blank\">http:\/\/doi.org\/10.1016\/S2212-5671(15)00772-8<\/a><\/li>\n<\/ul>\n<p>&nbsp;<\/p>\n","protected":false},"excerpt":{"rendered":"<p>Informacje o konsultacjach:link Zainteresowania badawcze: mechanizmy redystrybucji \u015brodk\u00f3w publicznych ze szczeg\u00f3lnym uwzgl\u0119dnieniem podsektora samorz\u0105dowego; spo\u0142ecze\u0144stwo obywatelskie, a w szczeg\u00f3lno\u015bci: dzia\u0142alno\u015b\u0107 organizacji non-profit, bud\u017cet partycypacyjny; bankowo\u015b\u0107. Obszary dydaktyki, szkoleniowe i doradcze: Szeroko poj\u0119ta problematyka finans\u00f3w publicznych, w tym: finanse jednostek samorz\u0105du terytorialnego, dyscyplina finans\u00f3w publicznych, bud\u017cet zadaniowy, kontrola zarz\u0105dcza w jsfp, gospodarka finansowa podmiot\u00f3w sektora finans\u00f3w [&hellip;]<\/p>\n","protected":false},"author":1,"featured_media":0,"parent":12,"menu_order":16,"comment_status":"closed","ping_status":"closed","template":"","meta":{"footnotes":""},"class_list":["post-294","page","type-page","status-publish","hentry"],"_links":{"self":[{"href":"https:\/\/katfin.ue.wroc.pl\/index.php\/wp-json\/wp\/v2\/pages\/294","targetHints":{"allow":["GET"]}}],"collection":[{"href":"https:\/\/katfin.ue.wroc.pl\/index.php\/wp-json\/wp\/v2\/pages"}],"about":[{"href":"https:\/\/katfin.ue.wroc.pl\/index.php\/wp-json\/wp\/v2\/types\/page"}],"author":[{"embeddable":true,"href":"https:\/\/katfin.ue.wroc.pl\/index.php\/wp-json\/wp\/v2\/users\/1"}],"replies":[{"embeddable":true,"href":"https:\/\/katfin.ue.wroc.pl\/index.php\/wp-json\/wp\/v2\/comments?post=294"}],"version-history":[{"count":3,"href":"https:\/\/katfin.ue.wroc.pl\/index.php\/wp-json\/wp\/v2\/pages\/294\/revisions"}],"predecessor-version":[{"id":303,"href":"https:\/\/katfin.ue.wroc.pl\/index.php\/wp-json\/wp\/v2\/pages\/294\/revisions\/303"}],"up":[{"embeddable":true,"href":"https:\/\/katfin.ue.wroc.pl\/index.php\/wp-json\/wp\/v2\/pages\/12"}],"wp:attachment":[{"href":"https:\/\/katfin.ue.wroc.pl\/index.php\/wp-json\/wp\/v2\/media?parent=294"}],"curies":[{"name":"wp","href":"https:\/\/api.w.org\/{rel}","templated":true}]}}