{"id":280,"date":"2016-02-08T14:14:44","date_gmt":"2016-02-08T13:14:44","guid":{"rendered":"http:\/\/katfin.ue.wroc.pl\/?page_id=280"},"modified":"2016-02-26T20:25:42","modified_gmt":"2016-02-26T19:25:42","slug":"prof-dr-hab-dorota-korenik","status":"publish","type":"page","link":"https:\/\/katfin.ue.wroc.pl\/index.php\/pracownicy\/prof-dr-hab-dorota-korenik\/","title":{"rendered":"prof. dr hab. Dorota Korenik"},"content":{"rendered":"<p><strong>Informacje o konsultacjach<\/strong>\u00a0\u2013&gt; <a title=\"dr Alicja Brodzka\" href=\"http:\/\/www.ue.wroc.pl\/pracownicy\/dorota_korenik.html\" target=\"_blank\">link<\/a><\/p>\n<p><strong>Zainteresowania badawcze<\/strong>:<\/p>\n<p>po\u015brednictwo finansowe, bankowo\u015b\u0107 operacyjna (komercyjna, sp\u00f3\u0142dzielcza), ekonomika i finanse banku, wsp\u00f3\u0142praca banku z klientami, innowacyjne us\u0142ugi i produkty bankowe oraz finansowe, zjawiska i procesy w sektorze bankowo-finansowym, alternatywne us\u0142ugi finansowe, banki i parabanki, jednostki gospodaruj\u0105ce (gospodarstwa domowe, podmioty gospodarcze, samorz\u0105d terytorialny) na rynku us\u0142ug bankowo-finansowych, nowoczesne metody finansowania zada\u0144 publicznych z udzia\u0142em banku (np. partnerstwo publiczno-prywatne)<\/p>\n<p><strong>Obszary dydaktyki, szkoleniowe i doradcze<\/strong>:<\/p>\n<p>bankowo\u015b\u0107, us\u0142ugi bankowo- finansowe, zwi\u0105zki bank\u00f3w z samorz\u0105dem terytorialnym, nowoczesne metody finansowania dzia\u0142alno\u015bci gospodarczej z udzia\u0142em instytucji kredytowych<\/p>\n<p><strong>Inne informacje:<\/strong><\/p>\n<ul>\n<li>Wyr\u00f3\u017cnienie indywidualn\u0105 nagrod\u0105 ministerialn\u0105 za monografi\u0119: <em>Oszcz\u0119dzanie indywidualne w Polsce. Produkty r\u00f3\u017cnych po\u015brednik\u00f3w i ich atrakcyjno\u015b\u0107<\/em>, wyd. AE we Wroc\u0142awiu, Wroc\u0142aw 2003<\/li>\n<li>Wyk\u0142adowca na studiach podyplomowych na UE z zakresu bankowo\u015bci, finans\u00f3w i ekonomiki ochrony zdrowia;<\/li>\n<li>Wsp\u00f3\u0142praca z gremiami bran\u017cowymi\/\u015brodowiskowymi dzia\u0142aj\u0105cymi na rzecz rozwoju gospodarki, np. Zwi\u0105zkiem Faktor\u00f3w Polskich, Urz\u0119dem Marsza\u0142kowskim Wojew\u00f3dztwa Dolno\u015bl\u0105skiego;<\/li>\n<li>Udzia\u0142 w r\u00f3\u017cnych regionalnych gremiach naukowych, np. Cz\u0142onek Rady Programowej periodyku naukowego \u201eProblemy zarz\u0105dzania, finans\u00f3w i marketingu\u201d Uniwersytet Szczeci\u0144ski, etc.<\/li>\n<\/ul>\n<p>&nbsp;<\/p>\n<p><strong>Realizowane projekty badawcze:<\/strong><\/p>\n<ul>\n<li>Kierownik metodologiczno-naukowy: Projekt wsp\u00f3\u0142finansowany jest ze \u015brodk\u00f3w Unii Europejskiej w ramach Europejskiego Funduszu Spo\u0142ecznego: <em>PORTRETY SZPITALI &#8211; MAPY MO\u017bLIWO\u015aCI, czyli\u00a0 monitorowanie jako\u015bci us\u0142ug publicznych i benchmarking z zakresu nadzoru nad funkcjonowaniem szpitali, dla kt\u00f3rych organem za\u0142o\u017cycielskim jest jednostka samorz\u0105du terytorialnego,<\/em>Nr umowy: UDA-POKL.05.02.01-00-115\/10-00, okres trwania Projektu: 2011-2015.<\/li>\n<li>Kierownik projektu mi\u0119dzynarodowego: \u201eBadanie partnerstw publiczno-prywatnych jako instrument\u00f3w do realizacji projektu infrastrukturalnego na obszarze granicznym Saksonii i Polski (PPPSAXPOL)\u201d, nr\u00a0wniosku 100068565, Partner wiod\u0105cy TU Bergakademie Freiberg, Program Operacyjny Wsp\u00f3\u0142pracy Zagranicznej Polska-Saksonia 2007-2013<\/li>\n<\/ul>\n<p>&nbsp;<\/p>\n<p><strong>Opieka naukowa (doktoraty):<\/strong><\/p>\n<p>Promotorstwo \u2013 zako\u0144czone<\/p>\n<ol>\n<li>Berezowska, <em>System finansowy samorz\u0105du wojew\u00f3dzkiego (na przyk\u0142adzie wojew\u00f3dztwa dolno\u015bl\u0105skiego)<\/em>, AE we Wroc\u0142awiu 2003<\/li>\n<li>P\u00f3\u0142torak: <em>Seku<\/em><em>rytyzacja aktyw\u00f3w w finansowaniu dzia\u0142alno\u015bci bank\u00f3w hipotecznych w Polsce<\/em>, AE we Wroc\u0142awiu 2004<\/li>\n<li>Kisiel: <em>Wykorzystanie Internetu w kreowaniu konkurencyjno\u015bci bank\u00f3w w Polsce,<\/em> AE we Wroc\u0142awiu 2004<\/li>\n<li>Kociemska-Pociecha, <em>W<\/em><em>ykorzystanie bancassurrance przez samorz\u0105d wojew\u00f3dztwa<\/em>, AE we Wroc\u0142awiu 2005<\/li>\n<li>Arendarski, <em>Wykorzystywanie produkt\u00f3w bankowych przez miasta na prawach powiatu<\/em>, AE we Wroc\u0142awiu 2007<\/li>\n<li>Wieprow, <em>Gospodarowanie zabytkami nieruchomymi w Polsce po 1989 roku<\/em>, AE we Wroc\u0142awiu 2008<\/li>\n<li>Witczak, <em>System kontraktowania \u015bwiadcze\u0144 zdrowotnych a dzia\u0142alno\u015b\u0107 stacjonarnych Niepublicznych Zak\u0142ad\u00f3w Opieki Zdrowotnej w Polsce<\/em>, AE we Wroc\u0142awiu 2008<\/li>\n<li>Uzna\u0144ska, <em>Ryzyko d\u0142ugowieczno\u015bci spo\u0142ecze\u0144stwa a rynkowe instrumenty finansowe<\/em>, UE we Wroc\u0142awiu 2013<\/li>\n<li>Strzelczyk, <em>Kszta\u0142towanie d\u0142ugu konsument\u00f3w wobec bank\u00f3w w operacjach zwi\u0105zanych z kartami kredytowymi<\/em>, UE we Wroc\u0142awiu 2013<\/li>\n<\/ol>\n<p>Opieka naukowa: 4 doktorant\u00f3w<\/p>\n<p>&nbsp;<\/p>\n<p><strong>Dorobek naukowy:<\/strong><\/p>\n<ul>\n<li>Bazekon ue wroc<\/li>\n<\/ul>\n<p><a href=\"http:\/\/wir.bg.ue.wroc.pl\/info\/author\/WUT289515\/Dorota%2BKorenik\" target=\"_blank\">http:\/\/wir.bg.ue.wroc.pl\/info\/author\/WUT289515\/Dorota%2BKorenik<\/a><\/p>\n<p><a href=\"http:\/\/www.bg.ue.wroc.pl\/index.php\/bazy-danych\" target=\"_blank\">http:\/\/www.bg.ue.wroc.pl\/index.php\/bazy-danych<\/a><\/p>\n<ul>\n<li>Baza scholar.google:<\/li>\n<\/ul>\n<p><a href=\"https:\/\/www.bfg.pl\/sites\/default\/files\/dokumenty\/bezp.bank_3-2011_.pdf#page=22\" target=\"_blank\">https:\/\/www.bfg.pl\/sites\/default\/files\/dokumenty\/bezp.bank_3-2011_.pdf#page=22<\/a><\/p>\n<p><a href=\"http:\/\/zif.wzr.pl\/pim\/2013_2_1_26.pdf\" target=\"_blank\">http:\/\/zif.wzr.pl\/pim\/2013_2_1_26.pdf<\/a><\/p>\n<p><a href=\"http:\/\/www.wzieu.pl\/zn\/683\/ZN_683.pdf#page=150\" target=\"_blank\">http:\/\/www.wzieu.pl\/zn\/683\/ZN_683.pdf#page=150<\/a><\/p>\n<p><a href=\"http:\/\/www.wydawnictwo.wsb.pl\/sites\/www.wydawnictwo.wsb.pl\/files\/czasopisma-tresc\/zn_poznan_41_2012.pdf#page=85\" target=\"_blank\">http:\/\/www.wydawnictwo.wsb.pl\/sites\/www.wydawnictwo.wsb.pl\/files\/czasopisma-tresc\/zn_poznan_41_2012.pdf#page=85<\/a><\/p>\n<p><a href=\"http:\/\/www.wzieu.pl\/zn\/841\/ZN_841.pdf#page=125\" target=\"_blank\">http:\/\/www.wzieu.pl\/zn\/841\/ZN_841.pdf#page=125<\/a><br \/>\n<strong style=\"line-height: 1.5;\">Monografie:<\/strong><\/p>\n<ol>\n<li>D. Korenik: <em>Faktoring w bankowo\u015bci<\/em>. <em>Strategia przysz\u0142o\u015bci<\/em>, CeDeWu Wydawnictwa Fachowe, Warszawa 2007<\/li>\n<li>Korenik (red.): <em>Innowacyjne us\u0142ugi banku<\/em>, WN PWN Warszawa 2006<\/li>\n<li>Korenik, S. Korenik: <em>Podstawy finans\u00f3w,<\/em> WN PWN, Warszawa 2004<\/li>\n<li>Korenik (red.): <em>Perspektywy wsp\u00f3\u0142pracy banku z samorz\u0105dem terytorialnym w Polsce<\/em>, wyd. AE we Wroc\u0142awiu, Wroc\u0142aw 2005<\/li>\n<li>Korenik, S. Korenik: <em>Stosunki samorz\u0105dowo-bankowe a rozw\u00f3j spo\u0142eczno-ekonomiczny w przestrzeni<\/em>, CeDeWu Wydawnictwa Fachowe, Warszawa 2007<\/li>\n<li>Korenik: <em>Oszcz\u0119dzanie indywidualne w Polsce. Produkty r\u00f3\u017cnych po\u015brednik\u00f3w i ich atrakcyjno\u015b\u0107<\/em>, wyd. AE we Wroc\u0142awiu, Wroc\u0142aw 2003<\/li>\n<li>Korenik: <em>Konkurencyjno\u015b\u0107 i konkurencja bank\u00f3w polskich od lat dziewi\u0119\u0107dziesi\u0105tych XX wieku (rynek klient\u00f3w indywidualnych i gospodarczych)<\/em>, wyd. AE we Wroc\u0142awiu, Wroc\u0142aw 2002<\/li>\n<\/ol>\n<p><strong>Podr\u0119czniki akademickie\/uczelniane:<\/strong><\/p>\n<ol>\n<li>Korenik, <em>Bankowo\u015b\u0107 korporacyjna<\/em>, oraz <em>Bankowo\u015b\u0107 hipoteczna<\/em>, [w:]<em> Us\u0142ugi i procedury bankowe<\/em>,( red. E. Bogacka-Kisiel), wyd. AE we Wroc\u0142awiu, Wroc\u0142aw 1999<\/li>\n<li>D. Korenik: <em>Us\u0142ugi finansowe dla gmin<\/em>, wyd. Wy\u017csza Szko\u0142a Zarz\u0105dzania i Finans\u00f3w we Wroc\u0142awiu, Wroc\u0142aw 2003<\/li>\n<\/ol>\n<p><strong>Artyku\u0142y naukowe:<\/strong><\/p>\n<p>Ponad 400, przyk\u0142adowe z nich to:<\/p>\n<ul>\n<li>Korenik, <em>Jeremie jako innowacyjne narz\u0119dzie oddzia\u0142ywania na regionalny sektor bankowy<\/em>, Studia Ekonomiczne, Zeszyty Naukowe Wydzia\u0142owe 174, Katowice 2013<\/li>\n<li>D.Korenik, <em>Formy oddzia\u0142ywania samorz\u0105du terytorialnego na regionalny\u00a0<\/em><em>sektor finansowy<\/em>, w: Gospodarka i przestrze\u0144, Prace Naukowe Uniwersytetu Ekonomicznego we Wroc\u0142awiu, nr 341, UE we Wroc\u0142awiu, Wroc\u0142aw 2014<\/li>\n<li>D.Korenik<em>, <\/em><em>Innowacje w us\u0142ugach faktoringowych w Polsce<\/em>, w: Innowacje a wzrost gospodarczy. Cz\u0119\u015b\u0107 1, Zeszyty Naukowe Wydzia\u0142owe: Studia Ekonomiczne nr 186, UE w Katowicach, Katowice 2014,<\/li>\n<li>Korenik, <em>Koncepcja nowego podej\u015bcia banku do finansowania przedsi\u0119wzi\u0119\u0107 realizowanych w ramach partnerstwa publiczno-prywatnego<\/em>, w: Kwartalnik Kolegium Ekonomiczno-Spo\u0142ecznego. Studia i Prace, nr 3 tom 2\/2015, Oficyna Wydawnicza SGH w Warszawie<\/li>\n<li>Korenik, <em>Spo\u0142eczna odpowiedzialno\u015b\u0107 biznesu bankowego jako fundament bezpiecze\u0144stwa sektora bankowego i jego przydatno\u015bci dla gospodarki<\/em>, w: Wp\u0142yw etyki na bezpiecze\u0144stwo obrotu, Texter, Warszawa 2015<\/li>\n<li>Korenik D., <em>A bank\u2019s public responsibility and its types<\/em>, w: G.Hofbauer i inni, Challenges, Research and Perspectives, Trust in social, economic and financial relations: Herausforderungen, Forschung, und Perspektiven, Vertrauen in soziale, wirtschaftliche und finanzielle Beziehungen, wyd. uni-edition, Berlin 2015<\/li>\n<li>Korenik: <em>Non-banking financial intermediares in the strategy of a bank in the retail market<\/em>. \u201cArgumenta Oeconomica\u201d No 1-2 \/ 2000<\/li>\n<li>Korenik: <em>The intelligentce agency in the competitive strategy of local bank, \u201c<\/em>Argumenta Oeconomica\u201d, AE Wroc\u0142aw, Wroc\u0142aw 2001, nr 10<\/li>\n<li>Korenik: <em>Apraisal criteria for the financial system of polish voivodeship self-government<\/em>, \u201cArgumeta Oeconomica\u201d 2002, nr 2,<\/li>\n<li>Korenik: <em>Polish regulations concerning special purpose reserve \u2013 changes and consequences for banks<\/em>, \u201cArgumenta Oeconomica\u201d 2003, No 1-2<\/li>\n<li>D. Korenik: <em>Special Purpose Reserve in the Policy of a Commercial Bank<\/em>, \u201cArgumenta Ocenomica\u201d 2004, nr 16 (2),<\/li>\n<li>Korenik: <em>Accountancy and taxation aspects of the bank\u2019s reserves tied with the credit risk-the evolutionary formulation<\/em>, [w:] <em>Ucetnictvi a dane po vstupu Ceske republiky, Polske republiky a Slovenske republiky do EU<\/em>, Sbornik mezinarodni vedecke conference, wyd. Vysoka Skola Banska \u2013 Technicka Univerzita Ostrava, Ekonomicka Fakulta, Ostrava 2005, s. 223-229.<\/li>\n<li>Korenik: <em>The Role of the Voivodship Contract in Regional Development Within Poland<\/em>, [w:] <em>Problems of the Functioning of Local Self-Government<\/em>, Economic and Environmental Studies No. 4\/2003, wyd. Opole University, s. 181 \u2013 190.<\/li>\n<li>Korenik: <em>Directions of changes in the legal and regulatory environment for the operations of a mortgage bank in Poland, <\/em>[w:] <em>Finance and accounting in science, tuition and practice &#8211; Finance a ucetnictvi ve vede, vyuce a praxi<\/em>, wyd. Univerzita Tomase Bati ve Zline, Zlin 2005, s. 95 oraz strony na CD (rozmiar 175 KB), ISBN 80-7318-288-2.<\/li>\n<li>Korenik: <em>New tools of individual savings In Poland<\/em>, [w:] <em>Zarz\u0105dzanie finansami \u2013 biznes, bankowo\u015b\u0107 i finanse na rynkach wschodz\u0105cych<\/em>, tom. I, red. D. Zarzecki, wyd. Uniwersytet Szczeci\u0144ski, Uniwersytet P\u00f3\u0142nocnej Malezji, Szczecin 2005, s. 123-132.<\/li>\n<li>Korenik: <em>Public Engaging in infrastructure projects<\/em>, [w:] <em>Environmental engineering<\/em>, volume 2 red. D. Cygas, K.D. Froehner, wyd. Vilnius Gediminas Technical University Press \u201cTechnika\u201d, Wilno 2005, posta\u0107 CD, ISBN 9986-05-858-9.<\/li>\n<li>Korenik: <em>Efficiency of the Local Governments Administration in Absorbing Financial Recources from European Union (on the Empirical Example)<\/em>, [w:] <em>Spatial Economy and Self-government Administration<\/em>, Biblioteka Regionalisty No 2\/2005, wyd. Katedra Gospodarki Przestrzennej i Administracji Samorz\u0105dowej AE we Wroc\u0142awiu, Wroc\u0142aw 2005, s. 89-96.<\/li>\n<li>Korenik: <em>The issue of effective absorption of the European Union Funds by the local government \u2013 the banks\u2019 role<\/em>, [w:] <em>The Development of Polish Social and Economic Space at the Beginning of the 21st Century (Chosen aspects)<\/em>, Studia Regionalia Vol. 17, wyd. Polish Academy of Sciences Committee for Spatial Economy and Regional Planning, STUDIA REGIONALIA, Warszawa 2006, s. 28-37.<\/li>\n<li>Korenik: <em>Barriers for the Development of Crediting by Mortage Banks Housing Sector in Poland<\/em>, [w:] <em>Ekonomika ir vadyba: Aktualijos ir perspektyvos,<\/em> wyd. Siauliai University, Siauliai 2005, nr 5, s.180-183.<\/li>\n<li>D. Korenik: <em>Spiecifika bankiwskich klientiw i produktiw u Polszi<\/em>,<em>\u00a0 <\/em>[w:]<em> Ewolucija bankiwskoj sistemi Polszi<\/em>, red. M. \u017bukowski, wyd. UMCS, Lublin 2006, s.256-268.<\/li>\n<\/ul>\n<p><i>\u00a0<\/i><i><\/i><\/p>\n<p><b>\u00a0<\/b><\/p>\n","protected":false},"excerpt":{"rendered":"<p>Informacje o konsultacjach\u00a0\u2013&gt; link Zainteresowania badawcze: po\u015brednictwo finansowe, bankowo\u015b\u0107 operacyjna (komercyjna, sp\u00f3\u0142dzielcza), ekonomika i finanse banku, wsp\u00f3\u0142praca banku z klientami, innowacyjne us\u0142ugi i produkty bankowe oraz finansowe, zjawiska i procesy w sektorze bankowo-finansowym, alternatywne us\u0142ugi finansowe, banki i parabanki, jednostki gospodaruj\u0105ce (gospodarstwa domowe, podmioty gospodarcze, samorz\u0105d terytorialny) na rynku us\u0142ug bankowo-finansowych, nowoczesne metody finansowania zada\u0144 [&hellip;]<\/p>\n","protected":false},"author":1,"featured_media":0,"parent":12,"menu_order":12,"comment_status":"closed","ping_status":"closed","template":"","meta":{"footnotes":""},"class_list":["post-280","page","type-page","status-publish","hentry"],"_links":{"self":[{"href":"https:\/\/katfin.ue.wroc.pl\/index.php\/wp-json\/wp\/v2\/pages\/280","targetHints":{"allow":["GET"]}}],"collection":[{"href":"https:\/\/katfin.ue.wroc.pl\/index.php\/wp-json\/wp\/v2\/pages"}],"about":[{"href":"https:\/\/katfin.ue.wroc.pl\/index.php\/wp-json\/wp\/v2\/types\/page"}],"author":[{"embeddable":true,"href":"https:\/\/katfin.ue.wroc.pl\/index.php\/wp-json\/wp\/v2\/users\/1"}],"replies":[{"embeddable":true,"href":"https:\/\/katfin.ue.wroc.pl\/index.php\/wp-json\/wp\/v2\/comments?post=280"}],"version-history":[{"count":5,"href":"https:\/\/katfin.ue.wroc.pl\/index.php\/wp-json\/wp\/v2\/pages\/280\/revisions"}],"predecessor-version":[{"id":290,"href":"https:\/\/katfin.ue.wroc.pl\/index.php\/wp-json\/wp\/v2\/pages\/280\/revisions\/290"}],"up":[{"embeddable":true,"href":"https:\/\/katfin.ue.wroc.pl\/index.php\/wp-json\/wp\/v2\/pages\/12"}],"wp:attachment":[{"href":"https:\/\/katfin.ue.wroc.pl\/index.php\/wp-json\/wp\/v2\/media?parent=280"}],"curies":[{"name":"wp","href":"https:\/\/api.w.org\/{rel}","templated":true}]}}