{"id":256,"date":"2016-01-24T15:59:30","date_gmt":"2016-01-24T14:59:30","guid":{"rendered":"http:\/\/katfin.ue.wroc.pl\/?page_id=256"},"modified":"2019-03-27T12:25:58","modified_gmt":"2019-03-27T11:25:58","slug":"empiryczne","status":"publish","type":"page","link":"https:\/\/katfin.ue.wroc.pl\/index.php\/konferencje\/archiwum-konferencji\/finstat-archiwum\/empiryczne\/","title":{"rendered":"Konferencja <br\/>&#8222;Finanse &#8211; Statystyka &#8211; Badania empiryczne&#8221;<br\/>listopad 2016"},"content":{"rendered":"<table>\n<tbody>\n<tr>\n<td width=\"50%\"><img loading=\"lazy\" decoding=\"async\" class=\"aligncenter wp-image-261\" src=\"http:\/\/katfin.ue.wroc.pl\/wp-content\/uploads\/2016\/01\/logo_pan.png\" alt=\"logo_pan\" width=\"169\" height=\"169\" srcset=\"https:\/\/katfin.ue.wroc.pl\/wp-content\/uploads\/2016\/01\/logo_pan.png 281w, https:\/\/katfin.ue.wroc.pl\/wp-content\/uploads\/2016\/01\/logo_pan-150x150.png 150w\" sizes=\"auto, (max-width: 169px) 100vw, 169px\" \/><\/td>\n<td><img loading=\"lazy\" decoding=\"async\" class=\"aligncenter wp-image-260\" src=\"http:\/\/katfin.ue.wroc.pl\/wp-content\/uploads\/2016\/01\/logo_ue.png\" alt=\"logo_ue\" width=\"297\" height=\"67\" srcset=\"https:\/\/katfin.ue.wroc.pl\/wp-content\/uploads\/2016\/01\/logo_ue.png 495w, https:\/\/katfin.ue.wroc.pl\/wp-content\/uploads\/2016\/01\/logo_ue-300x67.png 300w\" sizes=\"auto, (max-width: 297px) 100vw, 297px\" \/><\/td>\n<\/tr>\n<\/tbody>\n<\/table>\n<p align=\"center\"><b>Katedra Finans\u00f3w oraz Katedra Prognoz i Analiz Gospodarczych<br \/>\n<\/b><b>Uniwersytetu Ekonomicznego we Wroc\u0142awiu<br \/>\n<\/b>serdecznie zapraszaj\u0105 na<\/p>\n<p align=\"center\"><b>Og\u00f3lnopolsk\u0105 Konferencj\u0119 Naukow\u0105<br \/>\n<\/b><b>FINANSE \u2013 STATYSTYKA \u2013 BADANIA EMPIRYCZNE<br \/>\n<\/b><b>pod honorowym patronatem<br \/>\n<\/b><b>Komitetu Nauk o Finansach<br \/>\n<\/b><b>Polskiej Akademii Nauk<\/b><b>&nbsp;<\/b><\/p>\n<p align=\"center\">kt\u00f3ra odb\u0119dzie si\u0119 <b>26 pa\u017adziernika 2016<\/b> na Uniwersytecie Ekonomicznym we Wroc\u0142awiu<\/p>\n<p><b>Celem<\/b> konferencji jest prezentacja wynik\u00f3w bada\u0144 empirycznych prowadzonych z&nbsp;wykorzystaniem narz\u0119dzi statystycznych w finansach.<\/p>\n<p style=\"text-align: center;\"><strong><a href=\"http:\/\/katfin.ue.wroc.pl\/index.php\/konferencje\/empiryczne\/program-konferencji\/\">Zobacz program konferencji<\/a> lub <a href=\"http:\/\/katfin.ue.wroc.pl\/wp-content\/uploads\/2016\/10\/FINSTAT-program.pdf\">pobierz program w pliku PDF<\/a><\/strong><\/p>\n<p>Badania mog\u0105 dotyczy\u0107 w szczeg\u00f3lno\u015bci:<\/p>\n<ul>\n<li>Bankowo\u015bci<\/li>\n<li>Finans\u00f3w behawioralnych<\/li>\n<li>Finans\u00f3w osobistych<\/li>\n<li>Finans\u00f3w mi\u0119dzynarodowych<\/li>\n<li>Finansowania nieruchomo\u015bci<\/li>\n<li>Finans\u00f3w przedsi\u0119biorstw<\/li>\n<li>Finans\u00f3w publicznych<\/li>\n<li>Rynku kapita\u0142owego<\/li>\n<li>Ubezpiecze\u0144<\/li>\n<\/ul>\n<p><span style=\"line-height: 1.5;\">Przewidywane s\u0105 sesje z referatami wyg\u0142aszanymi w j\u0119zyku polskim oraz sesje z referatami wyg\u0142aszanymi w j\u0119zyku angielskim.&nbsp;<\/span>Udzia\u0142 w konferencji jest <b>bezp\u0142atny (bez publikacji)<\/b>.<\/p>\n<p><a href=\"http:\/\/katfin.ue.wroc.pl\/index.php\/konferencje\/empiryczne\/konspekty-referatow\/\">Zapraszamy do zapoznania si\u0119 z konspektami referat\u00f3w.<\/a><\/p>\n<p style=\"text-align: center;\"><img loading=\"lazy\" decoding=\"async\" class=\"size-medium wp-image-567 aligncenter\" src=\"http:\/\/katfin.ue.wroc.pl\/wp-content\/uploads\/2016\/01\/statsoft-300x105.png\" alt=\"statsoft\" width=\"300\" height=\"105\" srcset=\"https:\/\/katfin.ue.wroc.pl\/wp-content\/uploads\/2016\/01\/statsoft-300x105.png 300w, https:\/\/katfin.ue.wroc.pl\/wp-content\/uploads\/2016\/01\/statsoft.png 367w\" sizes=\"auto, (max-width: 300px) 100vw, 300px\" \/><\/p>\n<p style=\"text-align: left;\">Sponsorem konferencji jest firma StatSoft<\/p>\n<p><b>&nbsp;<\/b><b>Publikacja<\/b><\/p>\n<p>Zach\u0119camy uczestnik\u00f3w&nbsp;konferencji do samodzielnego zamieszczania artyku\u0142\u00f3w w czasopismach <a href=\"http:\/\/finanse.ue.wroc.pl\/?page_id=39\" target=\"_blank\" rel=\"noopener\">&#8222;Nauki&nbsp;o Finansach&#8221;<\/a>&nbsp;oraz <a href=\"http:\/\/econometrics.ue.wroc.pl\/?page_id=57\" target=\"_blank\" rel=\"noopener\">&#8222;Ekonometria&#8221;<\/a> przez system SENIR w dowolnym momencie&nbsp;(nab\u00f3r w trybie ci\u0105g\u0142ym). Uczestnik\u00f3w zainteresowanych publikacj\u0105 w<br \/>\npokonferencyjnych &#8222;Zeszytach Naukowych&#8221; (10 pkt) powiadomimy o takiej<br \/>\nmo\u017cliwo\u015bci podczas konferencji.<\/p>\n<p>Koszt publikacji w \u201ePracach Naukowych UE we Wroc\u0142awiu\u201d, \u201eNaukach o Finansach\u201d oraz \u201eEkonometrii\u201d zgodny z informacj\u0105 zamieszczon\u0105 na stronach czasopism.<\/p>\n<p><b>Kalendarz organizacyjny<\/b><\/p>\n<ul>\n<li>do <b>30.04.2016r.<\/b> \u2013 <a href=\"http:\/\/katfin.ue.wroc.pl\/index.php\/konferencje\/empiryczne\/rejestracja\/\">zg\u0142oszenie udzia\u0142u w konferencji poprzez wype\u0142nienie formularza na stronie internetowej<\/a><\/li>\n<li>do&nbsp; <b>10.05 2016r.<\/b> \u2013 potwierdzenie przez organizator\u00f3w konferencji zakwalifikowania referatu do wyg\u0142oszenia;<\/li>\n<li>do <strong>30<\/strong><b>.09.2016r<\/b>. \u2013 przes\u0142anie referatu lub konspektu referatu zawieraj\u0105cego:<\/li>\n<\/ul>\n<ol>\n<li>dane Autora\/Autorki (imi\u0119 i nazwisko, tytu\u0142 naukowy, uczelnia, katedra),<\/li>\n<li>tytu\u0142 referatu,<\/li>\n<li>okre\u015blenie problemu badawczego,<\/li>\n<li>sformu\u0142owanie celu bada\u0144,<\/li>\n<li>sformu\u0142owanie pyta\u0144 badawczych lub hipotez badawczych,<\/li>\n<li>opis danych i metodologii,<\/li>\n<li>wyniki,<\/li>\n<li>wnioski.<\/li>\n<\/ol>\n<p><span style=\"line-height: 1.5;\">Przes\u0142anie referatu (lub konspektu) w podanym terminie jest <\/span><span style=\"text-decoration: underline;\">warunkiem uczestnictwa w konferencji&nbsp;<\/span><span style=\"text-decoration: underline;\">jako referent<\/span><span style=\"line-height: 1.5;\">. Referat (lub konspekt) zostanie zamieszczony na stronie konferencji. Referat w formacie PDF nale\u017cy przes\u0142a\u0107 poczt\u0105 elektroniczn\u0105 na adres <\/span><a style=\"line-height: 1.5;\" href=\"mailto:empiryczne@ue.wroc.pl\">empiryczne@ue.wroc.pl<\/a><span style=\"line-height: 1.5;\">. Otrzymanie przesy\u0142ki zostanie potwierdzone przez organizator\u00f3w osobn\u0105 wiadomo\u015bci\u0105 e-mail.<\/span><\/p>\n<ul>\n<li>&nbsp;po <strong>30<\/strong><b>.09.2016 r. \u2013<\/b> zamieszczenie przez organizator\u00f3w programu konferencji na stronie konferencji i przes\u0142anie go uczestnikom.<\/li>\n<\/ul>\n<p><b>Informacje dodatkowe<\/b><\/p>\n<p><span style=\"line-height: 1.5;\">Organizatorzy zapewniaj\u0105 uczestnikom mi\u0142\u0105 atmosfer\u0119, dyskusj\u0119 naukow\u0105, pocz\u0119stunek&nbsp; w przerwach kawowych oraz lunch.<\/span><\/p>\n<p><strong>Zakwaterowanie<\/strong><\/p>\n<p>Rekomendowane hotele:<\/p>\n<ul>\n<li><a href=\"http:\/\/www.dds.ue.wroc.pl\/\" target=\"_blank\" rel=\"noopener\">Dom Studencki &#8211; pokoje go\u015bcinne&nbsp;<\/a><\/li>\n<li><a href=\"http:\/\/www.premiereclasse.com\/pl\/hotels\/premiere-classe-wroclaw-centrum\" target=\"_blank\" rel=\"noopener\">Hotel Premiere Classe Wroclaw <\/a>Centrum (ul.\u015al\u0119\u017cna 28)<\/li>\n<li><a href=\"http:\/\/www.campanile-wroclaw-centrum.pl\/pl\" target=\"_blank\" rel=\"noopener\">Campanile Wroc\u0142aw Centrum<\/a> (ul.\u015al\u0119\u017cna 26)<\/li>\n<li><a href=\"http:\/\/www.accorhotels.com\/pl\/hotel-6603-ibis-budget-wroclaw-poludnie\/index.shtml\" target=\"_blank\" rel=\"noopener\">Ibis Budget Wroc\u0142aw Po\u0142udnie<\/a> (Wy\u015bcigowa 35A) &#8211; przy wczesnej rezerwacji&nbsp;pok\u00f3j 1-osobowy w cenie 59 z\u0142<\/li>\n<\/ul>\n<p style=\"text-align: center;\"><b>Komitet Naukowy<\/b><\/p>\n<p align=\"center\">Prof. zw. dr hab., dr h.c. Krzysztof Jajuga \u2013 Uniwersytet Ekonomiczny we Wroc\u0142awiu<br \/>\nProf. zw. dr hab. Jacek Karwowski \u2013 Uniwersytet Ekonomiczny we Wroc\u0142awiu<br \/>\nProf. zw. dr hab. Leszek Patrza\u0142ek \u2013 Uniwersytet Ekonomiczny we Wroc\u0142awiu<br \/>\nProf. zw. dr hab. W\u0142odzimierz Szkutnik \u2013 Uniwersytet Ekonomiczny w Katowicach<br \/>\nDr hab. Filip Chybalski \u2013 prof. nadzw. Politechniki \u0141\u00f3dzkiej<br \/>\nDr hab. Ireneusz Kuropka \u2013 prof. nadzw. Uniwersytetu Ekonomicznego we Wroc\u0142awiu<br \/>\nDr hab. Marta Maciejasz-\u015awi\u0105tkiewicz \u2013 Uniwersytet Opolski|<br \/>\nDr hab. Katarzyna Perez \u2013 prof. nadzw. Uniwersytetu Ekonomicznego w Poznaniu<br \/>\nDr hab. Tomasz S\u0142o\u0144ski, prof. nadzw. Uniwersytetu Ekonomicznego we Wroc\u0142awiu<br \/>\nDr hab. Anna Zamojska \u2013 prof. nadzw. Uniwersytetu Gda\u0144skiego<\/p>\n<p align=\"center\"><strong>Komitet organizacyjny<\/strong><\/p>\n<p>dr Iwona Dittmann &#8211; przewodnicz\u0105ca<br \/>\ndr Aleksandra Szpulak &#8211; sekretarz<br \/>\ndr Micha\u0142 Kisiel<br \/>\ndr Jaros\u0142aw Olejniczak<br \/>\nmgr Karolina Maciocha<\/p>\n<p><b>Kontakt:<\/b><\/p>\n<p><a href=\"mailto:empiryczne@ue.wroc.pl\">empiryczne@ue.wroc.pl<\/a><\/p>\n","protected":false},"excerpt":{"rendered":"<p>Katedra Finans\u00f3w oraz Katedra Prognoz i Analiz Gospodarczych Uniwersytetu Ekonomicznego we Wroc\u0142awiu serdecznie zapraszaj\u0105 na Og\u00f3lnopolsk\u0105 Konferencj\u0119 Naukow\u0105 FINANSE \u2013 STATYSTYKA \u2013 BADANIA EMPIRYCZNE pod honorowym patronatem Komitetu Nauk o Finansach Polskiej Akademii Nauk&nbsp; kt\u00f3ra odb\u0119dzie si\u0119 26 pa\u017adziernika 2016 na Uniwersytecie Ekonomicznym we Wroc\u0142awiu Celem konferencji jest prezentacja wynik\u00f3w bada\u0144 empirycznych prowadzonych z&nbsp;wykorzystaniem narz\u0119dzi [&hellip;]<\/p>\n","protected":false},"author":1,"featured_media":0,"parent":1020,"menu_order":102,"comment_status":"closed","ping_status":"closed","template":"","meta":{"footnotes":""},"class_list":["post-256","page","type-page","status-publish","hentry"],"_links":{"self":[{"href":"https:\/\/katfin.ue.wroc.pl\/index.php\/wp-json\/wp\/v2\/pages\/256","targetHints":{"allow":["GET"]}}],"collection":[{"href":"https:\/\/katfin.ue.wroc.pl\/index.php\/wp-json\/wp\/v2\/pages"}],"about":[{"href":"https:\/\/katfin.ue.wroc.pl\/index.php\/wp-json\/wp\/v2\/types\/page"}],"author":[{"embeddable":true,"href":"https:\/\/katfin.ue.wroc.pl\/index.php\/wp-json\/wp\/v2\/users\/1"}],"replies":[{"embeddable":true,"href":"https:\/\/katfin.ue.wroc.pl\/index.php\/wp-json\/wp\/v2\/comments?post=256"}],"version-history":[{"count":22,"href":"https:\/\/katfin.ue.wroc.pl\/index.php\/wp-json\/wp\/v2\/pages\/256\/revisions"}],"predecessor-version":[{"id":1684,"href":"https:\/\/katfin.ue.wroc.pl\/index.php\/wp-json\/wp\/v2\/pages\/256\/revisions\/1684"}],"up":[{"embeddable":true,"href":"https:\/\/katfin.ue.wroc.pl\/index.php\/wp-json\/wp\/v2\/pages\/1020"}],"wp:attachment":[{"href":"https:\/\/katfin.ue.wroc.pl\/index.php\/wp-json\/wp\/v2\/media?parent=256"}],"curies":[{"name":"wp","href":"https:\/\/api.w.org\/{rel}","templated":true}]}}