{"id":248,"date":"2016-01-19T00:50:44","date_gmt":"2016-01-18T23:50:44","guid":{"rendered":"http:\/\/katfin.ue.wroc.pl\/?page_id=248"},"modified":"2016-02-26T20:28:11","modified_gmt":"2016-02-26T19:28:11","slug":"prof-dr-hab-leszek-patrzalek","status":"publish","type":"page","link":"https:\/\/katfin.ue.wroc.pl\/index.php\/pracownicy\/prof-dr-hab-leszek-patrzalek\/","title":{"rendered":"prof. dr hab. Leszek Patrza\u0142ek"},"content":{"rendered":"<p><strong>Informacje o konsultacjach<\/strong>\u00a0\u2013&gt; <a title=\"prof. dr hab. Leszek Patrza\u0142ek\" href=\"https:\/\/www.ue.wroc.pl\/pracownicy\/leszek_patrzalek.html\" target=\"_blank\">link<\/a><\/p>\n<p><strong>Pe\u0142nione funkcje<\/strong>:<\/p>\n<ul>\n<li>2012 -2015 oraz 2015 -2018- cz\u0142onek Komitetu Nauk o Finansach PAN<\/li>\n<li>2012 \u2013 2013 &#8211; cz\u0142onek Kolegium Regionalnej Izby Obrachunkowej we Wroc\u0142awiu<\/li>\n<li>2012-2016 &#8211; Przewodnicz\u0105cy Senackiej Komisji ds. Nauki UE Wroc\u0142aw<\/li>\n<li>2008-2016 &#8211; cz\u0142onek Senackiej Komisji Bud\u017cetowej UE Wroc\u0142aw<\/li>\n<li>2008 &#8211; przewodnicz\u0105cy Rady Programowej czasopisma Finanse Publiczne<\/li>\n<li>1999-2001 \u2013 doradca w Urz\u0119dzie Marsza\u0142kowskim we Wroc\u0142awiu<\/li>\n<\/ul>\n<p><strong>Zainteresowania badawcze<\/strong>:<\/p>\n<ul>\n<li>redystrybucja \u015brodk\u00f3w\u00a0 publicznych w przekroju regionalnym i lokalnym<\/li>\n<li>koncepcje zasilania finansowego jednostek samorz\u0105du terytorialnego<\/li>\n<li>bud\u017cet w uk\u0142adzie zadaniowym<\/li>\n<li>podej\u015bcie instytucjonalne do polityki fiskalnej<\/li>\n<li>finanse publiczne a wyb\u00f3r publiczny<\/li>\n<li>fiskalne uwarunkowania integracji<\/li>\n<\/ul>\n<p><strong>Projekty badawcze<\/strong>:<\/p>\n<ul>\n<li>Kierownik projektu \u2013 ,,Bud\u017cet zadaniowy w cz\u0119\u015bci 85\/00 \u2013 ,,Bud\u017cet Wojewod\u00f3w\u201d. Projekt realizowany przez Kancelari\u0119 Prezesa Rady Ministr\u00f3w w ramach PO Kapita\u0142 Ludzki \u2013 Priorytet ,,Dobre rz\u0105dzenie\u201d<\/li>\n<li>Kierownik projektu \u2013 ,,Efektywne zarz\u0105dzanie finansami jednostki samorz\u0105du terytorialnego\u201d finansowany przez Narodowy Bank Polski a realizowany w 2011 roku przez Uniwersytet Ekonomiczny we Wroc\u0142awiu we wsp\u00f3\u0142pracy z Fundacj\u0105 Rozwoju Demokracji Lokalnej.<\/li>\n<\/ul>\n<p>&nbsp;<\/p>\n<p><strong>Dorobek naukowy <\/strong>:<br \/>\n<strong>Prace zwarte<\/strong><\/p>\n<ul>\n<li><i style=\"line-height: 1.5;\">Finanse samorz\u0105du terytorialnego<\/i><span style=\"line-height: 1.5;\">, Wyd. UE Wroc\u0142aw 2010, ss. 315<\/span><\/li>\n<li><i>Finanse samorz\u0105du wojew\u00f3dztwa w systemie finans\u00f3w publicznych<\/i>, PWE, Warszawa 2005, ss. 181<\/li>\n<li><i>Finanse samorz\u0105dowe<\/i>, Wyd. AE Wroc\u0142aw 1999 (i wyd. 2. Wroc\u0142aw 2000), ss. 209.<\/li>\n<li><i>Finanse lokalne<\/i>, Wyd. AE Wroc\u0142aw 1998, ss. 176<\/li>\n<li>Redakcja naukowa: <i>Polityka fiskalna w warunkach globalizacji<\/i>,\u00a0 Wyd. UE Wroc\u0142aw 2015, ss. 17<\/li>\n<li>Redakcja naukowa \/wsp\u00f3\u0142redaktor\/: Prace Naukowe Uniwersytetu Ekonomicznego we Wroc\u0142awiu nr 404, <i>Finanse samorz\u0105du terytorialnego<\/i>,\u00a0Wyd. UE Wroc\u0142aw 2015, ss. 351<\/li>\n<li>Redakcja naukowa: <i>Wybrane problemy finans\u00f3w samorz\u0105du terytorialnego<\/i>, Wyd. Wy\u017cszej Szko\u0142y Bankowej, Pozna\u0144 2008, ss. 256<\/li>\n<li>Redakcja naukowa: <i>Finanse publiczne w warunkach akcesji Polski do Unii Europejskiej<\/i>, Wyd. AE Wroc\u0142aw 2007, ss. 386<\/li>\n<li>Redakcja naukowa: <i>Podsektor samorz\u0105dowy w sektorze finans\u00f3w publicznych w warunkach akcesji Polski do Unii Europejskiej<\/i>, Wyd. Wy\u017cszej Szko\u0142y Bankowej w Poznaniu, Pozna\u0144 2006, ss. 418<\/li>\n<li>Redakcja naukowa: <i>Finansowanie samorz\u0105du terytorialnego. Zagadnienia wybrane<\/i>, Wyd. Wy\u017cszej Szko\u0142y Bankowej w Poznaniu, Pozna\u0144 2005, ss. 397<\/li>\n<li>Redakcja naukowa: <i>Finansowanie jednostek samorz\u0105du terytorialnego<\/i>, Wyd. Wy\u017cszej Szko\u0142y Bankowej w Poznaniu, Pozna\u0144 2004, ss. 301<\/li>\n<li>Redakcja naukowa: <i>System finans\u00f3w samorz\u0105du terytorialnego<\/i>, Wyd. Wy\u017cszej Szko\u0142y Bankowej w Poznaniu, Pozna\u0144 2003, ss. 248.<\/li>\n<\/ul>\n<p>&nbsp;<\/p>\n<p><strong>Artyku\u0142y<\/strong><\/p>\n<ul>\n<li>\u00a0\u00a0\u00a0\u00a0\u00a0 1.\u00a0\u00a0\u00a0\u00a0\u00a0 Subwencja og\u00f3lna jako instrument korekcyjno-wyr\u00f3wnawczy w systemie finans\u00f3w samorz\u0105du terytorialnego [w] Prace Naukowe Uniwersytetu Ekonomicznego nr 404, Uniwersytet Ekonomiczny, Wroc\u0142aw 2015, ss. 238-245<\/li>\n<li>\u00a0\u00a0\u00a0\u00a0\u00a0 2.\u00a0\u00a0\u00a0\u00a0\u00a0 Samodzielno\u015b\u0107 finansowa jednostki samorz\u0105du terytorialnego a upowszechnianie bud\u017cetu w uk\u0142adzie zadaniowym na szczeblu lokalnym i regionalnym[w] Bud\u017cet zadaniowy metod\u0105 racjonalizacji wydatk\u00f3w,\u00a0 red. B.Wo\u017cniak, M .Postu\u0142a,\u00a0 CeDeWu Warszawa 2012, ss. 189-195<\/li>\n<li>\u00a0\u00a0\u00a0\u00a0\u00a0 3.\u00a0\u00a0\u00a0\u00a0\u00a0 <i>Teoretyczne aspekty redystrybucji poziomej i jej praktyczne zastosowanie w systemie finans\u00f3w samorz\u0105du terytorialnego w Polsce[w]Szkice o finansach red T. Famulska Wyd. UE Katowice, 2012, ss. 205-2017<\/i><\/li>\n<li>\u00a0\u00a0\u00a0\u00a0\u00a0 4.\u00a0\u00a0\u00a0\u00a0\u00a0 Uwarunkowania racjonalizacji wydatk\u00f3w bud\u017cetu jednostki samorz\u0105du terytorialnego[w] Nowe zarz\u0105dzanie finansami publicznymi w warunkach kryzysu\u00a0 red. St.Owsiak , PWE, Warszawa, 2011, ss. 351-360<\/li>\n<li>\u00a0\u00a0\u00a0\u00a0\u00a0 5.\u00a0\u00a0\u00a0\u00a0\u00a0 Znaczenie wieloletniej prognozy finansowej w gospodarce finansowej jednostki samorz\u0105du terytorialnego i jej relacje z Wieloletnim Planem Finansowym Pa\u0144stwa\u00a0 [w] Zeszyty Naukowe Polskiego Towarzystwa Ekonomicznego nr 10, Krak\u00f3w, 2011<\/li>\n<li>\u00a0\u00a0\u00a0\u00a0\u00a0 6.\u00a0\u00a0\u00a0\u00a0\u00a0 Finanse samorz\u0105du terytorialnego a koncepcje rozwoju lokalnego i regionalnego [w] Prace Naukowe Uniwersytetu Ekonomicznego we Wroc\u0142awiu nr 112. Finanse publiczne ,red J.Soko\u0142owski Wroc\u0142aw, 2010, ss. 549-557<\/li>\n<li>\u00a0\u00a0\u00a0\u00a0\u00a0 7.\u00a0\u00a0\u00a0\u00a0\u00a0 Zasada jawno\u015bci finans\u00f3w publicznych a opracowanie projektu uchwa\u0142y bud\u017cetowej jednostki samorz\u0105du terytorialnego [w] Finanse publiczne i finanse przedsi\u0119biorstw wobec \u015bwiatowego kryzysu gospodarczego[w] Zeszyty Naukowe Uniwersytetu Ekonomicznego w Katowicach nr 72, 2010, Katowice, ss. 93-101<\/li>\n<li>\u00a0\u00a0\u00a0\u00a0\u00a0 8.\u00a0\u00a0\u00a0\u00a0\u00a0 Wieloletnia prognoza finansowa jako narz\u0119dzie polityki finansowej jednostki samorz\u0105du terytorialnego [w] Zeszyty Naukowe Uniwersytetu Szczeci\u0144skiego nr.620 Ekonomiczne Problemy Us\u0142ug nr 61 , Szczecin, 2010, ss. 275-285<\/li>\n<li>\u00a0\u00a0\u00a0\u00a0\u00a0 9.\u00a0\u00a0\u00a0\u00a0\u00a0 <i>Zasady finansowania samorz\u0105d\u00f3w wojew\u00f3dztw a funkcje polityki intraregionalnej<\/i>, [w:] Gospodarka i finanse w warunkach globalizacji, red. B. Soko\u0142owska, P. Przewysz-Kwinto, Toru\u0144 2008, s. 45-55.<\/li>\n<li>\u00a0\u00a0 10.\u00a0\u00a0\u00a0\u00a0\u00a0 <i>Aktualne problemy systemu finans\u00f3w samorz\u0105du terytorialnego<\/i>, [w:] Samorz\u0105d terytorialny w zintegrowanej Europie, Zeszyty Naukowe nr 484, Uniwersytet Szczeci\u0144ski, Szczecin 2008, s. 320-331.<\/li>\n<li>\u00a0\u00a0 11.\u00a0\u00a0\u00a0\u00a0\u00a0 <i>Subwencje o charakterze wyr\u00f3wnawczym w strukturze dochod\u00f3w bud\u017cet\u00f3w samorz\u0105d\u00f3w wojew\u00f3dztw<\/i>, [w:] Finanse publiczne, red. B. Miko\u0142ajczyk, K. Piotrowska-Marczak, Wyd. Uniwersytetu \u0141\u00f3dzkiego, \u0141\u00f3d\u017a 2009.<\/li>\n<li>\u00a0\u00a0 12.\u00a0\u00a0\u00a0\u00a0\u00a0 <i>Polityka bud\u017cetowa miast w warunkach kryzysu<\/i>, [w:] Finanse samorz\u0105du terytorialnego, red. A. Szewczuk, Wyd. Uniwersytetu Szczeci\u0144skiego, Szczecin 2009.<\/li>\n<li>\u00a0\u00a0 13.\u00a0\u00a0\u00a0\u00a0\u00a0 Przes\u0142anki i warunki wdra\u017cania bud\u017cetu zadaniowego w jednostkach samorz\u0105du terytorialnego, [w:] Stan i kierunki rozwoju finans\u00f3w publicznych, red. T. Juja, J. Kotli\u0144ska, Wyd. AE Pozna\u0144 2006, s. 107-114.<\/li>\n<li>\u00a0\u00a0 14.\u00a0\u00a0\u00a0\u00a0\u00a0 <i>Wieloletnie planowanie finansowe jako instrument polityki finansowej jednostki samorz\u0105du terytorialnego<\/i>, [w:] Aktualne problemy finans\u00f3w lokalnych i regionalnych w Polsce i innych krajach Unii Europejskiej, red. E. Chojna-Duch, Wyd. Uniwersytet Warszawski, Warszawa 2006, s. 228-236.<\/li>\n<li>\u00a0\u00a0 15.\u00a0\u00a0\u00a0\u00a0\u00a0 <i>Zasada jawno\u015bci finans\u00f3w publicznych a opracowanie, uchwalanie i wykonywanie bud\u017cetu jednostki samorz\u0105du terytorialnego<\/i>, [w:] Samorz\u0105d terytorialny w zintegrowanej Europie, red. A. Szewczuk, Zeszyty Naukowe Uniwersytetu Szczeci\u0144skiego, Szczecin 2006, s. 113-119.<\/li>\n<li>\u00a0\u00a0 16.\u00a0\u00a0\u00a0\u00a0\u00a0 <i>Dochody bud\u017cet\u00f3w samorz\u0105d\u00f3w wojew\u00f3dztw na tle dochod\u00f3w bud\u017cetu pa\u0144stwa oraz bud\u017cet\u00f3w gmin i powiat\u00f3w<\/i>, [w:] Przemiany w finansach publicznych w Polsce po przyst\u0105pieniu do Unii Europejskiej, red. M. Miko\u0142ajczyk, Acta Universitatis Lodzensis, Folia Oeconomica 197, Wydawnictwo Uniwersytetu \u0141\u00f3dzkiego, \u0141\u00f3d\u017a 2006, s. 333-348.<i><\/i><\/li>\n<li>\u00a0\u00a0 17.\u00a0\u00a0\u00a0\u00a0\u00a0 <i>Bud\u017cet samorz\u0105du wojew\u00f3dztwa a problem finansowania i wsp\u00f3\u0142finansowania dzia\u0142a\u0144 na rzecz rozwoju regionalnego<\/i>, [w:] Gospodarka bud\u017cetowa jednostek samorz\u0105du terytorialnego 2006, red. W. Miemiec, Unimex, Wroc\u0142aw 2006, s. 459-469.<\/li>\n<li>\u00a0\u00a0 18.\u00a0\u00a0\u00a0\u00a0\u00a0 <i>Przes\u0142anki, funkcje i warunki rozwoju wieloletniego planowania bud\u017cetowego<\/i>, [w:] Finanse publiczne, red. A. Pomorska, Wyd. Uniwersytetu Marii Curie-Sk\u0142odowskiej, Lublin 2006, s. 117-123.<\/li>\n<li>\u00a0\u00a0 19.\u00a0\u00a0\u00a0\u00a0\u00a0 <i>Miejsce samorz\u0105du wojew\u00f3dztwa w sektorze finans\u00f3w publicznych w warunkach akcesji Polski do Unii Europejskiej<\/i>, [w:] Podsektor samorz\u0105dowy w sektorze finans\u00f3w publicznych w warunkach akcesji Polski do UE, red. L. Patrza\u0142ek, Wyd. Wy\u017cszej Szko\u0142y Bankowej w Poznaniu, Pozna\u0144 2006, s. 31-41.<\/li>\n<li>\u00a0\u00a0 20.\u00a0\u00a0\u00a0\u00a0\u00a0 <i>Rola cz\u0119\u015bci regionalnej i cz\u0119\u015bci r\u00f3wnowa\u017c\u0105cej subwencji og\u00f3lnej w uzupe\u0142\u00adnianiu dochod\u00f3w bud\u017cet\u00f3w jednostek samorz\u0105du terytorialnego<\/i>, [w:] Sana\u00adcja finans\u00f3w publicznych w Polsce. Aspekty prawne i ekonomiczne, red. Zb. Ofiarski, Wyd. Uniwersytetu Szczeci\u0144skiego, Szczecin 2005, s. 527\u2011537.<\/li>\n<li>\u00a0\u00a0 21.\u00a0\u00a0\u00a0\u00a0\u00a0 <i>Samodzielno\u015b\u0107 samorz\u0105du wojew\u00f3dztwa w dokonywaniu wydatk\u00f3w publicznych<\/i>, [w:] Ekonomiczne i prawne problemy racjonalizacji wydatk\u00f3w publicznych, red. J. G\u0142uchowski, A. Pomorska, J. Szo\u0142no-Koguc, Monografie, Wyd. Uniwersytetu im. M. Curie-Sk\u0142odowskiej, Lublin 2005, s. 163-173.<\/li>\n<li>\u00a0\u00a0 22.\u00a0\u00a0\u00a0\u00a0\u00a0 <i>Finanse samorz\u0105du wojew\u00f3dztwa a fundusze celowe<\/i>, [w:] Finanse, red. B. Pietrzak, Seria Monografie, SGH, Warszawa 2005, s. 279-289.<\/li>\n<li>\u00a0\u00a0 23.\u00a0\u00a0\u00a0\u00a0\u00a0 <i>Finanse samorz\u0105du wojew\u00f3dztwa a problem finansowania i wsp\u00f3\u0142finansowania rozwoju regionalnego<\/i>, [w:] Samorz\u0105d terytorialny w zintegrowanej Europie, Zeszyty Naukowe Uniwersytetu Szczeci\u0144skiego, red. A. Szewczuk, Szczecin 2005, s. 547-557.<\/li>\n<li>\u00a0\u00a0 24.\u00a0\u00a0\u00a0\u00a0\u00a0 <i>Bud\u017cet samorz\u0105du wojew\u00f3dztwa a wsp\u00f3\u0142finansowanie regionalnych program\u00f3w operacyjnych<\/i>, [w:] Finanse samorz\u0105du terytorialnego, red. L. Patrza\u0142ek, Wyd. WSB Pozna\u0144 2005, s. 59-69.<\/li>\n<li>\u00a0\u00a0 25.\u00a0\u00a0\u00a0\u00a0\u00a0 <i>Zakres samodzielno\u015bci finansowej samorz\u0105d\u00f3w regionalnych<\/i>, [w:] Polska samorz\u0105dno\u015b\u0107 w integruj\u0105cej si\u0119 Europie, red. A. Szewczuk, Wyd. Uniwersytetu Szczeci\u0144skiego, Szczecin 2004, s. 391-401.<i><\/i><\/li>\n<li>\u00a0\u00a0 26.\u00a0\u00a0\u00a0\u00a0\u00a0 <i>Samorz\u0105d wojew\u00f3dztwa a regionalne programy operacyjne finansowane z funduszy strukturalnych<\/i>, [w:] Proces globalizacji gospodarki \u2014 udzia\u0142 kraju w jej korzy\u015bciach i kosztach, red. M. Klamut, Wydawnictwo AE Wroc\u0142aw 2004, s. 352-360.<i><\/i><\/li>\n<li>\u00a0\u00a0 27.\u00a0\u00a0\u00a0\u00a0\u00a0 <i>Relacje mi\u0119dzy polityk\u0105 intraregionaln\u0105 a interregionaln\u0105 i ich wp\u0142yw na podzia\u0142 \u015brodk\u00f3w publicznych pomi\u0119dzy pa\u0144stwo a samorz\u0105d regionalny<\/i>, [w:] Finansowanie jednostek samorz\u0105du terytorialnego, red. L. Patrza\u0142ek, Wydawnictwo WSB Pozna\u0144 2004, s. 53-62.<i><\/i><\/li>\n<li>\u00a0\u00a0 28.\u00a0\u00a0\u00a0\u00a0\u00a0 <i>Polityka bud\u017cetowa<\/i>, [w:] Polityka gospodarcza, red. B. Winiarski, PWN, Warszawa 2004, s. 443-466.<i><\/i><\/li>\n<li>\u00a0\u00a0 29.\u00a0\u00a0\u00a0\u00a0\u00a0 <i>Finanse samorz\u0105d\u00f3w wojew\u00f3dztw a polityka intraregionalna<\/i>, [w:] System finans\u00f3w samorz\u0105du terytorialnego, red. L. Patrza\u0142ek, Wyd. WSB Pozna\u0144 2003, s. 35-55.<i><\/i><\/li>\n<li>\u00a0\u00a0 30.\u00a0\u00a0\u00a0\u00a0\u00a0 <i>Zasady finansowania samorz\u0105du regionalnego<\/i>, [w:] Finanse publiczne wobec proces\u00f3w globalizacji, red. L. Paw\u0142owicz, R. Wierzba, Wyd. Gda\u0144ska Akademia Bankowa przy Instytucie Bada\u0144 nad Gospodark\u0105 Rynkow\u0105, Gda\u0144sk 2003, s. 275\u2011287.<i><\/i><\/li>\n<li>\u00a0\u00a0 31.\u00a0\u00a0\u00a0\u00a0\u00a0 <i>Samorz\u0105d wojew\u00f3dztwa a rozw\u00f3j ma\u0142ej i \u015bredniej przedsi\u0119biorczo\u015bci<\/i>, [w:] Prawno-ekonomiczne aspekty rozwoju przedsi\u0119biorczo\u015bci, red. J. Ostaszewski, Wyd. SGH Warszawa 2003, s. 308-316.<i><\/i><\/li>\n<li>\u00a0\u00a0 32.\u00a0\u00a0\u00a0\u00a0\u00a0 <i>Zmiany w strukturze gospodarki Wroc\u0142awia<\/i>, wsp\u00f3\u0142autorstwo, [w:] Sytuacja i rola wielkiego miasta w procesie transformacji. Studium por\u00f3wnawcze Wroc\u0142aw i Lipsk, red. Zb. Kurcz i Z. Morawski, Prace Naukowe Uniwersytetu Wroc\u0142awskiego Nr 2553, Wroc\u0142aw 2003, s. 57-63.<i><\/i><\/li>\n<li>\u00a0\u00a0 33.\u00a0\u00a0\u00a0\u00a0\u00a0 <i>Wnutrisznoregionalna politika \u2013 peredumowi, cili<\/i>, [w:] Ekonomiczeskij Wisnik Nacjonalnowo Gorniczowo Uniwersitetu, 2003, nr 4, Dniepropietrowsk, s. 15-21.<i><\/i><\/li>\n<li>\u00a0\u00a0 34.\u00a0\u00a0\u00a0\u00a0\u00a0 <i>Mechanizm wyr\u00f3wnawczy w systemie zasilania finansowego bud\u017cet\u00f3w wojew\u00f3dztw<\/i>, [w:] Problemy finansowe w dzia\u0142alno\u015bci samorz\u0105du terytorial\u00adnego, red. St. Dolata, Wyd. Uniwersytetu Opolskiego 2002, s. 77-85.<i><\/i><\/li>\n<li>\u00a0\u00a0 35.\u00a0\u00a0\u00a0\u00a0\u00a0 <i>Kilka uwag o decentralizacji sektora finans\u00f3w publicznych w Polsce<\/i>, [w:] Zeszyty Naukowe Wy\u017cszej Szko\u0142y Bankowej we Wroc\u0142awiu, Wroc\u0142aw 2002, nr 2, s. 207-215.<i><\/i><\/li>\n<li>\u00a0\u00a0 36.\u00a0\u00a0\u00a0\u00a0\u00a0 <i>Der Vortgang des Privatisierungsprozesses in der Stadt Wroc\u0142aw<\/i>, [w:] Die Situation und die Rolle von Gro\u00dfst\u00e4dten in Transformationsprozess, Leipziger Beitr\u00e4ge zu Wirtschaft und Gesellschaft, Leipziger Universit\u00e4tsverlag 2002, s. 163-169 (wsp\u00f3\u0142autor).<\/li>\n<li>\u00a0\u00a0 37.\u00a0\u00a0\u00a0\u00a0\u00a0 <i>Aktywno\u015b\u0107 jednostek samorz\u0105du terytorialnego na rynkach finansowych<\/i>, [w:] Finanse publiczne, red. E. Bogacka-Kisiel, M. \u0141yszczak, Wyd. Akademii Ekonomicznej we Wroc\u0142awiu, Wroc\u0142aw 2001, s. 153-161.<i><\/i><\/li>\n<li>\u00a0\u00a0 38.\u00a0\u00a0\u00a0\u00a0\u00a0 <i>Finansowanie samorz\u0105d\u00f3w wojew\u00f3dztw w latach 1999\u20132000<\/i>, \u201eSamorz\u0105d Terytorialny\u201d 2001, nr 1-2, s. 54-68.<i><\/i><\/li>\n<li>\u00a0\u00a0 39.\u00a0\u00a0\u00a0\u00a0\u00a0 <i>Finansowanie kontrakt\u00f3w wojew\u00f3dzkich<\/i>, [w:] Zeszyty Naukowe Wy\u017cszej Szko\u0142y Bankowej we Wroc\u0142awiu, Wroc\u0142aw 2001, s. 165-175.<i><\/i><\/li>\n<li>\u00a0\u00a0 40.\u00a0\u00a0\u00a0\u00a0\u00a0 <i>Finanse sektora samorz\u0105dowego<\/i>, [w:] Finanse i bankowo\u015b\u0107. Zarys problematyki, red. E. Bogacka-Kisiel, M. \u0141yszczak, Wyd. AE Wroc\u0142aw 1999, s. 31-55.<i><\/i><\/li>\n<li>\u00a0\u00a0 41.\u00a0\u00a0\u00a0\u00a0\u00a0 <i>Bud\u017cety jednostek samorz\u0105du terytorialnego wojew\u00f3dztwa dolno\u015bl\u0105skiego w 1999 r.<\/i>, [w:] \u201eBiuletyn Regionalnej Izby Obrachunkowej we Wroc\u0142awiu\u201d 1999, nr 1, s. 32-61.<i><\/i><\/li>\n<li>\u00a0\u00a0 42.\u00a0\u00a0\u00a0\u00a0\u00a0 <i>Kilka uwag o decentralizacji sektora finans\u00f3w publicznych<\/i>, \u201eWroc\u0142awski Biuletyn Gospodarczy\u201d 1999, nr 2, s. 18-25.<i><\/i><\/li>\n<li>\u00a0\u00a0 43.\u00a0\u00a0\u00a0\u00a0\u00a0 <i>Polityka finansowa Wroc\u0142awia na tle innych aglomeracji w Polsce<\/i>, [w:] Biuletyn Urz\u0119du Miasta Wroc\u0142awia, Wroc\u0142aw 1999.<\/li>\n<li>\u00a0\u00a0 44.\u00a0\u00a0\u00a0\u00a0\u00a0 <i>Finanse powiat\u00f3w ziemskich wojew\u00f3dztwa dolno\u015bl\u0105skiego<\/i>, [w:] Biuletyn Sejmiku Wojew\u00f3dztwa Dolno\u015bl\u0105skiego, Wroc\u0142aw 1999.<\/li>\n<li>\u00a0\u00a0 45.\u00a0\u00a0\u00a0\u00a0\u00a0 <i>Projekcje zasad polityki finansowej wojew\u00f3dztwa<\/i>, \u201eSamorz\u0105d Terytorialny\u201d 1998, nr 6, s. 48-59.<i><\/i><\/li>\n<li>\u00a0\u00a0 46.\u00a0\u00a0\u00a0\u00a0\u00a0 <i>Kredyty i po\u017cyczki w zarz\u0105dzaniu finansami gmin na przyk\u0142adzie gminy Wroc\u0142aw<\/i>, \u201eWroc\u0142awski Biuletyn Gospodarczy\u201d 1998, nr 20.<i><\/i><\/li>\n<li>\u00a0\u00a0 47.\u00a0\u00a0\u00a0\u00a0\u00a0 <i>Finansowanie o\u015bwiaty w regionie Dolny \u015al\u0105sk<\/i>, \u201eBiuletyn Regionalnej Izby Obrachunkowej we Wroc\u0142awiu\u201d 1998, nr 1, s. 16-25.<i><\/i><\/li>\n<li>\u00a0\u00a0 48.\u00a0\u00a0\u00a0\u00a0\u00a0 <i>Zasady i przes\u0142anki decentralizacji sektora finans\u00f3w publicznych w Polsce<\/i>, [w:] Materia\u0142y Konferencyjne, Lokale und regionale \u00f6ffentliche Finanzen, 14. Sitzung des Ausschusses f\u00fcr die Interregionale Zusammenarbeit der Deutsch-Polnischen Regierungskommission, Mainz, maj 1998.<\/li>\n<li>\u00a0\u00a0 49.\u00a0\u00a0\u00a0\u00a0\u00a0 <i>Polityka wewn\u0105trzregionalna \u2013 przes\u0142anki, uwarunkowania, cechy<\/i>, \u201eSamorz\u0105d Terytorialny\u201d 1997, nr 1, s. 21-29.<i><\/i><\/li>\n<li>\u00a0\u00a0 50.\u00a0\u00a0\u00a0\u00a0\u00a0 <i>Tendencje zmian w strukturze ekonomicznej Wroc\u0142awia w latach dziewi\u0119\u0107dziesi\u0105tych<\/i>, [w:] Sytuacja i rola wielkiego miasta w procesie transformacji. Studium por\u00f3wnawcze rozwoju ekonomicznego i proces\u00f3w spo\u0142ecznych na przyk\u0142adzie miast: Wroc\u0142aw i Leipzig, red. Zb. Kurcz, Wyd. Uniwersytetu Wroc\u0142awskiego, Wroc\u0142aw 1997, s. 33-40.<i><\/i><\/li>\n<li>\u00a0\u00a0 51.\u00a0\u00a0\u00a0\u00a0\u00a0 <i>Uwarunkowania polityki wewn\u0105trzregionalnej<\/i>, [w:] Funkcje uk\u0142adu instytucjonalnego w kreowaniu rozwoju lokalnego i regionalnego. Prace naukowe Akademii Ekonomicznej we Wroc\u0142awiu, Wroc\u0142aw 1997, nr 753, s. 40-47.<i><\/i><\/li>\n<li>\u00a0\u00a0 52.\u00a0\u00a0\u00a0\u00a0\u00a0 <i>Uwarunkowania bud\u017cetowe strategii rozwoju Wroc\u0142awia<\/i>, [w:] Ewolucja systemu finansowego w Polsce, red. E. Bogacka-Kisiel, Wyd. Akademii Ekonomicznej we Wroc\u0142awiu, Wroc\u0142aw 1997, s. 69-77.<i><\/i><\/li>\n<li>\u00a0\u00a0 53.\u00a0\u00a0\u00a0\u00a0\u00a0 <i>Gospodarka finansowa gmin regionu Dolny \u015al\u0105sk w 1996 r<\/i>., \u201eBiuletyn Regionalnej Izby Obrachunkowej we Wroc\u0142awiu\u201d 1997, s. 13-19.<i><\/i><\/li>\n<li>\u00a0\u00a0 54.\u00a0\u00a0\u00a0\u00a0\u00a0 <i>Zmiany w strukturze dochod\u00f3w i wydatk\u00f3w bud\u017cet\u00f3w du\u017cych miast Polski<\/i>, referat naukowy wyg\u0142oszony na konferencji naukowej \u201eZmiany systemu finansowego w Polsce\u201d, Przesieka, marzec 1997.<i><\/i><\/li>\n<li>\u00a0\u00a0 55.\u00a0\u00a0\u00a0\u00a0\u00a0 <i>Zakres oddzia\u0142ywania w\u0142adz samorz\u0105du Wroc\u0142awia na gospodark\u0119<\/i>, [w:] Studia nad strategi\u0105 miasta, red. T. Zipser, W. Waszkiewicz, Wroc\u0142aw 1997, s. 23-31.<i><\/i><\/li>\n<li>\u00a0\u00a0 56.\u00a0\u00a0\u00a0\u00a0\u00a0 <i>Narz\u0119dzia oddzia\u0142ywania samorz\u0105d\u00f3w terytorialnych na rozw\u00f3j lokalny i regionalny<\/i>, \u201eSamorz\u0105d Terytorialny\u201d 1996, nr 5, s. 42-53.<i><\/i><\/li>\n<li>\u00a0\u00a0 57.\u00a0\u00a0\u00a0\u00a0\u00a0 <i>Wroc\u0142awskie w procesie transformacji<\/i>, \u201eWiadomo\u015bci Statystyczne\u201d 1996, nr 3, s. 60-66.<i><\/i><\/li>\n<li>\u00a0\u00a0 58.\u00a0\u00a0\u00a0\u00a0\u00a0 <i>Bariery i kierunki rozwoju funkcji ekonomicznych samorz\u0105d\u00f3w lokalnych w Polsce<\/i>, [w:] Problemy rozwoju lokalnego i regionalnego i na polskich pograniczach, Wyd. Uniwersytetu Wroc\u0142awskiego, Wroc\u0142aw 1996, s. 57-87.<\/li>\n<li>\u00a0\u00a0 59.\u00a0\u00a0\u00a0\u00a0\u00a0 <i>Neue Tendenzen in der \u00f6konomischen Struktur der Stadt Wroc\u0142aw in den neunziger Jahren<\/i>, [w:] Die Situation und die Rolle von Gro\u00dfst\u00e4dten im Transformations\u00adprozess, Leipziger Universit\u00e4tsverlag 1996, s. 154-166 (wsp\u00f3\u0142autor).<\/li>\n<li>\u00a0\u00a0 60.\u00a0\u00a0\u00a0\u00a0\u00a0 <i>Subwencja og\u00f3lna jako narz\u0119dzie stymulowania rozwoju lokalnego<\/i>, \u201eFinanse Komunalne\u201d 1996, nr 4, s. 16-25.<i><\/i><\/li>\n<\/ul>\n<p>&nbsp;<\/p>\n","protected":false},"excerpt":{"rendered":"<p>Informacje o konsultacjach\u00a0\u2013&gt; link Pe\u0142nione funkcje: 2012 -2015 oraz 2015 -2018- cz\u0142onek Komitetu Nauk o Finansach PAN 2012 \u2013 2013 &#8211; cz\u0142onek Kolegium Regionalnej Izby Obrachunkowej we Wroc\u0142awiu 2012-2016 &#8211; Przewodnicz\u0105cy Senackiej Komisji ds. Nauki UE Wroc\u0142aw 2008-2016 &#8211; cz\u0142onek Senackiej Komisji Bud\u017cetowej UE Wroc\u0142aw 2008 &#8211; przewodnicz\u0105cy Rady Programowej czasopisma Finanse Publiczne 1999-2001 \u2013 [&hellip;]<\/p>\n","protected":false},"author":1,"featured_media":0,"parent":12,"menu_order":17,"comment_status":"closed","ping_status":"closed","template":"","meta":{"footnotes":""},"class_list":["post-248","page","type-page","status-publish","hentry"],"_links":{"self":[{"href":"https:\/\/katfin.ue.wroc.pl\/index.php\/wp-json\/wp\/v2\/pages\/248","targetHints":{"allow":["GET"]}}],"collection":[{"href":"https:\/\/katfin.ue.wroc.pl\/index.php\/wp-json\/wp\/v2\/pages"}],"about":[{"href":"https:\/\/katfin.ue.wroc.pl\/index.php\/wp-json\/wp\/v2\/types\/page"}],"author":[{"embeddable":true,"href":"https:\/\/katfin.ue.wroc.pl\/index.php\/wp-json\/wp\/v2\/users\/1"}],"replies":[{"embeddable":true,"href":"https:\/\/katfin.ue.wroc.pl\/index.php\/wp-json\/wp\/v2\/comments?post=248"}],"version-history":[{"count":6,"href":"https:\/\/katfin.ue.wroc.pl\/index.php\/wp-json\/wp\/v2\/pages\/248\/revisions"}],"predecessor-version":[{"id":254,"href":"https:\/\/katfin.ue.wroc.pl\/index.php\/wp-json\/wp\/v2\/pages\/248\/revisions\/254"}],"up":[{"embeddable":true,"href":"https:\/\/katfin.ue.wroc.pl\/index.php\/wp-json\/wp\/v2\/pages\/12"}],"wp:attachment":[{"href":"https:\/\/katfin.ue.wroc.pl\/index.php\/wp-json\/wp\/v2\/media?parent=248"}],"curies":[{"name":"wp","href":"https:\/\/api.w.org\/{rel}","templated":true}]}}