{"id":239,"date":"2016-01-15T13:37:08","date_gmt":"2016-01-15T12:37:08","guid":{"rendered":"http:\/\/katfin.ue.wroc.pl\/?page_id=239"},"modified":"2018-04-04T13:39:38","modified_gmt":"2018-04-04T11:39:38","slug":"konferencje","status":"publish","type":"page","link":"https:\/\/katfin.ue.wroc.pl\/index.php\/konferencje\/","title":{"rendered":"Konferencje"},"content":{"rendered":"<p>Po klikni\u0119ciu na zak\u0142adk\u0119 Konferencje mog\u0105 Pa\u0144stwo przej\u015b\u0107 do aktualnie organizowanych przez Katedr\u0119 Finans\u00f3w konferencji naukowych, seminari\u00f3w czy warsztat\u00f3w.<\/p>\n<p>Serdecznie zapraszamy!<\/p>\n<p>&nbsp;<\/p>\n","protected":false},"excerpt":{"rendered":"<p>Po klikni\u0119ciu na zak\u0142adk\u0119 Konferencje mog\u0105 Pa\u0144stwo przej\u015b\u0107 do aktualnie organizowanych przez Katedr\u0119 Finans\u00f3w konferencji naukowych, seminari\u00f3w czy warsztat\u00f3w. Serdecznie zapraszamy! &nbsp;<\/p>\n","protected":false},"author":1,"featured_media":0,"parent":0,"menu_order":2,"comment_status":"closed","ping_status":"closed","template":"","meta":{"footnotes":""},"class_list":["post-239","page","type-page","status-publish","hentry"],"_links":{"self":[{"href":"https:\/\/katfin.ue.wroc.pl\/index.php\/wp-json\/wp\/v2\/pages\/239","targetHints":{"allow":["GET"]}}],"collection":[{"href":"https:\/\/katfin.ue.wroc.pl\/index.php\/wp-json\/wp\/v2\/pages"}],"about":[{"href":"https:\/\/katfin.ue.wroc.pl\/index.php\/wp-json\/wp\/v2\/types\/page"}],"author":[{"embeddable":true,"href":"https:\/\/katfin.ue.wroc.pl\/index.php\/wp-json\/wp\/v2\/users\/1"}],"replies":[{"embeddable":true,"href":"https:\/\/katfin.ue.wroc.pl\/index.php\/wp-json\/wp\/v2\/comments?post=239"}],"version-history":[{"count":3,"href":"https:\/\/katfin.ue.wroc.pl\/index.php\/wp-json\/wp\/v2\/pages\/239\/revisions"}],"predecessor-version":[{"id":813,"href":"https:\/\/katfin.ue.wroc.pl\/index.php\/wp-json\/wp\/v2\/pages\/239\/revisions\/813"}],"wp:attachment":[{"href":"https:\/\/katfin.ue.wroc.pl\/index.php\/wp-json\/wp\/v2\/media?parent=239"}],"curies":[{"name":"wp","href":"https:\/\/api.w.org\/{rel}","templated":true}]}}