{"id":2262,"date":"2023-11-07T19:50:05","date_gmt":"2023-11-07T18:50:05","guid":{"rendered":"https:\/\/katfin.ue.wroc.pl\/?page_id=2262"},"modified":"2023-11-07T19:51:59","modified_gmt":"2023-11-07T18:51:59","slug":"mgr-karol-ciesielski","status":"publish","type":"page","link":"https:\/\/katfin.ue.wroc.pl\/index.php\/pracownicy\/mgr-karol-ciesielski\/","title":{"rendered":"mgr Karol Ciesielski"},"content":{"rendered":"\n<p>E-mail: <a href=\"mailto:karol.ciesielski@ue.wroc.pl\" target=\"_blank\" rel=\"noreferrer noopener\">karol.ciesielski@ue.wroc.pl<\/a>&nbsp;<\/p>\n\n\n\n<p>Instagram: <a href=\"https:\/\/www.instagram.com\/poranek_maklera\/\" target=\"_blank\" rel=\"noreferrer noopener\">https:\/\/www.instagram.com\/poranek_maklera\/<\/a>&nbsp;<\/p>\n\n\n\n<p><strong>Zainteresowania badawcze:<\/strong>&nbsp;<\/p>\n\n\n\n<ul class=\"wp-block-list\">\n<li>Relacje inwestorskie&nbsp;<\/li>\n\n\n\n<li>Wykorzystanie Social Medi\u00f3w w Relacjach inwestorskich i komunikacji&nbsp;<\/li>\n\n\n\n<li>Warto\u015b\u0107 mediowa wynikaj\u0105ca z relacji inwestorskich&nbsp;<\/li>\n\n\n\n<li>Komunikacja sp\u00f3\u0142ek publicznych z rynkiem&nbsp;<\/li>\n<\/ul>\n\n\n\n<p><strong>Obszary dydaktyki, szkoleniowe i doradcze<\/strong>&nbsp;<\/p>\n\n\n\n<ul class=\"wp-block-list\">\n<li>Relacje Inwestorskie&nbsp;<\/li>\n\n\n\n<li>Rynki kapita\u0142owe&nbsp;<\/li>\n\n\n\n<li>Komunikacja na rynkach finansowych&nbsp;<\/li>\n\n\n\n<li>Finanse&nbsp;<\/li>\n\n\n\n<li>Wykorzystanie medi\u00f3w spo\u0142eczno\u015bciowych w komunikacji na rynku&nbsp;&nbsp;<\/li>\n\n\n\n<li>HNWI&nbsp;<\/li>\n\n\n\n<li>Doradztwo finansowe&nbsp;<\/li>\n\n\n\n<li>Doradztwo inwestycyjne&nbsp;<\/li>\n\n\n\n<li>Wealth Management&nbsp;<\/li>\n<\/ul>\n\n\n\n<p><strong>Wsp\u00f3\u0142praca z praktyk\u0105 gospodarcz\u0105<\/strong>&nbsp;<\/p>\n\n\n\n<ul class=\"wp-block-list\">\n<li>Obecnie Investor Relations Manager w sp\u00f3\u0142ce publicznej Woodpecker.co&nbsp;<\/li>\n\n\n\n<li>Wieloletnie do\u015bwiadczenie w Bankowo\u015bci Prywatnej \u2013 Wsp\u00f3\u0142praca z HNWI&nbsp;<\/li>\n\n\n\n<li>Cz\u0142onek IR Society Poland&nbsp;<\/li>\n\n\n\n<li>Wsp\u00f3\u0142praca z mediami m.in. Biznes24&nbsp;<\/li>\n\n\n\n<li>Licencja Maklera Papier\u00f3w Warto\u015bciowych z uprawnieniami do doradztwa inwestycyjnego nr.2405&nbsp;<\/li>\n<\/ul>\n","protected":false},"excerpt":{"rendered":"<p>E-mail: karol.ciesielski@ue.wroc.pl&nbsp; Instagram: https:\/\/www.instagram.com\/poranek_maklera\/&nbsp; Zainteresowania badawcze:&nbsp; Obszary dydaktyki, szkoleniowe i doradcze&nbsp; Wsp\u00f3\u0142praca z praktyk\u0105 gospodarcz\u0105&nbsp;<\/p>\n","protected":false},"author":1,"featured_media":0,"parent":12,"menu_order":3,"comment_status":"closed","ping_status":"closed","template":"","meta":{"footnotes":""},"class_list":["post-2262","page","type-page","status-publish","hentry"],"_links":{"self":[{"href":"https:\/\/katfin.ue.wroc.pl\/index.php\/wp-json\/wp\/v2\/pages\/2262","targetHints":{"allow":["GET"]}}],"collection":[{"href":"https:\/\/katfin.ue.wroc.pl\/index.php\/wp-json\/wp\/v2\/pages"}],"about":[{"href":"https:\/\/katfin.ue.wroc.pl\/index.php\/wp-json\/wp\/v2\/types\/page"}],"author":[{"embeddable":true,"href":"https:\/\/katfin.ue.wroc.pl\/index.php\/wp-json\/wp\/v2\/users\/1"}],"replies":[{"embeddable":true,"href":"https:\/\/katfin.ue.wroc.pl\/index.php\/wp-json\/wp\/v2\/comments?post=2262"}],"version-history":[{"count":1,"href":"https:\/\/katfin.ue.wroc.pl\/index.php\/wp-json\/wp\/v2\/pages\/2262\/revisions"}],"predecessor-version":[{"id":2263,"href":"https:\/\/katfin.ue.wroc.pl\/index.php\/wp-json\/wp\/v2\/pages\/2262\/revisions\/2263"}],"up":[{"embeddable":true,"href":"https:\/\/katfin.ue.wroc.pl\/index.php\/wp-json\/wp\/v2\/pages\/12"}],"wp:attachment":[{"href":"https:\/\/katfin.ue.wroc.pl\/index.php\/wp-json\/wp\/v2\/media?parent=2262"}],"curies":[{"name":"wp","href":"https:\/\/api.w.org\/{rel}","templated":true}]}}