{"id":2253,"date":"2023-11-02T13:14:20","date_gmt":"2023-11-02T12:14:20","guid":{"rendered":"https:\/\/katfin.ue.wroc.pl\/?page_id=2253"},"modified":"2023-11-02T14:20:28","modified_gmt":"2023-11-02T13:20:28","slug":"dr-wojciech-krawiec","status":"publish","type":"page","link":"https:\/\/katfin.ue.wroc.pl\/index.php\/pracownicy\/dr-wojciech-krawiec\/","title":{"rendered":"dr Wojciech Krawiec"},"content":{"rendered":"\n<figure class=\"wp-block-image size-large is-resized\"><a href=\"https:\/\/katfin.ue.wroc.pl\/wp-content\/uploads\/2023\/11\/dark_28-scaled.jpg\"><img loading=\"lazy\" decoding=\"async\" width=\"768\" height=\"1024\" src=\"https:\/\/katfin.ue.wroc.pl\/wp-content\/uploads\/2023\/11\/dark_28-768x1024.jpg\" alt=\"\" class=\"wp-image-2256\" style=\"aspect-ratio:0.75;width:213px;height:auto\" srcset=\"https:\/\/katfin.ue.wroc.pl\/wp-content\/uploads\/2023\/11\/dark_28-768x1024.jpg 768w, https:\/\/katfin.ue.wroc.pl\/wp-content\/uploads\/2023\/11\/dark_28-225x300.jpg 225w, https:\/\/katfin.ue.wroc.pl\/wp-content\/uploads\/2023\/11\/dark_28-1152x1536.jpg 1152w, https:\/\/katfin.ue.wroc.pl\/wp-content\/uploads\/2023\/11\/dark_28-1536x2048.jpg 1536w, https:\/\/katfin.ue.wroc.pl\/wp-content\/uploads\/2023\/11\/dark_28-scaled.jpg 1920w\" sizes=\"auto, (max-width: 768px) 100vw, 768px\" \/><\/a><\/figure>\n\n\n\n<p>Adiunkt<\/p>\n\n\n\n<p>Bud. A, pok. 107<\/p>\n\n\n\n<p><strong>Kontakt:&nbsp;<\/strong><\/p>\n\n\n\n<p>e-mail: wojciech.krawiec@ue.wroc.pl<\/p>\n\n\n\n<p>tel. 71 36 80&nbsp;751<\/p>\n\n\n\n<p><strong>Zainteresowania badawcze:<\/strong><\/p>\n\n\n\n<ul class=\"wp-block-list\">\n<li>inwestycje zaanga\u017cowane spo\u0142ecznie<\/li>\n\n\n\n<li>obligacje spo\u0142eczne<\/li>\n\n\n\n<li>rynek funduszy inwestycyjnych<\/li>\n\n\n\n<li>audyt wewn\u0119trzny i zewn\u0119trzny<\/li>\n\n\n\n<li>kontrola wewn\u0119trzna<\/li>\n\n\n\n<li>rachunkowo\u015b\u0107<\/li>\n<\/ul>\n\n\n\n<p><strong>Zaj\u0119cia dydaktyczne:<\/strong><\/p>\n\n\n\n<ul class=\"wp-block-list\">\n<li>Auditing i kontrola wewn\u0119trzna<\/li>\n\n\n\n<li>Audit and Assurance<\/li>\n\n\n\n<li>Konsolidacja sprawozda\u0144 finansowych<\/li>\n\n\n\n<li>Kadry i p\u0142ace (\u0107wiczenia komputerowe)<\/li>\n\n\n\n<li>Rachunkowo\u015b\u0107 informatyczna<\/li>\n<\/ul>\n\n\n\n<p><strong>Pozosta\u0142e informacje:<\/strong><\/p>\n\n\n\n<ul class=\"wp-block-list\">\n<li>cz\u0142onek Zarz\u0105du Oddzia\u0142u Dolno\u015bl\u0105skiego Stowarzyszenia Ksi\u0119gowych w Polsce (2019-2022, 2023-2026)<\/li>\n\n\n\n<li>wiceprezes ds. szkoleniowych Zarz\u0105du Oddzia\u0142u w Jeleniej G\u00f3rze Stowarzyszenia Ksi\u0119gowych w Polsce (2019-2022, 2023-2026)<\/li>\n\n\n\n<li>cz\u0142onek Komisji ds. Szkolenia i Wydawnictw przy Zarz\u0105dzie G\u0142\u00f3wnym Stowarzyszenia Ksi\u0119gowych w Polsce (2023-2026)<\/li>\n\n\n\n<li>opieka nad Studenckim Ko\u0142em Naukowym Finans\u00f3w i Rachunkowo\u015bci &#8222;Finansista&#8221; (Ma\u0142gorzata Solarz, Wojciech Krawiec)<\/li>\n<\/ul>\n\n\n\n<p><strong>Dorobek naukowy:<\/strong><\/p>\n\n\n\n<ul class=\"wp-block-list\">\n<li>\u2013-&gt; baza: Google Scholar&nbsp;<a href=\"https:\/\/scholar.google.pl\/citations?user=XPV8oYAAAAAJ&amp;hl=pl\">https:\/\/scholar.google.pl\/citations?user=XPV8oYAAAAAJ&amp;hl=pl<\/a><strong><\/strong><\/li>\n<\/ul>\n\n\n\n<p><strong>Wybrane publikacje:<\/strong><\/p>\n\n\n\n<ol class=\"wp-block-list\" type=\"1\">\n<li>Krawiec W. (2020), <em>Social Impact Bond \u2013 Outcome and Outcome Measurement on the Basis of Selected SIBS, <\/em>(w:) Education Excellence and Innovation Management: A 2025 Vision to Sustain Economic Development during Global Challenges \/ Soliman Khalid S. (red.), International Business Information Management Association (IBIMA), s. 6444-6454<a><\/a>.<\/li>\n\n\n\n<li>Krawiec W. (2018), <em>Obligacje spo\u0142eczne jako instrument finansowania przedsi\u0119wzi\u0119\u0107 spo\u0142ecznych<\/em> (w:) Studia Ekonomiczne. Zeszyty Naukowe Uniwersytetu Ekonomicznego w Katowicach, no. 358, s. 126-135.<\/li>\n\n\n\n<li>Krawiec W. (2019). C<em>harakterystyka obligacji spo\u0142ecznych (Social Impact Bonds) na przyk\u0142adzie Wielkiej Brytanii<\/em> (w:) Strategie interesariuszy na rynku finansowym, M. Wasilewski and S. Zabolotnyy, Eds. 2019, s. 41-50.<\/li>\n\n\n\n<li>Krawiec W. (2018),<em> Obligacje spo\u0142eczne &#8211; stan rozwoju w Polsce, <\/em>(w:) Annales Universitatis Mariae Curie-Sk\u0142odowska, Sectio H Oeconomia, vol. 52, no. 3, Lublin \u2013 Lw\u00f3w UMCS, s. 83\u201392.<\/li>\n\n\n\n<li>Krawiec W. (2013), <em>The efficiency of active asset allocation funds in the period of instability at financial markets,<\/em> (w:) Folia Oeconomica Stetinensia 12(20) 2012\/2, Uniwersytet Szczeci\u0144ski, Szczecin, s. 147-159.<\/li>\n<\/ol>\n","protected":false},"excerpt":{"rendered":"<p>Adiunkt Bud. A, pok. 107 Kontakt:&nbsp; e-mail: wojciech.krawiec@ue.wroc.pl tel. 71 36 80&nbsp;751 Zainteresowania badawcze: Zaj\u0119cia dydaktyczne: Pozosta\u0142e informacje: Dorobek naukowy: Wybrane publikacje:<\/p>\n","protected":false},"author":1,"featured_media":0,"parent":12,"menu_order":13,"comment_status":"closed","ping_status":"closed","template":"","meta":{"footnotes":""},"class_list":["post-2253","page","type-page","status-publish","hentry"],"_links":{"self":[{"href":"https:\/\/katfin.ue.wroc.pl\/index.php\/wp-json\/wp\/v2\/pages\/2253","targetHints":{"allow":["GET"]}}],"collection":[{"href":"https:\/\/katfin.ue.wroc.pl\/index.php\/wp-json\/wp\/v2\/pages"}],"about":[{"href":"https:\/\/katfin.ue.wroc.pl\/index.php\/wp-json\/wp\/v2\/types\/page"}],"author":[{"embeddable":true,"href":"https:\/\/katfin.ue.wroc.pl\/index.php\/wp-json\/wp\/v2\/users\/1"}],"replies":[{"embeddable":true,"href":"https:\/\/katfin.ue.wroc.pl\/index.php\/wp-json\/wp\/v2\/comments?post=2253"}],"version-history":[{"count":3,"href":"https:\/\/katfin.ue.wroc.pl\/index.php\/wp-json\/wp\/v2\/pages\/2253\/revisions"}],"predecessor-version":[{"id":2258,"href":"https:\/\/katfin.ue.wroc.pl\/index.php\/wp-json\/wp\/v2\/pages\/2253\/revisions\/2258"}],"up":[{"embeddable":true,"href":"https:\/\/katfin.ue.wroc.pl\/index.php\/wp-json\/wp\/v2\/pages\/12"}],"wp:attachment":[{"href":"https:\/\/katfin.ue.wroc.pl\/index.php\/wp-json\/wp\/v2\/media?parent=2253"}],"curies":[{"name":"wp","href":"https:\/\/api.w.org\/{rel}","templated":true}]}}