{"id":213,"date":"2015-12-11T23:02:21","date_gmt":"2015-12-11T22:02:21","guid":{"rendered":"http:\/\/katfin.ue.wroc.pl\/?page_id=213"},"modified":"2016-02-27T18:59:29","modified_gmt":"2016-02-27T17:59:29","slug":"prof-dr-hab-jacek-karwowski","status":"publish","type":"page","link":"https:\/\/katfin.ue.wroc.pl\/index.php\/pracownicy\/prof-dr-hab-jacek-karwowski\/","title":{"rendered":"prof. dr hab. Jacek Karwowski"},"content":{"rendered":"<p><strong>Terminy konsultacji i wi\u0119cej informacji na stronie:<\/strong> <a href=\"http:\/\/www.karwowski.edu.pl\" target=\"_blank\">www.karwowski.edu.pl <\/a><\/p>\n<p><strong>Zainteresowania badawcze<\/strong>:<br \/>\n\u2022 funkcjonowanie (mi\u0119dzynarodowych) rynk\u00f3w pieni\u0119\u017cnych,<br \/>\n\u2022 podmioty i instrumenty rynk\u00f3w kapita\u0142owych na \u015bwiecie i w Polsce,<br \/>\n\u2022 charakterystyka i wykorzystanie instrument\u00f3w rynku walutowego,<br \/>\n\u2022 mi\u0119dzynarodowe systemy walutowe,<br \/>\n\u2022 mi\u0119dzynarodowe organizacje finansowe,<br \/>\n\u2022 integracja walutowa,<br \/>\n\u2022 bilans p\u0142atniczy,<br \/>\n\u2022 bankowo\u015b\u0107 centralna,<br \/>\n\u2022 polityka pieni\u0119\u017cna,<br \/>\n\u2022 bankowo\u015b\u0107 prywatna (private banking),<br \/>\n\u2022 centra finansowe offshore,<br \/>\n\u2022 chrze\u015bcija\u0144stwo, judaizm i islam a dzia\u0142alno\u015b\u0107 gospodarcza,<br \/>\n\u2022 finanse islamskie,<br \/>\n\u2022 pranie brudnych pieni\u0119dzy,<br \/>\n\u2022 finansowe aspekty funkcjonowania podmiot\u00f3w gospodarczych,<br \/>\n\u2022 bud\u017cet; nadwy\u017cki i deficyty bud\u017cetowe,<br \/>\n\u2022 popieranie eksportu.<\/p>\n<p><strong>Obszary dydaktyki, szkoleniowe i doradcze:<\/strong><br \/>\n\u2022 Polityka pieni\u0119\u017cna<br \/>\n\u2022 Globalne rynki finansowe<br \/>\n\u2022 Zarz\u0105dzanie ryzykiem kursowym<br \/>\n\u2022 Finanse islamskie<\/p>\n<p><strong>Opieka naukowa (doktoraty):<\/strong><br \/>\n<strong>Promotorstwo \u2013 zako\u0144czone:<\/strong><br \/>\ndr Alicja Brodzka,<br \/>\ndr Ilona Fa\u0142at-Kilija\u0144ska,<br \/>\ndr Manfred Mohr,<br \/>\ndr Natalia \u015amieja<\/p>\n<p><strong>Opieka naukowa:<\/strong><br \/>\nmgr Tomasz Duda,<br \/>\nmgr Barbara Rudnicka,<br \/>\nmgr Dominik \u015awiatowy<\/p>\n<p><strong>Dorobek naukowy:<\/strong><\/p>\n<p><a href=\"https:\/\/scholar.google.pl\/citations?user=O8Tf5ZkAAAAJ&amp;hl=pl&amp;oi=ao\" target=\"_blank\">Google Scholar<\/a><\/p>\n<p><strong>Wybrane publikacje:<\/strong><br \/>\n\u2022 <em>Central Counterparties from the Islamic Finance Perspective<\/em>. Kwartalnik Kolegium Ekonomiczno-Spo\u0142ecznego Studia i Prace, Oficyna Wydawnicza, Szko\u0142a G\u0142\u00f3wna Handlowa w Warszawie, nr 3, tom 3\/2015, s. 27-40.<br \/>\n\u2022 <em>Monetary Policy in Selected Islamic Countries: Added Value or Mimicry?<\/em> International Journal of Research in Business Studies and Management, Volume 2, Issue 3, March 2015, s. 1-8.<br \/>\n\u2022 <em>Stabilno\u015b\u0107 finansowa a kurs walutowy. Kryzys w strefie euro<\/em>. Rozdzia\u0142 6 w pracy zbiorowej <em>Stabilno\u015b\u0107 finansowa,<\/em> pod red. M. Iwanicz-Drozdowskiej, Narodowy Bank Polski, Warszawa 2014, s. 95-118.<br \/>\n\u2022 <em>Instrumenty pochodne na mi\u0119dzynarodowych rynkach finansowych (wybrane zagadnienia). Teoria i przyk\u0142ady<\/em> (wsp\u00f3\u0142autorstwo pracy zbiorowej). Wydawnictwo Uniwersytetu Opolskiego, Opole 2014.<br \/>\n\u2022 <em>Czy nale\u017cy zlikwidowa\u0107 parabanki<\/em>, Zarz\u0105dzanie i Finanse, Uniwersytet Gda\u0144ski, Vol. 11, Nr 2, Cz\u0119\u015b\u0107 1, lipiec 2013, s. 243-256.<br \/>\n\u2022 <em>Ocena polityki zarz\u0105dzania rezerwami walutowymi<\/em>. Rozdzia\u0142 15 w pracy zbiorowej <em>Wsp\u00f3\u0142czesna bankowo\u015b\u0107 centralna<\/em>, pod red. W. L. Jaworskiego i A. Szel\u0105gowskiej, CeDeWu, Warszawa 2012, s. 271-297.<br \/>\n\u2022 <em>Zakazy i nakazy w finansach islamskich<\/em>, w: <em>Finanse w niestabilnym otoczeniu &#8211; dylematy i wyzwania. Rynki finansowe<\/em>. Redaktorzy: J. Harasim, J. Cichy. Studia Ekonomiczne. Zeszyty Naukowe Wydzia\u0142owe Uniwersytetu Ekonomicznego w Katowicach, Katowice 2012, s. 89-99.<br \/>\n\u2022 <em>Stabilno\u015b\u0107 finansowa a kurs walutowy<\/em>, Bank i Kredyt nr 1, cz\u0119\u015b\u0107 edukacyjna Stabilno\u015b\u0107 finansowa od A do Z (2012).<br \/>\n\u2022 <em>System bankowy Arabii Saudyjskiej<\/em>. Rozdzia\u0142 2.1 w pracy zbiorowej: <em>Systemy bankowe kraj\u00f3w G-20,<\/em> pod red. S. Flejterskiego i J.K. Solarza, Constans, Szczecin (2012), s. 37-55.<br \/>\n\u2022 <em>Towards lower tax burden in Poland<\/em>, Nauki o finansach \/ Financial sciences, Publishing House of Wroclaw University of Economics, 1(6) (2011), Prace Naukowe Uniwersytetu Ekonomicznego we Wroc\u0142awiu nr 184, s. 67-75.<br \/>\n\u2022 <em>Interwencje na rynku walutowym<\/em>. w: <em>Polityka pieni\u0119\u017cna<\/em>. Redakcja naukowa A. S\u0142awi\u0144ski, Wydawnictwo C.H. Beck, Warszawa (2011). Ksi\u0105\u017cka, jako praca zbiorowa, otrzyma\u0142a nagrod\u0119 drugiego stopnia PTE na najlepszy podr\u0119cznik akademicki wydany w latach 2009-2011.<br \/>\n\u2022 <em>Sukuk &#8211; islamskie certyfikaty inwestycyjne<\/em>, w: <em>Finanse &#8211; nowe wyzwania teorii i praktyki. Rynki finansowe<\/em>. Redaktor naukowy K. Jajuga. Wydawnictwo Uniwersytetu Ekonomicznego we Wroc\u0142awiu, Wroc\u0142aw (2011).<br \/>\n\u2022 <em>Krytyka systemu rezerwy cz\u0105stkowej w uj\u0119ciu szko\u0142y austriackiej i bankowo\u015bci islamskiej, Ku nowemu paradygmatowi nauk o finansach<\/em>, red. W. Fr\u0105ckowiak, J. Szmbela\u0144czyk, Zeszyty Naukowe 144, Wydawnictwo Uniwersytetu Ekonomicznego w Poznaniu, Pozna\u0144 2010, s. 227-240.<br \/>\n\u2022 <em>Centra offshore na globalnych rynkach finansowych<\/em>, PWE, Warszawa 2010.<\/p>\n","protected":false},"excerpt":{"rendered":"<p>Terminy konsultacji i wi\u0119cej informacji na stronie: www.karwowski.edu.pl Zainteresowania badawcze: \u2022 funkcjonowanie (mi\u0119dzynarodowych) rynk\u00f3w pieni\u0119\u017cnych, \u2022 podmioty i instrumenty rynk\u00f3w kapita\u0142owych na \u015bwiecie i w Polsce, \u2022 charakterystyka i wykorzystanie instrument\u00f3w rynku walutowego, \u2022 mi\u0119dzynarodowe systemy walutowe, \u2022 mi\u0119dzynarodowe organizacje finansowe, \u2022 integracja walutowa, \u2022 bilans p\u0142atniczy, \u2022 bankowo\u015b\u0107 centralna, \u2022 polityka pieni\u0119\u017cna, \u2022 bankowo\u015b\u0107 [&hellip;]<\/p>\n","protected":false},"author":1,"featured_media":0,"parent":12,"menu_order":9,"comment_status":"closed","ping_status":"closed","template":"","meta":{"footnotes":""},"class_list":["post-213","page","type-page","status-publish","hentry"],"_links":{"self":[{"href":"https:\/\/katfin.ue.wroc.pl\/index.php\/wp-json\/wp\/v2\/pages\/213","targetHints":{"allow":["GET"]}}],"collection":[{"href":"https:\/\/katfin.ue.wroc.pl\/index.php\/wp-json\/wp\/v2\/pages"}],"about":[{"href":"https:\/\/katfin.ue.wroc.pl\/index.php\/wp-json\/wp\/v2\/types\/page"}],"author":[{"embeddable":true,"href":"https:\/\/katfin.ue.wroc.pl\/index.php\/wp-json\/wp\/v2\/users\/1"}],"replies":[{"embeddable":true,"href":"https:\/\/katfin.ue.wroc.pl\/index.php\/wp-json\/wp\/v2\/comments?post=213"}],"version-history":[{"count":6,"href":"https:\/\/katfin.ue.wroc.pl\/index.php\/wp-json\/wp\/v2\/pages\/213\/revisions"}],"predecessor-version":[{"id":424,"href":"https:\/\/katfin.ue.wroc.pl\/index.php\/wp-json\/wp\/v2\/pages\/213\/revisions\/424"}],"up":[{"embeddable":true,"href":"https:\/\/katfin.ue.wroc.pl\/index.php\/wp-json\/wp\/v2\/pages\/12"}],"wp:attachment":[{"href":"https:\/\/katfin.ue.wroc.pl\/index.php\/wp-json\/wp\/v2\/media?parent=213"}],"curies":[{"name":"wp","href":"https:\/\/api.w.org\/{rel}","templated":true}]}}