{"id":2002,"date":"2021-07-14T23:12:03","date_gmt":"2021-07-14T21:12:03","guid":{"rendered":"http:\/\/katfin.ue.wroc.pl\/?page_id=2002"},"modified":"2021-07-18T14:38:05","modified_gmt":"2021-07-18T12:38:05","slug":"sp-prof-ewa-bogacka-kisiel-strona-w-przygotowaniu","status":"publish","type":"page","link":"https:\/\/katfin.ue.wroc.pl\/index.php\/o-katedrze\/sp-prof-ewa-bogacka-kisiel-strona-w-przygotowaniu\/","title":{"rendered":"\u015bp. prof. Ewa Bogacka &#8211; Kisiel"},"content":{"rendered":"\n<p>Z wielkim smutkiem przyj\u0119li\u015bmy wiadomo\u015b\u0107, \u017ce 18 marca 2021 r. odesz\u0142a na zawsze \u015b.p.\u00a0 Pani Profesor Ewa Bogacka &#8211; Kisiel. <br \/>Pani Profesor ca\u0142kiem niedawno przesz\u0142a na zas\u0142u\u017con\u0105 emerytur\u0119, zostaj\u0105c honorowym profesorem Uniwersytetu Ekonomicznego we Wroc\u0142awiu, cho\u0107 wci\u0105\u017c wsp\u00f3\u0142pracowa\u0142a z Katedr\u0105 Finans\u00f3w, pozostaj\u0105c aktywna zawodowo.<\/p>\n\n\n\n<p>Pani Profesor by\u0142a przede wszystkim wspania\u0142ym cz\u0142owiekiem, zawsze pomocna, o wielkim sercu i empatii. By\u0142a oddanym pedagogiem, cenionym naukowcem, mentorem wielu pokole\u0144 doktorant\u00f3w i magistrant\u00f3w. <br \/>Pani Profesor kierowa\u0142a przez ponad 30 edycji studiami podyplomowymi &#8222;Finanse i Bankowo\u015b\u0107&#8221;, wp\u0142ywaj\u0105c na edukacj\u0119 i \u015bwiadomo\u015b\u0107 finansow\u0105 wielu pokole\u0144 praktyk\u00f3w. W ramach czasopisma &#8222;Financial Sciences. Nauki o finansach&#8221; przez wiele lat pe\u0142ni\u0142a funkcj\u0119 redaktora naczelnego. <\/p>\n\n\n\n<figure class=\"wp-block-image size-large is-resized\"><img loading=\"lazy\" decoding=\"async\" src=\"http:\/\/katfin.ue.wroc.pl\/wp-content\/uploads\/2021\/03\/ewabk.jpg\" alt=\"\" class=\"wp-image-1963\" width=\"237\" height=\"393\" srcset=\"https:\/\/katfin.ue.wroc.pl\/wp-content\/uploads\/2021\/03\/ewabk.jpg 474w, https:\/\/katfin.ue.wroc.pl\/wp-content\/uploads\/2021\/03\/ewabk-181x300.jpg 181w\" sizes=\"auto, (max-width: 237px) 100vw, 237px\" \/><\/figure>\n\n\n\n<p>Pani Profesor na zawsze pozostanie w naszych sercach.<\/p>\n\n\n\n<p>Ca\u0142ej Rodzinie Pani Profesor, a w szczeg\u00f3lno\u015bci M\u0119\u017cowi i Synom sk\u0142adamy wyrazy g\u0142\u0119bokiego wsp\u00f3\u0142czucia. \u00a0 \u00a0 \u00a0 \u00a0 \u00a0 \u00a0 \u00a0 \u00a0 \u00a0 \u00a0 \u00a0 \u00a0 \u00a0 \u00a0 \u00a0 \u00a0 \u00a0 \u00a0 \u00a0 \u00a0 \u00a0 \u00a0 \u00a0 \u00a0 \u00a0 \u00a0 \u00a0 \u00a0 \u00a0 \u00a0 \u00a0 \u00a0 \u00a0 \u00a0 \u00a0 \u00a0 \u00a0 \u00a0 \u00a0 \u00a0 <\/p>\n\n\n\n<p><em>Pracownicy Katedry Finans\u00f3w<\/em><\/p>\n\n\n\n<figure class=\"wp-block-image size-large\"><img loading=\"lazy\" decoding=\"async\" width=\"552\" height=\"794\" src=\"http:\/\/katfin.ue.wroc.pl\/wp-content\/uploads\/2021\/07\/EBK-kondolencje-GW-1.jpg\" alt=\"\" class=\"wp-image-2006\" srcset=\"https:\/\/katfin.ue.wroc.pl\/wp-content\/uploads\/2021\/07\/EBK-kondolencje-GW-1.jpg 552w, https:\/\/katfin.ue.wroc.pl\/wp-content\/uploads\/2021\/07\/EBK-kondolencje-GW-1-209x300.jpg 209w\" sizes=\"auto, (max-width: 552px) 100vw, 552px\" \/><\/figure>\n","protected":false},"excerpt":{"rendered":"<p>Z wielkim smutkiem przyj\u0119li\u015bmy wiadomo\u015b\u0107, \u017ce 18 marca 2021 r. odesz\u0142a na zawsze \u015b.p.\u00a0 Pani Profesor Ewa Bogacka &#8211; Kisiel. Pani Profesor ca\u0142kiem niedawno przesz\u0142a na zas\u0142u\u017con\u0105 emerytur\u0119, zostaj\u0105c honorowym profesorem Uniwersytetu Ekonomicznego we Wroc\u0142awiu, cho\u0107 wci\u0105\u017c wsp\u00f3\u0142pracowa\u0142a z Katedr\u0105 Finans\u00f3w, pozostaj\u0105c aktywna zawodowo. Pani Profesor by\u0142a przede wszystkim wspania\u0142ym cz\u0142owiekiem, zawsze pomocna, o wielkim [&hellip;]<\/p>\n","protected":false},"author":1,"featured_media":0,"parent":10,"menu_order":5,"comment_status":"closed","ping_status":"closed","template":"","meta":{"footnotes":""},"class_list":["post-2002","page","type-page","status-publish","hentry"],"_links":{"self":[{"href":"https:\/\/katfin.ue.wroc.pl\/index.php\/wp-json\/wp\/v2\/pages\/2002","targetHints":{"allow":["GET"]}}],"collection":[{"href":"https:\/\/katfin.ue.wroc.pl\/index.php\/wp-json\/wp\/v2\/pages"}],"about":[{"href":"https:\/\/katfin.ue.wroc.pl\/index.php\/wp-json\/wp\/v2\/types\/page"}],"author":[{"embeddable":true,"href":"https:\/\/katfin.ue.wroc.pl\/index.php\/wp-json\/wp\/v2\/users\/1"}],"replies":[{"embeddable":true,"href":"https:\/\/katfin.ue.wroc.pl\/index.php\/wp-json\/wp\/v2\/comments?post=2002"}],"version-history":[{"count":6,"href":"https:\/\/katfin.ue.wroc.pl\/index.php\/wp-json\/wp\/v2\/pages\/2002\/revisions"}],"predecessor-version":[{"id":2017,"href":"https:\/\/katfin.ue.wroc.pl\/index.php\/wp-json\/wp\/v2\/pages\/2002\/revisions\/2017"}],"up":[{"embeddable":true,"href":"https:\/\/katfin.ue.wroc.pl\/index.php\/wp-json\/wp\/v2\/pages\/10"}],"wp:attachment":[{"href":"https:\/\/katfin.ue.wroc.pl\/index.php\/wp-json\/wp\/v2\/media?parent=2002"}],"curies":[{"name":"wp","href":"https:\/\/api.w.org\/{rel}","templated":true}]}}