{"id":20,"date":"2013-10-20T20:43:29","date_gmt":"2013-10-20T18:43:29","guid":{"rendered":"http:\/\/katfin.ue.wroc.pl\/?page_id=20"},"modified":"2014-03-30T21:06:36","modified_gmt":"2014-03-30T19:06:36","slug":"mknb-bankier","status":"publish","type":"page","link":"https:\/\/katfin.ue.wroc.pl\/index.php\/dla-studentow\/kola-naukowe\/mknb-bankier\/","title":{"rendered":"Mi\u0119dzywydzia\u0142owe Ko\u0142o Naukowe Bankowo\u015bci Bankier"},"content":{"rendered":"<div><span style=\"font-size: small;\">Ko\u0142o dzia\u0142a przy dw\u00f3ch Wydzia\u0142ach Uniwersytetu Ekonomicznego we Wroc\u0142awiu: <\/span><\/div>\n<div><span style=\"font-size: small;\">przy Katedrze Bankowo\u015bci Wydzia\u0142u Zarz\u0105dzania i Informatyki <\/span><\/div>\n<div><span style=\"font-size: small;\">oraz Katedrze Finans\u00f3w Wydzia\u0142u Nauk Ekonomicznych. <\/span><\/div>\n<div><span style=\"font-size: small;\">Patronem medialnym i merytorycznym Ko\u0142a jest <a href=\"http:\/\/www.bankier.pl\" target=\"_blank\">Polski Portal Finansowy Bankier.pl<\/a>.\u00a0<\/span><\/div>\n<div><\/div>\n<div><span style=\"font-size: small;\">MKNB Bankier <\/span><\/div>\n<div><span style=\"font-size: small;\">\u00a0-to\u00a0 miejsce, gdzie pasjonaci bankowo\u015bci i finans\u00f3w osobistych realizuj\u0105 ciekawe projekty naukowe, poznaj\u0105 specyfik\u0119 pracy w bankowo\u015bci oraz zdobywaj\u0105 do\u015bwiadczenie we wsp\u00f3\u0142pracy z instytucjami finansowymi. <\/span><\/div>\n<div><span style=\"font-size: small;\">&#8211; to wyj\u0105tkowa atmosfera, <\/span><\/div>\n<div><span style=\"font-size: small;\">&#8211; to \u00a0od 2005 roku znane w \u015brodowisku bankowc\u00f3w\u00a0konferencje, w trakcie kt\u00f3rych sala wype\u0142nia si\u0119 po ostatnie miejsca <\/span><\/div>\n<div><span style=\"font-size: small;\">&#8211; to merytoryczne debaty,<\/span><\/div>\n<div><\/div>\n<div><\/div>\n<div><span style=\"font-size: small;\"><strong>czyli &#8222;Bankier &#8211; do\u015bwiadczenia, kt\u00f3re procentuj\u0105!&#8221;.<br \/>\n<\/strong><\/span><\/div>\n<div><span style=\"font-size: small;\">\u00a0<\/span><\/div>\n<div><span style=\"font-size: small;\"><strong>Opiekunowie Ko\u0142a<\/strong>:<strong>\u00a0<\/strong><\/span><\/div>\n<div><strong><span style=\"font-size: small;\">dr Bogus\u0142aw P\u00f3\u0142torak\u00a0<\/span><\/strong><span style=\"font-size: small;\">Wydzia\u0142 NE, Katedra Finans\u00f3w<strong>\u00a0<\/strong><\/span><\/div>\n<div><strong><span style=\"font-size: small;\">dr Magdalena Bywalec,\u00a0<\/span><\/strong><span style=\"font-size: small;\">Wydzia\u0142 ZIF, Katedra Bankowo\u015bci\u00a0<\/span><\/div>\n<div><span style=\"font-size: small;\"><strong>Kontakt<\/strong>:<strong>\u00a0<\/strong><\/span><\/div>\n<div><span style=\"font-size: small;\">e-mail:\u00a0<a href=\"mailto:bankier@ue.wroc.pl\">bankier@ue.wroc.pl<\/a>\u00a0<strong>\u00a0<\/strong><\/span><\/div>\n<div><span style=\"font-size: small;\"><a href=\"http:\/\/www.bankier.ue.wroc.pl\/\">www.bankier.ue.wroc.pl<\/a><\/span><\/div>\n<div><span style=\"font-size: small;\">fanpage:\u00a0<a href=\"https:\/\/www.facebook.com\/KN.Bankier?fref=ts\" target=\"_blank\">https:\/\/www.facebook.com\/<\/a><\/span><\/div>\n","protected":false},"excerpt":{"rendered":"<p>Ko\u0142o dzia\u0142a przy dw\u00f3ch Wydzia\u0142ach Uniwersytetu Ekonomicznego we Wroc\u0142awiu: przy Katedrze Bankowo\u015bci Wydzia\u0142u Zarz\u0105dzania i Informatyki oraz Katedrze Finans\u00f3w Wydzia\u0142u Nauk Ekonomicznych. Patronem medialnym i merytorycznym Ko\u0142a jest Polski Portal Finansowy Bankier.pl.\u00a0 MKNB Bankier \u00a0-to\u00a0 miejsce, gdzie pasjonaci bankowo\u015bci i finans\u00f3w osobistych realizuj\u0105 ciekawe projekty naukowe, poznaj\u0105 specyfik\u0119 pracy w bankowo\u015bci oraz zdobywaj\u0105 do\u015bwiadczenie we [&hellip;]<\/p>\n","protected":false},"author":1,"featured_media":0,"parent":16,"menu_order":0,"comment_status":"closed","ping_status":"closed","template":"","meta":{"footnotes":""},"class_list":["post-20","page","type-page","status-publish","hentry"],"_links":{"self":[{"href":"https:\/\/katfin.ue.wroc.pl\/index.php\/wp-json\/wp\/v2\/pages\/20","targetHints":{"allow":["GET"]}}],"collection":[{"href":"https:\/\/katfin.ue.wroc.pl\/index.php\/wp-json\/wp\/v2\/pages"}],"about":[{"href":"https:\/\/katfin.ue.wroc.pl\/index.php\/wp-json\/wp\/v2\/types\/page"}],"author":[{"embeddable":true,"href":"https:\/\/katfin.ue.wroc.pl\/index.php\/wp-json\/wp\/v2\/users\/1"}],"replies":[{"embeddable":true,"href":"https:\/\/katfin.ue.wroc.pl\/index.php\/wp-json\/wp\/v2\/comments?post=20"}],"version-history":[{"count":6,"href":"https:\/\/katfin.ue.wroc.pl\/index.php\/wp-json\/wp\/v2\/pages\/20\/revisions"}],"predecessor-version":[{"id":78,"href":"https:\/\/katfin.ue.wroc.pl\/index.php\/wp-json\/wp\/v2\/pages\/20\/revisions\/78"}],"up":[{"embeddable":true,"href":"https:\/\/katfin.ue.wroc.pl\/index.php\/wp-json\/wp\/v2\/pages\/16"}],"wp:attachment":[{"href":"https:\/\/katfin.ue.wroc.pl\/index.php\/wp-json\/wp\/v2\/media?parent=20"}],"curies":[{"name":"wp","href":"https:\/\/api.w.org\/{rel}","templated":true}]}}