{"id":1816,"date":"2019-10-16T10:09:07","date_gmt":"2019-10-16T08:09:07","guid":{"rendered":"http:\/\/katfin.ue.wroc.pl\/?page_id=1816"},"modified":"2019-10-16T10:10:13","modified_gmt":"2019-10-16T08:10:13","slug":"ksiazka-abstraktow","status":"publish","type":"page","link":"https:\/\/katfin.ue.wroc.pl\/index.php\/konferencje\/archiwum-konferencji\/konferencja-finanse-statystyka-badania-empiryczne-pazdziernik-2019\/ksiazka-abstraktow\/","title":{"rendered":"Ksi\u0105\u017cka abstrakt\u00f3w"},"content":{"rendered":"\n<p><a href=\"http:\/\/katfin.ue.wroc.pl\/wp-content\/uploads\/2019\/10\/BOOK-OF-ABSTRACTS-2019.pdf\">Plik ksi\u0105\u017cki abstrakt\u00f3w do pobrania w formacie PDF<\/a><\/p>\n","protected":false},"excerpt":{"rendered":"<p>Plik ksi\u0105\u017cki abstrakt\u00f3w do pobrania w formacie PDF<\/p>\n","protected":false},"author":1,"featured_media":0,"parent":1713,"menu_order":2,"comment_status":"closed","ping_status":"closed","template":"","meta":{"footnotes":""},"class_list":["post-1816","page","type-page","status-publish","hentry"],"_links":{"self":[{"href":"https:\/\/katfin.ue.wroc.pl\/index.php\/wp-json\/wp\/v2\/pages\/1816","targetHints":{"allow":["GET"]}}],"collection":[{"href":"https:\/\/katfin.ue.wroc.pl\/index.php\/wp-json\/wp\/v2\/pages"}],"about":[{"href":"https:\/\/katfin.ue.wroc.pl\/index.php\/wp-json\/wp\/v2\/types\/page"}],"author":[{"embeddable":true,"href":"https:\/\/katfin.ue.wroc.pl\/index.php\/wp-json\/wp\/v2\/users\/1"}],"replies":[{"embeddable":true,"href":"https:\/\/katfin.ue.wroc.pl\/index.php\/wp-json\/wp\/v2\/comments?post=1816"}],"version-history":[{"count":2,"href":"https:\/\/katfin.ue.wroc.pl\/index.php\/wp-json\/wp\/v2\/pages\/1816\/revisions"}],"predecessor-version":[{"id":1819,"href":"https:\/\/katfin.ue.wroc.pl\/index.php\/wp-json\/wp\/v2\/pages\/1816\/revisions\/1819"}],"up":[{"embeddable":true,"href":"https:\/\/katfin.ue.wroc.pl\/index.php\/wp-json\/wp\/v2\/pages\/1713"}],"wp:attachment":[{"href":"https:\/\/katfin.ue.wroc.pl\/index.php\/wp-json\/wp\/v2\/media?parent=1816"}],"curies":[{"name":"wp","href":"https:\/\/api.w.org\/{rel}","templated":true}]}}