{"id":18,"date":"2013-10-20T20:43:13","date_gmt":"2013-10-20T18:43:13","guid":{"rendered":"http:\/\/katfin.ue.wroc.pl\/?page_id=18"},"modified":"2018-01-24T13:36:03","modified_gmt":"2018-01-24T12:36:03","slug":"hossa-procapital","status":"publish","type":"page","link":"https:\/\/katfin.ue.wroc.pl\/index.php\/dla-studentow\/kola-naukowe\/hossa-procapital\/","title":{"rendered":"Ko\u0142o Naukowe Rynku Kapita\u0142owego Hossa ProCapital"},"content":{"rendered":"<p>KNRK HOSSA ProCapital to jedno z najstarszych (dzia\u0142a od 1998 roku) i najbardziej znanych K\u00f3\u0142 Naukowych dzia\u0142aj\u0105cych przy Uniwersytecie Ekonomicznym we Wroc\u0142awiu. Dzi\u0119ki swojej aktywno\u015bci sta\u0142o si\u0119 rozpoznawaln\u0105 mark\u0105, a byli cz\u0142onkowie Ko\u0142a robi\u0105 kariery w najwa\u017cniejszych instytucjach finansowych w Polsce i na \u015bwiecie.<\/p>\n<p>Spotkania:<\/p>\n<p><strong>\u00a0\u00a0\u00a0\u00a0\u00a0\u00a0\u00a0\u00a0 \u015aRODA 17:30 sala 13 A<br \/>\n<\/strong><\/p>\n<p>Wi\u0119cej informacji na stronie <a title=\"KNRK Hossa Procapital\" href=\"http:\/\/hossaprocapital.ue.wroc.pl\/\" target=\"_blank\">www<\/a><strong><br \/>\n<\/strong><\/p>\n<p>Tym, co wyr\u00f3\u017cnia KNRK Hossa ProCapital spo\u015br\u00f3d wszystkich k\u00f3\u0142 naukowych jest permanentna dzia\u0142alno\u015b\u0107 nawet w czasie bessy na rynku. Dla cz\u0142onk\u00f3w Ko\u0142a rynki kapita\u0142owe to pasja i wiedza, kt\u00f3r\u0105 chc\u0105 rozwija\u0107 oraz propagowa\u0107 w\u015br\u00f3d student\u00f3w. Spotkania Ko\u0142a maj\u0105 charakter otwarty, dlatego cotygodniowo go\u015bci na nich wielu wolnych s\u0142uchaczy. Hossa ProCapital dzia\u0142a od 15 lat , rokrocznie organizuj\u0105c wiele projekt\u00f3w, takich jak: \u201eWroc\u0142awskie Dni Inwestycji&#8221;, \u201eAkademia Analizy Technicznej&#8221;, \u201eAkademia Wyceny Przedsi\u0119biorstwa\u201d, \u201eRynki Finansowe Jutra\u201d.<\/p>\n<p>Zasadniczym celem Ko\u0142a jest stworzenie jego cz\u0142onkom dogodnych warunk\u00f3w do samodzielnego rozwoju, wymiany opinii oraz realizacji projekt\u00f3w: prac naukowych i seminari\u00f3w tematycznych, jak r\u00f3wnie\u017c propagowanie wiedzy z zakresu rynk\u00f3w kapita\u0142owych w\u015br\u00f3d student\u00f3w. W ramach jego dzia\u0142alno\u015bci organizowane s\u0105:<\/p>\n<ul>\n<li>konferencje i seminaria naukowe,<\/li>\n<li>spotkania z praktykami rynk\u00f3w finansowych,<\/li>\n<li>r\u00f3\u017cnorodne projekty maj\u0105ce na celu szerzenie wiedzy o rynkach kapita\u0142owych,<\/li>\n<li>warsztaty tematyczne,<\/li>\n<li>cotygodniowe spotkania dydaktyczne.<\/li>\n<\/ul>\n<div><span style=\"font-size: small;\"><strong>Opiekun Ko\u0142a<\/strong>:<\/span><\/div>\n<div><span style=\"font-size: small;\"><strong>dr in\u017c. Dominika Hadro<\/strong><\/span><\/div>\n<div><span style=\"font-size: small;\">Katedra Finans\u00f3w<\/span><\/div>\n<div><span style=\"font-size: small;\"><strong>Kontakt<\/strong>:<\/span><\/div>\n<div><span style=\"font-size: small;\">e-mail:\u00a0<a href=\"mailto:dominika.hadro@ue.wroc.pl\">dominika.hadro@ue.wroc.pl<\/a>\u00a0<\/span><\/div>\n<div><span style=\"font-size: small;\"><a href=\"http:\/\/hossaprocapital.ue.wroc.pl\/\">http:\/\/hossaprocapital.ue.wroc.pl<\/a><\/span><\/div>\n<p>&nbsp;<\/p>\n","protected":false},"excerpt":{"rendered":"<p>KNRK HOSSA ProCapital to jedno z najstarszych (dzia\u0142a od 1998 roku) i najbardziej znanych K\u00f3\u0142 Naukowych dzia\u0142aj\u0105cych przy Uniwersytecie Ekonomicznym we Wroc\u0142awiu. Dzi\u0119ki swojej aktywno\u015bci sta\u0142o si\u0119 rozpoznawaln\u0105 mark\u0105, a byli cz\u0142onkowie Ko\u0142a robi\u0105 kariery w najwa\u017cniejszych instytucjach finansowych w Polsce i na \u015bwiecie. Spotkania: \u00a0\u00a0\u00a0\u00a0\u00a0\u00a0\u00a0\u00a0 \u015aRODA 17:30 sala 13 A Wi\u0119cej informacji na stronie [&hellip;]<\/p>\n","protected":false},"author":1,"featured_media":0,"parent":16,"menu_order":0,"comment_status":"closed","ping_status":"closed","template":"","meta":{"footnotes":""},"class_list":["post-18","page","type-page","status-publish","hentry"],"_links":{"self":[{"href":"https:\/\/katfin.ue.wroc.pl\/index.php\/wp-json\/wp\/v2\/pages\/18","targetHints":{"allow":["GET"]}}],"collection":[{"href":"https:\/\/katfin.ue.wroc.pl\/index.php\/wp-json\/wp\/v2\/pages"}],"about":[{"href":"https:\/\/katfin.ue.wroc.pl\/index.php\/wp-json\/wp\/v2\/types\/page"}],"author":[{"embeddable":true,"href":"https:\/\/katfin.ue.wroc.pl\/index.php\/wp-json\/wp\/v2\/users\/1"}],"replies":[{"embeddable":true,"href":"https:\/\/katfin.ue.wroc.pl\/index.php\/wp-json\/wp\/v2\/comments?post=18"}],"version-history":[{"count":5,"href":"https:\/\/katfin.ue.wroc.pl\/index.php\/wp-json\/wp\/v2\/pages\/18\/revisions"}],"predecessor-version":[{"id":1284,"href":"https:\/\/katfin.ue.wroc.pl\/index.php\/wp-json\/wp\/v2\/pages\/18\/revisions\/1284"}],"up":[{"embeddable":true,"href":"https:\/\/katfin.ue.wroc.pl\/index.php\/wp-json\/wp\/v2\/pages\/16"}],"wp:attachment":[{"href":"https:\/\/katfin.ue.wroc.pl\/index.php\/wp-json\/wp\/v2\/media?parent=18"}],"curies":[{"name":"wp","href":"https:\/\/api.w.org\/{rel}","templated":true}]}}