{"id":1792,"date":"2019-09-15T23:22:53","date_gmt":"2019-09-15T21:22:53","guid":{"rendered":"http:\/\/katfin.ue.wroc.pl\/?page_id=1792"},"modified":"2025-07-20T17:16:32","modified_gmt":"2025-07-20T15:16:32","slug":"2019-podstawy-rynku-finansowego-przyklady-i-zadania","status":"publish","type":"page","link":"https:\/\/katfin.ue.wroc.pl\/index.php\/nauka\/podreczniki-skrypty-materialy-dydaktyczne\/2019-podstawy-rynku-finansowego-przyklady-i-zadania\/","title":{"rendered":"2019 &#8211; Podstawy rynku finansowego. Przyk\u0142ady i zadania"},"content":{"rendered":"\n<p><strong>Tytu\u0142:<\/strong>&nbsp;Podstawy rynku finansowego. Przyk\u0142ady i zadania<\/p>\n\n\n\n<p><strong>Autor:<\/strong>&nbsp;Magdalena Broszkiewicz, Marek Pauka, Emil \u0141obodzi\u0144ski, Pawe\u0142 Pr\u0119dkiewicz, Martyna \u017by\u0142a<\/p>\n\n\n\n<p><strong>Data publikacji<\/strong>: 2019<\/p>\n\n\n\n<p><strong>Wydawnictwo:<\/strong>&nbsp;Wydawnictwo Uniwersytetu Ekonomicznego we Wroc\u0142awiu<\/p>\n\n\n\n<figure class=\"wp-block-image\"><img loading=\"lazy\" decoding=\"async\" width=\"255\" height=\"361\" src=\"http:\/\/katfin.ue.wroc.pl\/wp-content\/uploads\/2019\/09\/broszkiewicz_pauka_internet.jpg\" alt=\"\" class=\"wp-image-1795\" srcset=\"https:\/\/katfin.ue.wroc.pl\/wp-content\/uploads\/2019\/09\/broszkiewicz_pauka_internet.jpg 255w, https:\/\/katfin.ue.wroc.pl\/wp-content\/uploads\/2019\/09\/broszkiewicz_pauka_internet-212x300.jpg 212w\" sizes=\"auto, (max-width: 255px) 100vw, 255px\" \/><\/figure>\n\n\n\n<p>Link do ksi\u0119garni:<\/p>\n\n\n\n<p><a href=\"http:\/\/www.ksiegarnia.ue.wroc.pl\/finanse\/podstawy-rynku-finansowego-przyklady-i-zadania.html\">http:\/\/www.ksiegarnia.ue.wroc.pl\/finanse\/podstawy-rynku-finansowego-przyklady-i-zadania.html<\/a><\/p>\n\n\n\n<p><a href=\"http:\/\/www.ksiegarnia.ue.wroc.pl\/p\/_\/\/02\/0249\/024982\/spis_wstep.pdf\" target=\"_blank\" rel=\"noreferrer noopener\" aria-label=\"Wst\u0119p i spis tre\u015bci (otwiera si\u0119 na nowej zak\u0142adce)\">Wst\u0119p i spis tre\u015bci<\/a><\/p>\n\n\n\n<p> Podstawy rynku finansowego \u2013 przyk\u0142ady i zadania to podr\u0119cznik napisany z my\u015bl\u0105 o osobach, kt\u00f3re s\u0105 na pocz\u0105tku \u015bcie\u017cki edukacji dotycz\u0105cej rynk\u00f3w finansowych. Autorzy traktuj\u0105 zadania do rozwi\u0105zania jako pretekst do przekazania podstawowej wiedzy na temat zasad, wed\u0142ug kt\u00f3rych wsp\u00f3\u0142cze\u015bnie one funkcjonuj\u0105. Ka\u017cde zagadnienie nie tylko om\u00f3wiono&nbsp;&nbsp; od strony teoretycznej, ale r\u00f3wnie\u017c zilustrowano du\u017c\u0105 liczb\u0105 przyk\u0142ad\u00f3w. Ksi\u0105\u017cka napisana jest przyst\u0119pnym j\u0119zykiem, a dociekliwy czytelnik znajdzie w niej r\u00f3wnie\u017c przypisy do literatury rozszerzaj\u0105cej perspektyw\u0119. Na ko\u0144cu ka\u017cdego rozdzia\u0142u znajduj\u0105 si\u0119 zadania do samodzielnego rozwi\u0105zania oraz lista problem\u00f3w i inspiracji do przemy\u015blenia, wskazuj\u0105cych mo\u017cliwy kierunek dalszego podnoszenia poziomu wiedzy. <\/p>\n\n\n\n<p><strong><a href=\"https:\/\/katfin.ue.wroc.pl\/index.php\/nauka\/podreczniki-skrypty-materialy-dydaktyczne\/2019-podstawy-rynku-finansowego-przyklady-i-zadania\/errata\/\" data-type=\"page\" data-id=\"1900\">Errata<\/a><\/strong><\/p>\n\n\n\n<p><em>Niecierpliwych prosimy o kontakt mailowy z autorami.<\/em><\/p>\n","protected":false},"excerpt":{"rendered":"<p>Tytu\u0142:&nbsp;Podstawy rynku finansowego. Przyk\u0142ady i zadania Autor:&nbsp;Magdalena Broszkiewicz, Marek Pauka, Emil \u0141obodzi\u0144ski, Pawe\u0142 Pr\u0119dkiewicz, Martyna \u017by\u0142a Data publikacji: 2019 Wydawnictwo:&nbsp;Wydawnictwo Uniwersytetu Ekonomicznego we Wroc\u0142awiu Link do ksi\u0119garni: http:\/\/www.ksiegarnia.ue.wroc.pl\/finanse\/podstawy-rynku-finansowego-przyklady-i-zadania.html Wst\u0119p i spis tre\u015bci Podstawy rynku finansowego \u2013 przyk\u0142ady i zadania to podr\u0119cznik napisany z my\u015bl\u0105 o osobach, kt\u00f3re s\u0105 na pocz\u0105tku \u015bcie\u017cki edukacji dotycz\u0105cej rynk\u00f3w finansowych. [&hellip;]<\/p>\n","protected":false},"author":1,"featured_media":0,"parent":1788,"menu_order":0,"comment_status":"closed","ping_status":"closed","template":"","meta":{"footnotes":""},"class_list":["post-1792","page","type-page","status-publish","hentry"],"_links":{"self":[{"href":"https:\/\/katfin.ue.wroc.pl\/index.php\/wp-json\/wp\/v2\/pages\/1792","targetHints":{"allow":["GET"]}}],"collection":[{"href":"https:\/\/katfin.ue.wroc.pl\/index.php\/wp-json\/wp\/v2\/pages"}],"about":[{"href":"https:\/\/katfin.ue.wroc.pl\/index.php\/wp-json\/wp\/v2\/types\/page"}],"author":[{"embeddable":true,"href":"https:\/\/katfin.ue.wroc.pl\/index.php\/wp-json\/wp\/v2\/users\/1"}],"replies":[{"embeddable":true,"href":"https:\/\/katfin.ue.wroc.pl\/index.php\/wp-json\/wp\/v2\/comments?post=1792"}],"version-history":[{"count":5,"href":"https:\/\/katfin.ue.wroc.pl\/index.php\/wp-json\/wp\/v2\/pages\/1792\/revisions"}],"predecessor-version":[{"id":2451,"href":"https:\/\/katfin.ue.wroc.pl\/index.php\/wp-json\/wp\/v2\/pages\/1792\/revisions\/2451"}],"up":[{"embeddable":true,"href":"https:\/\/katfin.ue.wroc.pl\/index.php\/wp-json\/wp\/v2\/pages\/1788"}],"wp:attachment":[{"href":"https:\/\/katfin.ue.wroc.pl\/index.php\/wp-json\/wp\/v2\/media?parent=1792"}],"curies":[{"name":"wp","href":"https:\/\/api.w.org\/{rel}","templated":true}]}}