{"id":1788,"date":"2019-09-12T01:35:47","date_gmt":"2019-09-11T23:35:47","guid":{"rendered":"http:\/\/katfin.ue.wroc.pl\/?page_id=1788"},"modified":"2019-09-12T01:39:12","modified_gmt":"2019-09-11T23:39:12","slug":"podreczniki-skrypty-materialy-dydaktyczne","status":"publish","type":"page","link":"https:\/\/katfin.ue.wroc.pl\/index.php\/nauka\/podreczniki-skrypty-materialy-dydaktyczne\/","title":{"rendered":"Podr\u0119czniki, skrypty, materia\u0142y dydaktyczne"},"content":{"rendered":"\n<p>Mamy zaszczyt prezentowa\u0107 publikacje dydaktyczne autorstwa pracownik\u00f3w Katedry Finans\u00f3w:<\/p>\n\n\n\n<ul class=\"wp-block-list\"><li><strong>2019 <\/strong>&#8211; Magdalena Broszkiewicz, Marek Pauka (redakcja), <em>Podstawy rynku finansowego. Przyk\u0142ady i zadania<\/em>, Wydawnictwo Uniwersytetu Ekonomicznego we Wroc\u0142awiu<\/li><\/ul>\n\n\n\n<p><\/p>\n","protected":false},"excerpt":{"rendered":"<p>Mamy zaszczyt prezentowa\u0107 publikacje dydaktyczne autorstwa pracownik\u00f3w Katedry Finans\u00f3w: 2019 &#8211; Magdalena Broszkiewicz, Marek Pauka (redakcja), Podstawy rynku finansowego. Przyk\u0142ady i zadania, Wydawnictwo Uniwersytetu Ekonomicznego we Wroc\u0142awiu<\/p>\n","protected":false},"author":1,"featured_media":0,"parent":1600,"menu_order":0,"comment_status":"closed","ping_status":"closed","template":"","meta":{"footnotes":""},"class_list":["post-1788","page","type-page","status-publish","hentry"],"_links":{"self":[{"href":"https:\/\/katfin.ue.wroc.pl\/index.php\/wp-json\/wp\/v2\/pages\/1788","targetHints":{"allow":["GET"]}}],"collection":[{"href":"https:\/\/katfin.ue.wroc.pl\/index.php\/wp-json\/wp\/v2\/pages"}],"about":[{"href":"https:\/\/katfin.ue.wroc.pl\/index.php\/wp-json\/wp\/v2\/types\/page"}],"author":[{"embeddable":true,"href":"https:\/\/katfin.ue.wroc.pl\/index.php\/wp-json\/wp\/v2\/users\/1"}],"replies":[{"embeddable":true,"href":"https:\/\/katfin.ue.wroc.pl\/index.php\/wp-json\/wp\/v2\/comments?post=1788"}],"version-history":[{"count":2,"href":"https:\/\/katfin.ue.wroc.pl\/index.php\/wp-json\/wp\/v2\/pages\/1788\/revisions"}],"predecessor-version":[{"id":1791,"href":"https:\/\/katfin.ue.wroc.pl\/index.php\/wp-json\/wp\/v2\/pages\/1788\/revisions\/1791"}],"up":[{"embeddable":true,"href":"https:\/\/katfin.ue.wroc.pl\/index.php\/wp-json\/wp\/v2\/pages\/1600"}],"wp:attachment":[{"href":"https:\/\/katfin.ue.wroc.pl\/index.php\/wp-json\/wp\/v2\/media?parent=1788"}],"curies":[{"name":"wp","href":"https:\/\/api.w.org\/{rel}","templated":true}]}}