{"id":1743,"date":"2019-04-12T07:31:19","date_gmt":"2019-04-12T05:31:19","guid":{"rendered":"http:\/\/katfin.ue.wroc.pl\/?page_id=1743"},"modified":"2019-04-12T07:31:35","modified_gmt":"2019-04-12T05:31:35","slug":"2018-piotr-luty-wielowymiarowa-analiza-rentownosci-aktywow-spolek-przejmujacych-w-polsce","status":"publish","type":"page","link":"https:\/\/katfin.ue.wroc.pl\/index.php\/nauka\/nasze-ksiazki\/2018-piotr-luty-wielowymiarowa-analiza-rentownosci-aktywow-spolek-przejmujacych-w-polsce\/","title":{"rendered":"2018-Piotr Luty-Wielowymiarowa analiza rentowno\u015bci aktyw\u00f3w sp\u00f3\u0142ek przejmuj\u0105cych w Polsce"},"content":{"rendered":"\n<p><strong>Tytu\u0142:<\/strong> Wielowymiarowa analiza rentowno\u015bci aktyw\u00f3w sp\u00f3\u0142ek przejmuj\u0105cych w Polsce<\/p>\n\n\n\n<p><strong>Autor:<\/strong> Piotr Luty<\/p>\n\n\n\n<p><strong>Data publikacji<\/strong>: 2018<\/p>\n\n\n\n<p><strong>Wydawnictwo:<\/strong> Wydawnictwo Uniwersytetu Ekonomicznego we Wroc\u0142awiu<\/p>\n\n\n\n<figure class=\"wp-block-image\"><img loading=\"lazy\" decoding=\"async\" width=\"255\" height=\"362\" src=\"http:\/\/katfin.ue.wroc.pl\/wp-content\/uploads\/2019\/04\/predkiewicz_okladka_internet.jpg\" alt=\"\" class=\"wp-image-1737\" srcset=\"https:\/\/katfin.ue.wroc.pl\/wp-content\/uploads\/2019\/04\/predkiewicz_okladka_internet.jpg 255w, https:\/\/katfin.ue.wroc.pl\/wp-content\/uploads\/2019\/04\/predkiewicz_okladka_internet-211x300.jpg 211w\" sizes=\"auto, (max-width: 255px) 100vw, 255px\" \/><\/figure>\n\n\n\n<p><strong>Streszczenie:<\/strong><\/p>\n\n\n\n<p> <br \/>Celem g\u0142\u00f3wnym publikacji jest analiza kszta\u0142towania rentowno\u015bci polskich sp\u00f3\u0142ek przejmuj\u0105cych w okresach poprzedzaj\u0105cych po\u0142\u0105czenie jednostek gospodarczych. Badania prowadzone przez autora s\u0105 pierwszymi w Polsce tak obszernymi analizami sytuacji finansowej sp\u00f3\u0142ek przejmuj\u0105cych w okresie do pi\u0119ciu lat przed po\u0142\u0105czeniem. S\u0105 one tak\u017ce unikatowe na arenie mi\u0119dzynarodowej. Ksi\u0105\u017cka skierowana jest do przedstawicieli \u015brodowiska naukowego, os\u00f3b podejmuj\u0105cych decyzj\u0119 o po\u0142\u0105czeniu sp\u00f3\u0142ek, jak r\u00f3wnie\u017c do oceniaj\u0105cych zachowania jednostek gospodarczych (bieg\u0142ych rewident\u00f3w, bieg\u0142ych s\u0105dowych). <\/p>\n\n\n\n<p>Link do spisu tre\u015bci i wst\u0119pu<\/p>\n\n\n\n<p>Link do ksi\u0119garni<\/p>\n","protected":false},"excerpt":{"rendered":"<p>Tytu\u0142: Wielowymiarowa analiza rentowno\u015bci aktyw\u00f3w sp\u00f3\u0142ek przejmuj\u0105cych w Polsce Autor: Piotr Luty Data publikacji: 2018 Wydawnictwo: Wydawnictwo Uniwersytetu Ekonomicznego we Wroc\u0142awiu Streszczenie: Celem g\u0142\u00f3wnym publikacji jest analiza kszta\u0142towania rentowno\u015bci polskich sp\u00f3\u0142ek przejmuj\u0105cych w okresach poprzedzaj\u0105cych po\u0142\u0105czenie jednostek gospodarczych. Badania prowadzone przez autora s\u0105 pierwszymi w Polsce tak obszernymi analizami sytuacji finansowej sp\u00f3\u0142ek przejmuj\u0105cych w okresie [&hellip;]<\/p>\n","protected":false},"author":1,"featured_media":0,"parent":1602,"menu_order":0,"comment_status":"closed","ping_status":"closed","template":"","meta":{"footnotes":""},"class_list":["post-1743","page","type-page","status-publish","hentry"],"_links":{"self":[{"href":"https:\/\/katfin.ue.wroc.pl\/index.php\/wp-json\/wp\/v2\/pages\/1743","targetHints":{"allow":["GET"]}}],"collection":[{"href":"https:\/\/katfin.ue.wroc.pl\/index.php\/wp-json\/wp\/v2\/pages"}],"about":[{"href":"https:\/\/katfin.ue.wroc.pl\/index.php\/wp-json\/wp\/v2\/types\/page"}],"author":[{"embeddable":true,"href":"https:\/\/katfin.ue.wroc.pl\/index.php\/wp-json\/wp\/v2\/users\/1"}],"replies":[{"embeddable":true,"href":"https:\/\/katfin.ue.wroc.pl\/index.php\/wp-json\/wp\/v2\/comments?post=1743"}],"version-history":[{"count":1,"href":"https:\/\/katfin.ue.wroc.pl\/index.php\/wp-json\/wp\/v2\/pages\/1743\/revisions"}],"predecessor-version":[{"id":1744,"href":"https:\/\/katfin.ue.wroc.pl\/index.php\/wp-json\/wp\/v2\/pages\/1743\/revisions\/1744"}],"up":[{"embeddable":true,"href":"https:\/\/katfin.ue.wroc.pl\/index.php\/wp-json\/wp\/v2\/pages\/1602"}],"wp:attachment":[{"href":"https:\/\/katfin.ue.wroc.pl\/index.php\/wp-json\/wp\/v2\/media?parent=1743"}],"curies":[{"name":"wp","href":"https:\/\/api.w.org\/{rel}","templated":true}]}}