{"id":1739,"date":"2019-04-12T02:53:03","date_gmt":"2019-04-12T00:53:03","guid":{"rendered":"http:\/\/katfin.ue.wroc.pl\/?page_id=1739"},"modified":"2019-04-12T02:53:03","modified_gmt":"2019-04-12T00:53:03","slug":"2019-iwona-dittmann-odpowiedniosc-polskich-funduszy-inwestycyjnych-otwartych-dla-inwestora-indywidualnego-koncepcja-oceny","status":"publish","type":"page","link":"https:\/\/katfin.ue.wroc.pl\/index.php\/nauka\/nasze-ksiazki\/2019-iwona-dittmann-odpowiedniosc-polskich-funduszy-inwestycyjnych-otwartych-dla-inwestora-indywidualnego-koncepcja-oceny\/","title":{"rendered":"2019-Iwona Dittmann-Odpowiednio\u015b\u0107 polskich funduszy inwestycyjnych otwartych dla inwestora indywidualnego. Koncepcja oceny"},"content":{"rendered":"\n<p><strong>Tytu\u0142:<\/strong> Odpowiednio\u015b\u0107 polskich funduszy inwestycyjnych otwartych dla inwestora indywidualnego. Koncepcja oceny<\/p>\n\n\n\n<p><strong>Autor:<\/strong>  Iwona Dittmann <\/p>\n\n\n\n<p><strong>Data publikacji<\/strong>: 2019<\/p>\n\n\n\n<p><strong>Wydawnictwo:<\/strong> Wydawnictwo Uniwersytetu Ekonomicznego we Wroc\u0142awiu<\/p>\n\n\n\n<figure class=\"wp-block-image\"><img loading=\"lazy\" decoding=\"async\" width=\"255\" height=\"361\" src=\"http:\/\/katfin.ue.wroc.pl\/wp-content\/uploads\/2019\/04\/dittmann_okladka_internet.jpg\" alt=\"\" class=\"wp-image-1740\" srcset=\"https:\/\/katfin.ue.wroc.pl\/wp-content\/uploads\/2019\/04\/dittmann_okladka_internet.jpg 255w, https:\/\/katfin.ue.wroc.pl\/wp-content\/uploads\/2019\/04\/dittmann_okladka_internet-212x300.jpg 212w\" sizes=\"auto, (max-width: 255px) 100vw, 255px\" \/><\/figure>\n\n\n\n<p><strong>Streszczenie:<\/strong><\/p>\n\n\n\n<p> <br \/>Ksi\u0105\u017cka jest pierwszym wieloaspektowym opracowaniem dotycz\u0105cym oceny odpowiednio\u015bci funduszy inwestycyjnych otwartych (FIO) dla inwestora indywidualnego. Jej kluczowym elementem jest autorska koncepcja tej oceny. W cz\u0119\u015bci empirycznej zawarto wyniki bada\u0144 dotycz\u0105cych odpowiednio\u015bci FIO dla inwestora indywidualnego. Analiz\u0119 przeprowadzono dla pi\u0119ciu grup funduszy (akcyjnych, zr\u00f3wnowa\u017conych, stabilnego wzrostu, d\u0142u\u017cnych uniwersalnych oraz d\u0142u\u017cnych polskich papier\u00f3w skarbowych) i inwestor\u00f3w o r\u00f3\u017cnych profilach ryzyka i r\u00f3\u017cnych horyzontach inwestycyjnych. Dzi\u0119ki zastosowaniu w badaniach nadwy\u017ckowej stopy zwrotu s\u0105 one szczeg\u00f3lnie cenne dla os\u00f3b rozwa\u017caj\u0105cych inwestowanie w fundusze jako alternatyw\u0119 bezpiecznego oszcz\u0119dzania na lokacie bankowej i oczekuj\u0105cych premii za ryzyko. <\/p>\n\n\n\n<p>Link do spisu tre\u015bci i wst\u0119pu<\/p>\n\n\n\n<p>Link do ksi\u0119garni<\/p>\n","protected":false},"excerpt":{"rendered":"<p>Tytu\u0142: Odpowiednio\u015b\u0107 polskich funduszy inwestycyjnych otwartych dla inwestora indywidualnego. Koncepcja oceny Autor: Iwona Dittmann Data publikacji: 2019 Wydawnictwo: Wydawnictwo Uniwersytetu Ekonomicznego we Wroc\u0142awiu Streszczenie: Ksi\u0105\u017cka jest pierwszym wieloaspektowym opracowaniem dotycz\u0105cym oceny odpowiednio\u015bci funduszy inwestycyjnych otwartych (FIO) dla inwestora indywidualnego. Jej kluczowym elementem jest autorska koncepcja tej oceny. W cz\u0119\u015bci empirycznej zawarto wyniki bada\u0144 dotycz\u0105cych odpowiednio\u015bci [&hellip;]<\/p>\n","protected":false},"author":1,"featured_media":0,"parent":1602,"menu_order":0,"comment_status":"closed","ping_status":"closed","template":"","meta":{"footnotes":""},"class_list":["post-1739","page","type-page","status-publish","hentry"],"_links":{"self":[{"href":"https:\/\/katfin.ue.wroc.pl\/index.php\/wp-json\/wp\/v2\/pages\/1739","targetHints":{"allow":["GET"]}}],"collection":[{"href":"https:\/\/katfin.ue.wroc.pl\/index.php\/wp-json\/wp\/v2\/pages"}],"about":[{"href":"https:\/\/katfin.ue.wroc.pl\/index.php\/wp-json\/wp\/v2\/types\/page"}],"author":[{"embeddable":true,"href":"https:\/\/katfin.ue.wroc.pl\/index.php\/wp-json\/wp\/v2\/users\/1"}],"replies":[{"embeddable":true,"href":"https:\/\/katfin.ue.wroc.pl\/index.php\/wp-json\/wp\/v2\/comments?post=1739"}],"version-history":[{"count":1,"href":"https:\/\/katfin.ue.wroc.pl\/index.php\/wp-json\/wp\/v2\/pages\/1739\/revisions"}],"predecessor-version":[{"id":1741,"href":"https:\/\/katfin.ue.wroc.pl\/index.php\/wp-json\/wp\/v2\/pages\/1739\/revisions\/1741"}],"up":[{"embeddable":true,"href":"https:\/\/katfin.ue.wroc.pl\/index.php\/wp-json\/wp\/v2\/pages\/1602"}],"wp:attachment":[{"href":"https:\/\/katfin.ue.wroc.pl\/index.php\/wp-json\/wp\/v2\/media?parent=1739"}],"curies":[{"name":"wp","href":"https:\/\/api.w.org\/{rel}","templated":true}]}}