{"id":1736,"date":"2019-04-12T02:49:21","date_gmt":"2019-04-12T00:49:21","guid":{"rendered":"http:\/\/katfin.ue.wroc.pl\/?page_id=1736"},"modified":"2019-04-12T07:32:12","modified_gmt":"2019-04-12T05:32:12","slug":"2019-katarzyna-predkiewicz-finansowanie-innowacji-malych-i-srednich-przedsiebiorstw-w-swietle-teorii-ograniczen-finansowych","status":"publish","type":"page","link":"https:\/\/katfin.ue.wroc.pl\/index.php\/nauka\/nasze-ksiazki\/2019-katarzyna-predkiewicz-finansowanie-innowacji-malych-i-srednich-przedsiebiorstw-w-swietle-teorii-ograniczen-finansowych\/","title":{"rendered":"2018-Katarzyna Pr\u0119dkiewicz-Finansowanie innowacji ma\u0142ych i \u015brednich przedsi\u0119biorstw w \u015bwietle teorii ogranicze\u0144 finansowych"},"content":{"rendered":"\n<p><strong>Tytu\u0142:<\/strong> Finansowanie innowacji ma\u0142ych i \u015brednich przedsi\u0119biorstw w \u015bwietle teorii ogranicze\u0144 finansowych<\/p>\n\n\n\n<p><strong>Autor:<\/strong> Katarzyna Pr\u0119dkiewicz<\/p>\n\n\n\n<p><strong>Data publikacji<\/strong>: 2018<\/p>\n\n\n\n<p><strong>Wydawnictwo:<\/strong> Wydawnictwo Uniwersytetu Ekonomicznego we Wroc\u0142awiu<\/p>\n\n\n\n<figure class=\"wp-block-image\"><img loading=\"lazy\" decoding=\"async\" width=\"255\" height=\"362\" src=\"http:\/\/katfin.ue.wroc.pl\/wp-content\/uploads\/2019\/04\/predkiewicz_okladka_internet.jpg\" alt=\"\" class=\"wp-image-1737\" srcset=\"https:\/\/katfin.ue.wroc.pl\/wp-content\/uploads\/2019\/04\/predkiewicz_okladka_internet.jpg 255w, https:\/\/katfin.ue.wroc.pl\/wp-content\/uploads\/2019\/04\/predkiewicz_okladka_internet-211x300.jpg 211w\" sizes=\"auto, (max-width: 255px) 100vw, 255px\" \/><\/figure>\n\n\n\n<p><strong>Streszczenie:<\/strong><\/p>\n\n\n\n<p>W ostatnich trzydziestu latach wiele europejskich kraj\u00f3w podejmowa\u0142o  <br \/>G\u0142\u00f3wnym celem publikacji jest odpowied\u017a na pytanie, w jakim stopniu innowacyjno\u015b\u0107 jest czynnikiem utrudniaj\u0105cym pozyskanie finansowania przez dzia\u0142aj\u0105ce w Polsce ma\u0142e i \u015brednie przedsi\u0119biorstwa. W badaniach uwzgl\u0119dniono dwa podej\u015bcia opisane w literaturze \u015bwiatowej \u2013 bezpo\u015bredni pomiar ogranicze\u0144 finansowych, opieraj\u0105cy si\u0119 na analizie percepcji kadry zarz\u0105dczej w zakresie mo\u017cliwo\u015bci pozyskiwania finansowania, i pomiar po\u015bredni, polegaj\u0105cy na analizowaniu wra\u017cliwo\u015bci zrealizowanych inwestycji na zmian\u0119 dost\u0119pnych funduszy wewn\u0119trznych (cash flow). Praca skierowana jest zar\u00f3wno do przedstawicieli nauki, jak i do podmiot\u00f3w odpowiedzialnych za prowadzenie polityki proinnowacyjnej oferuj\u0105cej rozwi\u0105zania u\u0142atwiaj\u0105ce dost\u0119p do \u017ar\u00f3de\u0142 finansowania innowacji dla M\u015aP. <\/p>\n\n\n\n<p>Link do spisu tre\u015bci i wst\u0119pu<\/p>\n\n\n\n<p>Link do ksi\u0119garni<\/p>\n","protected":false},"excerpt":{"rendered":"<p>Tytu\u0142: Finansowanie innowacji ma\u0142ych i \u015brednich przedsi\u0119biorstw w \u015bwietle teorii ogranicze\u0144 finansowych Autor: Katarzyna Pr\u0119dkiewicz Data publikacji: 2018 Wydawnictwo: Wydawnictwo Uniwersytetu Ekonomicznego we Wroc\u0142awiu Streszczenie: W ostatnich trzydziestu latach wiele europejskich kraj\u00f3w podejmowa\u0142o G\u0142\u00f3wnym celem publikacji jest odpowied\u017a na pytanie, w jakim stopniu innowacyjno\u015b\u0107 jest czynnikiem utrudniaj\u0105cym pozyskanie finansowania przez dzia\u0142aj\u0105ce w Polsce ma\u0142e i [&hellip;]<\/p>\n","protected":false},"author":1,"featured_media":0,"parent":1602,"menu_order":0,"comment_status":"closed","ping_status":"closed","template":"","meta":{"footnotes":""},"class_list":["post-1736","page","type-page","status-publish","hentry"],"_links":{"self":[{"href":"https:\/\/katfin.ue.wroc.pl\/index.php\/wp-json\/wp\/v2\/pages\/1736","targetHints":{"allow":["GET"]}}],"collection":[{"href":"https:\/\/katfin.ue.wroc.pl\/index.php\/wp-json\/wp\/v2\/pages"}],"about":[{"href":"https:\/\/katfin.ue.wroc.pl\/index.php\/wp-json\/wp\/v2\/types\/page"}],"author":[{"embeddable":true,"href":"https:\/\/katfin.ue.wroc.pl\/index.php\/wp-json\/wp\/v2\/users\/1"}],"replies":[{"embeddable":true,"href":"https:\/\/katfin.ue.wroc.pl\/index.php\/wp-json\/wp\/v2\/comments?post=1736"}],"version-history":[{"count":2,"href":"https:\/\/katfin.ue.wroc.pl\/index.php\/wp-json\/wp\/v2\/pages\/1736\/revisions"}],"predecessor-version":[{"id":1745,"href":"https:\/\/katfin.ue.wroc.pl\/index.php\/wp-json\/wp\/v2\/pages\/1736\/revisions\/1745"}],"up":[{"embeddable":true,"href":"https:\/\/katfin.ue.wroc.pl\/index.php\/wp-json\/wp\/v2\/pages\/1602"}],"wp:attachment":[{"href":"https:\/\/katfin.ue.wroc.pl\/index.php\/wp-json\/wp\/v2\/media?parent=1736"}],"curies":[{"name":"wp","href":"https:\/\/api.w.org\/{rel}","templated":true}]}}