{"id":173,"date":"2015-12-02T22:38:15","date_gmt":"2015-12-02T21:38:15","guid":{"rendered":"http:\/\/katfin.ue.wroc.pl\/?page_id=173"},"modified":"2023-01-02T14:33:45","modified_gmt":"2023-01-02T13:33:45","slug":"historia-katedry","status":"publish","type":"page","link":"https:\/\/katfin.ue.wroc.pl\/index.php\/o-katedrze\/historia-katedry\/","title":{"rendered":"Historia katedry"},"content":{"rendered":"<p><span style=\"line-height: 1.5;\">Historia Katedry Finans\u00f3w si\u0119ga 1950 roku, kiedy to profesor <strong>Les\u0142aw Adam<\/strong> obj\u0105\u0142 stanowisko Kierownika Katedry Prawa Finansowego. Profesor L. Adam \u0142\u0105czy\u0142 prac\u0119 na AE i na Uniwersytecie\u00a0<\/span><span style=\"line-height: 1.5;\">\u00a0Wroc\u0142awskim. Jest uznawany za tw\u00f3rc\u0119 wroc\u0142awskiej Szko\u0142y Prawa Finansowego.\u00a0<\/span><span style=\"line-height: 1.5;\">Cech\u0105 charakterystyczn\u0105 \u00f3wczesnych bada\u0144 prowadzonych przez prof. L. Adama by\u0142o przedstawianie zwi\u0105zk\u00f3w mi\u0119dzy prawem i ekonomi\u0105. W szczeg\u00f3lno\u015bci dominowa\u0142y badania dotycz\u0105ce kontroli finansowej, bud\u017cetu pa\u0144stwa i prawa daninowego oraz finansowania jednostek samorz\u0105dowych.<\/span><\/p>\n<p>Szko\u0142a naukowa stworzona w latach pi\u0119\u0107dziesi\u0105tych przez L. Adama by\u0142a dalej rozwijana przez \u00a0jego uczni\u00f3w \u2013 <strong>J\u00f3zefa Kalet\u0119, Mari\u0119 Myszkowsk\u0105 i Wand\u0119 Romanowsk\u0105<\/strong>, a nast\u0119pnie kontynuowana przez kolejne pokolenia.<\/p>\n<p>Profesor Adam kierowa\u0142 Katedr\u0105 do 1968 r. Nast\u0119pnie przez d\u0142ugie lata (1968\u20131996) funkcj\u0119 kierownika Katedry Finans\u00f3w pe\u0142ni\u0142 Profesor <strong>J\u00f3zef Kaleta<\/strong>, nast\u0119pnie w 1996 r. przekazuj\u0105c kierowanie Katedr\u0105 Profesorowi <strong>Markowi \u0141yszczakowi<\/strong> (1996-2015). Od listopada 2015 r., po \u015bmierci Prof. Marka \u0141yszczaka Rektor wyznaczy\u0142 Profesora <strong>Leszka Patrza\u0142ka<\/strong> na p.o. kierownika Katedry Finans\u00f3w, a od 2016 r. &#8211; kierownika Katedry. Profesor Leszek Patrza\u0142ek kierowa\u0142 Katedr\u0105 do wrze\u015bnia 2021 r. Od pa\u017adziernika 2021 funkcji kierownika Katedry podj\u0105\u0142 si\u0119 prof. Marek Pauka. [<span style=\"color: #999999;\"><em>Update 31.XII.2021<\/em><\/span>]<\/p>\n<p><span style=\"line-height: 1.5;\">Profesor J. Kaleta, swoim opracowaniem\u00a0<i>Finansowanie ochrony \u015brodowiska (<\/i>1978) niejako zapocz\u0105tkowa\u0142\u00a0<\/span><span style=\"line-height: 1.5;\">badania skupiaj\u0105ce si\u0119 pocz\u0105tkowo na problematyce <strong>finansowania ochrony \u015brodowiska i post\u0119pu technicznego<\/strong>. By\u0142y one kontynuowane przez uczni\u00f3w Profesora i zaowocowa\u0142y monografiami:<\/span><\/p>\n<ul>\n<li><span style=\"line-height: 1.5;\"><strong>G. Borys<\/strong>: <\/span><i style=\"line-height: 1.5;\">Finansowe instrumenty ochrony grunt\u00f3w rolnych<\/i><span style=\"line-height: 1.5;\">, 1983; <\/span><\/li>\n<li><span style=\"line-height: 1.5;\"><strong>Z. Traczy\u0144ski<\/strong>: <\/span><i style=\"line-height: 1.5;\">Funkcjonowanie op\u0142at i kar pieni\u0119\u017cnych w ochronie \u015brodowiska<\/i><span style=\"line-height: 1.5;\">, 1985; <\/span><\/li>\n<li><span style=\"line-height: 1.5;\"><strong>E. Bogacka-Kisiel<\/strong>: <\/span><i style=\"line-height: 1.5;\">Finansowe aspekty dzia\u0142alno\u015bci pa\u0144stwa w ochronie \u015brodowiska<\/i><span style=\"line-height: 1.5;\">, 1993; <\/span><\/li>\n<li><span style=\"line-height: 1.5;\"><strong>M. \u0141yszczak<\/strong>: <\/span><i style=\"line-height: 1.5;\">Finansowe instrumenty ochrony \u015brodowiska<\/i><span style=\"line-height: 1.5;\">, 1995.\u00a0<\/span><\/li>\n<\/ul>\n<p><span style=\"line-height: 1.5;\">Stabilne i d\u0142ugoletnie kierowanie Katedr\u0105 sprzyja\u0142o ci\u0105g\u0142emu rozwojowi, i to w obu aspektach \u2013 ilo\u015bciowym i jako\u015bciowym. Przez ostatnie 25 lat zatrudnienie znajdywa\u0142y w niej kolejne roczniki absolwent\u00f3w i obecnie Katedra Finans\u00f3w jest na Uniwersytecie Ekonomicznym we Wroc\u0142awiu jednym z najliczniejszych zespo\u0142\u00f3w , a przy tym wysoko cenionym ze wzgl\u0119du na swe osi\u0105gni\u0119cia. <\/span><\/p>\n<p><span style=\"line-height: 1.5;\">Wspomniana wy\u017cej szko\u0142a naukowa jest nadal \u017cywa\u00a0<\/span>i rozwijana przez kolejne pokolenia. Rok 1990 stworzy\u0142 jednak zupe\u0142nie now\u0105 sytuacj\u0119. Przeobra\u017cenia w polskiej polityce i gospodarce, a tak\u017ce rozw\u00f3j kontakt\u00f3w mi\u0119dzynarodowych, sprawi\u0142y, \u017ce w spektrum bada\u0144 znalaz\u0142y si\u0119 obok tradycyjnych zagadnie\u0144 <strong>finans\u00f3w przedsi\u0119biorstw<\/strong> tak\u017ce nowe obszary i instytucje systemu finansowego, takie jak <strong>finanse mi\u0119dzynarodowe, rynki finansowe, finanse publiczne czy bankowo\u015b\u0107<\/strong>. W ka\u017cdym z tych obszar\u00f3w dokonania pracownik\u00f3w Katedry trwale wpisa\u0142y si\u0119 w dorobek nauk o finansach.<\/p>\n<p>W tak licznej jednostce w naturalny spos\u00f3b wytworzy\u0142y si\u0119 skupione wok\u00f3\u0142 temat\u00f3w i os\u00f3b zespo\u0142y badawcze zajmuj\u0105ce si\u0119 wybranymi aspektami nauk o finansach.<\/p>\n<p><strong>Finanse przedsi\u0119biorstw<\/strong>\u00a0stanowi\u0142y g\u0142\u00f3wny nurt bada\u0144 prowadzonych przez <strong>W. Romanowsk\u0105<\/strong> w ci\u0105gu d\u0142ugiego okresu jej aktywno\u015bci zawodowej. Zapocz\u0105tkowane zosta\u0142y jej rozpraw\u0105 doktorsk\u0105\u00a0<i>Amortyzacja jako czynnik finansowania produkcji i \u015brodk\u00f3w trwa\u0142ych<\/i>\u00a0obronion\u0105 w 1960 r. jeszcze na Wydziale Prawa Uniwersytetu Wroc\u0142awskiego, a w p\u00f3\u017aniejszym okresie zaowocowa\u0142y takimi publikacjami, jak:\u00a0<i>Samofinansowanie a amortyzacja<\/i>, 1971 czy wielokrotnie wznawiane\u00a0<i>Finanse organizacji gospodarczych<\/i>, 1984 (wsp\u00f3lnie z J. Kalet\u0105). Ich kontynuacj\u0119 stanowi\u0105 prace <strong>J. Uchmana<\/strong>, (przede wszystkim monografia\u00a0<i>Podatkowe uwarunkowania polityki wyp\u0142at dywidend sp\u00f3\u0142ek kapita\u0142owych<\/i>, 2002), a tak\u017ce obronione pod jego kierunkiem doktoraty (5) dotycz\u0105ce finans\u00f3w przedsi\u0119biorstw (<strong>L. Ni\u017cy\u0144ski<\/strong>,\u00a0<i>Wyb\u00f3r i zastosowanie metod oceny finansowej inwestycji rzeczowych<\/i>, 2008), funkcjonowania podatk\u00f3w i ubezpiecze\u0144 (<strong>L. Sygu\u0142a<\/strong>,\u00a0<i>Czynniki ekonomiczne i prawne uchylania si\u0119 os\u00f3b fizycznych od opodatkowania<\/i>, 2011; <strong>P. Pr\u0119dkiewicz<\/strong>,\u00a0<i>Prywatne ubezpieczenia jako \u017ar\u00f3d\u0142o finansowania opieki zdrowotnej<\/i>, 2013).\u00a0W sferze finans\u00f3w przedsi\u0119biorstw mieszcz\u0105 si\u0119 tak\u017ce liczne opracowania <strong>I. Dittmann, D. Fija\u0142kowskiej, P. Lutego, M. Muszy\u0144skiego, M. Pauki i P. Szczepaniaka.<\/strong><\/p>\n<p><span style=\"line-height: 1.5;\">Zesp\u00f3\u0142 skupiony wok\u00f3\u0142 <strong>L. Patrza\u0142ka<\/strong> kontynuuje nurt bada\u0144 zapocz\u0105tkowany pracami <strong>J. Kalety<\/strong>, jakim s\u0105 <\/span><strong style=\"line-height: 1.5;\">aspekty prawne i ekonomiczne finans\u00f3w publicznych<\/strong><span style=\"line-height: 1.5;\"> w Polsce. Monografie <strong>L. Patrza\u0142ka<\/strong>: <\/span><i style=\"line-height: 1.5;\">Funkcje ekonomiczne samorz\u0105du terytorialnego<\/i><span style=\"line-height: 1.5;\">, 1996; <\/span><i style=\"line-height: 1.5;\">Finanse samorz\u0105du wojew\u00f3dztw w systemie finans\u00f3w publicznych<\/i><span style=\"line-height: 1.5;\">, 2005 oraz <\/span><i style=\"line-height: 1.5;\">Finanse samorz\u0105du terytorialnego<\/i><span style=\"line-height: 1.5;\">, 2010, a tak\u017ce przygotowane pod jego kierunkiem doktoraty (8) stanowi\u0105 ciekawe badania najbardziej aktualnych problem\u00f3w finans\u00f3w samorz\u0105du terytorialnego, np. finansowania deficytu bud\u017cetowego gmin, ich samodzielno\u015bci finansowej, wp\u0142ywu funduszy strukturalnych pozyskiwanych z Unii Europejskiej na finanse samorz\u0105dowe, subwencji og\u00f3lnej i dotacji celowych jako \u017ar\u00f3de\u0142 dochod\u00f3w jednostek samorz\u0105du terytorialnego czy zarz\u0105dzania d\u0142ugiem, np.:<\/span><\/p>\n<ul>\n<li><strong>A. Werwi\u0144ska<\/strong>, <i>Samodzielno\u015b\u0107 finansowa gmin a finansowanie deficytu bud\u017cetowego<\/i>, 2002;<\/li>\n<li><strong>K. Smolny<\/strong>, <i>Znaczenie funduszy strukturalnych Unii Europejskiej dla systemu finans\u00f3w samorz\u0105du terytorialnego w Polsce<\/i>, 2006;<\/li>\n<li><strong>J. Olejniczak<\/strong>, <i>Subwencje og\u00f3lne i dotacje celowe jako \u017ar\u00f3d\u0142a dochod\u00f3w jednostek samorz\u0105du terytorialnego<\/i>, 2006;<\/li>\n<li><strong>E. Salik<\/strong>, <i>Dzia\u0142alno\u015b\u0107 regionalnych izb obrachunkowych w zakresie polityki d\u0142ugu jednostki samorz\u0105du terytorialnego<\/i>, 2008).<\/li>\n<\/ul>\n<p>Istotnym wk\u0142adem w rozw\u00f3j finans\u00f3w publicznych s\u0105 te\u017c badania po\u015bwi\u0119cone funkcjonowaniu ich poszczeg\u00f3lnych segment\u00f3w, np. bud\u017cetom wojewod\u00f3w (<strong>M. Ga\u0142ecka<\/strong>, <i>Bud\u017cet wojewody jako narz\u0119dzie polityki regionalnej w zdecentralizowanym systemie finans\u00f3w publicznych<\/i>, 2011) czy systemowi ubezpiecze\u0144 spo\u0142ecznych (<strong>E. Gubernat<\/strong>, <i>Pozarolnicze zabezpieczenie emerytalne a r\u00f3wnowa\u017cenie systemu finans\u00f3w publicznych w Polsce w latach 2000\u20132010<\/i>, 2012).\u00a0Dope\u0142nieniem tego dorobku s\u0105 tak\u017ce badania profesor <strong>Doroty Korenik<\/strong>, dotycz\u0105ce us\u0142ug bank\u00f3w dla sektora finans\u00f3w publicznych.<\/p>\n<p>Bardzo dynamicznie rozwija si\u0119 zesp\u00f3\u0142 prowadz\u0105cy badania nad\u00a0<strong>funkcjonowaniem rynku finansowego w Polsce,<\/strong>\u00a0kierowany do niedawna przez <strong>M. \u0141yszczaka<\/strong>. Zar\u00f3wno jego opracowania autorskie (<i>Obr\u00f3t akcjami<\/i>, 1991; P<i>rawne otoczenie rynku kapita\u0142owego<\/i>, 1998), jak i przygotowane pod jego kierunkiem i obronione prace doktorskie (17), szczeg\u00f3\u0142owo analizuj\u0105 rozw\u00f3j r\u00f3\u017cnych segment\u00f3w rynku finansowego i wprowadzane na\u0144 nowe instrumenty, takie jak warranty, obligacje zamienne i skarbowe czy kr\u00f3tkoterminowe papiery d\u0142u\u017cne, np.:<\/p>\n<ul>\n<li><strong>A. Skraba<\/strong>,\u00a0<i>Warranty opcyjne jako instrumenty rynku kapita\u0142owego<\/i>, 2003;<\/li>\n<li><strong>Z. W\u00f3jtowicz<\/strong>,\u00a0<i>Znaczenie skarbowych papier\u00f3w warto\u015bciowych dla rynku finansowego<\/i>, 2004;<\/li>\n<li><strong>P. Wach<\/strong>,\u00a0<i>Obligacje zamienne jako instrumenty rynku kapita\u0142owego<\/i>, 2004;<\/li>\n<li><strong>M. Pauka<\/strong>,\u00a0<i>Uwarunkowania rozwoju rynku kr\u00f3tkoterminowych papier\u00f3w d\u0142u\u017cnych w Polsce<\/i>, 2005;<\/li>\n<li><strong>E. \u0141obodzi\u0144ski<\/strong>,\u00a0<i>Czynniki rozwoju rynku funduszy inwestycyjnych typu hedge w Polsce<\/i>, 2011<\/li>\n<li><strong>M. Ma\u0142a-Nackowska,<\/strong>\u00a0<i>Fundusze wysokiego ryzyka na rynku NewConnect\u00a0<\/i>, 2013<\/li>\n<\/ul>\n<p>a tak\u017ce r\u00f3\u017cne operacje i formy ryzyka zwi\u0105zane z dzia\u0142alno\u015bci\u0105 na tym rynku, np.:<\/p>\n<ul>\n<li><strong>P. Szczepaniak<\/strong>,\u00a0<i>Uwarunkowania p\u0142ynno\u015bci finansowej bank\u00f3w sp\u00f3\u0142dzielczych<\/i>, 1998;<\/li>\n<li><strong>G. Mielcarek<\/strong>,\u00a0<i>Rachunek opcyjny jako metoda wyceny sp\u00f3\u0142ek nowoczesnych technologii<\/i>, 2003;<\/li>\n<li><strong>P. Matkowski<\/strong>,\u00a0<i>Ryzyko operacyjne w dzia\u0142alno\u015bci instytucji finansowych<\/i>, 2006;<\/li>\n<li><strong>I. Dittman<\/strong>,\u00a0<i>Ocena ryzyka inwestycyjnego na wschodz\u0105cych rynkach nieruchomo\u015bci<\/i>, 2007;<\/li>\n<li><strong>M. Muszy\u0144ski<\/strong>,\u00a0<i>Instrumenty finansowe jako narz\u0119dzie ograniczania ryzyka inwestowania w udzia\u0142owe papiery warto\u015bciowe<\/i>, 2008;<\/li>\n<li><strong>D. Fija\u0142kowska<\/strong>,\u00a0<i>Transakcje sekurytyzacji w\u0142oskich podmiot\u00f3w sektora finans\u00f3w publicznych<\/i>, 2010,<\/li>\n<li><strong>P. Luty<\/strong>,\u00a0<i>Parytet wymiany tytu\u0142\u00f3w w\u0142asno\u015bci w procesie po\u0142\u0105czenia jednostek gospodarczych<\/i>, 2013.<\/li>\n<\/ul>\n<p>Na podkre\u015blenie zas\u0142uguje tak\u017ce silnie rysuj\u0105cy si\u0119 nurt\u00a0<strong>aspekt\u00f3w prawnych dzia\u0142alno\u015bci podmiot\u00f3w gospodarczych<\/strong>, w tym tak\u017ce instytucji finansowych, obecny od samego pocz\u0105tku w pracach <strong>M. \u0141yszczaka<\/strong> i jego zespo\u0142u:<\/p>\n<ul>\n<li><strong>M. B\u0142aszczyszyn<\/strong>,\u00a0<i>Koszty i korzy\u015bci podatkowe wynikaj\u0105ce z funkcjonowania specjalnych stref ekonomicznych w Polsce<\/i>, 2003;<\/li>\n<li><strong>T. Gawe\u0142,<\/strong>\u00a0<i>Trwa\u0142o\u015b\u0107 uprawnie\u0144 wynikaj\u0105cych z koncesji na wykonywanie dzia\u0142alno\u015bci gospodarczej<\/i>, 2004;<\/li>\n<li><strong>K. Biernacki<\/strong>,\u00a0<i>Ryzyko podatkowe sekurytyzacji aktyw\u00f3w w Polsce<\/i>, 2006).<\/li>\n<\/ul>\n<p>Mo\u017cna uzna\u0107, \u017ce ten w\u0142a\u015bnie element stanowi bezpo\u015brednie nawi\u0105zanie do tradycji szko\u0142y stworzonej przez Les\u0142awa Adama i studi\u00f3w z zakresu prawa finansowego.<\/p>\n<p>Zagadnieniami <strong>finans\u00f3w mi\u0119dzynarodowych i rynk\u00f3w finansowych<\/strong> zajmuje si\u0119 zesp\u00f3\u0142 kierowany przez <strong>J. Karwowskiego.<\/strong> Jego rozprawa doktorska <i>P\u0142ynne kursy walutowe \u2013 teoria i funkcjonowanie<\/i> (1988) zapocz\u0105tkowa\u0142a kolejny etap w rozwoju dorobku Katedry w dziedzinie finans\u00f3w mi\u0119dzynarodowych, zapocz\u0105tkowany pracami M. Myszkowskiej. J. Karwowski podj\u0105\u0142 p\u00f3\u017aniej mi\u0119dzynarodowe badania por\u00f3wnawcze polityki kursu walutowego (J. Karwowski, <i>Prognozowanie kursu walutowego<\/i>, 1993) oraz dzia\u0142alno\u015bci bank\u00f3w centralnych (J. Karwowski, <i>Operacje zagraniczne bank\u00f3w centralnych<\/i>, 1997), a tak\u017ce funkcjonowania globalnych rynk\u00f3w finansowych (J. Karwowski, <i>Centra offshore na globalnych rynkach finansowych<\/i>, 2010). Nale\u017cy doda\u0107, \u017ce pod kierunkiem J. Karwowskiego badania te s\u0105 kontynuowane, a doktoraty, kt\u00f3rych by\u0142 promotorem (3), dotyczy\u0142y m.in. problematyki transfer\u00f3w mi\u0119dzynarodowych kapita\u0142u i ich opodatkowania, finansowania nowotworzonych przedsi\u0119biorstw w Niemczech, funduszy <i>private equity<\/i>, funkcjonowania rynku obligacji:<\/p>\n<ul>\n<li><strong>M. Mohr<\/strong>, <i>M\u00f6glichkeiten der Innovationsfinanzierung f\u00fcr mittelst\u00e4ndische neugegr\u00fcndete unternehmen in Deutschland<\/i> [<i>Mo\u017cliwo\u015bci finansowania innowacji przez nowo powsta\u0142e ma\u0142e i \u015brednie przedsi\u0119biorstwa niemieckie<\/i>], 1996;<\/li>\n<li><strong>I. Fa\u0142at-Kilija\u0144ska<\/strong>, <i>Inwestycje private equity i ich konsekwencje dla dzia\u0142alno\u015bci sp\u00f3\u0142ek kapita\u0142owych<\/i>, 2006;<\/li>\n<li><strong>A. Brodzka<\/strong>, <i>Wp\u0142yw regulacji Unii Europejskiej w zakresie wymiany informacji podatkowych i zapobiegania unikaniu opodatkowania na decyzje inwestycyjne os\u00f3b fizycznych<\/i>, 2009;<\/li>\n<li><strong>N. \u00a0\u015amieja<\/strong>,\u00a0Determinanty oprocentowania obligacji notowanych na rynku zorganizowanym w Polsce, 2015.<\/li>\n<\/ul>\n<p><span style=\"line-height: 1.5;\">Wa\u017cn\u0105 dziedzin\u0105 bada\u0144 naukowych prowadzonych w Katedrze Finans\u00f3w s\u0105 szeroko potraktowane zagadnienia bankowo\u015bci. Trzeba tu podkre\u015bli\u0107 intensywno\u015b\u0107 bada\u0144 i zaanga\u017cowanie wielu pracownik\u00f3w, co zaowocowa\u0142o licznymi publikacjami zbiorowymi, w\u015br\u00f3d kt\u00f3rych mo\u017cna wymieni\u0107 <\/span><i style=\"line-height: 1.5;\">Podstawy zarz\u0105dzania finansami banku komercyjnego<\/i><span style=\"line-height: 1.5;\">, 1998 i <\/span><i style=\"line-height: 1.5;\">Us\u0142ugi i procedury bankowe<\/i><span style=\"line-height: 1.5;\">, 2000, obie pod redakcj\u0105 <strong>E. Bogackiej-Kisiel<\/strong>, a tak\u017ce <\/span><i style=\"line-height: 1.5;\">Perspektywy wsp\u00f3\u0142pracy banku z samorz\u0105dem terytorialnym w Polsce<\/i><span style=\"line-height: 1.5;\">, 2005 oraz <\/span><i style=\"line-height: 1.5;\">Innowacyjne us\u0142ugi banku<\/i><span style=\"line-height: 1.5;\">, 2006, obie pod redakcj\u0105 <strong>D. Korenik<\/strong>.<\/span><\/p>\n<p>W dziedzinie <strong>nauki o przedsi\u0119biorstwie bankowym<\/strong>, a wi\u0119c najnowszym aspekcie przedmiotu bankowo\u015bci, mieszcz\u0105 si\u0119 tak\u017ce publikacje autorskie:<\/p>\n<ul>\n<li><strong>D. Korenik<\/strong>, <i>System oceny aktywno\u015bci terenowych centr\u00f3w zysku banku komercyjnego<\/i>, 1999;<\/li>\n<li><strong>B. P\u00f3\u0142torak<\/strong>, <i>Sekurytyzacja kredytu hipotecznego<\/i>, 2005;<\/li>\n<li><strong>B. P\u00f3\u0142torak<\/strong>, <i>Hipoteczny pieni\u0105dz bankowy,<\/i> 2013;<\/li>\n<li><strong>M. Kisiel<\/strong>, <i>Internet a konkurencyjno\u015b\u0107 bank\u00f3w w Polsce<\/i>, 2005 .<\/li>\n<\/ul>\n<p>Na wyeksponowanie zas\u0142uguj\u0105 tak\u017ce monografie (D. Korenik, <i>Oszcz\u0119dzanie indywidualne w Polsce. Produkty r\u00f3\u017cnych po\u015brednik\u00f3w i ich atrakcyjno\u015b\u0107<\/i>, 2003; D. Korenik, <i>Odpowiedzialno\u015b\u0107 banku komercyjnego. Pr\u00f3ba syntezy<\/i>, 2009; D. Korenik, <i>O roli s\u0142u\u017cebnej bank\u00f3w, <\/i>2009). Pierwsza z nich lokuje si\u0119 na pograniczu finans\u00f3w osobistych i bankowo\u015bci. Finanse osobiste to nowa dziedzina nauk o finansach, s\u0142usznie ciesz\u0105ca si\u0119 coraz wi\u0119kszym zainteresowaniem zar\u00f3wno w\u015br\u00f3d student\u00f3w, jak i w spo\u0142eczno\u015bci naukowc\u00f3w. Interdyscyplinarne podej\u015bcie i wsp\u00f3\u0142praca z innymi o\u015brodkami naukowymi w Polsce zaowocowa\u0142y opublikowan\u0105 przez PWN prac\u0105 zbiorow\u0105 pod redakcj\u0105 E. Bogackiej-Kisiel (<i>Finanse osobiste. Zachowania, produkty, strategie<\/i>, 2012).<\/p>\n<p>W zespole zajmuj\u0105cym si\u0119 problematyk\u0105 bankowo\u015bci powsta\u0142o 17 doktorat\u00f3w. Promotorem 8 z nich by\u0142a <strong>D. Korenik<\/strong> (np. <strong>H. Kociemska<\/strong>, <i>Wykorzystanie us\u0142ugi bancassurance przez samorz\u0105d wojew\u00f3dztwa<\/i>, 2005; <strong>R. Arendarski<\/strong>, <i>Wykorzystanie produkt\u00f3w bankowych przez miasta na prawach powiatu<\/i>, 2007; <strong>E. Uzna\u0144ska<\/strong>, <i>Ryzyko d\u0142ugowieczno\u015bci spo\u0142ecze\u0144stwa a rynkowe instrumenty finansowe<\/i>, 2013; <strong>A. Strzelczyk<\/strong>, <i>Kszta\u0142towanie d\u0142ugu konsumenta w bankowych operacjach zwi\u0105zanych z kartami kredytowymi<\/i>, 2014). Promotorem kolejnych 9 doktorat\u00f3w by\u0142a <strong>E. Bogacka-Kisiel<\/strong> (np. <strong>D. Korenik<\/strong>, <i>Strategie zarz\u0105dzania aktywami i pasywami bank\u00f3w komercyjnych wydzielonych ze struktury Narodowego Banku Polskiego<\/i>, 1995; <strong>J. Kola\u0144ski<\/strong>, <i>Funkcje zabezpiecze\u0144 prawnych i s\u0105dowego aparatu egzekucyjnego w ograniczeniu ryzyka gospodarczego<\/i>, 2002; <strong>A. Kulas<\/strong>, <i>Instrumenty i techniki zarz\u0105dzania ryzykiem stopy procentowej w banku komercyjnym<\/i>, 2003; <strong>M. Willmann<\/strong>, <i>Czynniki ryzyka w finansowaniu budownictwa mieszkaniowego os\u00f3b fizycznych przez sektor detaliczny bank\u00f3w komercyjnych w Polsce<\/i>, 2007). Badania w tym obszarze prowadzi\u0142y r\u00f3wnie\u017c <strong>B. Swat oraz U. Mleczko<\/strong>.<\/p>\n<p>Obok tematyki obejmuj\u0105cej podstawowe zagadnienia nauk o finansach w Katedrze podejmowane s\u0105 r\u00f3wnie\u017c badania dotycz\u0105ce finansowania konkretnych sektor\u00f3w. I tak zapocz\u0105tkowane przez <strong>M. Myszkowsk\u0105<\/strong> badania nad problematyk\u0105 <strong>finansowania s\u0142u\u017cby zdrowia<\/strong> od lat kontynuuje <strong>Maria W\u0119grzyn<\/strong>. Jej rozprawa doktorska (<i>Wybrane finansowe aspekty socjalnej funkcji pa\u0144stwa<\/i>, 1996) zaowocowa\u0142a seri\u0105 prac po\u015bwi\u0119conych temu zagadnieniu, a tak\u017ce projektami badawczymi wyr\u00f3\u017cnionymi przez czasopismo bran\u017cowe \u201eMened\u017cer Zdrowia\u201d i 12 konferencjami z zakresu zarz\u0105dzania i finans\u00f3w w ochronie zdrowia. Pewnego rodzaju syntez\u0105 tych dzia\u0142a\u0144 jest monografia M. W\u0119grzyn <i>Uwarunkowania systemowe restrukturyzacji publicznych podmiot\u00f3w leczniczych w Polsce<\/i> (2013). Dzia\u0142alno\u015b\u0107 ekspercka <strong>M. W\u0119grzyn i P. Pr\u0119dkiewicza<\/strong> oraz dalsze ich publikacje stanowi\u0105 cenny wk\u0142ad w nieustaj\u0105ce dyskusje o reformie s\u0142u\u017cby zdrowia.<\/p>\n<p>Innym przyk\u0142adem tego rodzaju bada\u0144 mog\u0105 by\u0107 prace po\u015bwi\u0119cone <strong>finansowaniu rynku nieruchomo\u015bci<\/strong> (publikacje B. P\u00f3\u0142toraka i I. Dittmann).<\/p>\n<p>Obiektywnym miernikiem osi\u0105gni\u0119\u0107 Katedry Finans\u00f3w jest rozw\u00f3j jej kadry naukowej, wyra\u017cony w liczbie obronionych rozpraw doktorskich i pomy\u015blnie przeprowadzonych przewod\u00f3w habilitacyjnych. Ich liczba w ci\u0105gu ostatnich 25 lat by\u0142a tak znaczna (52 prace doktorskie i 8<b> <\/b>rozpraw habilitacyjnych), \u017ce przedstawienie ich wszystkich przekracza\u0142oby ramy tego opracowania. To w\u0142a\u015bnie one, recenzowane przez liczne niezale\u017cne gremia uczonych, stanowi\u0105 o pozycji wroc\u0142awskiego o\u015brodka.<\/p>\n<p>Na corocznie organizowanych og\u00f3lnopolskich i mi\u0119dzynarodowych konferencjach dorobek naukowy wroc\u0142awskiego o\u015brodka jest doceniany, podobnie jak zwi\u0105zana z tym o\u015brodkiem aktywno\u015b\u0107 wydawnicza. Zainicjowana w 2009 roku seria Nauki o Finansach i jej angloj\u0119zyczna wersja Financial Sciences przyci\u0105gaj\u0105 autor\u00f3w nie tylko z Polski, a publikowane tam prace s\u0105 szeroko cytowane w innych wydawnictwach.<\/p>\n<p>Aktualizacja: 31.12.2015<\/p>\n","protected":false},"excerpt":{"rendered":"<p>Historia Katedry Finans\u00f3w si\u0119ga 1950 roku, kiedy to profesor Les\u0142aw Adam obj\u0105\u0142 stanowisko Kierownika Katedry Prawa Finansowego. Profesor L. Adam \u0142\u0105czy\u0142 prac\u0119 na AE i na Uniwersytecie\u00a0\u00a0Wroc\u0142awskim. Jest uznawany za tw\u00f3rc\u0119 wroc\u0142awskiej Szko\u0142y Prawa Finansowego.\u00a0Cech\u0105 charakterystyczn\u0105 \u00f3wczesnych bada\u0144 prowadzonych przez prof. L. Adama by\u0142o przedstawianie zwi\u0105zk\u00f3w mi\u0119dzy prawem i ekonomi\u0105. W szczeg\u00f3lno\u015bci dominowa\u0142y badania dotycz\u0105ce [&hellip;]<\/p>\n","protected":false},"author":1,"featured_media":0,"parent":10,"menu_order":0,"comment_status":"closed","ping_status":"closed","template":"","meta":{"footnotes":""},"class_list":["post-173","page","type-page","status-publish","hentry"],"_links":{"self":[{"href":"https:\/\/katfin.ue.wroc.pl\/index.php\/wp-json\/wp\/v2\/pages\/173","targetHints":{"allow":["GET"]}}],"collection":[{"href":"https:\/\/katfin.ue.wroc.pl\/index.php\/wp-json\/wp\/v2\/pages"}],"about":[{"href":"https:\/\/katfin.ue.wroc.pl\/index.php\/wp-json\/wp\/v2\/types\/page"}],"author":[{"embeddable":true,"href":"https:\/\/katfin.ue.wroc.pl\/index.php\/wp-json\/wp\/v2\/users\/1"}],"replies":[{"embeddable":true,"href":"https:\/\/katfin.ue.wroc.pl\/index.php\/wp-json\/wp\/v2\/comments?post=173"}],"version-history":[{"count":10,"href":"https:\/\/katfin.ue.wroc.pl\/index.php\/wp-json\/wp\/v2\/pages\/173\/revisions"}],"predecessor-version":[{"id":2187,"href":"https:\/\/katfin.ue.wroc.pl\/index.php\/wp-json\/wp\/v2\/pages\/173\/revisions\/2187"}],"up":[{"embeddable":true,"href":"https:\/\/katfin.ue.wroc.pl\/index.php\/wp-json\/wp\/v2\/pages\/10"}],"wp:attachment":[{"href":"https:\/\/katfin.ue.wroc.pl\/index.php\/wp-json\/wp\/v2\/media?parent=173"}],"curies":[{"name":"wp","href":"https:\/\/api.w.org\/{rel}","templated":true}]}}