{"id":1713,"date":"2019-04-08T19:52:39","date_gmt":"2019-04-08T17:52:39","guid":{"rendered":"http:\/\/katfin.ue.wroc.pl\/?page_id=1713"},"modified":"2023-06-15T10:56:39","modified_gmt":"2023-06-15T08:56:39","slug":"konferencja-finanse-statystyka-badania-empiryczne-pazdziernik-2019","status":"publish","type":"page","link":"https:\/\/katfin.ue.wroc.pl\/index.php\/konferencje\/archiwum-konferencji\/konferencja-finanse-statystyka-badania-empiryczne-pazdziernik-2019\/","title":{"rendered":"Konferencja &#8222;Finanse &#8211; Statystyka &#8211; Badania empiryczne&#8221; <br\/> pa\u017adziernik 2019"},"content":{"rendered":"<table style=\"height: 191px;\" width=\"603\">\n<tbody>\n<tr>\n<td width=\"50%\"><img loading=\"lazy\" decoding=\"async\" class=\"aligncenter wp-image-261\" src=\"http:\/\/katfin.ue.wroc.pl\/wp-content\/uploads\/2016\/01\/logo_pan.png\" alt=\"logo_pan\" width=\"169\" height=\"169\" srcset=\"https:\/\/katfin.ue.wroc.pl\/wp-content\/uploads\/2016\/01\/logo_pan.png 281w, https:\/\/katfin.ue.wroc.pl\/wp-content\/uploads\/2016\/01\/logo_pan-150x150.png 150w\" sizes=\"auto, (max-width: 169px) 100vw, 169px\" \/><\/td>\n<td><img loading=\"lazy\" decoding=\"async\" class=\"aligncenter wp-image-260\" src=\"http:\/\/katfin.ue.wroc.pl\/wp-content\/uploads\/2016\/01\/logo_ue.png\" alt=\"logo_ue\" width=\"297\" height=\"67\" srcset=\"https:\/\/katfin.ue.wroc.pl\/wp-content\/uploads\/2016\/01\/logo_ue.png 495w, https:\/\/katfin.ue.wroc.pl\/wp-content\/uploads\/2016\/01\/logo_ue-300x67.png 300w\" sizes=\"auto, (max-width: 297px) 100vw, 297px\" \/><\/td>\n<\/tr>\n<\/tbody>\n<\/table>\n\n\n<p class=\"has-text-align-center\">Partnerem konferencji jest:<br \/>Program wsp\u00f3\u0142pracy szk\u00f3\u0142 wy\u017cszych i sektora<br \/>finansowego &#8222;Nowoczesne Zarz\u0105dzanie Biznesem&#8221;<\/p>\n\n\n\n<div class=\"wp-block-image\"><figure class=\"aligncenter\"><img loading=\"lazy\" decoding=\"async\" width=\"300\" height=\"100\" src=\"http:\/\/katfin.ue.wroc.pl\/wp-content\/uploads\/2017\/03\/Logo-NZB-Poziome-stopka-300x100.jpg\" alt=\"\" class=\"wp-image-792\" srcset=\"https:\/\/katfin.ue.wroc.pl\/wp-content\/uploads\/2017\/03\/Logo-NZB-Poziome-stopka-300x100.jpg 300w, https:\/\/katfin.ue.wroc.pl\/wp-content\/uploads\/2017\/03\/Logo-NZB-Poziome-stopka.jpg 471w\" sizes=\"auto, (max-width: 300px) 100vw, 300px\" \/><\/figure><\/div>\n\n\n\n<p class=\"has-text-align-center\"><strong>Katedra Finans\u00f3w oraz Katedra Prognoz i Analiz Gospodarczych<br \/><\/strong><strong>Uniwersytetu Ekonomicznego we Wroc\u0142awiu<br \/><\/strong>serdecznie zapraszaj\u0105 na<\/p>\n\n\n\n<p class=\"has-text-align-center\"><strong>IV Og\u00f3lnopolsk\u0105 Konferencj\u0119 Naukow\u0105<br \/>FINANSE \u2013 STATYSTYKA \u2013 BADANIA EMPIRYCZNE<br \/>pod honorowym patronatem<br \/>Komitetu Nauk o Finansach<br \/>Polskiej Akademii Nauk<\/strong><\/p>\n\n\n\n<p>kt\u00f3ra odb\u0119dzie si\u0119 <strong>23 pa\u017adziernika 2019&nbsp;r.<\/strong> na Uniwersytecie Ekonomicznym we Wroc\u0142awiu<\/p>\n\n\n\n<p><strong>Celem<\/strong> konferencji jest prezentacja wynik\u00f3w bada\u0144 empirycznych prowadzonych z&nbsp;wykorzystaniem narz\u0119dzi statystycznych w finansach.<\/p>\n\n\n\n<p>Badania mog\u0105 dotyczy\u0107 w szczeg\u00f3lno\u015bci:<\/p>\n\n\n\n<ul class=\"wp-block-list\"><li>Bankowo\u015bci<\/li><li>Finans\u00f3w behawioralnych<\/li><li>Finans\u00f3w osobistych<\/li><li>Finans\u00f3w mi\u0119dzynarodowych<\/li><li>Finansowania nieruchomo\u015bci<\/li><li>Finans\u00f3w przedsi\u0119biorstw<\/li><li>Finans\u00f3w publicznych<\/li><li>Rynku kapita\u0142owego<\/li><li>Ubezpiecze\u0144<\/li><\/ul>\n\n\n\n<p>Koszt udzia\u0142u w konferencji wynosi 100 z\u0142 (obejmuje materia\u0142y konferencyjne i catering w dniu konferencji).<\/p>\n\n\n\n<p><a href=\"http:\/\/katfin.ue.wroc.pl\/index.php\/konferencje\/konferencja-finanse-statystyka-badania-empiryczne-pazdziernik-2019\/program-konferencji\/\">Program konferencji<\/a> (do pobrania tak\u017ce w <a href=\"http:\/\/katfin.ue.wroc.pl\/wp-content\/uploads\/2019\/10\/PROGRAM-KONFERENCJI-FINSTAT-2019.pdf\">formacie PDF<\/a>)<\/p>\n\n\n\n<p>Op\u0142at\u0119 prosimy przela\u0107 <strong>do 30.06.2019<\/strong> na konto:<\/p>\n\n\n\n<p>Uniwersytet Ekonomiczny we Wroc\u0142awiu,<br \/>ul. Komandorska 118\/120<br \/>53-345 Wroc\u0142aw<br \/>PEKAO Bank Pekao S.A.<br \/>nr konta: 87 1240 3464 1111 0010 4316 2601<br \/>z dopiskiem: FINSTAT2019, nazwisko i imi\u0119 uczestnika<\/p>\n\n\n\n<p><strong>Publikacja<\/strong><\/p>\n\n\n\n<p> Uczestnik\u00f3w konferencji zainteresowanych publikacj\u0105 zach\u0119camy&nbsp;do samodzielnego zamieszczania artyku\u0142\u00f3w w czasopi\u015bmie&nbsp;<a rel=\"noreferrer noopener\" href=\"http:\/\/econometrics.ue.wroc.pl\/?page_id=57\" target=\"_blank\">\u201eEkonometria\u201d<\/a>&nbsp;(20 pkt, lista MNiSW), <a href=\"http:\/\/pracenaukowe.ue.wroc.pl\/?page_id=324\">Pracach Naukowych UEW<\/a> \u2013&nbsp;(20 pkt, lista MNiSW, <a href=\"http:\/\/katfin.ue.wroc.pl\/wp-content\/uploads\/2019\/04\/Nowe-zasady-PN-UEW.pdf\">nowe zasady PN UEW<\/a>)<em>,&nbsp;<\/em>w czasopismie&nbsp;<a rel=\"noreferrer noopener\" href=\"http:\/\/finanse.ue.wroc.pl\/?page_id=39\" target=\"_blank\">\u201eNauki&nbsp;o Finansach\u201d<\/a>&nbsp;(5 pkt). <\/p>\n\n\n\n<p>Koszt publikacji w \u201eNaukach o Finansach\u201d oraz \u201eEkonometrii\u201d zgodny z informacj\u0105 zamieszczon\u0105 na stronach czasopism.<\/p>\n\n\n\n<p><strong>Kalendarz organizacyjny<\/strong><\/p>\n\n\n\n<ul class=\"wp-block-list\"><li>do <strong>10.06.2019 r.<\/strong> \u2013 <a href=\"http:\/\/katfin.ue.wroc.pl\/index.php\/konferencje\/konferencja-finanse-statystyka-badania-empiryczne-pazdziernik-2019\/rejestracja\/\">zg\u0142oszenie udzia\u0142u w konferencji poprzez wype\u0142nienie formularza na stronie internetowej<\/a><\/li><li>do&nbsp; <strong>30.06.2019 r.<\/strong> \u2013 potwierdzenie przez organizator\u00f3w konferencji zakwalifikowania referatu do wyg\u0142oszenia;<\/li><li>do <strong>30.09.2019 r<\/strong>. \u2013 przes\u0142anie streszczenia do Ksi\u0105\u017cki Abstrakt\u00f3w zawieraj\u0105cego:<\/li><\/ul>\n\n\n\n<ol class=\"wp-block-list\"><li>dane Autora\/Autorki (imi\u0119 i nazwisko, tytu\u0142 naukowy, uczelnia, katedra),<\/li><li>tytu\u0142 referatu,<\/li><li>cel badania,<\/li><li>metodologi\u0119 badania,<\/li><li>wyniki.<\/li><\/ol>\n\n\n\n<ul class=\"wp-block-list\"><li>&nbsp;po <strong>1.10.2019 r. \u2013<\/strong> zamieszczenie przez organizator\u00f3w programu konferencji na stronie konferencji i przes\u0142anie go uczestnikom.<\/li><\/ul>\n\n\n\n<p><strong><a href=\"http:\/\/katfin.ue.wroc.pl\/wp-content\/uploads\/2019\/10\/BOOK-OF-ABSTRACTS-2019.pdf\">Ksi\u0105\u017cka abstrakt\u00f3w dost\u0119pna jest do pobrania tutaj<\/a><\/strong><\/p>\n\n\n\n<p><strong>Informacje dodatkowe<\/strong><\/p>\n\n\n\n<p>Organizatorzy zapewniaj\u0105 uczestnikom mi\u0142\u0105 atmosfer\u0119, dyskusj\u0119 naukow\u0105, pocz\u0119stunek&nbsp; w przerwach kawowych oraz lunch.<\/p>\n\n\n\n<p><strong>Zakwaterowanie<\/strong><\/p>\n\n\n\n<p>Rekomendowane hotele:<\/p>\n\n\n\n<ul class=\"wp-block-list\"><li><a href=\"http:\/\/www.dds.ue.wroc.pl\/\" target=\"_blank\" rel=\"noreferrer noopener\">Dom Studencki &#8211; pokoje go\u015bcinne&nbsp;<\/a><\/li><li><a href=\"http:\/\/www.premiereclasse.com\/pl\/hotels\/premiere-classe-wroclaw-centrum\" target=\"_blank\" rel=\"noreferrer noopener\">Hotel Premiere Classe Wroclaw <\/a>Centrum (ul.\u015al\u0119\u017cna 28)<\/li><li><a href=\"http:\/\/www.campanile-wroclaw-centrum.pl\/pl\" target=\"_blank\" rel=\"noreferrer noopener\">Campanile Wroc\u0142aw Centrum<\/a> (ul.\u015al\u0119\u017cna 26)<\/li><li><a href=\"http:\/\/www.accorhotels.com\/pl\/hotel-6603-ibis-budget-wroclaw-poludnie\/index.shtml\" target=\"_blank\" rel=\"noreferrer noopener\">Ibis Budget Wroc\u0142aw Po\u0142udnie<\/a> (Wy\u015bcigowa 35A)<\/li><\/ul>\n\n\n\n<p><strong>Komitet Naukowy<\/strong><\/p>\n\n\n\n<p>Prof. zw. dr hab., dr h.c. Krzysztof Jajuga \u2013 Uniwersytet Ekonomiczny we Wroc\u0142awiu<br \/>Prof. zw. dr hab. Jacek Karwowski \u2013 Uniwersytet Ekonomiczny we Wroc\u0142awiu<br \/>Prof. zw. dr hab. Leszek Patrza\u0142ek \u2013 Uniwersytet Ekonomiczny we Wroc\u0142awiu<br \/>Prof. zw. dr hab. W\u0142odzimierz Szkutnik \u2013 Uniwersytet Ekonomiczny w Katowicach<br \/>Dr hab. Filip Chybalski \u2013 prof. nadzw. Politechniki \u0141\u00f3dzkiej<br \/>Dr hab. Ireneusz Kuropka \u2013 prof. nadzw. Uniwersytetu Ekonomicznego we Wroc\u0142awiu<br \/>Dr hab. Marta Maciejasz-\u015awi\u0105tkiewicz \u2013 prof. nadzw. Uniwersytetu Opolskiego<br \/>Dr hab. Katarzyna Perez \u2013 prof. nadzw. Uniwersytetu Ekonomicznego w Poznaniu<br \/>Dr hab. Tomasz S\u0142o\u0144ski, prof. nadzw. Uniwersytetu Ekonomicznego we Wroc\u0142awiu<br \/>Dr hab. Anna Zamojska \u2013 prof. nadzw. Uniwersytetu Gda\u0144skiego<\/p>\n\n\n\n<p><strong>Komitet organizacyjny<\/strong><\/p>\n\n\n\n<p>dr Ewa Szabela-Pasierbi\u0144ska&nbsp;&#8211;  przewodnicz\u0105ca <br \/>dr Wioletta Wola\u0144ska &#8211; sekretarz<br \/>dr Micha\u0142 Kisiel<br \/>dr Jaros\u0142aw Olejniczak<\/p>\n\n\n\n<p><strong>Kontakt:<\/strong><\/p>\n\n\n\n<p><a href=\"mailto:empiryczne@ue.wroc.pl\">empiryczne@ue.wroc.pl<\/a><\/p>\n","protected":false},"excerpt":{"rendered":"<p>Partnerem konferencji jest:Program wsp\u00f3\u0142pracy szk\u00f3\u0142 wy\u017cszych i sektorafinansowego &#8222;Nowoczesne Zarz\u0105dzanie Biznesem&#8221; Katedra Finans\u00f3w oraz Katedra Prognoz i Analiz GospodarczychUniwersytetu Ekonomicznego we Wroc\u0142awiuserdecznie zapraszaj\u0105 na IV Og\u00f3lnopolsk\u0105 Konferencj\u0119 Naukow\u0105FINANSE \u2013 STATYSTYKA \u2013 BADANIA EMPIRYCZNEpod honorowym patronatemKomitetu Nauk o FinansachPolskiej Akademii Nauk kt\u00f3ra odb\u0119dzie si\u0119 23 pa\u017adziernika 2019&nbsp;r. na Uniwersytecie Ekonomicznym we Wroc\u0142awiu Celem konferencji jest prezentacja [&hellip;]<\/p>\n","protected":false},"author":1,"featured_media":0,"parent":699,"menu_order":3,"comment_status":"closed","ping_status":"closed","template":"","meta":{"footnotes":""},"class_list":["post-1713","page","type-page","status-publish","hentry"],"_links":{"self":[{"href":"https:\/\/katfin.ue.wroc.pl\/index.php\/wp-json\/wp\/v2\/pages\/1713","targetHints":{"allow":["GET"]}}],"collection":[{"href":"https:\/\/katfin.ue.wroc.pl\/index.php\/wp-json\/wp\/v2\/pages"}],"about":[{"href":"https:\/\/katfin.ue.wroc.pl\/index.php\/wp-json\/wp\/v2\/types\/page"}],"author":[{"embeddable":true,"href":"https:\/\/katfin.ue.wroc.pl\/index.php\/wp-json\/wp\/v2\/users\/1"}],"replies":[{"embeddable":true,"href":"https:\/\/katfin.ue.wroc.pl\/index.php\/wp-json\/wp\/v2\/comments?post=1713"}],"version-history":[{"count":15,"href":"https:\/\/katfin.ue.wroc.pl\/index.php\/wp-json\/wp\/v2\/pages\/1713\/revisions"}],"predecessor-version":[{"id":2197,"href":"https:\/\/katfin.ue.wroc.pl\/index.php\/wp-json\/wp\/v2\/pages\/1713\/revisions\/2197"}],"up":[{"embeddable":true,"href":"https:\/\/katfin.ue.wroc.pl\/index.php\/wp-json\/wp\/v2\/pages\/699"}],"wp:attachment":[{"href":"https:\/\/katfin.ue.wroc.pl\/index.php\/wp-json\/wp\/v2\/media?parent=1713"}],"curies":[{"name":"wp","href":"https:\/\/api.w.org\/{rel}","templated":true}]}}