{"id":1613,"date":"2019-01-15T18:11:58","date_gmt":"2019-01-15T17:11:58","guid":{"rendered":"http:\/\/katfin.ue.wroc.pl\/?page_id=1613"},"modified":"2019-01-15T18:12:20","modified_gmt":"2019-01-15T17:12:20","slug":"2015-patrzalek-leszek-red-polityka-fiskalna-w-warunkach-globalizacji","status":"publish","type":"page","link":"https:\/\/katfin.ue.wroc.pl\/index.php\/nauka\/nasze-ksiazki\/2015-patrzalek-leszek-red-polityka-fiskalna-w-warunkach-globalizacji\/","title":{"rendered":"2015 &#8211; Patrza\u0142ek Leszek (red.) &#8211; Polityka fiskalna w warunkach globalizacji"},"content":{"rendered":"<p><strong>Tytu\u0142:<\/strong>\u00a0Polityka fiskalna w warunkach globalizacji<\/p>\n<p><strong>Autor:<\/strong>\u00a0red. Leszek Patrza\u0142ek<\/p>\n<p><strong>Data publikacji<\/strong>: 2015<\/p>\n<p><strong>Wydawnictwo:<\/strong> Wydawnictwo Uniwersytetu Ekonomicznego we Wroc\u0142awiu<\/p>\n<p><strong>Streszczenie:<\/strong><\/p>\n<p>Je\u015bli dotychczas rozwi\u0105zania polityki fiskalnej mia\u0142y charakter narodowy, ukszta\u0142towany historycznie pod wp\u0142ywem specyficznych, krajowych czynnik\u00f3w spo\u0142eczno-ekonomiczno-politycznych, to w warunkach globalizacji w coraz wi\u0119kszym stopniu s\u0105 one przyjmowane pod wp\u0142ywem zjawisk wynikaj\u0105cych bezpo\u015brednio z intensyfikacji istniej\u0105cych i powstawania nowych powi\u0105za\u0144 i zale\u017cno\u015bci ekonomicznych, finansowych, spo\u0142eczno-kulturowych i politycznych mi\u0119dzy pa\u0144stwami i spo\u0142eczno\u015bciami.<br \/>\nWsp\u00f3\u0142czesna polityka fiskalna uwzgl\u0119dnia\u00a0 ponadnarodowe regulacje dotycz\u0105ce zasad zarz\u0105dzania d\u0142ugiem publicznym, polityki podatkowej, kwestii \u015bwiadcze\u0144 spo\u0142ecznych, zasad udzielania pomocy publicznej, nadzoru bud\u017cet\u00f3w publicznych ze strony organ\u00f3w UE czy te\u017c regulacji maj\u0105cych na celu zwi\u0119kszenie dyscypliny krajowej polityki fiskalnej. Oznacza to, \u017ce podlega\u00a0 ona coraz wi\u0119kszym wp\u0142ywom zwi\u0105zanym z rozbudow\u0105 ponadnarodowych ram instytucjonalnych jednocz\u0105cej si\u0119 Europy oraz w coraz wi\u0119kszym stopniu uwarunkowana jest szokami zewn\u0119trznymi.<br \/>\nPodr\u0119cznik jest adresowany g\u0142\u00f3wnie do studiuj\u0105cych na kierunkach zwi\u0105zanych z finansami oraz na kierunku ekonomia. Tematyka pomy\u015blana jest tak, \u017ce mo\u017ce stanowi\u0107 uzupe\u0142nienie podstawowego podr\u0119cznika do przedmiotu finanse publiczne, realizowanego na pierwszym stopniu studi\u00f3w, b\u0105d\u017a te\u017c mo\u017ce by\u0107 jednym z podr\u0119cznik\u00f3w do przedmiotu polityka fiskalna, polecanych studentom drugiego stopnia. Drug\u0105 grup\u0105 adresat\u00f3w tej ksi\u0105\u017cki s\u0105 specjali\u015bci z dziedziny finans\u00f3w publicznych, s\u0142uchacze studi\u00f3w podyplomowych oraz osoby zajmuj\u0105ce si\u0119 polityk\u0105 finansow\u0105 w praktyce gospodarczej.<\/p>\n<p><a href=\"http:\/\/www.ksiegarnia.ue.wroc.pl\/p\/_\/\/02\/0245\/024572\/spis_tresci_i_wstep.pdf\" target=\"_blank\" rel=\"noopener\">Link do spisu tre\u015bci i wst\u0119pu<\/a><\/p>\n<p><img loading=\"lazy\" decoding=\"async\" class=\"aligncenter size-medium wp-image-1614\" src=\"http:\/\/katfin.ue.wroc.pl\/wp-content\/uploads\/2019\/01\/patrzalek_polityka_fis_kopia.medium-211x300.jpg\" alt=\"\" width=\"211\" height=\"300\" srcset=\"https:\/\/katfin.ue.wroc.pl\/wp-content\/uploads\/2019\/01\/patrzalek_polityka_fis_kopia.medium-211x300.jpg 211w, https:\/\/katfin.ue.wroc.pl\/wp-content\/uploads\/2019\/01\/patrzalek_polityka_fis_kopia.medium.jpg 225w\" sizes=\"auto, (max-width: 211px) 100vw, 211px\" \/><\/p>\n<p>&nbsp;<\/p>\n","protected":false},"excerpt":{"rendered":"<p>Tytu\u0142:\u00a0Polityka fiskalna w warunkach globalizacji Autor:\u00a0red. Leszek Patrza\u0142ek Data publikacji: 2015 Wydawnictwo: Wydawnictwo Uniwersytetu Ekonomicznego we Wroc\u0142awiu Streszczenie: Je\u015bli dotychczas rozwi\u0105zania polityki fiskalnej mia\u0142y charakter narodowy, ukszta\u0142towany historycznie pod wp\u0142ywem specyficznych, krajowych czynnik\u00f3w spo\u0142eczno-ekonomiczno-politycznych, to w warunkach globalizacji w coraz wi\u0119kszym stopniu s\u0105 one przyjmowane pod wp\u0142ywem zjawisk wynikaj\u0105cych bezpo\u015brednio z intensyfikacji istniej\u0105cych i powstawania [&hellip;]<\/p>\n","protected":false},"author":1,"featured_media":0,"parent":1602,"menu_order":0,"comment_status":"closed","ping_status":"closed","template":"","meta":{"footnotes":""},"class_list":["post-1613","page","type-page","status-publish","hentry"],"_links":{"self":[{"href":"https:\/\/katfin.ue.wroc.pl\/index.php\/wp-json\/wp\/v2\/pages\/1613","targetHints":{"allow":["GET"]}}],"collection":[{"href":"https:\/\/katfin.ue.wroc.pl\/index.php\/wp-json\/wp\/v2\/pages"}],"about":[{"href":"https:\/\/katfin.ue.wroc.pl\/index.php\/wp-json\/wp\/v2\/types\/page"}],"author":[{"embeddable":true,"href":"https:\/\/katfin.ue.wroc.pl\/index.php\/wp-json\/wp\/v2\/users\/1"}],"replies":[{"embeddable":true,"href":"https:\/\/katfin.ue.wroc.pl\/index.php\/wp-json\/wp\/v2\/comments?post=1613"}],"version-history":[{"count":1,"href":"https:\/\/katfin.ue.wroc.pl\/index.php\/wp-json\/wp\/v2\/pages\/1613\/revisions"}],"predecessor-version":[{"id":1615,"href":"https:\/\/katfin.ue.wroc.pl\/index.php\/wp-json\/wp\/v2\/pages\/1613\/revisions\/1615"}],"up":[{"embeddable":true,"href":"https:\/\/katfin.ue.wroc.pl\/index.php\/wp-json\/wp\/v2\/pages\/1602"}],"wp:attachment":[{"href":"https:\/\/katfin.ue.wroc.pl\/index.php\/wp-json\/wp\/v2\/media?parent=1613"}],"curies":[{"name":"wp","href":"https:\/\/api.w.org\/{rel}","templated":true}]}}