{"id":1604,"date":"2019-01-15T18:01:56","date_gmt":"2019-01-15T17:01:56","guid":{"rendered":"http:\/\/katfin.ue.wroc.pl\/?page_id=1604"},"modified":"2019-01-15T18:09:14","modified_gmt":"2019-01-15T17:09:14","slug":"2013-poltorak-boguslaw-bankowy-pieniadz-hipoteczny","status":"publish","type":"page","link":"https:\/\/katfin.ue.wroc.pl\/index.php\/nauka\/nasze-ksiazki\/2013-poltorak-boguslaw-bankowy-pieniadz-hipoteczny\/","title":{"rendered":"2013 &#8211; P\u00f3\u0142torak Bogus\u0142aw &#8211; Bankowy pieni\u0105dz hipoteczny"},"content":{"rendered":"<p><strong>Tytu\u0142:<\/strong> Bankowy pieni\u0105dz hipoteczny<\/p>\n<p><strong>Autor:<\/strong> Bogus\u0142aw P\u00f3\u0142torak<\/p>\n<p><strong>Data publikacji<\/strong>: 2013<\/p>\n<p><strong>Wydawnictwo:<\/strong> Wydawnictwo Uniwersytetu Ekonomicznego we Wroc\u0142awiu<\/p>\n<p><strong>Streszczenie:<\/strong><\/p>\n<p>Przedmiotem bada\u0144 prowadzonych w pracy jest zakres finansowego potencja\u0142u nieruchomo\u015bci oraz jego realizacja poprzez mechanizmy bankowego finansowania nieruchomo\u015bci. W badaniach uwzgl\u0119dniona jest szczeg\u00f3lna rola bank\u00f3w jako podmiot\u00f3w o najbardziej rozwini\u0119tej funkcji transformacyjnej kapita\u0142u finansowego w warunkach post\u0119puj\u0105cej globalizacji i usieciowienia si\u0119 systemu finansowego. Wnioskowanie prowadzone jest z wykorzystaniem dorobku bankowo\u015bci i finans\u00f3w, w tym finans\u00f3w behawioralnych, w warunkach cyklicznego rozwoju ekonomicznego, z uwzgl\u0119dnieniem czynnik\u00f3w kryzysu finansowego. Problematyka badawcza obejmuje wzajemne relacje podmiot\u00f3w kredytowych z regulatorami rynk\u00f3w finansowych, kredytobiorcami i dostawcami kapita\u0142u (deponentami i inwestorami), ze szczeg\u00f3lnym uwzgl\u0119dnieniem barier i mo\u017cliwo\u015bci funkcjonowania w specyfice rynku nieruchomo\u015bci w warunkach postkryzysowych. Analiza prowadzona jest na podstawie bada\u0144 w\u0142asnych, por\u00f3wnuj\u0105cych zakres i charakter modeli uniwersalistycznych oraz specjalistycznych kredytowania hipotecznego.<\/p>\n<p><a href=\"http:\/\/www.ksiegarnia.ue.wroc.pl\/p\/_\/\/02\/0243\/024328\/spis_tresci_i_wstep.pdf\" target=\"_blank\" rel=\"noopener\">Link do spisu tre\u015bci i wst\u0119pu<\/a><\/p>\n<p><img loading=\"lazy\" decoding=\"async\" class=\"aligncenter size-medium wp-image-1611\" src=\"http:\/\/katfin.ue.wroc.pl\/wp-content\/uploads\/2019\/01\/hab_poltorak_hipoteczny.medium-217x300.jpg\" alt=\"\" width=\"217\" height=\"300\" srcset=\"https:\/\/katfin.ue.wroc.pl\/wp-content\/uploads\/2019\/01\/hab_poltorak_hipoteczny.medium-217x300.jpg 217w, https:\/\/katfin.ue.wroc.pl\/wp-content\/uploads\/2019\/01\/hab_poltorak_hipoteczny.medium.jpg 231w\" sizes=\"auto, (max-width: 217px) 100vw, 217px\" \/><\/p>\n","protected":false},"excerpt":{"rendered":"<p>Tytu\u0142: Bankowy pieni\u0105dz hipoteczny Autor: Bogus\u0142aw P\u00f3\u0142torak Data publikacji: 2013 Wydawnictwo: Wydawnictwo Uniwersytetu Ekonomicznego we Wroc\u0142awiu Streszczenie: Przedmiotem bada\u0144 prowadzonych w pracy jest zakres finansowego potencja\u0142u nieruchomo\u015bci oraz jego realizacja poprzez mechanizmy bankowego finansowania nieruchomo\u015bci. W badaniach uwzgl\u0119dniona jest szczeg\u00f3lna rola bank\u00f3w jako podmiot\u00f3w o najbardziej rozwini\u0119tej funkcji transformacyjnej kapita\u0142u finansowego w warunkach post\u0119puj\u0105cej globalizacji [&hellip;]<\/p>\n","protected":false},"author":1,"featured_media":0,"parent":1602,"menu_order":0,"comment_status":"closed","ping_status":"closed","template":"","meta":{"footnotes":""},"class_list":["post-1604","page","type-page","status-publish","hentry"],"_links":{"self":[{"href":"https:\/\/katfin.ue.wroc.pl\/index.php\/wp-json\/wp\/v2\/pages\/1604","targetHints":{"allow":["GET"]}}],"collection":[{"href":"https:\/\/katfin.ue.wroc.pl\/index.php\/wp-json\/wp\/v2\/pages"}],"about":[{"href":"https:\/\/katfin.ue.wroc.pl\/index.php\/wp-json\/wp\/v2\/types\/page"}],"author":[{"embeddable":true,"href":"https:\/\/katfin.ue.wroc.pl\/index.php\/wp-json\/wp\/v2\/users\/1"}],"replies":[{"embeddable":true,"href":"https:\/\/katfin.ue.wroc.pl\/index.php\/wp-json\/wp\/v2\/comments?post=1604"}],"version-history":[{"count":3,"href":"https:\/\/katfin.ue.wroc.pl\/index.php\/wp-json\/wp\/v2\/pages\/1604\/revisions"}],"predecessor-version":[{"id":1637,"href":"https:\/\/katfin.ue.wroc.pl\/index.php\/wp-json\/wp\/v2\/pages\/1604\/revisions\/1637"}],"up":[{"embeddable":true,"href":"https:\/\/katfin.ue.wroc.pl\/index.php\/wp-json\/wp\/v2\/pages\/1602"}],"wp:attachment":[{"href":"https:\/\/katfin.ue.wroc.pl\/index.php\/wp-json\/wp\/v2\/media?parent=1604"}],"curies":[{"name":"wp","href":"https:\/\/api.w.org\/{rel}","templated":true}]}}