{"id":1602,"date":"2019-01-15T17:58:41","date_gmt":"2019-01-15T16:58:41","guid":{"rendered":"http:\/\/katfin.ue.wroc.pl\/?page_id=1602"},"modified":"2026-01-16T17:29:35","modified_gmt":"2026-01-16T16:29:35","slug":"nasze-ksiazki","status":"publish","type":"page","link":"https:\/\/katfin.ue.wroc.pl\/index.php\/nauka\/nasze-ksiazki\/","title":{"rendered":"Ksi\u0105\u017cki naukowe pracownik\u00f3w KF"},"content":{"rendered":"\n<p>Mamy zaszczyt prezentowa\u0107 ksi\u0105\u017cki autorstwa pracownik\u00f3w Katedry Finans\u00f3w (je\u015bli nie wskazano wydawcy to wydawc\u0105 jest Wydawnictwo Uniwersytetu Ekonomicznego we Wroc\u0142awiu):<\/p>\n\n\n\n<ul class=\"wp-block-list\">\n<li>2025 &#8211; Katarzyna Pr\u0119dkiewicz, <a href=\"https:\/\/wydawnictwo.uew.pl\/start-upy-medyczne-finansowanie-i-organizacyjne-wyzwania-rozwoju\/\">Start-upy medyczne: finansowanie i organizacyjne wyzwania rozwoju<\/a><\/li>\n\n\n\n<li>2025 &#8211; Iwona Dittmann, <a href=\"https:\/\/wydawnictwo.uew.pl\/ocena-stopnia-zabezpieczenia-kapitalu-przed-inflacja-na-rynku-inwestycji-mieszkaniowych-w-polsce\/\">Ocena stopnia zabezpieczenia kapita\u0142u przed inflacj\u0105 na rynku inwestycji mieszkaniowych w Polsce<\/a><\/li>\n\n\n\n<li>2025 &#8211; Felis Pawe\u0142, Patrza\u0142ek Leszek, Bem Agnieszka [i in.] <a href=\"http:\/\/dx.doi.org\/10.4324\/9781003530503\">Local Tax Policy in Central and Eastern Europe. Property Taxation and Municipal Finance<\/a>, Routledge Research in Taxation, 2025, Abingdon, Routledge<\/li>\n\n\n\n<li>2024 &#8211; Janina Harasim, <strong>Jacek Karwowski<\/strong>, Pawe\u0142 Marsza\u0142ek, <a href=\"https:\/\/wydawnictwo.uew.pl\/nowe-trendy-w-rozwoju-pieniadza\/\">Nowe trendy w rozwoju pieni\u0105dza<\/a><\/li>\n\n\n\n<li>2023 &#8211; Ewa Gubernat, <a href=\"https:\/\/katfin.ue.wroc.pl\/index.php\/2023\/12\/nowa-ksiazka-dr-ewy-gubernat\/\">Ocena zdolno\u015bci p\u0142atniczej jednostki samorz\u0105du terytorialnego z wykorzystaniem rachunku przep\u0142yw\u00f3w pieni\u0119\u017cnych. Metody i kryteria<\/a><\/li>\n\n\n\n<li>2024 &#8211; Dorota Korenik, Marek Ignor, <a href=\"http:\/\/dx.doi.org\/10.15611\/2024.02.4\">Regionalne systemy finansowe gospodarki \u2013 podej\u015bcie instytucjonalne. Wyzwania dla rozwoju systemu po\u015brednictwa finansowego w Polsce<\/a>, Wydawnictwo Uniwersytetu Ekonomicznego we Wroc\u0142awiu, 2024, Wroc\u0142aw<\/li>\n\n\n\n<li>2024 &#8211; Pr\u0119dkiewicz Katarzyna, Biegun Krzysztof, AI \u2013 sztuczna inteligencja w finansach przedsi\u0119biorstw, w: Finanse przedsi\u0119biorstw \/ Sierpi\u0144ska Maria, Szczepanowski Piotr (red.), 2024, Polska Akademia Nauk, s.319-332, ISBN 9788366847866<\/li>\n\n\n\n<li>2022 &#8211; Dorota Korenik, Od faktoringu przesz\u0142o\u015bci do faktoringu przysz\u0142o\u015bci<\/li>\n\n\n\n<li>2021 &#8211; Iwona Dittmann, Nominalna i realna stopa zwrotu z instrument\u00f3w finansowych o niskim ryzyku \u2013 ocena z perspektywy gospodarstwa domowego<\/li>\n\n\n\n<li>2021 &#8211; <strong>Dziedziak Bernadeta<\/strong>, Ostrowska Anna, Witalec Waldemar, Uchwa\u0142a bud\u017cetowa jednostki samorz\u0105du terytorialnego, Wydawnictwo C.H. Beck<\/li>\n\n\n\n<li>2021 &#8211; Szymaniec-Mlicka Karolina, <strong>W\u0119grzyn Maria<\/strong>, Zarz\u0105dzanie ryzykiem w organizacji publicznej. Studium szpitali publicznych, Wydawnictwo Uniwersytetu Ekonomicznego w Katowicach<\/li>\n\n\n\n<li>2020 &#8211; Jacek Karwowski, Islamskie instrumenty pochodne<\/li>\n\n\n\n<li>2019 &#8211; <strong>Patrza\u0142ek Leszek<\/strong>, Poniatowicz Marzanna, Guziejewska Beata [i in.], Nier\u00f3wno\u015bci fiskalne w samorz\u0105dzie terytorialnym. Przyczyny, mechanizmy i instrumenty wyr\u00f3wnywania<\/li>\n\n\n\n<li>2019 &#8211; Iwona Dittmann,&nbsp;<a href=\"http:\/\/katfin.ue.wroc.pl\/index.php\/nauka\/nasze-ksiazki\/2019-iwona-dittmann-odpowiedniosc-polskich-funduszy-inwestycyjnych-otwartych-dla-inwestora-indywidualnego-koncepcja-oceny\/\">Odpowiednio\u015b\u0107 polskich funduszy inwestycyjnych otwartych dla inwestora indywidualnego. Koncepcja oceny<\/a><\/li>\n\n\n\n<li>2019 &#8211; Hanna Kociemska,&nbsp;<a href=\"https:\/\/www.springer.com\/us\/book\/9783030147525\">Public\u2013Private Partnership for Sub-Saharan Africa<\/a><\/li>\n\n\n\n<li>2018 &#8211; Katarzyna Pr\u0119dkiewicz,&nbsp;<a href=\"http:\/\/katfin.ue.wroc.pl\/index.php\/nauka\/nasze-ksiazki\/2019-katarzyna-predkiewicz-finansowanie-innowacji-malych-i-srednich-przedsiebiorstw-w-swietle-teorii-ograniczen-finansowych\/\">Finansowanie innowacji ma\u0142ych i \u015brednich przedsi\u0119biorstw w \u015bwietle teorii ogranicze\u0144 finansowych<\/a><\/li>\n\n\n\n<li>2018 &#8211; Piotr Luty,&nbsp;<a href=\"http:\/\/katfin.ue.wroc.pl\/index.php\/nauka\/nasze-ksiazki\/2018-piotr-luty-wielowymiarowa-analiza-rentownosci-aktywow-spolek-przejmujacych-w-polsce\/\">Wielowymiarowa analiza rentowno\u015bci aktyw\u00f3w sp\u00f3\u0142ek przejmuj\u0105cych w Polsce<\/a><\/li>\n\n\n\n<li>2018 &#8211; Dominika Hadro, Marek Pauka &#8211; <a href=\"http:\/\/katfin.ue.wroc.pl\/index.php\/nauka\/nasze-ksiazki\/2018-dominika-hadro-marek-pauka-reakcje-cenowe-w-debiucie-na-newconnect\/\">Reakcje cenowe w debiucie na NewConnect. Znaczenie asymetrii informacji<\/a><\/li>\n\n\n\n<li>2017 &#8211; Hanna Kociemska &#8211; <a href=\"http:\/\/katfin.ue.wroc.pl\/index.php\/nauka\/nasze-ksiazki\/2015-kociemska-hanna-partnerstwo-publiczno-prywatne-w-ujeciu-heterodoksyjnym\/\">Partnerstwo publiczno &#8211; prywatne w uj\u0119ciu heterodoksyjnym<\/a><\/li>\n\n\n\n<li>2015 &#8211; (red.) Leszek Patrza\u0142ek &#8211; <a href=\"http:\/\/katfin.ue.wroc.pl\/index.php\/nauka\/nasze-ksiazki\/2015-patrzalek-leszek-red-polityka-fiskalna-w-warunkach-globalizacji\/\">Polityka fiskalna w warunkach globalizacji<\/a><\/li>\n\n\n\n<li>2013 &#8211; Bogus\u0142aw P\u00f3\u0142torak &#8211; <a href=\"http:\/\/katfin.ue.wroc.pl\/index.php\/nauka\/nasze-ksiazki\/2013-poltorak-boguslaw-bankowy-pieniadz-hipoteczny\/\">Hipoteczny pieni\u0105dz bankowy<\/a><\/li>\n<\/ul>\n","protected":false},"excerpt":{"rendered":"<p>Mamy zaszczyt prezentowa\u0107 ksi\u0105\u017cki autorstwa pracownik\u00f3w Katedry Finans\u00f3w (je\u015bli nie wskazano wydawcy to wydawc\u0105 jest Wydawnictwo Uniwersytetu Ekonomicznego we Wroc\u0142awiu):<\/p>\n","protected":false},"author":1,"featured_media":0,"parent":1600,"menu_order":1,"comment_status":"closed","ping_status":"closed","template":"","meta":{"footnotes":""},"class_list":["post-1602","page","type-page","status-publish","hentry"],"_links":{"self":[{"href":"https:\/\/katfin.ue.wroc.pl\/index.php\/wp-json\/wp\/v2\/pages\/1602","targetHints":{"allow":["GET"]}}],"collection":[{"href":"https:\/\/katfin.ue.wroc.pl\/index.php\/wp-json\/wp\/v2\/pages"}],"about":[{"href":"https:\/\/katfin.ue.wroc.pl\/index.php\/wp-json\/wp\/v2\/types\/page"}],"author":[{"embeddable":true,"href":"https:\/\/katfin.ue.wroc.pl\/index.php\/wp-json\/wp\/v2\/users\/1"}],"replies":[{"embeddable":true,"href":"https:\/\/katfin.ue.wroc.pl\/index.php\/wp-json\/wp\/v2\/comments?post=1602"}],"version-history":[{"count":19,"href":"https:\/\/katfin.ue.wroc.pl\/index.php\/wp-json\/wp\/v2\/pages\/1602\/revisions"}],"predecessor-version":[{"id":2485,"href":"https:\/\/katfin.ue.wroc.pl\/index.php\/wp-json\/wp\/v2\/pages\/1602\/revisions\/2485"}],"up":[{"embeddable":true,"href":"https:\/\/katfin.ue.wroc.pl\/index.php\/wp-json\/wp\/v2\/pages\/1600"}],"wp:attachment":[{"href":"https:\/\/katfin.ue.wroc.pl\/index.php\/wp-json\/wp\/v2\/media?parent=1602"}],"curies":[{"name":"wp","href":"https:\/\/api.w.org\/{rel}","templated":true}]}}