{"id":16,"date":"2013-10-20T20:43:01","date_gmt":"2013-10-20T18:43:01","guid":{"rendered":"http:\/\/katfin.ue.wroc.pl\/?page_id=16"},"modified":"2018-10-01T10:27:08","modified_gmt":"2018-10-01T08:27:08","slug":"kola-naukowe","status":"publish","type":"page","link":"https:\/\/katfin.ue.wroc.pl\/index.php\/dla-studentow\/kola-naukowe\/","title":{"rendered":"Ko\u0142a naukowe"},"content":{"rendered":"<p><strong>Ko\u0142a Naukowe:<\/strong><\/p>\n<ul>\n<li><a href=\"http:\/\/hossaprocapital.ue.wroc.pl\/\">Ko\u0142o Naukowe Rynku Kapita\u0142owego &#8222;Hossa Procapital&#8221;<\/a><\/li>\n<li><a href=\"http:\/\/www.bankier.ue.wroc.pl\/\">Mi\u0119dzywydzia\u0142owe Ko\u0142o Naukowe &#8222;Bankier&#8221;<\/a><\/li>\n<li>Ko\u0142o Naukowe Zarz\u0105dzania Podatkami<\/li>\n<\/ul>\n","protected":false},"excerpt":{"rendered":"<p>Ko\u0142a Naukowe: Ko\u0142o Naukowe Rynku Kapita\u0142owego &#8222;Hossa Procapital&#8221; Mi\u0119dzywydzia\u0142owe Ko\u0142o Naukowe &#8222;Bankier&#8221; Ko\u0142o Naukowe Zarz\u0105dzania Podatkami<\/p>\n","protected":false},"author":1,"featured_media":0,"parent":1470,"menu_order":0,"comment_status":"closed","ping_status":"closed","template":"","meta":{"footnotes":""},"class_list":["post-16","page","type-page","status-publish","hentry"],"_links":{"self":[{"href":"https:\/\/katfin.ue.wroc.pl\/index.php\/wp-json\/wp\/v2\/pages\/16","targetHints":{"allow":["GET"]}}],"collection":[{"href":"https:\/\/katfin.ue.wroc.pl\/index.php\/wp-json\/wp\/v2\/pages"}],"about":[{"href":"https:\/\/katfin.ue.wroc.pl\/index.php\/wp-json\/wp\/v2\/types\/page"}],"author":[{"embeddable":true,"href":"https:\/\/katfin.ue.wroc.pl\/index.php\/wp-json\/wp\/v2\/users\/1"}],"replies":[{"embeddable":true,"href":"https:\/\/katfin.ue.wroc.pl\/index.php\/wp-json\/wp\/v2\/comments?post=16"}],"version-history":[{"count":2,"href":"https:\/\/katfin.ue.wroc.pl\/index.php\/wp-json\/wp\/v2\/pages\/16\/revisions"}],"predecessor-version":[{"id":66,"href":"https:\/\/katfin.ue.wroc.pl\/index.php\/wp-json\/wp\/v2\/pages\/16\/revisions\/66"}],"up":[{"embeddable":true,"href":"https:\/\/katfin.ue.wroc.pl\/index.php\/wp-json\/wp\/v2\/pages\/1470"}],"wp:attachment":[{"href":"https:\/\/katfin.ue.wroc.pl\/index.php\/wp-json\/wp\/v2\/media?parent=16"}],"curies":[{"name":"wp","href":"https:\/\/api.w.org\/{rel}","templated":true}]}}