{"id":1589,"date":"2018-12-15T16:41:28","date_gmt":"2018-12-15T15:41:28","guid":{"rendered":"http:\/\/katfin.ue.wroc.pl\/?page_id=1589"},"modified":"2018-12-15T16:41:54","modified_gmt":"2018-12-15T15:41:54","slug":"mgr-ewa-blaszke","status":"publish","type":"page","link":"https:\/\/katfin.ue.wroc.pl\/index.php\/pracownicy\/mgr-ewa-blaszke\/","title":{"rendered":"Mgr Ewa Blaszke"},"content":{"rendered":"<p>konsultacje:<br \/>\npi\u0105tek godz. 9:30 &#8211; 11:30 pok. 107<\/p>\n<div><strong>Zainteresowania badawcze<\/strong>:<\/div>\n<div>&#8211; struktura finansowania przedsi\u0119biorstwa i koszt kapita\u0142u,<\/div>\n<div>&#8211; ocena efektywno\u015bci projekt\u00f3w inwestycyjnych,<\/div>\n<div>&#8211; analiza i ocena kondycji finansowej przedsi\u0119biorstwa,<\/div>\n<div>&#8211; polityka dywidend sp\u00f3\u0142ek,<\/div>\n<div>&#8211; wycena przedsi\u0119biorstw,<\/div>\n<div>&#8211; zarz\u0105dzanie ryzykiem finansowym,<\/div>\n<div>&#8211; funkcjonowanie inwestor\u00f3w instytucjonalnych na rynku kapita\u0142owym.<\/div>\n<div><\/div>\n<div><strong>Obszary dydaktyki<\/strong>:<\/div>\n<div>&#8211; podstawy finans\u00f3w,<\/div>\n<div>&#8211; finanse przedsi\u0119biorstw,<\/div>\n<div>&#8211; instytucje i instrumenty rynku kapita\u0142owego,<\/div>\n<div>&#8211; portfel inwestycyjny.<\/div>\n","protected":false},"excerpt":{"rendered":"<p>konsultacje: pi\u0105tek godz. 9:30 &#8211; 11:30 pok. 107 Zainteresowania badawcze: &#8211; struktura finansowania przedsi\u0119biorstwa i koszt kapita\u0142u, &#8211; ocena efektywno\u015bci projekt\u00f3w inwestycyjnych, &#8211; analiza i ocena kondycji finansowej przedsi\u0119biorstwa, &#8211; polityka dywidend sp\u00f3\u0142ek, &#8211; wycena przedsi\u0119biorstw, &#8211; zarz\u0105dzanie ryzykiem finansowym, &#8211; funkcjonowanie inwestor\u00f3w instytucjonalnych na rynku kapita\u0142owym. Obszary dydaktyki: &#8211; podstawy finans\u00f3w, &#8211; finanse przedsi\u0119biorstw, [&hellip;]<\/p>\n","protected":false},"author":1,"featured_media":0,"parent":12,"menu_order":0,"comment_status":"closed","ping_status":"closed","template":"","meta":{"footnotes":""},"class_list":["post-1589","page","type-page","status-publish","hentry"],"_links":{"self":[{"href":"https:\/\/katfin.ue.wroc.pl\/index.php\/wp-json\/wp\/v2\/pages\/1589","targetHints":{"allow":["GET"]}}],"collection":[{"href":"https:\/\/katfin.ue.wroc.pl\/index.php\/wp-json\/wp\/v2\/pages"}],"about":[{"href":"https:\/\/katfin.ue.wroc.pl\/index.php\/wp-json\/wp\/v2\/types\/page"}],"author":[{"embeddable":true,"href":"https:\/\/katfin.ue.wroc.pl\/index.php\/wp-json\/wp\/v2\/users\/1"}],"replies":[{"embeddable":true,"href":"https:\/\/katfin.ue.wroc.pl\/index.php\/wp-json\/wp\/v2\/comments?post=1589"}],"version-history":[{"count":1,"href":"https:\/\/katfin.ue.wroc.pl\/index.php\/wp-json\/wp\/v2\/pages\/1589\/revisions"}],"predecessor-version":[{"id":1590,"href":"https:\/\/katfin.ue.wroc.pl\/index.php\/wp-json\/wp\/v2\/pages\/1589\/revisions\/1590"}],"up":[{"embeddable":true,"href":"https:\/\/katfin.ue.wroc.pl\/index.php\/wp-json\/wp\/v2\/pages\/12"}],"wp:attachment":[{"href":"https:\/\/katfin.ue.wroc.pl\/index.php\/wp-json\/wp\/v2\/media?parent=1589"}],"curies":[{"name":"wp","href":"https:\/\/api.w.org\/{rel}","templated":true}]}}