{"id":1526,"date":"2018-10-19T19:04:29","date_gmt":"2018-10-19T17:04:29","guid":{"rendered":"http:\/\/katfin.ue.wroc.pl\/?page_id=1526"},"modified":"2018-10-22T09:28:30","modified_gmt":"2018-10-22T07:28:30","slug":"ksiazka-abstraktow","status":"publish","type":"page","link":"https:\/\/katfin.ue.wroc.pl\/index.php\/konferencje\/archiwum-konferencji\/finstat-archiwum\/konferencja-finanse-statystyka-badania-empiryczne-pazdziernik-2018\/ksiazka-abstraktow\/","title":{"rendered":"Ksi\u0105\u017cka abstrakt\u00f3w"},"content":{"rendered":"<p><a href=\"http:\/\/katfin.ue.wroc.pl\/wp-content\/uploads\/2018\/10\/BOOK-OF-ABSTRACTS-2018.pdf\">Plik ksi\u0105\u017cki abstrakt\u00f3w w formacie PDF do pobrania<\/a><\/p>\n","protected":false},"excerpt":{"rendered":"<p>Plik ksi\u0105\u017cki abstrakt\u00f3w w formacie PDF do pobrania<\/p>\n","protected":false},"author":1,"featured_media":0,"parent":1291,"menu_order":3,"comment_status":"closed","ping_status":"closed","template":"","meta":{"footnotes":""},"class_list":["post-1526","page","type-page","status-publish","hentry"],"_links":{"self":[{"href":"https:\/\/katfin.ue.wroc.pl\/index.php\/wp-json\/wp\/v2\/pages\/1526","targetHints":{"allow":["GET"]}}],"collection":[{"href":"https:\/\/katfin.ue.wroc.pl\/index.php\/wp-json\/wp\/v2\/pages"}],"about":[{"href":"https:\/\/katfin.ue.wroc.pl\/index.php\/wp-json\/wp\/v2\/types\/page"}],"author":[{"embeddable":true,"href":"https:\/\/katfin.ue.wroc.pl\/index.php\/wp-json\/wp\/v2\/users\/1"}],"replies":[{"embeddable":true,"href":"https:\/\/katfin.ue.wroc.pl\/index.php\/wp-json\/wp\/v2\/comments?post=1526"}],"version-history":[{"count":2,"href":"https:\/\/katfin.ue.wroc.pl\/index.php\/wp-json\/wp\/v2\/pages\/1526\/revisions"}],"predecessor-version":[{"id":1532,"href":"https:\/\/katfin.ue.wroc.pl\/index.php\/wp-json\/wp\/v2\/pages\/1526\/revisions\/1532"}],"up":[{"embeddable":true,"href":"https:\/\/katfin.ue.wroc.pl\/index.php\/wp-json\/wp\/v2\/pages\/1291"}],"wp:attachment":[{"href":"https:\/\/katfin.ue.wroc.pl\/index.php\/wp-json\/wp\/v2\/media?parent=1526"}],"curies":[{"name":"wp","href":"https:\/\/api.w.org\/{rel}","templated":true}]}}