{"id":1491,"date":"2018-10-03T10:04:58","date_gmt":"2018-10-03T08:04:58","guid":{"rendered":"http:\/\/katfin.ue.wroc.pl\/?page_id=1491"},"modified":"2018-10-19T19:00:28","modified_gmt":"2018-10-19T17:00:28","slug":"program-konferencji","status":"publish","type":"page","link":"https:\/\/katfin.ue.wroc.pl\/index.php\/konferencje\/archiwum-konferencji\/finstat-archiwum\/konferencja-finanse-statystyka-badania-empiryczne-pazdziernik-2018\/program-konferencji\/","title":{"rendered":"Program konferencji"},"content":{"rendered":"<p><strong>Miejsce konferencji<\/strong>: budynek CKU, Uniwersytet Ekonomiczny we Wroc\u0142awiu, ul. Komandorska 118\/120<\/p>\n<p>9.00 \u2013 13.00 \u00a0Rejestracja uczestnik\u00f3w <em>(bud. CKU, parter)<\/em><\/p>\n<p><strong>9.45 \u2013 Uroczyste otwarcie konferencji <\/strong><em>(sala 27a, parter CKU)<\/em><\/p>\n<p>10.00 \u2013 10.55 \u00a0<strong>SESJA PLENARNA<\/strong><\/p>\n<ul>\n<li><strong>Katarzyna Perez, \u0141ukasz Szymczyk<\/strong> &#8211; Wysokie op\u0142aty za zarz\u0105dzanie bez zwi\u0105zku z wynikami funduszy inwestycyjnych otwartych. Przypadek Polski, <em>Uniwersytet Ekonomiczny w Poznaniu<\/em><\/li>\n<li><strong>Filip Chybalski &#8211;<\/strong>Wiek emerytalny jako aproksymanta sprawiedliwo\u015bci mi\u0119dzypokoleniowej: mi\u0119dzynarodowe studium por\u00f3wnawcze, <em>Politechnika \u0141\u00f3dzka<\/em><\/li>\n<li><strong>Wyst\u0105pienie przedstawiciela Programu \u201eNowoczesne Zarz\u0105dzanie Biznesem\u201d<\/strong> &#8211; Partnera konferencji<\/li>\n<\/ul>\n<p>10.55 \u2013 11.15 \u00a0przerwa kawowa <em>(parter CKU)<\/em><\/p>\n<p>11.15 \u2013 12.45 \u00a0SESJE PANELOWE \u00a0A, B<\/p>\n<p><strong>SESJA PANELOWA\u00a0 A<\/strong>: <strong><em>Finanse publiczne <\/em><\/strong><em>(sala 211, 2. pi\u0119tro CKU)<\/em><\/p>\n<ul>\n<li><strong>Pawe\u0142 Swianiewicz, Julita \u0141ukomska- <\/strong>Zastosowanie koncepcji na\u015bladownictwa podatkowego (tax mimicking) do wyja\u015bnianie zr\u00f3\u017cnicowania op\u0142at za wod\u0119 w Polsce, <em>Uniwersytet Warszawski <\/em><\/li>\n<li><strong>Agnieszka Huterska <\/strong>&#8211; Wp\u0142yw wydatk\u00f3w sektora publicznego na poziom bezrobocia m\u0142odzie\u017cy w krajach Unii Europejskiej, <em>Uniwersytet Miko\u0142aja Kopernika w Toruniu <\/em><\/li>\n<li><strong>Maja Krasucka &#8211; <\/strong>Zaanga\u017cowanie dotacji publicznych w finansowanie zada\u0144 z zakresu wspierania i upowszechniania kultury fizycznej, realizowanych przez organizacje po\u017cytku publicznego, <em>Uniwersytet Opolski<\/em><\/li>\n<li><strong>Agnieszka Werwi\u0144ska &#8211; <\/strong>Zdolno\u015b\u0107 gmin do zaci\u0105gania zobowi\u0105za\u0144 w latach 2007-2017 na przyk\u0142adzie wojew\u00f3dztwa dolno\u015bl\u0105skiego, <em>Uniwersytet Ekonomiczny we Wroc\u0142awiu<\/em><\/li>\n<li><strong>Andrzej Sztando &#8211; <\/strong>Pozyskiwanie wsparcia finansowego z funduszy unijnych w zarz\u0105dzaniu rozwojem lokalnym ma\u0142ych miast, <em>Uniwersytet Ekonomiczny we Wroc\u0142awiu<\/em><\/li>\n<\/ul>\n<p><strong>SESJA PANELOWA B:<\/strong> <strong><em>Finanse przedsi\u0119biorstw <\/em><\/strong><em>(sala 205, 2. pi\u0119tro CKU)<\/em><\/p>\n<ul>\n<li><strong>Aneta Ptak-Chmielewska, Anna Matuszyk &#8211; <\/strong>Czynniki makroekonomiczne w modelowaniu ryzyka upad\u0142o\u015bci przedsi\u0119biorstw, <em>Szko\u0142a G\u0142\u00f3wna Handlowa w Warszawie<\/em><\/li>\n<li><strong>Jacek Barburski &#8211; <\/strong>Adekwatno\u015b\u0107 kapita\u0142owo \u2013 maj\u0105tkowa polskich przedsi\u0119biorstw. Analiza sektorowa, <em>Uniwersytet Ekonomiczny w Krakowie<\/em><\/li>\n<li><strong>Jan Kaczmarzyk &#8211; <\/strong>Wykorzystanie symulacji Monte Carlo w wycenie przedsi\u0119biorstwa notowanego i nienotowanego, <em>Uniwersytet Ekonomiczny w Katowicach<\/em><\/li>\n<li><strong>Marek Le\u015bkiewicz &#8211;<\/strong> Wy\u0142udzenia podatku od towaru i us\u0142ug \u2013 identyfikacja uczestnik\u00f3w karuzeli VAT-owskiej, <em>Uniwersytet Ekonomiczny we Wroc\u0142awiu<\/em><\/li>\n<li><strong>Piotr Staszkiewicz &#8211;<\/strong> The application of citation count regression to identify important papers in the literature on non-audit fees, <em>Szko\u0142a G\u0142\u00f3wna Handlowa w Warszawie<\/em><\/li>\n<\/ul>\n<p>12.45 \u2013 13.30 \u00a0lunch <em>(parter CKU)<\/em><\/p>\n<p>13.30 \u2013 15.00 \u00a0SESJE PANELOWE \u00a0C, D<\/p>\n<p><strong>SESJA PANELOWA\u00a0 C<\/strong>: <strong><em>Fundusze inwestycyjne <\/em><\/strong><em>(sala 211, 2. pi\u0119tro CKU)<\/em><\/p>\n<ul>\n<li><strong>Tomasz Mizio\u0142ek &#8211;<\/strong> Czy polscy inwestorzy preferuj\u0105 tanie fundusze inwestycyjne?, <em>Uniwersytet \u0141\u00f3dzki<\/em><\/li>\n<li><strong>Dariusz Filip &#8211;<\/strong> Zmienne demograficzne okre\u015blaj\u0105ce profil zarz\u0105dzaj\u0105cego a wyniki funduszy inwestycyjnych, <em>Uniwersytet Kardyna\u0142a Stefana Wyszy\u0144skiego w Warszawie<\/em><\/li>\n<li><strong>Monika Mo\u015bcibrodzka &#8211; <\/strong>Relacja ryzyko \u2013 efektywno\u015b\u0107 dla funduszy inwestycyjnych akcji w oparciu o klasyczne miary oceny, <em>Uniwersytet Wroc\u0142awski<\/em><\/li>\n<li><strong>Artur Trzebi\u0144ski<\/strong> <strong>&#8211;<\/strong> Determinanty ryzyka funduszy inwestycyjnych, <em>Uniwersytet Ekonomiczny we Wroc\u0142awiu<\/em><\/li>\n<li><strong>Iwona Dittmann &#8211;<\/strong> Czy horyzonty inwestycyjne rekomendowane przez zarz\u0105dzaj\u0105cych polskimi funduszami inwestycyjnymi s\u0105 uzasadnione?, <em>Uniwersytet Ekonomiczny we Wroc\u0142awiu<\/em><\/li>\n<\/ul>\n<p><strong>SESJA PANELOWA\u00a0 D<\/strong>: <strong><em>Finanse publiczne, finanse osobiste, system emerytalny <\/em><\/strong><em>(sala 205, 2. pi\u0119tro CKU)<\/em><\/p>\n<ul>\n<li><strong>Magdalena Za\u0142\u0119czna, Konrad \u017belazowski &#8211; <\/strong>Dynamika i zr\u00f3\u017cnicowanie wydatk\u00f3w mieszkaniowych miast wojew\u00f3dzkich w perspektywie wieloletniej, <em>Uniwersytet \u0141\u00f3dzki<\/em><\/li>\n<li><strong>Edyta Marcinkiewicz &#8211;<\/strong> Znaczenie \u015bwiadomo\u015bci emerytalnej w gromadzeniu oszcz\u0119dno\u015bci na przyk\u0142adzie polskich gospodarstw domowych, <em>Politechnika \u0141\u00f3dzka<\/em><\/li>\n<li><strong>Ma\u0142gorzata Gumola &#8211;<\/strong> Ocena reform systemu emerytalnego w krajach Europy \u015arodkowo-Wschodniej, <em>Politechnika \u0141\u00f3dzka<\/em><\/li>\n<li><strong>Ma\u0142gorzata Ga\u0142ecka, Katarzyna Smolny &#8211; <\/strong>Ocena dzia\u0142alno\u015bci teatr\u00f3w wojew\u00f3dzkich, <em>Uniwersytet Ekonomiczny we Wroc\u0142awiu<\/em><\/li>\n<li><strong>Barbara Gradzik<\/strong> <strong>&#8211;<\/strong> Finanse osobiste a realizacja potrzeb mieszkaniowych os\u00f3b starszych. Czy senior\u00f3w sta\u0107 na zmiany?, <em>Uniwersytet Ekonomiczny we Wroc\u0142awiu<\/em><\/li>\n<\/ul>\n<p>15.00 \u2013 15.20\u00a0 przerwa kawowa <em>(parter CKU)<\/em><\/p>\n<p>15.20 \u2013 16.50 SESJE PANELOWE\u00a0 E, F<\/p>\n<p><strong>SESJA PANELOWA\u00a0 E: <\/strong><strong><em>Banki, koszt kapita\u0142u, rynek finansowy<\/em><\/strong> <em>(sala 211, 2. pi\u0119tro CKU)<\/em><\/p>\n<ul>\n<li><strong>Anna Bia\u0142ek-Jaworska, Katarzyna Trzpio\u0142a &#8211;<\/strong> Lending Money to Seemingly Unrelated Companies Mechanism and Motives, <em>Uniwersytet Warszawski<\/em><\/li>\n<li><strong>Piotr Mielus<\/strong> <strong>&#8211;<\/strong> Koszt finansowania bank\u00f3w a ryzyko bazowe<em>, Szko\u0142a G\u0142\u00f3wna Handlowa <\/em><\/li>\n<li><strong>Patrycja Chodnicka-Jaworska<\/strong> <strong>&#8211;<\/strong> Credit rating bank\u00f3w a ryzyko upad\u0142o\u015bci, <em>Uniwersytet Warszawski<\/em><\/li>\n<li><strong>Przemys\u0142aw Garsztka, Ma\u0142gorzata Szczyt &#8211;<\/strong> Badanie stabilno\u015bci parametru beta dla sp\u00f3\u0142ek notowanych na GPW w Warszawie, <em>Uniwersytet Ekonomiczny w Poznaniu<\/em><\/li>\n<li><strong>Rafa\u0142 Wolski &#8211; <\/strong>Wsp\u00f3\u0142zale\u017cno\u015b\u0107 rynku akcji i nieruchomo\u015bci w kontek\u015bcie zastosowania wsp\u00f3\u0142czynnika beta, <em>Uniwersytet \u0141\u00f3dzki<\/em><\/li>\n<\/ul>\n<p><strong>SESJA PANELOWA\u00a0 F<\/strong>: <strong><em>Finanse <\/em><\/strong><em>(sala 205, 2. pi\u0119tro CKU)<\/em><\/p>\n<ul>\n<li><strong>Ireneusz Kuropka, Joanna Krupowicz &#8211;<\/strong> Efektywno\u015b\u0107 ochrony zdrowia w Polsce na tle kraj\u00f3w europejskich, <em>Uniwersytet Ekonomiczny we Wroc\u0142awiu<\/em><\/li>\n<li><strong>Dariusz Por\u0119bski &#8211;<\/strong> Efektywno\u015b\u0107 podmiot\u00f3w leczniczych w pespektywie mezoekonomicznej z wykorzystaniem metody DEA, <em>Uniwersytet Ekonomiczny we Wroc\u0142awiu<\/em><\/li>\n<li><strong>Konrad \u017belazowski<\/strong> <strong>&#8211;<\/strong> Konwergencja europejskich rynk\u00f3w kredytowania hipotecznego, <em>Uniwersytet \u0141\u00f3dzki<\/em><\/li>\n<li><strong>Robert Huterski<\/strong> <strong>&#8211;<\/strong> Pu\u0142apka \u015bredniego dochodu w post-socjalistycznych krajach cz\u0142onkowskich Unii Europejskiej, <em>Uniwersytet Miko\u0142aja Kopernika w Toruniu<\/em><\/li>\n<li><strong>Tomasz Werner &#8211;<\/strong> Sprzeda\u017c na rynkach odzie\u017cy sportowej w krajach Unii Europejskiej \u2013 zjawisko gamma konwergencji, <em>Uniwersytet Ekonomiczny we Wroc\u0142awiu<\/em><\/li>\n<\/ul>\n<p>16.50 \u2013 \u00a0Zamkni\u0119cie konferencji<\/p>\n","protected":false},"excerpt":{"rendered":"<p>Miejsce konferencji: budynek CKU, Uniwersytet Ekonomiczny we Wroc\u0142awiu, ul. Komandorska 118\/120 9.00 \u2013 13.00 \u00a0Rejestracja uczestnik\u00f3w (bud. CKU, parter) 9.45 \u2013 Uroczyste otwarcie konferencji (sala 27a, parter CKU) 10.00 \u2013 10.55 \u00a0SESJA PLENARNA Katarzyna Perez, \u0141ukasz Szymczyk &#8211; Wysokie op\u0142aty za zarz\u0105dzanie bez zwi\u0105zku z wynikami funduszy inwestycyjnych otwartych. Przypadek Polski, Uniwersytet Ekonomiczny w Poznaniu [&hellip;]<\/p>\n","protected":false},"author":1,"featured_media":0,"parent":1291,"menu_order":1,"comment_status":"closed","ping_status":"closed","template":"","meta":{"footnotes":""},"class_list":["post-1491","page","type-page","status-publish","hentry"],"_links":{"self":[{"href":"https:\/\/katfin.ue.wroc.pl\/index.php\/wp-json\/wp\/v2\/pages\/1491","targetHints":{"allow":["GET"]}}],"collection":[{"href":"https:\/\/katfin.ue.wroc.pl\/index.php\/wp-json\/wp\/v2\/pages"}],"about":[{"href":"https:\/\/katfin.ue.wroc.pl\/index.php\/wp-json\/wp\/v2\/types\/page"}],"author":[{"embeddable":true,"href":"https:\/\/katfin.ue.wroc.pl\/index.php\/wp-json\/wp\/v2\/users\/1"}],"replies":[{"embeddable":true,"href":"https:\/\/katfin.ue.wroc.pl\/index.php\/wp-json\/wp\/v2\/comments?post=1491"}],"version-history":[{"count":7,"href":"https:\/\/katfin.ue.wroc.pl\/index.php\/wp-json\/wp\/v2\/pages\/1491\/revisions"}],"predecessor-version":[{"id":1522,"href":"https:\/\/katfin.ue.wroc.pl\/index.php\/wp-json\/wp\/v2\/pages\/1491\/revisions\/1522"}],"up":[{"embeddable":true,"href":"https:\/\/katfin.ue.wroc.pl\/index.php\/wp-json\/wp\/v2\/pages\/1291"}],"wp:attachment":[{"href":"https:\/\/katfin.ue.wroc.pl\/index.php\/wp-json\/wp\/v2\/media?parent=1491"}],"curies":[{"name":"wp","href":"https:\/\/api.w.org\/{rel}","templated":true}]}}