{"id":1476,"date":"2018-10-01T10:29:06","date_gmt":"2018-10-01T08:29:06","guid":{"rendered":"http:\/\/katfin.ue.wroc.pl\/?page_id=1476"},"modified":"2025-10-16T16:28:55","modified_gmt":"2025-10-16T14:28:55","slug":"debiuty-studenckie-finanse","status":"publish","type":"page","link":"https:\/\/katfin.ue.wroc.pl\/index.php\/dla-studentow\/debiuty-studenckie-finanse\/","title":{"rendered":"Debiuty Studenckie &#8211; FINANSE"},"content":{"rendered":"\n<p>W 2017 roku ukaza\u0142a si\u0119 pierwsza <strong>studencka monografia &#8222;DEBIUTY STUDENCKIE &#8211; FINANSE&#8221;<\/strong>, wydana przez wydawnictwo UEW.<\/p>\n\n\n\n<p>Cyklicznie zapraszamy <strong>zdolnych student\u00f3w<\/strong> do sk\u0142adania artyku\u0142\u00f3w (rozdzia\u0142\u00f3w w monografii) do kolejnych edycji zeszytu naukowego &#8222;DEBIUTY STUDENCKIE &#8211; FINANSE&#8221;.<\/p>\n\n\n\n<p>\ud83d\udcaa Publikacje student\u00f3w \u015bwiadcz\u0105 o zdobytej wiedzy oraz umiej\u0119tno\u015bciach badawczych. Pokazuj\u0105 <strong>ciekawo\u015b\u0107 badawcz\u0105<\/strong> m\u0142odego pokolenia finansowych pasjonat\u00f3w.<\/p>\n\n\n\n<p>\ud83d\udc69\u200d\ud83c\udf93 Redaktorkami &#8222;Finans\u00f3w&#8221; w roku akademickim 2025\/2026 s\u0105 dr hab. <strong>Iwona Dittmann<\/strong> oraz mgr <strong>Jadwiga Machnik<\/strong>. <\/p>\n\n\n\n<p>\ud83d\udc4d Zach\u0119camy do kontaktu z redaktorkami i\/lub do\u0142\u0105czeniem do <strong>zespo\u0142u &#8222;Debiuty Studenckie &#8211; Finanse 2026&#8221; na Teams<\/strong> (w kt\u00f3rym zamieszczono wa\u017cne informacje i FAQ). <strong>Kod: s05jboc<\/strong><\/p>\n\n\n\n<p><strong>Serdecznie zapraszamy!<\/strong><\/p>\n\n\n\n<p><em data-l-s=\"84769\">data aktualizacji 16.10.2025 r.<\/em><\/p>\n\n\n\n<p><\/p>\n","protected":false},"excerpt":{"rendered":"<p>W 2017 roku ukaza\u0142a si\u0119 pierwsza studencka monografia &#8222;DEBIUTY STUDENCKIE &#8211; FINANSE&#8221;, wydana przez wydawnictwo UEW. Cyklicznie zapraszamy zdolnych student\u00f3w do sk\u0142adania artyku\u0142\u00f3w (rozdzia\u0142\u00f3w w monografii) do kolejnych edycji zeszytu naukowego &#8222;DEBIUTY STUDENCKIE &#8211; FINANSE&#8221;. \ud83d\udcaa Publikacje student\u00f3w \u015bwiadcz\u0105 o zdobytej wiedzy oraz umiej\u0119tno\u015bciach badawczych. Pokazuj\u0105 ciekawo\u015b\u0107 badawcz\u0105 m\u0142odego pokolenia finansowych pasjonat\u00f3w. \ud83d\udc69\u200d\ud83c\udf93 Redaktorkami &#8222;Finans\u00f3w&#8221; [&hellip;]<\/p>\n","protected":false},"author":1,"featured_media":0,"parent":1470,"menu_order":2,"comment_status":"closed","ping_status":"closed","template":"","meta":{"footnotes":""},"class_list":["post-1476","page","type-page","status-publish","hentry"],"_links":{"self":[{"href":"https:\/\/katfin.ue.wroc.pl\/index.php\/wp-json\/wp\/v2\/pages\/1476","targetHints":{"allow":["GET"]}}],"collection":[{"href":"https:\/\/katfin.ue.wroc.pl\/index.php\/wp-json\/wp\/v2\/pages"}],"about":[{"href":"https:\/\/katfin.ue.wroc.pl\/index.php\/wp-json\/wp\/v2\/types\/page"}],"author":[{"embeddable":true,"href":"https:\/\/katfin.ue.wroc.pl\/index.php\/wp-json\/wp\/v2\/users\/1"}],"replies":[{"embeddable":true,"href":"https:\/\/katfin.ue.wroc.pl\/index.php\/wp-json\/wp\/v2\/comments?post=1476"}],"version-history":[{"count":9,"href":"https:\/\/katfin.ue.wroc.pl\/index.php\/wp-json\/wp\/v2\/pages\/1476\/revisions"}],"predecessor-version":[{"id":2472,"href":"https:\/\/katfin.ue.wroc.pl\/index.php\/wp-json\/wp\/v2\/pages\/1476\/revisions\/2472"}],"up":[{"embeddable":true,"href":"https:\/\/katfin.ue.wroc.pl\/index.php\/wp-json\/wp\/v2\/pages\/1470"}],"wp:attachment":[{"href":"https:\/\/katfin.ue.wroc.pl\/index.php\/wp-json\/wp\/v2\/media?parent=1476"}],"curies":[{"name":"wp","href":"https:\/\/api.w.org\/{rel}","templated":true}]}}