{"id":1472,"date":"2018-10-01T10:26:01","date_gmt":"2018-10-01T08:26:01","guid":{"rendered":"http:\/\/katfin.ue.wroc.pl\/?page_id=1472"},"modified":"2021-07-22T10:57:29","modified_gmt":"2021-07-22T08:57:29","slug":"podpowiedzi","status":"publish","type":"page","link":"https:\/\/katfin.ue.wroc.pl\/index.php\/dla-studentow\/podpowiedzi\/","title":{"rendered":"Podpowiedzi"},"content":{"rendered":"<ul>\n<li><strong>Dla chc\u0105cych si\u0119 lepiej uczy\u0107<\/strong>:\n<ul>\n<li><a href=\"http:\/\/katfin.ue.wroc.pl\/index.php\/2018\/09\/inspiracje-przed-nowym-semestrem\/\">Inspiracje <\/a>od&nbsp; Angeli Lee Duckworth o pasji i wytrwa\u0142o\u015bci<\/li>\n<li><a href=\"http:\/\/katfin.ue.wroc.pl\/index.php\/2018\/06\/uczyc-sie-prawie-za-darmo-sprawdzcie-jak-to-zrobic\/\">Uczy\u0107 si\u0119 &#8230; prawie za darmo<\/a> &#8211; czyli zestawienie platform edukacyjnych zebrane przez dr Beat\u0119 Master<\/li>\n<li><a href=\"http:\/\/katfin.ue.wroc.pl\/index.php\/2018\/05\/idzie-sesja-metoda-feynmana-sie-przyda\/\">Metoda Feynmana <\/a>&#8211; jak si\u0119 uczy\u0107 skutecznie<\/li>\n<\/ul>\n<\/li>\n<\/ul>\n<ul>\n<li><strong>Dla pisz\u0105cych prace<\/strong>:\n<ul>\n<li><a href=\"http:\/\/katfin.ue.wroc.pl\/index.php\/2018\/06\/jak-poprawic-jezyk-w-pracy\/\">Jak poprawi\u0107 j\u0119zyk w pracy <\/a>&#8211; zestawienie oprogramowania wspieraj\u0105cego pisanie prac rygorowych i naukowych<\/li>\n<li><a href=\"http:\/\/katfin.ue.wroc.pl\/index.php\/2018\/04\/gdzie-szukac-zrodel\/\">Gdzie szuka\u0107 \u017ar\u00f3de\u0142 <\/a>&#8211; niezb\u0119dnik przy pisaniu prac dyplomowych &#8211; zestawienie najlepszych agregator\u00f3w z artyku\u0142ami naukowymi<\/li>\n<li><a href=\"http:\/\/katfin.ue.wroc.pl\/index.php\/2021\/04\/luka-badawcza-czyli-o-poszukiwaniach-nieznanego\/&quot;\"  \t<li=\"\">poszukiwanie luki badawczej<\/a><\/li>\n<p><a href=\"http:\/\/katfin.ue.wroc.pl\/index.php\/2021\/04\/luka-badawcza-czyli-o-poszukiwaniach-nieznanego\/&quot;\"  \t<li=\"\">\n<\/a><\/ul>\n<p><a href=\"http:\/\/katfin.ue.wroc.pl\/index.php\/2021\/04\/luka-badawcza-czyli-o-poszukiwaniach-nieznanego\/&quot;\"  \t<li=\"\">\n<\/a><\/li>\n<p><a href=\"http:\/\/katfin.ue.wroc.pl\/index.php\/2021\/04\/luka-badawcza-czyli-o-poszukiwaniach-nieznanego\/&quot;\"  \t<li=\"\">\n<\/a><\/ul>\n<p><a href=\"http:\/\/katfin.ue.wroc.pl\/index.php\/2021\/04\/luka-badawcza-czyli-o-poszukiwaniach-nieznanego\/&quot;\"  \t<li=\"\">\n<\/a><\/p>\n<ul><a href=\"http:\/\/katfin.ue.wroc.pl\/index.php\/2021\/04\/luka-badawcza-czyli-o-poszukiwaniach-nieznanego\/&quot;\"  \t<li=\"\">\n<\/a><\/p>\n<li><a href=\"http:\/\/katfin.ue.wroc.pl\/index.php\/2021\/04\/luka-badawcza-czyli-o-poszukiwaniach-nieznanego\/&quot;\"  \t<li=\"\"><strong>Inspiracje dla poszukuj\u0105cych tematu<\/strong>:<br \/>\n<\/a><\/p>\n<ul><a href=\"http:\/\/katfin.ue.wroc.pl\/index.php\/2021\/04\/luka-badawcza-czyli-o-poszukiwaniach-nieznanego\/&quot;\"  \t<li=\"\">\n<\/a><\/p>\n<li><a href=\"http:\/\/katfin.ue.wroc.pl\/index.php\/2021\/04\/luka-badawcza-czyli-o-poszukiwaniach-nieznanego\/&quot;\"  \t<li=\"\"><\/a><a href=\"http:\/\/katfin.ue.wroc.pl\/index.php\/2018\/04\/szukasz-pomyslu-na-prace-dyplomowa-z-finansow-przeczytaj-ten-artykul\/\">New players in entrepreneurial finance and why they are there<\/a><\/li>\n<\/ul>\n<\/li>\n<\/ul>\n","protected":false},"excerpt":{"rendered":"<p>Dla chc\u0105cych si\u0119 lepiej uczy\u0107: Inspiracje od&nbsp; Angeli Lee Duckworth o pasji i wytrwa\u0142o\u015bci Uczy\u0107 si\u0119 &#8230; prawie za darmo &#8211; czyli zestawienie platform edukacyjnych zebrane przez dr Beat\u0119 Master Metoda Feynmana &#8211; jak si\u0119 uczy\u0107 skutecznie Dla pisz\u0105cych prace: Jak poprawi\u0107 j\u0119zyk w pracy &#8211; zestawienie oprogramowania wspieraj\u0105cego pisanie prac rygorowych i naukowych Gdzie [&hellip;]<\/p>\n","protected":false},"author":1,"featured_media":0,"parent":1470,"menu_order":1,"comment_status":"closed","ping_status":"closed","template":"","meta":{"footnotes":""},"class_list":["post-1472","page","type-page","status-publish","hentry"],"_links":{"self":[{"href":"https:\/\/katfin.ue.wroc.pl\/index.php\/wp-json\/wp\/v2\/pages\/1472","targetHints":{"allow":["GET"]}}],"collection":[{"href":"https:\/\/katfin.ue.wroc.pl\/index.php\/wp-json\/wp\/v2\/pages"}],"about":[{"href":"https:\/\/katfin.ue.wroc.pl\/index.php\/wp-json\/wp\/v2\/types\/page"}],"author":[{"embeddable":true,"href":"https:\/\/katfin.ue.wroc.pl\/index.php\/wp-json\/wp\/v2\/users\/1"}],"replies":[{"embeddable":true,"href":"https:\/\/katfin.ue.wroc.pl\/index.php\/wp-json\/wp\/v2\/comments?post=1472"}],"version-history":[{"count":7,"href":"https:\/\/katfin.ue.wroc.pl\/index.php\/wp-json\/wp\/v2\/pages\/1472\/revisions"}],"predecessor-version":[{"id":2015,"href":"https:\/\/katfin.ue.wroc.pl\/index.php\/wp-json\/wp\/v2\/pages\/1472\/revisions\/2015"}],"up":[{"embeddable":true,"href":"https:\/\/katfin.ue.wroc.pl\/index.php\/wp-json\/wp\/v2\/pages\/1470"}],"wp:attachment":[{"href":"https:\/\/katfin.ue.wroc.pl\/index.php\/wp-json\/wp\/v2\/media?parent=1472"}],"curies":[{"name":"wp","href":"https:\/\/api.w.org\/{rel}","templated":true}]}}